{"id":390139,"date":"2026-02-09T14:07:25","date_gmt":"2026-02-09T13:07:25","guid":{"rendered":"https:\/\/chiptuningmarket.com\/?post_type=product&#038;p=390139"},"modified":"2026-04-16T11:57:46","modified_gmt":"2026-04-16T10:57:46","slug":"launch-x-431-pro-se","status":"publish","type":"product","link":"https:\/\/chiptuningmarket.com\/pl\/shop\/urzadzenia-diagnostyczne-pl-pl\/osobowe-urzadzenia-diagnostyczne-pl\/launch-eu\/launch-x-431-pro-se\/","title":{"rendered":"Launch X-431 Pro SE"},"content":{"rendered":"<h2 style=\"text-align: center\"><span style=\"color: #000000\">Launch<\/span><span style=\"color: #ff0000\"> X-431<\/span> <span style=\"color: #000000\">Pro<\/span> <span style=\"color: #ff0000\">SE<\/span><\/h2>\n<p><strong>X-431 PRO SE<\/strong> z oficjalnej dystrybucji <strong>Launch Europe<\/strong> to model pozycjonowany mi\u0119dzy <strong>CRP MOT IV,<\/strong> a <strong>Euro Turbo II &#8211; <\/strong>najnowsza wersja posiadaj\u0105ca system <strong>Android 10.0, 4 GB RAM<\/strong> oraz <strong>64 GB<\/strong> pami\u0119ci wewn\u0119trznej. <strong>8-calowy<\/strong> ekran <strong>HD,<\/strong> pojemna bateria <strong>6300\u202f mAh<\/strong> i szybkie Wi-Fi zapewniaj\u0105 stabiln\u0105 i niezawodn\u0105 diagnostyk\u0119. Obs\u0142uga <strong>37<\/strong> funkcji serwisowych, protoko\u0142\u00f3w takich jak <strong>CAN FD<\/strong> i <strong>DoIP,<\/strong> dodatkowo mo\u017cliwo\u015b\u0107 doposa\u017cenia urz\u0105dzenia w kalibracj\u0119 <strong>ADAS<\/strong> oraz rozszerzone wsparcie <strong>TPMS.<\/strong><\/p>\n<p style=\"text-align: center\"><strong>1-rok aktualizacji w cenie urz\u0105dzenia!<\/strong><br \/>\n<a href=\"https:\/\/chiptuningmarket.com\/wp-content\/uploads\/2026\/02\/PRO-SE-EU-.png\"><img decoding=\"async\" class=\"aligncenter wp-image-390181\" src=\"https:\/\/chiptuningmarket.com\/wp-content\/uploads\/2026\/02\/PRO-SE-EU-.png\" alt=\"\" width=\"800\" height=\"439\" srcset=\"https:\/\/chiptuningmarket.com\/wp-content\/uploads\/2026\/02\/PRO-SE-EU-.png 738w, https:\/\/chiptuningmarket.com\/wp-content\/uploads\/2026\/02\/PRO-SE-EU--300x165.png 300w, https:\/\/chiptuningmarket.com\/wp-content\/uploads\/2026\/02\/PRO-SE-EU--600x329.png 600w\" sizes=\"(max-width: 800px) 100vw, 800px\" \/><\/a><\/p>\n<h3>Kluczowe cechy <span style=\"color: #ff0000\">X-431<\/span> <span style=\"color: #000000\">Pro<\/span> <span style=\"color: #ff0000\">SE:<\/span><\/h3>\n<ul>\n<li data-start=\"103\" data-end=\"240\">Nowsza wersja systemu operacyjnego z wi\u0119ksz\u0105 pami\u0119ci\u0105 i pojemniejsz\u0105 bateri\u0105 \u2013 szybsza, stabilniejsza i bardziej niezawodna diagnostyka<\/li>\n<li data-start=\"243\" data-end=\"275\">Obs\u0142uga <strong>37<\/strong> funkcji serwisowych<\/li>\n<li data-start=\"278\" data-end=\"337\">Wsparcie bazy <strong>X-431<\/strong> Fix \u2013 szybkie rozwi\u0105zywanie problem\u00f3w<\/li>\n<li data-start=\"340\" data-end=\"392\">Obs\u0142uga <strong>CAN FD<\/strong> oraz <strong>DoIP<\/strong> z interfejsem DBSCar VII <strong>(DoIP<\/strong> wymaga dodatkowego przewodu)<\/li>\n<li data-start=\"395\" data-end=\"476\">Opcjonalna funkcja kalibracji <strong>ADAS<\/strong> \u2013 nowe mo\u017cliwo\u015bci rozwoju us\u0142ug i przychod\u00f3w<\/li>\n<li data-start=\"479\" data-end=\"514\">Rozszerzone wsparcie systemu TPMS<\/li>\n<li data-start=\"517\" data-end=\"662\"><strong>Inteligentna i lokalna diagnostyka:<\/strong> odczyt i kasowanie kod\u00f3w usterek, dane rzeczywiste (live data), testy element\u00f3w wykonawczych oraz kodowanie<\/li>\n<li data-start=\"665\" data-end=\"782\">Obs\u0142uga ponad <strong>110<\/strong> marek pojazd\u00f3w \u2013 szerokie pokrycie rynku i uniwersalne zastosowanie w profesjonalnych warsztatach<\/li>\n<\/ul>\n<h3>Dane techniczne urz\u0105dzenia:<\/h3>\n<p><strong>Procesor:<\/strong>\u00a02,0 GHz, czterordzeniowy,<br \/>\n<strong>System operacyjny:<\/strong>\u00a0Android 10.0,<br \/>\n<strong>Pami\u0119\u0107 RAM:<\/strong>\u00a04 GB,<br \/>\n<strong>Pami\u0119\u0107 wewn\u0119trzna:<\/strong>\u00a064 GB,<br \/>\n<strong>Bateria:<\/strong>\u00a047,88 Wh (7,6 V,\u00a0<strong>6300<\/strong>\u00a0mAh),<br \/>\n<strong>Wy\u015bwietlacz:\u00a0<\/strong>8-calowy,<br \/>\n<strong>Rozdzielczo\u015b\u0107:<\/strong>\u00a01280 \u00d7 800,<br \/>\n<strong>Kamera:\u00a0<\/strong>5 MP +\u00a0<strong>ty\u0142:<\/strong>\u00a08 MP<br \/>\n<strong>\u0141\u0105czno\u015b\u0107:<\/strong>\u00a0WIFI 2,4 GHz \/ 5 GHz<br \/>\n<strong>Interfejs:<\/strong>\u00a0TYP A \u00d7 1 I TYP C \u00d7 1<br \/>\n<strong>Wymiary:<\/strong>\u00a0274 \u00d7 190,5 \u00d7 40,5 mm<\/p>\n<h3><a href=\"https:\/\/chiptuningmarket.com\/wp-content\/uploads\/2026\/01\/LAUNCH-Europe-X431-EURO-LINK-Tablet-front.webp\"><img decoding=\"async\" class=\"aligncenter wp-image-371678\" src=\"https:\/\/chiptuningmarket.com\/wp-content\/uploads\/2026\/01\/LAUNCH-Europe-X431-EURO-LINK-Tablet-front.webp\" alt=\"\" width=\"800\" height=\"670\" srcset=\"https:\/\/chiptuningmarket.com\/wp-content\/uploads\/2026\/01\/LAUNCH-Europe-X431-EURO-LINK-Tablet-front.webp 1432w, https:\/\/chiptuningmarket.com\/wp-content\/uploads\/2026\/01\/LAUNCH-Europe-X431-EURO-LINK-Tablet-front-300x251.webp 300w, https:\/\/chiptuningmarket.com\/wp-content\/uploads\/2026\/01\/LAUNCH-Europe-X431-EURO-LINK-Tablet-front-1024x858.webp 1024w, https:\/\/chiptuningmarket.com\/wp-content\/uploads\/2026\/01\/LAUNCH-Europe-X431-EURO-LINK-Tablet-front-768x644.webp 768w, https:\/\/chiptuningmarket.com\/wp-content\/uploads\/2026\/01\/LAUNCH-Europe-X431-EURO-LINK-Tablet-front-600x503.webp 600w\" sizes=\"(max-width: 800px) 100vw, 800px\" \/><\/a><\/h3>\n<h3>Nowa bezprzewodowa g\u0142owica VCI \u2013 DBSCar VII<\/h3>\n<ul>\n<li>Szybka diagnostyka lokalna przez Bluetooth<\/li>\n<li>Bardziej stabilne po\u0142\u0105czenie z DBSCar VII<\/li>\n<li>Obs\u0142uga r\u00f3\u017cnych protoko\u0142\u00f3w<\/li>\n<li>CAN FD \/ CAN \/ SCAN \/ FCAN<\/li>\n<li>DoIP (wymaga dodatkowego przewodu DoIP)<\/li>\n<li>KWP \/ linia L<\/li>\n<li>J1850 PWM<\/li>\n<li>VPW<\/li>\n<li>Chrysler CCD<\/li>\n<li>oraz wiele wi\u0119cej\u2026<\/li>\n<\/ul>\n<p><a href=\"https:\/\/chiptuningmarket.com\/wp-content\/uploads\/2026\/01\/LAUNCH-Europe-X431-EURO-TURBO-2-DBScar-4-9-e1768318954950.webp\"><img decoding=\"async\" class=\"aligncenter wp-image-344945\" src=\"https:\/\/chiptuningmarket.com\/wp-content\/uploads\/2026\/01\/LAUNCH-Europe-X431-EURO-TURBO-2-DBScar-4-9-e1768318954950.webp\" alt=\"\" width=\"426\" height=\"600\" srcset=\"https:\/\/chiptuningmarket.com\/wp-content\/uploads\/2026\/01\/LAUNCH-Europe-X431-EURO-TURBO-2-DBScar-4-9-e1768318954950.webp 562w, https:\/\/chiptuningmarket.com\/wp-content\/uploads\/2026\/01\/LAUNCH-Europe-X431-EURO-TURBO-2-DBScar-4-9-e1768318954950-213x300.webp 213w\" sizes=\"(max-width: 426px) 100vw, 426px\" \/><\/a><\/p>\n<h3><strong>37 funkcji serwisowych:<\/strong><\/h3>\n<ul>\n<li data-start=\"218\" data-end=\"245\">Reset hamulca postojowego<\/li>\n<li data-start=\"249\" data-end=\"275\">Reset inspekcji olejowej<\/li>\n<li data-start=\"279\" data-end=\"313\">Reset czujnika k\u0105ta skr\u0119tu (SAS)<\/li>\n<li data-start=\"317\" data-end=\"342\">Kodowanie akumulatora<\/li>\n<li data-start=\"346\" data-end=\"366\">Odpowietrzanie ABS<\/li>\n<li data-start=\"370\" data-end=\"394\">Adaptacja przepustnicy<\/li>\n<li data-start=\"398\" data-end=\"422\">Reset bazy danych TPMS<\/li>\n<li data-start=\"426\" data-end=\"450\">Regeneracja filtra DPF<\/li>\n<li data-start=\"454\" data-end=\"489\">Inicjalizacja uk\u0142adu klimatyzacji<\/li>\n<li data-start=\"494\" data-end=\"509\">Zmiana j\u0119zyka<\/li>\n<li data-start=\"514\" data-end=\"539\">Kalibracja k\u0105ta silnika<\/li>\n<li data-start=\"544\" data-end=\"564\">Reset czujnika NOx<\/li>\n<li data-start=\"569\" data-end=\"607\">Kalibracja czujnika zaj\u0119to\u015bci fotela<\/li>\n<li data-start=\"612\" data-end=\"638\">Reset systemu Start-Stop<\/li>\n<li data-start=\"644\" data-end=\"676\">Kalibracja poziomu zawieszenia<\/li>\n<li data-start=\"681\" data-end=\"715\">Odpowietrzanie uk\u0142adu ch\u0142odzenia<\/li>\n<li data-start=\"720\" data-end=\"765\">Adaptacja czujnika po\u0142o\u017cenia wa\u0142u korbowego<\/li>\n<li data-start=\"770\" data-end=\"785\">Adaptacja EGR<\/li>\n<li data-start=\"790\" data-end=\"826\">Monitorowanie balansu mocy silnika<\/li>\n<li data-start=\"831\" data-end=\"855\">Regeneracja filtra GPF<\/li>\n<li data-start=\"860\" data-end=\"886\">Adaptacja skrzyni bieg\u00f3w<\/li>\n<li data-start=\"891\" data-end=\"935\">Diagnostyka akumulatora wysokonapi\u0119ciowego<\/li>\n<li data-start=\"940\" data-end=\"968\">Programowanie immobilizera<\/li>\n<li data-start=\"973\" data-end=\"992\">Reset szyberdachu<\/li>\n<li data-start=\"997\" data-end=\"1009\">Kalibracja rozmiaru opon<\/li>\n<li data-start=\"1014\" data-end=\"1033\">Tryb transportowy (laweta)<\/li>\n<li data-start=\"1038\" data-end=\"1055\">Kalibracja szyb<\/li>\n<li data-start=\"1061\" data-end=\"1104\">Adaptacja \u015bwiate\u0142 adaptacyjnych (AFL\/AFS)<\/li>\n<li data-start=\"1109\" data-end=\"1131\">Reset systemu AdBlue<\/li>\n<li data-start=\"1136\" data-end=\"1170\">Reset adaptacji paliwo\u2013powietrze<\/li>\n<li data-start=\"1175\" data-end=\"1195\">Reset immobilizera<\/li>\n<li data-start=\"1200\" data-end=\"1224\">Kodowanie wtryskiwaczy<\/li>\n<li data-start=\"1229\" data-end=\"1264\">Inteligentny tempomat (ICC \/ ACC)<\/li>\n<li data-start=\"1269\" data-end=\"1291\">Reset sterownika ECU<\/li>\n<li data-start=\"1296\" data-end=\"1314\">Reset modu\u0142u FRM<\/li>\n<li data-start=\"1319\" data-end=\"1339\">Adaptacja sprz\u0119g\u0142a<\/li>\n<li data-start=\"1344\" data-end=\"1370\">Adaptacja turbospr\u0119\u017carki<\/li>\n<\/ul>\n<p><a href=\"https:\/\/chiptuningmarket.com\/wp-content\/uploads\/2026\/02\/PRO-SE-Glowica.png\"><img decoding=\"async\" class=\"aligncenter wp-image-390230\" src=\"https:\/\/chiptuningmarket.com\/wp-content\/uploads\/2026\/02\/PRO-SE-Glowica.png\" alt=\"\" width=\"1200\" height=\"705\" srcset=\"https:\/\/chiptuningmarket.com\/wp-content\/uploads\/2026\/02\/PRO-SE-Glowica.png 1432w, https:\/\/chiptuningmarket.com\/wp-content\/uploads\/2026\/02\/PRO-SE-Glowica-300x176.png 300w, https:\/\/chiptuningmarket.com\/wp-content\/uploads\/2026\/02\/PRO-SE-Glowica-1024x601.png 1024w, https:\/\/chiptuningmarket.com\/wp-content\/uploads\/2026\/02\/PRO-SE-Glowica-768x451.png 768w, https:\/\/chiptuningmarket.com\/wp-content\/uploads\/2026\/02\/PRO-SE-Glowica-600x352.png 600w\" sizes=\"(max-width: 1200px) 100vw, 1200px\" \/><\/a><\/p>\n<h3 class=\"fusion-responsive-typography-calculated\" data-fontsize=\"17\" data-lineheight=\"23.97px\"><strong>W sk\u0142ad zestawu wchodzi:\u00a0<\/strong><\/h3>\n<ul>\n<li data-start=\"124\" data-end=\"147\">Diagnoskop<strong data-start=\"124\" data-end=\"147\">\u00a0Launch X-431 EURO TURBO II<\/strong><\/li>\n<li>Praktyczna walizka transportowa<\/li>\n<li>G\u0142owica<strong>\u00a0DBSCar VII VCI<\/strong><\/li>\n<li>Przew\u00f3d z\u0142\u0105cza VCI<\/li>\n<li>Przew\u00f3d adaptera DoIP<\/li>\n<li>Adapter BMW-20\/Benz-38\/Benz 14\/Toyota-17\/Ford 6+1\/Chrysler-6\/Toyota-22<\/li>\n<li>Z\u0142\u0105cze diagnostyczne<\/li>\n<li>Przew\u00f3d USB<\/li>\n<li>Przew\u00f3d zasilaj\u0105cy<\/li>\n<li>bezpiecznik 5 \u00d7 20 mm<\/li>\n<\/ul>\n<p><a href=\"https:\/\/chiptuningmarket.com\/wp-content\/uploads\/2026\/02\/ads.png\"><img decoding=\"async\" class=\"aligncenter wp-image-390233\" src=\"https:\/\/chiptuningmarket.com\/wp-content\/uploads\/2026\/02\/ads.png\" alt=\"\" width=\"900\" height=\"761\" srcset=\"https:\/\/chiptuningmarket.com\/wp-content\/uploads\/2026\/02\/ads.png 789w, https:\/\/chiptuningmarket.com\/wp-content\/uploads\/2026\/02\/ads-300x254.png 300w, https:\/\/chiptuningmarket.com\/wp-content\/uploads\/2026\/02\/ads-768x649.png 768w, https:\/\/chiptuningmarket.com\/wp-content\/uploads\/2026\/02\/ads-600x507.png 600w\" sizes=\"(max-width: 900px) 100vw, 900px\" \/><\/a><strong>W ofercie r\u00f3wnie\u017c:<br \/>\n<span style=\"color: #0000ff\"><a style=\"color: #0000ff\" href=\"https:\/\/chiptuningmarket.com\/pl\/shop\/urzadzenia-diagnostyczne-pl-pl\/osobowe-urzadzenia-diagnostyczne-pl\/urzadzenia-diagnostyczne-autel\/autel-maxidas-ds900bt\/\">Autel DS900 BT<\/a><\/span><br \/>\n<span style=\"color: #0000ff\"><a style=\"color: #0000ff\" href=\"https:\/\/chiptuningmarket.com\/pl\/shop\/urzadzenia-diagnostyczne-pl-pl\/osobowe-urzadzenia-diagnostyczne-pl\/thinkcar\/thinkcar-thinktool-euro-191\/\">Thinkcar Euro 191<\/a><\/span><\/strong><\/p>\n","protected":false},"excerpt":{"rendered":"<p><strong>X-431 PRO SE<\/strong> z oficjalnej dystrybucji <strong>Launch Europe<\/strong> <strong>&#8211; <\/strong>najnowsza wersja posiadaj\u0105ca system <strong>Android 10.0, 4 GB RAM<\/strong> oraz <strong>64 GB<\/strong> pami\u0119ci wewn\u0119trznej. <strong>8-calowy<\/strong> ekran <strong>HD,<\/strong> pojemna bateria <strong>6300\u202f mAh<\/strong> i szybkie Wi-Fi zapewniaj\u0105 stabiln\u0105 i niezawodn\u0105 diagnostyk\u0119 w ponad <strong>110<\/strong> markach pojazd\u00f3w. Obs\u0142uga <strong>37<\/strong> funkcji serwisowych, protoko\u0142\u00f3w takich jak <strong>CAN FD<\/strong> i <strong>DoIP,<\/strong> dodatkowo mo\u017cliwo\u015b\u0107 doposa\u017cenia urz\u0105dzenia w kalibracj\u0119 <strong>ADAS<\/strong> oraz rozszerzone wsparcie <strong>TPMS.<\/strong><\/p>\n<p><strong>Zakup mo\u017cliwy na terenie Polski, Czech oraz S\u0142owacji. W przypadku zakupu do innego kraju prosimy o wcze\u015bniejszy kontakt. W przypadku uruchomienia z innego kraju ni\u017c PL urz\u0105dzenie zostanie automatycznie zablokowane.<\/strong><\/p>\n","protected":false},"featured_media":390230,"template":"","meta":{"_monsterinsights_skip_tracking":false,"_monsterinsights_sitenote_active":false,"_monsterinsights_sitenote_note":"","_monsterinsights_sitenote_category":0},"product_brand":[],"product_cat":[5072,5059,5259,8892],"product_tag":[6897,7018,8945,9082,6899,8941,8942,9008,9080,7145,9003,9081],"class_list":{"0":"post-390139","1":"product","2":"type-product","3":"status-publish","4":"has-post-thumbnail","6":"product_cat-nowosci-pl","7":"product_cat-urzadzenia-diagnostyczne-pl-pl","8":"product_cat-osobowe-urzadzenia-diagnostyczne-pl","9":"product_cat-launch-eu","10":"product_tag-can-fd","11":"product_tag-dbscar-vii","12":"product_tag-diagnoskop-launch","13":"product_tag-diagnostyka-launch","14":"product_tag-doip","15":"product_tag-launch-eu","16":"product_tag-launch-europe","17":"product_tag-launch-x-431","18":"product_tag-launch-x-431-pro-se","19":"product_tag-sgw","20":"product_tag-tester-diagnostyczny-launch","21":"product_tag-x-431-pro-se","23":"first","24":"instock","25":"taxable","26":"shipping-taxable","27":"purchasable","28":"product-type-simple"},"yoast_head":"<!-- This site is optimized with the Yoast SEO plugin v25.2 - https:\/\/yoast.com\/wordpress\/plugins\/seo\/ -->\n<title>Launch X-431 Pro SE - Chiptuningmarket<\/title>\n<meta name=\"description\" content=\"Launch X-431 Pro SE - z oficjalnej dystrybucji Launch Europe to model pozycjonowany mi\u0119dzy CRP MOT IV, a Euro Turbo II - najnowsza wersja posiadaj\u0105ca system\" \/>\n<meta name=\"robots\" content=\"index, follow, max-snippet:-1, max-image-preview:large, max-video-preview:-1\" \/>\n<link rel=\"canonical\" href=\"https:\/\/chiptuningmarket.com\/pl\/shop\/urzadzenia-diagnostyczne-pl-pl\/osobowe-urzadzenia-diagnostyczne-pl\/launch-eu\/launch-x-431-pro-se\/\" \/>\n<meta property=\"og:locale\" content=\"pl_PL\" \/>\n<meta property=\"og:type\" content=\"article\" \/>\n<meta property=\"og:title\" content=\"Launch X-431 Pro SE - Chiptuningmarket\" \/>\n<meta property=\"og:description\" content=\"Launch X-431 Pro SE - z oficjalnej dystrybucji Launch Europe to model pozycjonowany mi\u0119dzy CRP MOT IV, a Euro Turbo II - najnowsza wersja posiadaj\u0105ca system\" \/>\n<meta property=\"og:url\" content=\"https:\/\/chiptuningmarket.com\/pl\/shop\/urzadzenia-diagnostyczne-pl-pl\/osobowe-urzadzenia-diagnostyczne-pl\/launch-eu\/launch-x-431-pro-se\/\" \/>\n<meta property=\"og:site_name\" content=\"Chiptuningmarket\" \/>\n<meta property=\"article:modified_time\" content=\"2026-04-16T10:57:46+00:00\" \/>\n<meta property=\"og:image\" content=\"https:\/\/chiptuningmarket.com\/wp-content\/uploads\/2026\/02\/PRO-SE-Glowica.png\" \/>\n\t<meta property=\"og:image:width\" content=\"1432\" \/>\n\t<meta property=\"og:image:height\" content=\"841\" \/>\n\t<meta property=\"og:image:type\" content=\"image\/png\" \/>\n<meta name=\"twitter:card\" content=\"summary_large_image\" \/>\n<meta name=\"twitter:label1\" content=\"Szacowany czas czytania\" \/>\n\t<meta name=\"twitter:data1\" content=\"4 minuty\" \/>\n<script type=\"application\/ld+json\" class=\"yoast-schema-graph\">{\"@context\":\"https:\/\/schema.org\",\"@graph\":[{\"@type\":\"WebPage\",\"@id\":\"https:\/\/chiptuningmarket.com\/pl\/shop\/urzadzenia-diagnostyczne-pl-pl\/osobowe-urzadzenia-diagnostyczne-pl\/launch-eu\/launch-x-431-pro-se\/\",\"url\":\"https:\/\/chiptuningmarket.com\/pl\/shop\/urzadzenia-diagnostyczne-pl-pl\/osobowe-urzadzenia-diagnostyczne-pl\/launch-eu\/launch-x-431-pro-se\/\",\"name\":\"Launch X-431 Pro SE - Chiptuningmarket\",\"isPartOf\":{\"@id\":\"https:\/\/chiptuningmarket.com\/ru\/#website\"},\"primaryImageOfPage\":{\"@id\":\"https:\/\/chiptuningmarket.com\/pl\/shop\/urzadzenia-diagnostyczne-pl-pl\/osobowe-urzadzenia-diagnostyczne-pl\/launch-eu\/launch-x-431-pro-se\/#primaryimage\"},\"image\":{\"@id\":\"https:\/\/chiptuningmarket.com\/pl\/shop\/urzadzenia-diagnostyczne-pl-pl\/osobowe-urzadzenia-diagnostyczne-pl\/launch-eu\/launch-x-431-pro-se\/#primaryimage\"},\"thumbnailUrl\":\"https:\/\/chiptuningmarket.com\/wp-content\/uploads\/2026\/02\/PRO-SE-Glowica.png\",\"datePublished\":\"2026-02-09T13:07:25+00:00\",\"dateModified\":\"2026-04-16T10:57:46+00:00\",\"description\":\"Launch X-431 Pro SE - z oficjalnej dystrybucji Launch Europe to model pozycjonowany mi\u0119dzy CRP MOT IV, a Euro Turbo II - najnowsza wersja posiadaj\u0105ca system\",\"breadcrumb\":{\"@id\":\"https:\/\/chiptuningmarket.com\/pl\/shop\/urzadzenia-diagnostyczne-pl-pl\/osobowe-urzadzenia-diagnostyczne-pl\/launch-eu\/launch-x-431-pro-se\/#breadcrumb\"},\"inLanguage\":\"pl-PL\",\"potentialAction\":[{\"@type\":\"ReadAction\",\"target\":[\"https:\/\/chiptuningmarket.com\/pl\/shop\/urzadzenia-diagnostyczne-pl-pl\/osobowe-urzadzenia-diagnostyczne-pl\/launch-eu\/launch-x-431-pro-se\/\"]}]},{\"@type\":\"ImageObject\",\"inLanguage\":\"pl-PL\",\"@id\":\"https:\/\/chiptuningmarket.com\/pl\/shop\/urzadzenia-diagnostyczne-pl-pl\/osobowe-urzadzenia-diagnostyczne-pl\/launch-eu\/launch-x-431-pro-se\/#primaryimage\",\"url\":\"https:\/\/chiptuningmarket.com\/wp-content\/uploads\/2026\/02\/PRO-SE-Glowica.png\",\"contentUrl\":\"https:\/\/chiptuningmarket.com\/wp-content\/uploads\/2026\/02\/PRO-SE-Glowica.png\",\"width\":1432,\"height\":841,\"caption\":\"Launch X-431 Pro SE\"},{\"@type\":\"BreadcrumbList\",\"@id\":\"https:\/\/chiptuningmarket.com\/pl\/shop\/urzadzenia-diagnostyczne-pl-pl\/osobowe-urzadzenia-diagnostyczne-pl\/launch-eu\/launch-x-431-pro-se\/#breadcrumb\",\"itemListElement\":[{\"@type\":\"ListItem\",\"position\":1,\"name\":\"Home\",\"item\":\"https:\/\/chiptuningmarket.com\/pl\/\"},{\"@type\":\"ListItem\",\"position\":2,\"name\":\"Sklep\",\"item\":\"https:\/\/chiptuningmarket.com\/pl\/shop\/\"},{\"@type\":\"ListItem\",\"position\":3,\"name\":\"Launch X-431 Pro SE\"}]},{\"@type\":\"WebSite\",\"@id\":\"https:\/\/chiptuningmarket.com\/ru\/#website\",\"url\":\"https:\/\/chiptuningmarket.com\/ru\/\",\"name\":\"Chiptuningmarket\",\"description\":\"Biggest chiptuning shop in Europe\",\"publisher\":{\"@id\":\"https:\/\/chiptuningmarket.com\/ru\/#organization\"},\"alternateName\":\"Worldwide ecu tools supplier\",\"potentialAction\":[{\"@type\":\"SearchAction\",\"target\":{\"@type\":\"EntryPoint\",\"urlTemplate\":\"https:\/\/chiptuningmarket.com\/ru\/?s={search_term_string}\"},\"query-input\":{\"@type\":\"PropertyValueSpecification\",\"valueRequired\":true,\"valueName\":\"search_term_string\"}}],\"inLanguage\":\"pl-PL\"},{\"@type\":\"Organization\",\"@id\":\"https:\/\/chiptuningmarket.com\/ru\/#organization\",\"name\":\"Chiptuningmarket\",\"alternateName\":\"Chiptuning tools supplier\",\"url\":\"https:\/\/chiptuningmarket.com\/ru\/\",\"logo\":{\"@type\":\"ImageObject\",\"inLanguage\":\"pl-PL\",\"@id\":\"https:\/\/chiptuningmarket.com\/ru\/#\/schema\/logo\/image\/\",\"url\":\"https:\/\/chiptuningmarket.com\/wp-content\/uploads\/2023\/05\/logo-ChipTuningMarket-social.png\",\"contentUrl\":\"https:\/\/chiptuningmarket.com\/wp-content\/uploads\/2023\/05\/logo-ChipTuningMarket-social.png\",\"width\":512,\"height\":512,\"caption\":\"Chiptuningmarket\"},\"image\":{\"@id\":\"https:\/\/chiptuningmarket.com\/ru\/#\/schema\/logo\/image\/\"}}]}<\/script>\n<!-- \/ Yoast SEO plugin. -->","yoast_head_json":{"title":"Launch X-431 Pro SE - Chiptuningmarket","description":"Launch X-431 Pro SE - z oficjalnej dystrybucji Launch Europe to model pozycjonowany mi\u0119dzy CRP MOT IV, a Euro Turbo II - najnowsza wersja posiadaj\u0105ca system","robots":{"index":"index","follow":"follow","max-snippet":"max-snippet:-1","max-image-preview":"max-image-preview:large","max-video-preview":"max-video-preview:-1"},"canonical":"https:\/\/chiptuningmarket.com\/pl\/shop\/urzadzenia-diagnostyczne-pl-pl\/osobowe-urzadzenia-diagnostyczne-pl\/launch-eu\/launch-x-431-pro-se\/","og_locale":"pl_PL","og_type":"article","og_title":"Launch X-431 Pro SE - Chiptuningmarket","og_description":"Launch X-431 Pro SE - z oficjalnej dystrybucji Launch Europe to model pozycjonowany mi\u0119dzy CRP MOT IV, a Euro Turbo II - najnowsza wersja posiadaj\u0105ca system","og_url":"https:\/\/chiptuningmarket.com\/pl\/shop\/urzadzenia-diagnostyczne-pl-pl\/osobowe-urzadzenia-diagnostyczne-pl\/launch-eu\/launch-x-431-pro-se\/","og_site_name":"Chiptuningmarket","article_modified_time":"2026-04-16T10:57:46+00:00","og_image":[{"width":1432,"height":841,"url":"https:\/\/chiptuningmarket.com\/wp-content\/uploads\/2026\/02\/PRO-SE-Glowica.png","type":"image\/png"}],"twitter_card":"summary_large_image","twitter_misc":{"Szacowany czas czytania":"4 minuty"},"schema":{"@context":"https:\/\/schema.org","@graph":[{"@type":"WebPage","@id":"https:\/\/chiptuningmarket.com\/pl\/shop\/urzadzenia-diagnostyczne-pl-pl\/osobowe-urzadzenia-diagnostyczne-pl\/launch-eu\/launch-x-431-pro-se\/","url":"https:\/\/chiptuningmarket.com\/pl\/shop\/urzadzenia-diagnostyczne-pl-pl\/osobowe-urzadzenia-diagnostyczne-pl\/launch-eu\/launch-x-431-pro-se\/","name":"Launch X-431 Pro SE - Chiptuningmarket","isPartOf":{"@id":"https:\/\/chiptuningmarket.com\/ru\/#website"},"primaryImageOfPage":{"@id":"https:\/\/chiptuningmarket.com\/pl\/shop\/urzadzenia-diagnostyczne-pl-pl\/osobowe-urzadzenia-diagnostyczne-pl\/launch-eu\/launch-x-431-pro-se\/#primaryimage"},"image":{"@id":"https:\/\/chiptuningmarket.com\/pl\/shop\/urzadzenia-diagnostyczne-pl-pl\/osobowe-urzadzenia-diagnostyczne-pl\/launch-eu\/launch-x-431-pro-se\/#primaryimage"},"thumbnailUrl":"https:\/\/chiptuningmarket.com\/wp-content\/uploads\/2026\/02\/PRO-SE-Glowica.png","datePublished":"2026-02-09T13:07:25+00:00","dateModified":"2026-04-16T10:57:46+00:00","description":"Launch X-431 Pro SE - z oficjalnej dystrybucji Launch Europe to model pozycjonowany mi\u0119dzy CRP MOT IV, a Euro Turbo II - najnowsza wersja posiadaj\u0105ca system","breadcrumb":{"@id":"https:\/\/chiptuningmarket.com\/pl\/shop\/urzadzenia-diagnostyczne-pl-pl\/osobowe-urzadzenia-diagnostyczne-pl\/launch-eu\/launch-x-431-pro-se\/#breadcrumb"},"inLanguage":"pl-PL","potentialAction":[{"@type":"ReadAction","target":["https:\/\/chiptuningmarket.com\/pl\/shop\/urzadzenia-diagnostyczne-pl-pl\/osobowe-urzadzenia-diagnostyczne-pl\/launch-eu\/launch-x-431-pro-se\/"]}]},{"@type":"ImageObject","inLanguage":"pl-PL","@id":"https:\/\/chiptuningmarket.com\/pl\/shop\/urzadzenia-diagnostyczne-pl-pl\/osobowe-urzadzenia-diagnostyczne-pl\/launch-eu\/launch-x-431-pro-se\/#primaryimage","url":"https:\/\/chiptuningmarket.com\/wp-content\/uploads\/2026\/02\/PRO-SE-Glowica.png","contentUrl":"https:\/\/chiptuningmarket.com\/wp-content\/uploads\/2026\/02\/PRO-SE-Glowica.png","width":1432,"height":841,"caption":"Launch X-431 Pro SE"},{"@type":"BreadcrumbList","@id":"https:\/\/chiptuningmarket.com\/pl\/shop\/urzadzenia-diagnostyczne-pl-pl\/osobowe-urzadzenia-diagnostyczne-pl\/launch-eu\/launch-x-431-pro-se\/#breadcrumb","itemListElement":[{"@type":"ListItem","position":1,"name":"Home","item":"https:\/\/chiptuningmarket.com\/pl\/"},{"@type":"ListItem","position":2,"name":"Sklep","item":"https:\/\/chiptuningmarket.com\/pl\/shop\/"},{"@type":"ListItem","position":3,"name":"Launch X-431 Pro SE"}]},{"@type":"WebSite","@id":"https:\/\/chiptuningmarket.com\/ru\/#website","url":"https:\/\/chiptuningmarket.com\/ru\/","name":"Chiptuningmarket","description":"Biggest chiptuning shop in Europe","publisher":{"@id":"https:\/\/chiptuningmarket.com\/ru\/#organization"},"alternateName":"Worldwide ecu tools supplier","potentialAction":[{"@type":"SearchAction","target":{"@type":"EntryPoint","urlTemplate":"https:\/\/chiptuningmarket.com\/ru\/?s={search_term_string}"},"query-input":{"@type":"PropertyValueSpecification","valueRequired":true,"valueName":"search_term_string"}}],"inLanguage":"pl-PL"},{"@type":"Organization","@id":"https:\/\/chiptuningmarket.com\/ru\/#organization","name":"Chiptuningmarket","alternateName":"Chiptuning tools supplier","url":"https:\/\/chiptuningmarket.com\/ru\/","logo":{"@type":"ImageObject","inLanguage":"pl-PL","@id":"https:\/\/chiptuningmarket.com\/ru\/#\/schema\/logo\/image\/","url":"https:\/\/chiptuningmarket.com\/wp-content\/uploads\/2023\/05\/logo-ChipTuningMarket-social.png","contentUrl":"https:\/\/chiptuningmarket.com\/wp-content\/uploads\/2023\/05\/logo-ChipTuningMarket-social.png","width":512,"height":512,"caption":"Chiptuningmarket"},"image":{"@id":"https:\/\/chiptuningmarket.com\/ru\/#\/schema\/logo\/image\/"}}]}},"_links":{"self":[{"href":"https:\/\/chiptuningmarket.com\/pl\/wp-json\/wp\/v2\/product\/390139","targetHints":{"allow":["GET"]}}],"collection":[{"href":"https:\/\/chiptuningmarket.com\/pl\/wp-json\/wp\/v2\/product"}],"about":[{"href":"https:\/\/chiptuningmarket.com\/pl\/wp-json\/wp\/v2\/types\/product"}],"wp:featuredmedia":[{"embeddable":true,"href":"https:\/\/chiptuningmarket.com\/pl\/wp-json\/wp\/v2\/media\/390230"}],"wp:attachment":[{"href":"https:\/\/chiptuningmarket.com\/pl\/wp-json\/wp\/v2\/media?parent=390139"}],"wp:term":[{"taxonomy":"product_brand","embeddable":true,"href":"https:\/\/chiptuningmarket.com\/pl\/wp-json\/wp\/v2\/product_brand?post=390139"},{"taxonomy":"product_cat","embeddable":true,"href":"https:\/\/chiptuningmarket.com\/pl\/wp-json\/wp\/v2\/product_cat?post=390139"},{"taxonomy":"product_tag","embeddable":true,"href":"https:\/\/chiptuningmarket.com\/pl\/wp-json\/wp\/v2\/product_tag?post=390139"}],"curies":[{"name":"wp","href":"https:\/\/api.w.org\/{rel}","templated":true}]}}