{"id":399870,"date":"2026-02-16T14:04:47","date_gmt":"2026-02-16T13:04:47","guid":{"rendered":"https:\/\/chiptuningmarket.com\/?post_type=product&#038;p=399870"},"modified":"2026-02-16T14:22:38","modified_gmt":"2026-02-16T13:22:38","slug":"zasilacz-prostownik-launch-pfp-150-12v-150a-le-pfp150-307010267","status":"publish","type":"product","link":"https:\/\/chiptuningmarket.com\/pl\/shop\/elektronika-wyposazenie-pl\/zasilacze\/zasilacze-podtrzymanie-napicia-prostowniki\/zasilacz-prostownik-launch-pfp-150-12v-150a-le-pfp150-307010267\/","title":{"rendered":"Zasilacz \/ Prostownik Launch PFP-150 12V 150A &#8211; LE-PFP150-307010267"},"content":{"rendered":"<h2 style=\"text-align: center\"><span style=\"color: #000000\">Zasilacz \/ Prostownik<\/span>\u00a0<span style=\"color: #ff0000\">Launch PFP-150<\/span> <span style=\"color: #000000\"><span style=\"color: #ff0000\">12V 150A<\/span> &#8211; LE-PFP150-307010267<\/span><\/h2>\n<p><strong>LAUNCH PFP-150<\/strong> to profesjonalny zasilacz o nat\u0119\u017ceniu <strong>150A,<\/strong> przeznaczony dla specjalist\u00f3w z bran\u017cy motoryzacyjnej. Dzi\u0119ki wysokiej wydajno\u015bci, kompaktowym rozmiarom i wyj\u0105tkowej jako\u015bci, urz\u0105dzenie to jest szeroko stosowane w warsztatach, elektrykach samochodowych i salonach samochodowych. Jego g\u0142\u00f3wn\u0105 funkcj\u0105 jest ci\u0105g\u0142e zasilanie akumulatora pojazdu na wszystkich etapach przeprogramowania i flashowania sterownika silnika <strong>(ECU),<\/strong> zgodnie z wymogami producent\u00f3w pojazd\u00f3w. <strong>PFP-150<\/strong> jest wyposa\u017cony w zaawansowan\u0105 technologi\u0119, kt\u00f3ra stale monitoruje stan akumulatora, zapobiegaj\u0105c uszkodzeniom spowodowanym prze\u0142adowaniem. Ponadto oferuje on ochron\u0119 akumulatora z automatycznym wy\u0142\u0105czaniem i alarmem, co gwarantuje jego bezpiecze\u0144stwo i d\u0142ug\u0105 \u017cywotno\u015b\u0107.<\/p>\n<p><a href=\"https:\/\/chiptuningmarket.com\/wp-content\/uploads\/2026\/02\/le-pfp150-Launch-Europe.jpg\"><img decoding=\"async\" class=\"aligncenter wp-image-399936\" src=\"https:\/\/chiptuningmarket.com\/wp-content\/uploads\/2026\/02\/le-pfp150-Launch-Europe.jpg\" alt=\"\" width=\"800\" height=\"515\" srcset=\"https:\/\/chiptuningmarket.com\/wp-content\/uploads\/2026\/02\/le-pfp150-Launch-Europe.jpg 700w, https:\/\/chiptuningmarket.com\/wp-content\/uploads\/2026\/02\/le-pfp150-Launch-Europe-300x193.jpg 300w, https:\/\/chiptuningmarket.com\/wp-content\/uploads\/2026\/02\/le-pfp150-Launch-Europe-600x387.jpg 600w\" sizes=\"(max-width: 800px) 100vw, 800px\" \/><\/a><\/p>\n<h3 class=\"elementor-heading-title elementor-size-default\"><span dir=\"auto\">Dane techniczne:<\/span><\/h3>\n<ul>\n<li data-pm-slice=\"1 1 []\"><strong>Napi\u0119cie wej\u015bciowe:<\/strong> 110-220 V<\/li>\n<li><strong>Maksymalny pr\u0105d rozruchowy:<\/strong> 60-300 A<\/li>\n<li><strong>MAX:<\/strong> 150A RMS<\/li>\n<li><strong>Napi\u0119cie \u0142adowania:<\/strong> 12 V<\/li>\n<li><strong>Moc wyj\u015bciowa:<\/strong> 1.800 W<\/li>\n<li><strong>Pr\u0105d \u0142adowania:<\/strong> 10-120 A<\/li>\n<li><strong>Wyb\u00f3r baterii:<\/strong> Akumulator mokry \u2013 AGM \u2013 litowy<\/li>\n<li><strong>MAH:<\/strong> 10 ~ 1.800 Ah<\/li>\n<li><strong>D\u0142ugo\u015b\u0107 przewod\u00f3w:<\/strong> 2,5 m<\/li>\n<li><strong>Wymiary:<\/strong> 430 x 350 x 140 mm<\/li>\n<li><strong>Waga:<\/strong> 8,5 kg<\/li>\n<\/ul>\n<h3>Kluczowe tryby pracy:<\/h3>\n<ul>\n<li><strong>Tryb Programowania:<\/strong> Utrzymuje stabilne napi\u0119cie w przedziale 12\u201316 V przy nat\u0119\u017ceniu do 150 A, co ma istotne znaczenie dla bezpiecznego programowania oraz aktualizacji sterownik\u00f3w ECU.<\/li>\n<li><strong>Tryb W<span dir=\"auto\">ystawowy<\/span>: <\/strong>Zapewnia stabilny i odpowiedni poziom napi\u0119cia w pojazdach pokazowych, umo\u017cliwiaj\u0105c prezentacj\u0119 system\u00f3w i funkcji bez obawy o roz\u0142adowanie akumulatora.<\/li>\n<li><strong>Tryb \u0141adowania: <\/strong>Funkcjonuje jako zaawansowany inteligentny zasilacz, zapewniaj\u0105c ci\u0105g\u0142o\u015b\u0107 zasilania pojazdu w trakcie diagnostyki oraz zabezpieczaj\u0105c dane i konfiguracj\u0119 sterownik\u00f3w przed utrat\u0105.<\/li>\n<li><strong><span dir=\"auto\">Ukryty tryb naprawy:<\/span><\/strong><span dir=\"auto\"> \u00a0wskazuje, czy akumulator ma zosta\u0107 naprawiony czy nie. Dzia\u0142a z r\u00f3\u017cnymi akumulatorami: AGM, \u017celowymi i litowymi.<\/span><\/li>\n<\/ul>\n<h3>6 tryb\u00f3w ochrony:<\/h3>\n<ul>\n<li data-start=\"25\" data-end=\"68\">zabezpieczenie przed odwrotn\u0105 polaryzacj\u0105<\/li>\n<li data-start=\"71\" data-end=\"104\">zabezpieczenie przeciwzwarciowe<\/li>\n<li data-start=\"107\" data-end=\"151\">zabezpieczenie przed zbyt niskim napi\u0119ciem<\/li>\n<li data-start=\"154\" data-end=\"201\">zabezpieczenie termiczne (przed przegrzaniem)<\/li>\n<li data-start=\"204\" data-end=\"241\">zabezpieczenie przed prze\u0142adowaniem<\/li>\n<li data-start=\"244\" data-end=\"290\">synchroniczne prostowanie napi\u0119cia (220\u2013240 V)<\/li>\n<\/ul>\n<p><strong>W ofercie r\u00f3wnie\u017c:<br \/>\n<span style=\"color: #0000ff\"><a style=\"color: #0000ff\" href=\"https:\/\/chiptuningmarket.com\/pl\/shop\/elektronika-wyposazenie-pl\/zasilacze\/zasilacze-podtrzymanie-napicia-prostowniki\/gysflash-100-12hf\/\">GYS GYSFLASH 100.12 HF 029415<\/a><\/span><\/strong><br \/>\n<strong><span style=\"color: #0000ff\"><a style=\"color: #0000ff\" href=\"https:\/\/chiptuningmarket.com\/pl\/shop\/elektronika-wyposazenie-pl\/zasilacze\/zasilacze-podtrzymanie-napicia-prostowniki\/prostownik-autocom-gysflash-12v-120a-w071068002\/\">Prostownik Autocom 12V 120A W071068002<\/a><\/span><\/strong><\/p>\n","protected":false},"excerpt":{"rendered":"<p><strong>LAUNCH PFP-150<\/strong> to profesjonalny zasilacz o nat\u0119\u017ceniu <strong>150 A <\/strong>Jego g\u0142\u00f3wn\u0105 funkcj\u0105 jest ci\u0105g\u0142e zasilanie akumulatora pojazdu na wszystkich etapach przeprogramowania i flashowania sterownika silnika <strong>(ECU),<\/strong> zgodnie z wymogami producent\u00f3w pojazd\u00f3w. <strong>PFP-150<\/strong> jest wyposa\u017cony w zaawansowan\u0105 technologi\u0119, kt\u00f3ra stale monitoruje stan akumulatora, zapobiegaj\u0105c uszkodzeniom spowodowanym prze\u0142adowaniem.<\/p>\n","protected":false},"featured_media":399936,"template":"","meta":{"_monsterinsights_skip_tracking":false,"_monsterinsights_sitenote_active":false,"_monsterinsights_sitenote_note":"","_monsterinsights_sitenote_category":0},"product_brand":[],"product_cat":[5144,5072,5154,5157],"product_tag":[9153,8942,9151,9150,9154,9156,9155,9152],"class_list":{"0":"post-399870","1":"product","2":"type-product","3":"status-publish","4":"has-post-thumbnail","6":"product_cat-elektronika-wyposazenie-pl","7":"product_cat-nowosci-pl","8":"product_cat-zasilacze","9":"product_cat-zasilacze-podtrzymanie-napicia-prostowniki","10":"product_tag-150a","11":"product_tag-launch-europe","12":"product_tag-launch-pfp-150","13":"product_tag-le-pfp150-307010267","14":"product_tag-pfp-150","15":"product_tag-power-supply","16":"product_tag-prostownik-launch","17":"product_tag-zasilacz-launch","19":"first","20":"instock","21":"taxable","22":"shipping-taxable","23":"purchasable","24":"product-type-simple"},"yoast_head":"<!-- This site is optimized with the Yoast SEO plugin v25.2 - https:\/\/yoast.com\/wordpress\/plugins\/seo\/ -->\n<title>Zasilacz \/ Prostownik Launch PFP-150 12V 150A - LE-PFP150-307010267 - Chiptuningmarket<\/title>\n<meta name=\"description\" content=\"Zasilacz \/ Prostownik Launch PFP-150 12V 150A - LE-PFP150-307010267 - to profesjonalny zasilacz o nat\u0119\u017ceniu 150A, przeznaczony dla specjalist\u00f3w...\" \/>\n<meta name=\"robots\" content=\"index, follow, max-snippet:-1, max-image-preview:large, max-video-preview:-1\" \/>\n<link rel=\"canonical\" href=\"https:\/\/chiptuningmarket.com\/pl\/shop\/elektronika-wyposazenie-pl\/zasilacze\/zasilacze-podtrzymanie-napicia-prostowniki\/zasilacz-prostownik-launch-pfp-150-12v-150a-le-pfp150-307010267\/\" \/>\n<meta property=\"og:locale\" content=\"pl_PL\" \/>\n<meta property=\"og:type\" content=\"article\" \/>\n<meta property=\"og:title\" content=\"Zasilacz \/ Prostownik Launch PFP-150 12V 150A - LE-PFP150-307010267 - Chiptuningmarket\" \/>\n<meta property=\"og:description\" content=\"Zasilacz \/ Prostownik Launch PFP-150 12V 150A - LE-PFP150-307010267 - to profesjonalny zasilacz o nat\u0119\u017ceniu 150A, przeznaczony dla specjalist\u00f3w...\" \/>\n<meta property=\"og:url\" content=\"https:\/\/chiptuningmarket.com\/pl\/shop\/elektronika-wyposazenie-pl\/zasilacze\/zasilacze-podtrzymanie-napicia-prostowniki\/zasilacz-prostownik-launch-pfp-150-12v-150a-le-pfp150-307010267\/\" \/>\n<meta property=\"og:site_name\" content=\"Chiptuningmarket\" \/>\n<meta property=\"article:modified_time\" content=\"2026-02-16T13:22:38+00:00\" \/>\n<meta property=\"og:image\" content=\"https:\/\/chiptuningmarket.com\/wp-content\/uploads\/2026\/02\/le-pfp150-Launch-Europe.jpg\" \/>\n\t<meta property=\"og:image:width\" content=\"700\" \/>\n\t<meta property=\"og:image:height\" content=\"451\" \/>\n\t<meta property=\"og:image:type\" content=\"image\/jpeg\" \/>\n<meta name=\"twitter:card\" content=\"summary_large_image\" \/>\n<meta name=\"twitter:label1\" content=\"Szacowany czas czytania\" \/>\n\t<meta name=\"twitter:data1\" content=\"2 minuty\" \/>\n<script type=\"application\/ld+json\" class=\"yoast-schema-graph\">{\"@context\":\"https:\/\/schema.org\",\"@graph\":[{\"@type\":\"WebPage\",\"@id\":\"https:\/\/chiptuningmarket.com\/pl\/shop\/elektronika-wyposazenie-pl\/zasilacze\/zasilacze-podtrzymanie-napicia-prostowniki\/zasilacz-prostownik-launch-pfp-150-12v-150a-le-pfp150-307010267\/\",\"url\":\"https:\/\/chiptuningmarket.com\/pl\/shop\/elektronika-wyposazenie-pl\/zasilacze\/zasilacze-podtrzymanie-napicia-prostowniki\/zasilacz-prostownik-launch-pfp-150-12v-150a-le-pfp150-307010267\/\",\"name\":\"Zasilacz \/ Prostownik Launch PFP-150 12V 150A - LE-PFP150-307010267 - Chiptuningmarket\",\"isPartOf\":{\"@id\":\"https:\/\/chiptuningmarket.com\/ru\/#website\"},\"primaryImageOfPage\":{\"@id\":\"https:\/\/chiptuningmarket.com\/pl\/shop\/elektronika-wyposazenie-pl\/zasilacze\/zasilacze-podtrzymanie-napicia-prostowniki\/zasilacz-prostownik-launch-pfp-150-12v-150a-le-pfp150-307010267\/#primaryimage\"},\"image\":{\"@id\":\"https:\/\/chiptuningmarket.com\/pl\/shop\/elektronika-wyposazenie-pl\/zasilacze\/zasilacze-podtrzymanie-napicia-prostowniki\/zasilacz-prostownik-launch-pfp-150-12v-150a-le-pfp150-307010267\/#primaryimage\"},\"thumbnailUrl\":\"https:\/\/chiptuningmarket.com\/wp-content\/uploads\/2026\/02\/le-pfp150-Launch-Europe.jpg\",\"datePublished\":\"2026-02-16T13:04:47+00:00\",\"dateModified\":\"2026-02-16T13:22:38+00:00\",\"description\":\"Zasilacz \/ Prostownik Launch PFP-150 12V 150A - LE-PFP150-307010267 - to profesjonalny zasilacz o nat\u0119\u017ceniu 150A, przeznaczony dla specjalist\u00f3w...\",\"breadcrumb\":{\"@id\":\"https:\/\/chiptuningmarket.com\/pl\/shop\/elektronika-wyposazenie-pl\/zasilacze\/zasilacze-podtrzymanie-napicia-prostowniki\/zasilacz-prostownik-launch-pfp-150-12v-150a-le-pfp150-307010267\/#breadcrumb\"},\"inLanguage\":\"pl-PL\",\"potentialAction\":[{\"@type\":\"ReadAction\",\"target\":[\"https:\/\/chiptuningmarket.com\/pl\/shop\/elektronika-wyposazenie-pl\/zasilacze\/zasilacze-podtrzymanie-napicia-prostowniki\/zasilacz-prostownik-launch-pfp-150-12v-150a-le-pfp150-307010267\/\"]}]},{\"@type\":\"ImageObject\",\"inLanguage\":\"pl-PL\",\"@id\":\"https:\/\/chiptuningmarket.com\/pl\/shop\/elektronika-wyposazenie-pl\/zasilacze\/zasilacze-podtrzymanie-napicia-prostowniki\/zasilacz-prostownik-launch-pfp-150-12v-150a-le-pfp150-307010267\/#primaryimage\",\"url\":\"https:\/\/chiptuningmarket.com\/wp-content\/uploads\/2026\/02\/le-pfp150-Launch-Europe.jpg\",\"contentUrl\":\"https:\/\/chiptuningmarket.com\/wp-content\/uploads\/2026\/02\/le-pfp150-Launch-Europe.jpg\",\"width\":700,\"height\":451,\"caption\":\"Zasilacz \/ Prostownik Launch PFP-150 12V 150A - LE-PFP150-307010267\"},{\"@type\":\"BreadcrumbList\",\"@id\":\"https:\/\/chiptuningmarket.com\/pl\/shop\/elektronika-wyposazenie-pl\/zasilacze\/zasilacze-podtrzymanie-napicia-prostowniki\/zasilacz-prostownik-launch-pfp-150-12v-150a-le-pfp150-307010267\/#breadcrumb\",\"itemListElement\":[{\"@type\":\"ListItem\",\"position\":1,\"name\":\"Home\",\"item\":\"https:\/\/chiptuningmarket.com\/pl\/\"},{\"@type\":\"ListItem\",\"position\":2,\"name\":\"Sklep\",\"item\":\"https:\/\/chiptuningmarket.com\/pl\/shop\/\"},{\"@type\":\"ListItem\",\"position\":3,\"name\":\"Zasilacz \/ Prostownik Launch PFP-150 12V 150A &#8211; LE-PFP150-307010267\"}]},{\"@type\":\"WebSite\",\"@id\":\"https:\/\/chiptuningmarket.com\/ru\/#website\",\"url\":\"https:\/\/chiptuningmarket.com\/ru\/\",\"name\":\"Chiptuningmarket\",\"description\":\"Biggest chiptuning shop in Europe\",\"publisher\":{\"@id\":\"https:\/\/chiptuningmarket.com\/ru\/#organization\"},\"alternateName\":\"Worldwide ecu tools supplier\",\"potentialAction\":[{\"@type\":\"SearchAction\",\"target\":{\"@type\":\"EntryPoint\",\"urlTemplate\":\"https:\/\/chiptuningmarket.com\/ru\/?s={search_term_string}\"},\"query-input\":{\"@type\":\"PropertyValueSpecification\",\"valueRequired\":true,\"valueName\":\"search_term_string\"}}],\"inLanguage\":\"pl-PL\"},{\"@type\":\"Organization\",\"@id\":\"https:\/\/chiptuningmarket.com\/ru\/#organization\",\"name\":\"Chiptuningmarket\",\"alternateName\":\"Chiptuning tools supplier\",\"url\":\"https:\/\/chiptuningmarket.com\/ru\/\",\"logo\":{\"@type\":\"ImageObject\",\"inLanguage\":\"pl-PL\",\"@id\":\"https:\/\/chiptuningmarket.com\/ru\/#\/schema\/logo\/image\/\",\"url\":\"https:\/\/chiptuningmarket.com\/wp-content\/uploads\/2023\/05\/logo-ChipTuningMarket-social.png\",\"contentUrl\":\"https:\/\/chiptuningmarket.com\/wp-content\/uploads\/2023\/05\/logo-ChipTuningMarket-social.png\",\"width\":512,\"height\":512,\"caption\":\"Chiptuningmarket\"},\"image\":{\"@id\":\"https:\/\/chiptuningmarket.com\/ru\/#\/schema\/logo\/image\/\"}}]}<\/script>\n<!-- \/ Yoast SEO plugin. -->","yoast_head_json":{"title":"Zasilacz \/ Prostownik Launch PFP-150 12V 150A - LE-PFP150-307010267 - Chiptuningmarket","description":"Zasilacz \/ Prostownik Launch PFP-150 12V 150A - LE-PFP150-307010267 - to profesjonalny zasilacz o nat\u0119\u017ceniu 150A, przeznaczony dla specjalist\u00f3w...","robots":{"index":"index","follow":"follow","max-snippet":"max-snippet:-1","max-image-preview":"max-image-preview:large","max-video-preview":"max-video-preview:-1"},"canonical":"https:\/\/chiptuningmarket.com\/pl\/shop\/elektronika-wyposazenie-pl\/zasilacze\/zasilacze-podtrzymanie-napicia-prostowniki\/zasilacz-prostownik-launch-pfp-150-12v-150a-le-pfp150-307010267\/","og_locale":"pl_PL","og_type":"article","og_title":"Zasilacz \/ Prostownik Launch PFP-150 12V 150A - LE-PFP150-307010267 - Chiptuningmarket","og_description":"Zasilacz \/ Prostownik Launch PFP-150 12V 150A - LE-PFP150-307010267 - to profesjonalny zasilacz o nat\u0119\u017ceniu 150A, przeznaczony dla specjalist\u00f3w...","og_url":"https:\/\/chiptuningmarket.com\/pl\/shop\/elektronika-wyposazenie-pl\/zasilacze\/zasilacze-podtrzymanie-napicia-prostowniki\/zasilacz-prostownik-launch-pfp-150-12v-150a-le-pfp150-307010267\/","og_site_name":"Chiptuningmarket","article_modified_time":"2026-02-16T13:22:38+00:00","og_image":[{"width":700,"height":451,"url":"https:\/\/chiptuningmarket.com\/wp-content\/uploads\/2026\/02\/le-pfp150-Launch-Europe.jpg","type":"image\/jpeg"}],"twitter_card":"summary_large_image","twitter_misc":{"Szacowany czas czytania":"2 minuty"},"schema":{"@context":"https:\/\/schema.org","@graph":[{"@type":"WebPage","@id":"https:\/\/chiptuningmarket.com\/pl\/shop\/elektronika-wyposazenie-pl\/zasilacze\/zasilacze-podtrzymanie-napicia-prostowniki\/zasilacz-prostownik-launch-pfp-150-12v-150a-le-pfp150-307010267\/","url":"https:\/\/chiptuningmarket.com\/pl\/shop\/elektronika-wyposazenie-pl\/zasilacze\/zasilacze-podtrzymanie-napicia-prostowniki\/zasilacz-prostownik-launch-pfp-150-12v-150a-le-pfp150-307010267\/","name":"Zasilacz \/ Prostownik Launch PFP-150 12V 150A - LE-PFP150-307010267 - Chiptuningmarket","isPartOf":{"@id":"https:\/\/chiptuningmarket.com\/ru\/#website"},"primaryImageOfPage":{"@id":"https:\/\/chiptuningmarket.com\/pl\/shop\/elektronika-wyposazenie-pl\/zasilacze\/zasilacze-podtrzymanie-napicia-prostowniki\/zasilacz-prostownik-launch-pfp-150-12v-150a-le-pfp150-307010267\/#primaryimage"},"image":{"@id":"https:\/\/chiptuningmarket.com\/pl\/shop\/elektronika-wyposazenie-pl\/zasilacze\/zasilacze-podtrzymanie-napicia-prostowniki\/zasilacz-prostownik-launch-pfp-150-12v-150a-le-pfp150-307010267\/#primaryimage"},"thumbnailUrl":"https:\/\/chiptuningmarket.com\/wp-content\/uploads\/2026\/02\/le-pfp150-Launch-Europe.jpg","datePublished":"2026-02-16T13:04:47+00:00","dateModified":"2026-02-16T13:22:38+00:00","description":"Zasilacz \/ Prostownik Launch PFP-150 12V 150A - LE-PFP150-307010267 - to profesjonalny zasilacz o nat\u0119\u017ceniu 150A, przeznaczony dla specjalist\u00f3w...","breadcrumb":{"@id":"https:\/\/chiptuningmarket.com\/pl\/shop\/elektronika-wyposazenie-pl\/zasilacze\/zasilacze-podtrzymanie-napicia-prostowniki\/zasilacz-prostownik-launch-pfp-150-12v-150a-le-pfp150-307010267\/#breadcrumb"},"inLanguage":"pl-PL","potentialAction":[{"@type":"ReadAction","target":["https:\/\/chiptuningmarket.com\/pl\/shop\/elektronika-wyposazenie-pl\/zasilacze\/zasilacze-podtrzymanie-napicia-prostowniki\/zasilacz-prostownik-launch-pfp-150-12v-150a-le-pfp150-307010267\/"]}]},{"@type":"ImageObject","inLanguage":"pl-PL","@id":"https:\/\/chiptuningmarket.com\/pl\/shop\/elektronika-wyposazenie-pl\/zasilacze\/zasilacze-podtrzymanie-napicia-prostowniki\/zasilacz-prostownik-launch-pfp-150-12v-150a-le-pfp150-307010267\/#primaryimage","url":"https:\/\/chiptuningmarket.com\/wp-content\/uploads\/2026\/02\/le-pfp150-Launch-Europe.jpg","contentUrl":"https:\/\/chiptuningmarket.com\/wp-content\/uploads\/2026\/02\/le-pfp150-Launch-Europe.jpg","width":700,"height":451,"caption":"Zasilacz \/ Prostownik Launch PFP-150 12V 150A - LE-PFP150-307010267"},{"@type":"BreadcrumbList","@id":"https:\/\/chiptuningmarket.com\/pl\/shop\/elektronika-wyposazenie-pl\/zasilacze\/zasilacze-podtrzymanie-napicia-prostowniki\/zasilacz-prostownik-launch-pfp-150-12v-150a-le-pfp150-307010267\/#breadcrumb","itemListElement":[{"@type":"ListItem","position":1,"name":"Home","item":"https:\/\/chiptuningmarket.com\/pl\/"},{"@type":"ListItem","position":2,"name":"Sklep","item":"https:\/\/chiptuningmarket.com\/pl\/shop\/"},{"@type":"ListItem","position":3,"name":"Zasilacz \/ Prostownik Launch PFP-150 12V 150A &#8211; LE-PFP150-307010267"}]},{"@type":"WebSite","@id":"https:\/\/chiptuningmarket.com\/ru\/#website","url":"https:\/\/chiptuningmarket.com\/ru\/","name":"Chiptuningmarket","description":"Biggest chiptuning shop in Europe","publisher":{"@id":"https:\/\/chiptuningmarket.com\/ru\/#organization"},"alternateName":"Worldwide ecu tools supplier","potentialAction":[{"@type":"SearchAction","target":{"@type":"EntryPoint","urlTemplate":"https:\/\/chiptuningmarket.com\/ru\/?s={search_term_string}"},"query-input":{"@type":"PropertyValueSpecification","valueRequired":true,"valueName":"search_term_string"}}],"inLanguage":"pl-PL"},{"@type":"Organization","@id":"https:\/\/chiptuningmarket.com\/ru\/#organization","name":"Chiptuningmarket","alternateName":"Chiptuning tools supplier","url":"https:\/\/chiptuningmarket.com\/ru\/","logo":{"@type":"ImageObject","inLanguage":"pl-PL","@id":"https:\/\/chiptuningmarket.com\/ru\/#\/schema\/logo\/image\/","url":"https:\/\/chiptuningmarket.com\/wp-content\/uploads\/2023\/05\/logo-ChipTuningMarket-social.png","contentUrl":"https:\/\/chiptuningmarket.com\/wp-content\/uploads\/2023\/05\/logo-ChipTuningMarket-social.png","width":512,"height":512,"caption":"Chiptuningmarket"},"image":{"@id":"https:\/\/chiptuningmarket.com\/ru\/#\/schema\/logo\/image\/"}}]}},"_links":{"self":[{"href":"https:\/\/chiptuningmarket.com\/pl\/wp-json\/wp\/v2\/product\/399870","targetHints":{"allow":["GET"]}}],"collection":[{"href":"https:\/\/chiptuningmarket.com\/pl\/wp-json\/wp\/v2\/product"}],"about":[{"href":"https:\/\/chiptuningmarket.com\/pl\/wp-json\/wp\/v2\/types\/product"}],"wp:featuredmedia":[{"embeddable":true,"href":"https:\/\/chiptuningmarket.com\/pl\/wp-json\/wp\/v2\/media\/399936"}],"wp:attachment":[{"href":"https:\/\/chiptuningmarket.com\/pl\/wp-json\/wp\/v2\/media?parent=399870"}],"wp:term":[{"taxonomy":"product_brand","embeddable":true,"href":"https:\/\/chiptuningmarket.com\/pl\/wp-json\/wp\/v2\/product_brand?post=399870"},{"taxonomy":"product_cat","embeddable":true,"href":"https:\/\/chiptuningmarket.com\/pl\/wp-json\/wp\/v2\/product_cat?post=399870"},{"taxonomy":"product_tag","embeddable":true,"href":"https:\/\/chiptuningmarket.com\/pl\/wp-json\/wp\/v2\/product_tag?post=399870"}],"curies":[{"name":"wp","href":"https:\/\/api.w.org\/{rel}","templated":true}]}}