{"id":403471,"date":"2026-02-18T15:34:28","date_gmt":"2026-02-18T14:34:28","guid":{"rendered":"https:\/\/chiptuningmarket.com\/?post_type=product&#038;p=403471"},"modified":"2026-02-18T15:34:34","modified_gmt":"2026-02-18T14:34:34","slug":"przedluzacz-dimsport-the-genius-25m","status":"publish","type":"product","link":"https:\/\/chiptuningmarket.com\/pl\/shop\/akcesoria-chiptuning-pl\/dimsport-pl\/adapters-pl\/przewody\/przedluzacz-dimsport-the-genius-25m\/","title":{"rendered":"Przed\u0142u\u017cacz Dimsport THE GENIUS 2,5m"},"content":{"rendered":"<h2 style=\"text-align: center\"><span style=\"color: #000000\">Przed\u0142u\u017cacz Dimsport<\/span> <span style=\"color: #000000\">THE GENIUS 2,5m<\/span><\/h2>\n<p>Wysokiej jako\u015bci przed\u0142u\u017cacz zosta\u0142 zaprojektowany specjalnie dla urz\u0105dzenia<strong>\u00a0The Genius<\/strong>, zapewniaj\u0105c dodatkow\u0105 d\u0142ugo\u015b\u0107 i elastyczno\u015b\u0107 niezb\u0119dn\u0105 do efektywnego mapowania oraz diagnostyki sterownik\u00f3w ECU. Wyprodukowany w Wielkiej Brytanii zgodnie z rygorystycznymi standardami, gwarantuje mocne i niezawodne po\u0142\u0105czenie oraz stabiln\u0105 integralno\u015b\u0107 sygna\u0142u, u\u0142atwiaj\u0105c strojenie i diagnostyk\u0119 w ka\u017cdych warunkach.<\/p>\n<h3>Kompatybilny z The Genius:<\/h3>\n<p><strong>Wyd\u0142u\u017cona d\u0142ugo\u015b\u0107:<\/strong> zapewnia dodatkowy zasi\u0119g dla wygodniejszego umiejscowienia narz\u0119dzia i swobodniejszej pracy (2,5 m)<br data-start=\"159\" data-end=\"162\" \/><strong>Najwy\u017csza jako\u015b\u0107:<\/strong> wykonany z wysokiej klasy materia\u0142\u00f3w zapewniaj\u0105cych trwa\u0142o\u015b\u0107 i niezawodne dzia\u0142anie<br data-start=\"263\" data-end=\"266\" \/><strong>Plug &amp; Play:<\/strong> nie wymaga \u017cadnych modyfikacji \u2014 wystarczy pod\u0142\u0105czy\u0107 i rozpocz\u0105\u0107 prac\u0119<br data-start=\"349\" data-end=\"352\" \/><strong>Indywidualnie testowany:<\/strong> ka\u017cdy przew\u00f3d jest sprawdzany przed wysy\u0142k\u0105<\/p>\n<p>Niezale\u017cnie od tego, czy pracujesz na stole monta\u017cowym, czy w poje\u017adzie, ten przed\u0142u\u017cacz zapewnia profesjonalnym tunerom wymagan\u0105 elastyczno\u015b\u0107 i niezawodno\u015b\u0107.<\/p>\n","protected":false},"excerpt":{"rendered":"<p>Wysokiej jako\u015bci przed\u0142u\u017cacz zosta\u0142 zaprojektowany specjalnie dla urz\u0105dzenia<strong>\u00a0The Genius<\/strong>, zapewniaj\u0105c dodatkow\u0105 d\u0142ugo\u015b\u0107 (2,5 m) i elastyczno\u015b\u0107 niezb\u0119dn\u0105 do efektywnego mapowania oraz diagnostyki sterownik\u00f3w ECU.<\/p>\n","protected":false},"featured_media":403491,"template":"","meta":{"_monsterinsights_skip_tracking":false,"_monsterinsights_sitenote_active":false,"_monsterinsights_sitenote_note":"","_monsterinsights_sitenote_category":0},"product_brand":[],"product_cat":[5060,5105,5107,6927],"product_tag":[9185,9186,9176,9182,9183,9184],"class_list":{"0":"post-403471","1":"product","2":"type-product","3":"status-publish","4":"has-post-thumbnail","6":"product_cat-akcesoria-chiptuning-pl","7":"product_cat-dimsport-pl","8":"product_cat-adapters-pl","9":"product_cat-przewody","10":"product_tag-9185","11":"product_tag-cobd-pl","12":"product_tag-dimsport-the-genius","13":"product_tag-przedluzacz-dimsport","14":"product_tag-przedluzacz-the-genius","15":"product_tag-the-genius-extension-cable","17":"first","18":"instock","19":"taxable","20":"shipping-taxable","21":"purchasable","22":"product-type-simple"},"yoast_head":"<!-- This site is optimized with the Yoast SEO plugin v25.2 - https:\/\/yoast.com\/wordpress\/plugins\/seo\/ -->\n<title>Przed\u0142u\u017cacz Dimsport THE GENIUS 2,5m - Chiptuningmarket<\/title>\n<meta name=\"description\" content=\"Przed\u0142u\u017cacz Dimsport THE GENIUS 2,5m - zapewniaj\u0105c dodatkow\u0105 d\u0142ugo\u015b\u0107 i elastyczno\u015b\u0107 niezb\u0119dn\u0105 do efektywnego mapowania oraz diagnostyki sterownik\u00f3w ECU.\" \/>\n<meta name=\"robots\" content=\"index, follow, max-snippet:-1, max-image-preview:large, max-video-preview:-1\" \/>\n<link rel=\"canonical\" href=\"https:\/\/chiptuningmarket.com\/pl\/shop\/akcesoria-chiptuning-pl\/dimsport-pl\/adapters-pl\/przewody\/przedluzacz-dimsport-the-genius-25m\/\" \/>\n<meta property=\"og:locale\" content=\"pl_PL\" \/>\n<meta property=\"og:type\" content=\"article\" \/>\n<meta property=\"og:title\" content=\"Przed\u0142u\u017cacz Dimsport THE GENIUS 2,5m - Chiptuningmarket\" \/>\n<meta property=\"og:description\" content=\"Przed\u0142u\u017cacz Dimsport THE GENIUS 2,5m - zapewniaj\u0105c dodatkow\u0105 d\u0142ugo\u015b\u0107 i elastyczno\u015b\u0107 niezb\u0119dn\u0105 do efektywnego mapowania oraz diagnostyki sterownik\u00f3w ECU.\" \/>\n<meta property=\"og:url\" content=\"https:\/\/chiptuningmarket.com\/pl\/shop\/akcesoria-chiptuning-pl\/dimsport-pl\/adapters-pl\/przewody\/przedluzacz-dimsport-the-genius-25m\/\" \/>\n<meta property=\"og:site_name\" content=\"Chiptuningmarket\" \/>\n<meta property=\"article:modified_time\" content=\"2026-02-18T14:34:34+00:00\" \/>\n<meta property=\"og:image\" content=\"https:\/\/chiptuningmarket.com\/wp-content\/uploads\/2026\/02\/DimsportTGExtensionCableCOBD.webp\" \/>\n\t<meta property=\"og:image:width\" content=\"900\" \/>\n\t<meta property=\"og:image:height\" content=\"600\" \/>\n\t<meta property=\"og:image:type\" content=\"image\/webp\" \/>\n<meta name=\"twitter:card\" content=\"summary_large_image\" \/>\n<meta name=\"twitter:label1\" content=\"Szacowany czas czytania\" \/>\n\t<meta name=\"twitter:data1\" content=\"1 minuta\" \/>\n<script type=\"application\/ld+json\" class=\"yoast-schema-graph\">{\"@context\":\"https:\/\/schema.org\",\"@graph\":[{\"@type\":\"WebPage\",\"@id\":\"https:\/\/chiptuningmarket.com\/pl\/shop\/akcesoria-chiptuning-pl\/dimsport-pl\/adapters-pl\/przewody\/przedluzacz-dimsport-the-genius-25m\/\",\"url\":\"https:\/\/chiptuningmarket.com\/pl\/shop\/akcesoria-chiptuning-pl\/dimsport-pl\/adapters-pl\/przewody\/przedluzacz-dimsport-the-genius-25m\/\",\"name\":\"Przed\u0142u\u017cacz Dimsport THE GENIUS 2,5m - Chiptuningmarket\",\"isPartOf\":{\"@id\":\"https:\/\/chiptuningmarket.com\/ru\/#website\"},\"primaryImageOfPage\":{\"@id\":\"https:\/\/chiptuningmarket.com\/pl\/shop\/akcesoria-chiptuning-pl\/dimsport-pl\/adapters-pl\/przewody\/przedluzacz-dimsport-the-genius-25m\/#primaryimage\"},\"image\":{\"@id\":\"https:\/\/chiptuningmarket.com\/pl\/shop\/akcesoria-chiptuning-pl\/dimsport-pl\/adapters-pl\/przewody\/przedluzacz-dimsport-the-genius-25m\/#primaryimage\"},\"thumbnailUrl\":\"https:\/\/chiptuningmarket.com\/wp-content\/uploads\/2026\/02\/DimsportTGExtensionCableCOBD.webp\",\"datePublished\":\"2026-02-18T14:34:28+00:00\",\"dateModified\":\"2026-02-18T14:34:34+00:00\",\"description\":\"Przed\u0142u\u017cacz Dimsport THE GENIUS 2,5m - zapewniaj\u0105c dodatkow\u0105 d\u0142ugo\u015b\u0107 i elastyczno\u015b\u0107 niezb\u0119dn\u0105 do efektywnego mapowania oraz diagnostyki sterownik\u00f3w ECU.\",\"breadcrumb\":{\"@id\":\"https:\/\/chiptuningmarket.com\/pl\/shop\/akcesoria-chiptuning-pl\/dimsport-pl\/adapters-pl\/przewody\/przedluzacz-dimsport-the-genius-25m\/#breadcrumb\"},\"inLanguage\":\"pl-PL\",\"potentialAction\":[{\"@type\":\"ReadAction\",\"target\":[\"https:\/\/chiptuningmarket.com\/pl\/shop\/akcesoria-chiptuning-pl\/dimsport-pl\/adapters-pl\/przewody\/przedluzacz-dimsport-the-genius-25m\/\"]}]},{\"@type\":\"ImageObject\",\"inLanguage\":\"pl-PL\",\"@id\":\"https:\/\/chiptuningmarket.com\/pl\/shop\/akcesoria-chiptuning-pl\/dimsport-pl\/adapters-pl\/przewody\/przedluzacz-dimsport-the-genius-25m\/#primaryimage\",\"url\":\"https:\/\/chiptuningmarket.com\/wp-content\/uploads\/2026\/02\/DimsportTGExtensionCableCOBD.webp\",\"contentUrl\":\"https:\/\/chiptuningmarket.com\/wp-content\/uploads\/2026\/02\/DimsportTGExtensionCableCOBD.webp\",\"width\":900,\"height\":600,\"caption\":\"Przed\u0142u\u017cacz Dimsport THE GENIUS 2,5m\"},{\"@type\":\"BreadcrumbList\",\"@id\":\"https:\/\/chiptuningmarket.com\/pl\/shop\/akcesoria-chiptuning-pl\/dimsport-pl\/adapters-pl\/przewody\/przedluzacz-dimsport-the-genius-25m\/#breadcrumb\",\"itemListElement\":[{\"@type\":\"ListItem\",\"position\":1,\"name\":\"Home\",\"item\":\"https:\/\/chiptuningmarket.com\/pl\/\"},{\"@type\":\"ListItem\",\"position\":2,\"name\":\"Sklep\",\"item\":\"https:\/\/chiptuningmarket.com\/pl\/shop\/\"},{\"@type\":\"ListItem\",\"position\":3,\"name\":\"Przed\u0142u\u017cacz Dimsport THE GENIUS 2,5m\"}]},{\"@type\":\"WebSite\",\"@id\":\"https:\/\/chiptuningmarket.com\/ru\/#website\",\"url\":\"https:\/\/chiptuningmarket.com\/ru\/\",\"name\":\"Chiptuningmarket\",\"description\":\"Biggest chiptuning shop in Europe\",\"publisher\":{\"@id\":\"https:\/\/chiptuningmarket.com\/ru\/#organization\"},\"alternateName\":\"Worldwide ecu tools supplier\",\"potentialAction\":[{\"@type\":\"SearchAction\",\"target\":{\"@type\":\"EntryPoint\",\"urlTemplate\":\"https:\/\/chiptuningmarket.com\/ru\/?s={search_term_string}\"},\"query-input\":{\"@type\":\"PropertyValueSpecification\",\"valueRequired\":true,\"valueName\":\"search_term_string\"}}],\"inLanguage\":\"pl-PL\"},{\"@type\":\"Organization\",\"@id\":\"https:\/\/chiptuningmarket.com\/ru\/#organization\",\"name\":\"Chiptuningmarket\",\"alternateName\":\"Chiptuning tools supplier\",\"url\":\"https:\/\/chiptuningmarket.com\/ru\/\",\"logo\":{\"@type\":\"ImageObject\",\"inLanguage\":\"pl-PL\",\"@id\":\"https:\/\/chiptuningmarket.com\/ru\/#\/schema\/logo\/image\/\",\"url\":\"https:\/\/chiptuningmarket.com\/wp-content\/uploads\/2023\/05\/logo-ChipTuningMarket-social.png\",\"contentUrl\":\"https:\/\/chiptuningmarket.com\/wp-content\/uploads\/2023\/05\/logo-ChipTuningMarket-social.png\",\"width\":512,\"height\":512,\"caption\":\"Chiptuningmarket\"},\"image\":{\"@id\":\"https:\/\/chiptuningmarket.com\/ru\/#\/schema\/logo\/image\/\"}}]}<\/script>\n<!-- \/ Yoast SEO plugin. -->","yoast_head_json":{"title":"Przed\u0142u\u017cacz Dimsport THE GENIUS 2,5m - Chiptuningmarket","description":"Przed\u0142u\u017cacz Dimsport THE GENIUS 2,5m - zapewniaj\u0105c dodatkow\u0105 d\u0142ugo\u015b\u0107 i elastyczno\u015b\u0107 niezb\u0119dn\u0105 do efektywnego mapowania oraz diagnostyki sterownik\u00f3w ECU.","robots":{"index":"index","follow":"follow","max-snippet":"max-snippet:-1","max-image-preview":"max-image-preview:large","max-video-preview":"max-video-preview:-1"},"canonical":"https:\/\/chiptuningmarket.com\/pl\/shop\/akcesoria-chiptuning-pl\/dimsport-pl\/adapters-pl\/przewody\/przedluzacz-dimsport-the-genius-25m\/","og_locale":"pl_PL","og_type":"article","og_title":"Przed\u0142u\u017cacz Dimsport THE GENIUS 2,5m - Chiptuningmarket","og_description":"Przed\u0142u\u017cacz Dimsport THE GENIUS 2,5m - zapewniaj\u0105c dodatkow\u0105 d\u0142ugo\u015b\u0107 i elastyczno\u015b\u0107 niezb\u0119dn\u0105 do efektywnego mapowania oraz diagnostyki sterownik\u00f3w ECU.","og_url":"https:\/\/chiptuningmarket.com\/pl\/shop\/akcesoria-chiptuning-pl\/dimsport-pl\/adapters-pl\/przewody\/przedluzacz-dimsport-the-genius-25m\/","og_site_name":"Chiptuningmarket","article_modified_time":"2026-02-18T14:34:34+00:00","og_image":[{"width":900,"height":600,"url":"https:\/\/chiptuningmarket.com\/wp-content\/uploads\/2026\/02\/DimsportTGExtensionCableCOBD.webp","type":"image\/webp"}],"twitter_card":"summary_large_image","twitter_misc":{"Szacowany czas czytania":"1 minuta"},"schema":{"@context":"https:\/\/schema.org","@graph":[{"@type":"WebPage","@id":"https:\/\/chiptuningmarket.com\/pl\/shop\/akcesoria-chiptuning-pl\/dimsport-pl\/adapters-pl\/przewody\/przedluzacz-dimsport-the-genius-25m\/","url":"https:\/\/chiptuningmarket.com\/pl\/shop\/akcesoria-chiptuning-pl\/dimsport-pl\/adapters-pl\/przewody\/przedluzacz-dimsport-the-genius-25m\/","name":"Przed\u0142u\u017cacz Dimsport THE GENIUS 2,5m - Chiptuningmarket","isPartOf":{"@id":"https:\/\/chiptuningmarket.com\/ru\/#website"},"primaryImageOfPage":{"@id":"https:\/\/chiptuningmarket.com\/pl\/shop\/akcesoria-chiptuning-pl\/dimsport-pl\/adapters-pl\/przewody\/przedluzacz-dimsport-the-genius-25m\/#primaryimage"},"image":{"@id":"https:\/\/chiptuningmarket.com\/pl\/shop\/akcesoria-chiptuning-pl\/dimsport-pl\/adapters-pl\/przewody\/przedluzacz-dimsport-the-genius-25m\/#primaryimage"},"thumbnailUrl":"https:\/\/chiptuningmarket.com\/wp-content\/uploads\/2026\/02\/DimsportTGExtensionCableCOBD.webp","datePublished":"2026-02-18T14:34:28+00:00","dateModified":"2026-02-18T14:34:34+00:00","description":"Przed\u0142u\u017cacz Dimsport THE GENIUS 2,5m - zapewniaj\u0105c dodatkow\u0105 d\u0142ugo\u015b\u0107 i elastyczno\u015b\u0107 niezb\u0119dn\u0105 do efektywnego mapowania oraz diagnostyki sterownik\u00f3w ECU.","breadcrumb":{"@id":"https:\/\/chiptuningmarket.com\/pl\/shop\/akcesoria-chiptuning-pl\/dimsport-pl\/adapters-pl\/przewody\/przedluzacz-dimsport-the-genius-25m\/#breadcrumb"},"inLanguage":"pl-PL","potentialAction":[{"@type":"ReadAction","target":["https:\/\/chiptuningmarket.com\/pl\/shop\/akcesoria-chiptuning-pl\/dimsport-pl\/adapters-pl\/przewody\/przedluzacz-dimsport-the-genius-25m\/"]}]},{"@type":"ImageObject","inLanguage":"pl-PL","@id":"https:\/\/chiptuningmarket.com\/pl\/shop\/akcesoria-chiptuning-pl\/dimsport-pl\/adapters-pl\/przewody\/przedluzacz-dimsport-the-genius-25m\/#primaryimage","url":"https:\/\/chiptuningmarket.com\/wp-content\/uploads\/2026\/02\/DimsportTGExtensionCableCOBD.webp","contentUrl":"https:\/\/chiptuningmarket.com\/wp-content\/uploads\/2026\/02\/DimsportTGExtensionCableCOBD.webp","width":900,"height":600,"caption":"Przed\u0142u\u017cacz Dimsport THE GENIUS 2,5m"},{"@type":"BreadcrumbList","@id":"https:\/\/chiptuningmarket.com\/pl\/shop\/akcesoria-chiptuning-pl\/dimsport-pl\/adapters-pl\/przewody\/przedluzacz-dimsport-the-genius-25m\/#breadcrumb","itemListElement":[{"@type":"ListItem","position":1,"name":"Home","item":"https:\/\/chiptuningmarket.com\/pl\/"},{"@type":"ListItem","position":2,"name":"Sklep","item":"https:\/\/chiptuningmarket.com\/pl\/shop\/"},{"@type":"ListItem","position":3,"name":"Przed\u0142u\u017cacz Dimsport THE GENIUS 2,5m"}]},{"@type":"WebSite","@id":"https:\/\/chiptuningmarket.com\/ru\/#website","url":"https:\/\/chiptuningmarket.com\/ru\/","name":"Chiptuningmarket","description":"Biggest chiptuning shop in Europe","publisher":{"@id":"https:\/\/chiptuningmarket.com\/ru\/#organization"},"alternateName":"Worldwide ecu tools supplier","potentialAction":[{"@type":"SearchAction","target":{"@type":"EntryPoint","urlTemplate":"https:\/\/chiptuningmarket.com\/ru\/?s={search_term_string}"},"query-input":{"@type":"PropertyValueSpecification","valueRequired":true,"valueName":"search_term_string"}}],"inLanguage":"pl-PL"},{"@type":"Organization","@id":"https:\/\/chiptuningmarket.com\/ru\/#organization","name":"Chiptuningmarket","alternateName":"Chiptuning tools supplier","url":"https:\/\/chiptuningmarket.com\/ru\/","logo":{"@type":"ImageObject","inLanguage":"pl-PL","@id":"https:\/\/chiptuningmarket.com\/ru\/#\/schema\/logo\/image\/","url":"https:\/\/chiptuningmarket.com\/wp-content\/uploads\/2023\/05\/logo-ChipTuningMarket-social.png","contentUrl":"https:\/\/chiptuningmarket.com\/wp-content\/uploads\/2023\/05\/logo-ChipTuningMarket-social.png","width":512,"height":512,"caption":"Chiptuningmarket"},"image":{"@id":"https:\/\/chiptuningmarket.com\/ru\/#\/schema\/logo\/image\/"}}]}},"_links":{"self":[{"href":"https:\/\/chiptuningmarket.com\/pl\/wp-json\/wp\/v2\/product\/403471","targetHints":{"allow":["GET"]}}],"collection":[{"href":"https:\/\/chiptuningmarket.com\/pl\/wp-json\/wp\/v2\/product"}],"about":[{"href":"https:\/\/chiptuningmarket.com\/pl\/wp-json\/wp\/v2\/types\/product"}],"wp:featuredmedia":[{"embeddable":true,"href":"https:\/\/chiptuningmarket.com\/pl\/wp-json\/wp\/v2\/media\/403491"}],"wp:attachment":[{"href":"https:\/\/chiptuningmarket.com\/pl\/wp-json\/wp\/v2\/media?parent=403471"}],"wp:term":[{"taxonomy":"product_brand","embeddable":true,"href":"https:\/\/chiptuningmarket.com\/pl\/wp-json\/wp\/v2\/product_brand?post=403471"},{"taxonomy":"product_cat","embeddable":true,"href":"https:\/\/chiptuningmarket.com\/pl\/wp-json\/wp\/v2\/product_cat?post=403471"},{"taxonomy":"product_tag","embeddable":true,"href":"https:\/\/chiptuningmarket.com\/pl\/wp-json\/wp\/v2\/product_tag?post=403471"}],"curies":[{"name":"wp","href":"https:\/\/api.w.org\/{rel}","templated":true}]}}