{"id":410203,"date":"2026-02-24T15:04:26","date_gmt":"2026-02-24T14:04:26","guid":{"rendered":"https:\/\/chiptuningmarket.com\/?post_type=product&#038;p=410203"},"modified":"2026-02-24T15:04:37","modified_gmt":"2026-02-24T14:04:37","slug":"autel-evdiag-box-pojazdy-ev-phev-hev","status":"publish","type":"product","link":"https:\/\/chiptuningmarket.com\/pl\/shop\/urzadzenia-diagnostyczne-pl-pl\/osobowe-urzadzenia-diagnostyczne-pl\/urzadzenia-diagnostyczne-autel\/autel-evdiag-box-pojazdy-ev-phev-hev\/","title":{"rendered":"Autel EVDiag Box &#8211; Pojazdy EV\/PHEV\/HEV"},"content":{"rendered":"<h2 style=\"text-align: center\">Autel EVDiag Box &#8211; Pojazdy EV\/PHEV\/HEV<\/h2>\n<p><strong>EVDiag Box<\/strong> wraz z kompletem niezb\u0119dnych przewod\u00f3w umo\u017cliwia rozszerzenie funkcjonalno\u015bci testera <strong>AUTEL<\/strong> o zaawansowan\u0105 diagnostyk\u0119 pojazd\u00f3w <strong>elektrycznych, hybrydowych<\/strong> oraz <strong>spalinowych.<\/strong> Rozwi\u0105zanie zosta\u0142o opracowane z my\u015bl\u0105 o kompleksowej obs\u0142udze pojazd\u00f3w <strong>EV, PHEV<\/strong> i <strong>HEV,<\/strong> oferuj\u0105c szczeg\u00f3\u0142ow\u0105 topologi\u0119 komponent\u00f3w wysokiego napi\u0119cia. Zestaw pozwala na dok\u0142adn\u0105 analiz\u0119 akumulator\u00f3w trakcyjnych zar\u00f3wno poprzez standardowe z\u0142\u0105cze OBD, jak i przy u\u017cyciu dedykowanych przewod\u00f3w do\u0142\u0105czonych do <strong>EVDiag Box.<\/strong> Umo\u017cliwia to precyzyjn\u0105 ocen\u0119 stanu system\u00f3w wysokiego napi\u0119cia oraz przeprowadzenie zaawansowanej diagnostyki nowoczesnych uk\u0142ad\u00f3w nap\u0119dowych.<\/p>\n<p><a href=\"https:\/\/chiptuningmarket.com\/wp-content\/uploads\/2026\/02\/Ev-Autel-.png\"><img decoding=\"async\" class=\"aligncenter wp-image-410226\" src=\"https:\/\/chiptuningmarket.com\/wp-content\/uploads\/2026\/02\/Ev-Autel-.png\" alt=\"\" width=\"700\" height=\"668\" srcset=\"https:\/\/chiptuningmarket.com\/wp-content\/uploads\/2026\/02\/Ev-Autel-.png 828w, https:\/\/chiptuningmarket.com\/wp-content\/uploads\/2026\/02\/Ev-Autel--300x286.png 300w, https:\/\/chiptuningmarket.com\/wp-content\/uploads\/2026\/02\/Ev-Autel--768x733.png 768w, https:\/\/chiptuningmarket.com\/wp-content\/uploads\/2026\/02\/Ev-Autel--600x572.png 600w\" sizes=\"(max-width: 700px) 100vw, 700px\" \/><\/a><\/p>\n<h3>Najwa\u017cniejsze cechy EVDiag Box:<\/h3>\n<ul>\n<li data-start=\"87\" data-end=\"250\">Szybka analiza instalacji wysokiego napi\u0119cia w pojazdach EV, PHEV i HEV, obejmuj\u0105ca odczyt i kasowanie kod\u00f3w b\u0142\u0119d\u00f3w DTC oraz monitorowanie kluczowych parametr\u00f3w.<\/li>\n<li data-start=\"253\" data-end=\"375\">Kompleksowe schematy instalacji wysokiego napi\u0119cia z dok\u0142adnym rozmieszczeniem komponent\u00f3w oraz opisem po\u0142\u0105cze\u0144 i z\u0142\u0105cz.<\/li>\n<li data-start=\"378\" data-end=\"471\">Baza danych z procedurami demonta\u017cu poszczeg\u00f3lnych element\u00f3w instalacji wysokiego napi\u0119cia.<\/li>\n<li data-start=\"474\" data-end=\"588\">Ocena stanu akumulatora trakcyjnego poprzez wska\u017aniki SOC i SOH, umo\u017cliwiaj\u0105ca szybkie szacowanie jego kondycji.<\/li>\n<li data-start=\"591\" data-end=\"850\">Diagnostyka instalacji wysokiego napi\u0119cia i akumulatora mo\u017ce by\u0107 przeprowadzana zar\u00f3wno przez z\u0142\u0105cze OBD, jak i dedykowane przewody do\u0142\u0105czone do pakietu EVDiag Box. Intuicyjny interfejs u\u0142atwia analiz\u0119 akumulator\u00f3w, minimalizuj\u0105c ryzyko b\u0142\u0119dnej diagnostyki.<\/li>\n<li data-start=\"591\" data-end=\"850\">Kompatybilny z MaxiSYS Ultra, Ultra S2, MaxiSYS MS919, MS919S2, MaxiSYS MS909 i MS909S2.<\/li>\n<li>Przejrzysty interfejs diagnostyki akumulator\u00f3w u\u0142atwia diagnoz\u0119 oraz zmniejsza ryzyko b\u0142\u0119dnej diagnostyki<\/li>\n<\/ul>\n<h3><b>G\u0142\u0119boka analiza zespo\u0142u ogniw akumulatorowych w najpopularniejszych markach:<\/b><\/h3>\n<p>BMW, TESLA, VOLKSWAGEN, AUDI, MINI, HONDA, TOYOTA, LEXUS, FORD GM, RENAULT, ACCURA, NISSAN, HYUNDAI, KIA, BYD\\<\/p>\n<h3>Interfejs u\u017cytkowania:<\/h3>\n<p><a href=\"https:\/\/chiptuningmarket.com\/wp-content\/uploads\/2026\/02\/Screenshot_20220610-075003.png\"><img decoding=\"async\" class=\"aligncenter wp-image-410232\" src=\"https:\/\/chiptuningmarket.com\/wp-content\/uploads\/2026\/02\/Screenshot_20220610-075003.png\" alt=\"\" width=\"1200\" height=\"900\" srcset=\"https:\/\/chiptuningmarket.com\/wp-content\/uploads\/2026\/02\/Screenshot_20220610-075003.png 2048w, https:\/\/chiptuningmarket.com\/wp-content\/uploads\/2026\/02\/Screenshot_20220610-075003-300x225.png 300w, https:\/\/chiptuningmarket.com\/wp-content\/uploads\/2026\/02\/Screenshot_20220610-075003-1024x768.png 1024w, https:\/\/chiptuningmarket.com\/wp-content\/uploads\/2026\/02\/Screenshot_20220610-075003-768x576.png 768w, https:\/\/chiptuningmarket.com\/wp-content\/uploads\/2026\/02\/Screenshot_20220610-075003-1536x1152.png 1536w, https:\/\/chiptuningmarket.com\/wp-content\/uploads\/2026\/02\/Screenshot_20220610-075003-600x450.png 600w\" sizes=\"(max-width: 1200px) 100vw, 1200px\" \/><\/a> <a href=\"https:\/\/chiptuningmarket.com\/wp-content\/uploads\/2026\/02\/Screenshot_20220610-080910.png\"><img decoding=\"async\" class=\"aligncenter wp-image-410235\" src=\"https:\/\/chiptuningmarket.com\/wp-content\/uploads\/2026\/02\/Screenshot_20220610-080910.png\" alt=\"\" width=\"1200\" height=\"900\" srcset=\"https:\/\/chiptuningmarket.com\/wp-content\/uploads\/2026\/02\/Screenshot_20220610-080910.png 2048w, https:\/\/chiptuningmarket.com\/wp-content\/uploads\/2026\/02\/Screenshot_20220610-080910-300x225.png 300w, https:\/\/chiptuningmarket.com\/wp-content\/uploads\/2026\/02\/Screenshot_20220610-080910-1024x768.png 1024w, https:\/\/chiptuningmarket.com\/wp-content\/uploads\/2026\/02\/Screenshot_20220610-080910-768x576.png 768w, https:\/\/chiptuningmarket.com\/wp-content\/uploads\/2026\/02\/Screenshot_20220610-080910-1536x1152.png 1536w, https:\/\/chiptuningmarket.com\/wp-content\/uploads\/2026\/02\/Screenshot_20220610-080910-600x450.png 600w\" sizes=\"(max-width: 1200px) 100vw, 1200px\" \/><\/a><\/p>\n<h3><b>W sk\u0142ad zestawu wchodzi:<\/b><\/h3>\n<ul>\n<li><strong>AUTEL EV Diag BOX<\/strong><\/li>\n<li>Zestaw adapter\u00f3w do samochod\u00f3w elektrycznych<\/li>\n<li>G\u0142\u00f3wny przew\u00f3d diagnostyczny<\/li>\n<li>Walizka z przegrodami<\/li>\n<li>Konektory oraz przewody<\/li>\n<li>Oprogramowanie EV DiagBox<\/li>\n<\/ul>\n<p><a href=\"https:\/\/chiptuningmarket.com\/wp-content\/uploads\/2026\/02\/EV_diagnostic_kit.png\"><img decoding=\"async\" class=\"aligncenter wp-image-410229\" src=\"https:\/\/chiptuningmarket.com\/wp-content\/uploads\/2026\/02\/EV_diagnostic_kit.png\" alt=\"\" width=\"1422\" height=\"800\" srcset=\"https:\/\/chiptuningmarket.com\/wp-content\/uploads\/2026\/02\/EV_diagnostic_kit.png 1920w, https:\/\/chiptuningmarket.com\/wp-content\/uploads\/2026\/02\/EV_diagnostic_kit-300x169.png 300w, https:\/\/chiptuningmarket.com\/wp-content\/uploads\/2026\/02\/EV_diagnostic_kit-1024x576.png 1024w, https:\/\/chiptuningmarket.com\/wp-content\/uploads\/2026\/02\/EV_diagnostic_kit-768x432.png 768w, https:\/\/chiptuningmarket.com\/wp-content\/uploads\/2026\/02\/EV_diagnostic_kit-1536x864.png 1536w, https:\/\/chiptuningmarket.com\/wp-content\/uploads\/2026\/02\/EV_diagnostic_kit-600x338.png 600w\" sizes=\"(max-width: 1422px) 100vw, 1422px\" \/><\/a><\/p>\n<p><strong>W ofercie r\u00f3wnie\u017c:<\/strong><br \/>\n<span style=\"color: #0000ff\"><strong><a style=\"color: #0000ff\" href=\"https:\/\/chiptuningmarket.com\/pl\/shop\/urzadzenia-diagnostyczne-pl-pl\/osobowe-urzadzenia-diagnostyczne-pl\/urzadzenia-diagnostyczne-autel\/autel-maxisys-ms909-ev\/\">Autel MS909 EV<\/a><br \/>\n<a style=\"color: #0000ff\" href=\"https:\/\/chiptuningmarket.com\/pl\/shop\/urzadzenia-diagnostyczne-pl-pl\/osobowe-urzadzenia-diagnostyczne-pl\/thinkcar\/thinkcar-thinktool-euro-expert-399\/\">Thinkcar Euro Expert 399 EV<\/a><\/strong><\/span><\/p>\n","protected":false},"excerpt":{"rendered":"<p><strong data-start=\"48\" data-end=\"84\">EVDiag Box z kompletem przewod\u00f3w<\/strong> \u2013 rozszerza funkcje testera <strong>AUTEL<\/strong> o zaawansowan\u0105 diagnostyk\u0119 pojazd\u00f3w elektrycznych, hybrydowych i spalinowych. Umo\u017cliwia analiz\u0119 akumulator\u00f3w trakcyjnych, szczeg\u00f3\u0142ow\u0105 topologi\u0119 uk\u0142ad\u00f3w wysokiego napi\u0119cia oraz precyzyjn\u0105 ocen\u0119 stanu system\u00f3w <strong>EV, PHEV<\/strong> i <strong>HEV<\/strong> zar\u00f3wno przez OBD, jak i dedykowane przewody.<\/p>\n","protected":false},"featured_media":410229,"template":"","meta":{"_monsterinsights_skip_tracking":false,"_monsterinsights_sitenote_active":false,"_monsterinsights_sitenote_note":"","_monsterinsights_sitenote_category":0},"product_brand":[],"product_cat":[5680,7858,5072,5259,5059],"product_tag":[9220,9215,9214,7090,7856,7088,9212,9213,9217,7437,9216,9218,9219],"class_list":{"0":"post-410203","1":"product","2":"type-product","3":"status-publish","4":"has-post-thumbnail","6":"product_cat-urzadzenia-diagnostyczne-autel","7":"product_cat-ev-hybrydy","8":"product_cat-nowosci-pl","9":"product_cat-osobowe-urzadzenia-diagnostyczne-pl","10":"product_cat-urzadzenia-diagnostyczne-pl-pl","11":"product_tag-autel-ev","12":"product_tag-autel-ev-diagbox","13":"product_tag-autel-evdiag-box","14":"product_tag-elektryczne","15":"product_tag-ev","16":"product_tag-ev-diagbox","17":"product_tag-evdiag-box","18":"product_tag-evdiagbox","19":"product_tag-hev","20":"product_tag-hybrydy","21":"product_tag-phev","22":"product_tag-soc","23":"product_tag-soh","25":"first","26":"instock","27":"taxable","28":"shipping-taxable","29":"purchasable","30":"product-type-simple"},"yoast_head":"<!-- This site is optimized with the Yoast SEO plugin v25.2 - https:\/\/yoast.com\/wordpress\/plugins\/seo\/ -->\n<title>Autel EVDiag Box - Pojazdy EV\/PHEV\/HEV - Chiptuningmarket<\/title>\n<meta name=\"description\" content=\"Autel EVDiag Box - Pojazdy EV\/PHEV\/HEV -wraz z kompletem niezb\u0119dnych przewod\u00f3w umo\u017cliwia rozszerzenie funkcjonalno\u015bci testera AUTEL o zaawansowan\u0105...\" \/>\n<meta name=\"robots\" content=\"index, follow, max-snippet:-1, max-image-preview:large, max-video-preview:-1\" \/>\n<link rel=\"canonical\" href=\"https:\/\/chiptuningmarket.com\/pl\/shop\/urzadzenia-diagnostyczne-pl-pl\/osobowe-urzadzenia-diagnostyczne-pl\/urzadzenia-diagnostyczne-autel\/autel-evdiag-box-pojazdy-ev-phev-hev\/\" \/>\n<meta property=\"og:locale\" content=\"pl_PL\" \/>\n<meta property=\"og:type\" content=\"article\" \/>\n<meta property=\"og:title\" content=\"Autel EVDiag Box - Pojazdy EV\/PHEV\/HEV - Chiptuningmarket\" \/>\n<meta property=\"og:description\" content=\"Autel EVDiag Box - Pojazdy EV\/PHEV\/HEV -wraz z kompletem niezb\u0119dnych przewod\u00f3w umo\u017cliwia rozszerzenie funkcjonalno\u015bci testera AUTEL o zaawansowan\u0105...\" \/>\n<meta property=\"og:url\" content=\"https:\/\/chiptuningmarket.com\/pl\/shop\/urzadzenia-diagnostyczne-pl-pl\/osobowe-urzadzenia-diagnostyczne-pl\/urzadzenia-diagnostyczne-autel\/autel-evdiag-box-pojazdy-ev-phev-hev\/\" \/>\n<meta property=\"og:site_name\" content=\"Chiptuningmarket\" \/>\n<meta property=\"article:modified_time\" content=\"2026-02-24T14:04:37+00:00\" \/>\n<meta property=\"og:image\" content=\"https:\/\/chiptuningmarket.com\/wp-content\/uploads\/2026\/02\/EV_diagnostic_kit.png\" \/>\n\t<meta property=\"og:image:width\" content=\"1920\" \/>\n\t<meta property=\"og:image:height\" content=\"1080\" \/>\n\t<meta property=\"og:image:type\" content=\"image\/png\" \/>\n<meta name=\"twitter:card\" content=\"summary_large_image\" \/>\n<meta name=\"twitter:label1\" content=\"Szacowany czas czytania\" \/>\n\t<meta name=\"twitter:data1\" content=\"3 minuty\" \/>\n<script type=\"application\/ld+json\" class=\"yoast-schema-graph\">{\"@context\":\"https:\/\/schema.org\",\"@graph\":[{\"@type\":\"WebPage\",\"@id\":\"https:\/\/chiptuningmarket.com\/pl\/shop\/urzadzenia-diagnostyczne-pl-pl\/osobowe-urzadzenia-diagnostyczne-pl\/urzadzenia-diagnostyczne-autel\/autel-evdiag-box-pojazdy-ev-phev-hev\/\",\"url\":\"https:\/\/chiptuningmarket.com\/pl\/shop\/urzadzenia-diagnostyczne-pl-pl\/osobowe-urzadzenia-diagnostyczne-pl\/urzadzenia-diagnostyczne-autel\/autel-evdiag-box-pojazdy-ev-phev-hev\/\",\"name\":\"Autel EVDiag Box - Pojazdy EV\/PHEV\/HEV - Chiptuningmarket\",\"isPartOf\":{\"@id\":\"https:\/\/chiptuningmarket.com\/ru\/#website\"},\"primaryImageOfPage\":{\"@id\":\"https:\/\/chiptuningmarket.com\/pl\/shop\/urzadzenia-diagnostyczne-pl-pl\/osobowe-urzadzenia-diagnostyczne-pl\/urzadzenia-diagnostyczne-autel\/autel-evdiag-box-pojazdy-ev-phev-hev\/#primaryimage\"},\"image\":{\"@id\":\"https:\/\/chiptuningmarket.com\/pl\/shop\/urzadzenia-diagnostyczne-pl-pl\/osobowe-urzadzenia-diagnostyczne-pl\/urzadzenia-diagnostyczne-autel\/autel-evdiag-box-pojazdy-ev-phev-hev\/#primaryimage\"},\"thumbnailUrl\":\"https:\/\/chiptuningmarket.com\/wp-content\/uploads\/2026\/02\/EV_diagnostic_kit.png\",\"datePublished\":\"2026-02-24T14:04:26+00:00\",\"dateModified\":\"2026-02-24T14:04:37+00:00\",\"description\":\"Autel EVDiag Box - Pojazdy EV\/PHEV\/HEV -wraz z kompletem niezb\u0119dnych przewod\u00f3w umo\u017cliwia rozszerzenie funkcjonalno\u015bci testera AUTEL o zaawansowan\u0105...\",\"breadcrumb\":{\"@id\":\"https:\/\/chiptuningmarket.com\/pl\/shop\/urzadzenia-diagnostyczne-pl-pl\/osobowe-urzadzenia-diagnostyczne-pl\/urzadzenia-diagnostyczne-autel\/autel-evdiag-box-pojazdy-ev-phev-hev\/#breadcrumb\"},\"inLanguage\":\"pl-PL\",\"potentialAction\":[{\"@type\":\"ReadAction\",\"target\":[\"https:\/\/chiptuningmarket.com\/pl\/shop\/urzadzenia-diagnostyczne-pl-pl\/osobowe-urzadzenia-diagnostyczne-pl\/urzadzenia-diagnostyczne-autel\/autel-evdiag-box-pojazdy-ev-phev-hev\/\"]}]},{\"@type\":\"ImageObject\",\"inLanguage\":\"pl-PL\",\"@id\":\"https:\/\/chiptuningmarket.com\/pl\/shop\/urzadzenia-diagnostyczne-pl-pl\/osobowe-urzadzenia-diagnostyczne-pl\/urzadzenia-diagnostyczne-autel\/autel-evdiag-box-pojazdy-ev-phev-hev\/#primaryimage\",\"url\":\"https:\/\/chiptuningmarket.com\/wp-content\/uploads\/2026\/02\/EV_diagnostic_kit.png\",\"contentUrl\":\"https:\/\/chiptuningmarket.com\/wp-content\/uploads\/2026\/02\/EV_diagnostic_kit.png\",\"width\":1920,\"height\":1080,\"caption\":\"Autel EVDiag Box - Pojazdy EV\/PHEV\/HEV\"},{\"@type\":\"BreadcrumbList\",\"@id\":\"https:\/\/chiptuningmarket.com\/pl\/shop\/urzadzenia-diagnostyczne-pl-pl\/osobowe-urzadzenia-diagnostyczne-pl\/urzadzenia-diagnostyczne-autel\/autel-evdiag-box-pojazdy-ev-phev-hev\/#breadcrumb\",\"itemListElement\":[{\"@type\":\"ListItem\",\"position\":1,\"name\":\"Home\",\"item\":\"https:\/\/chiptuningmarket.com\/pl\/\"},{\"@type\":\"ListItem\",\"position\":2,\"name\":\"Sklep\",\"item\":\"https:\/\/chiptuningmarket.com\/pl\/shop\/\"},{\"@type\":\"ListItem\",\"position\":3,\"name\":\"Autel EVDiag Box &#8211; Pojazdy EV\/PHEV\/HEV\"}]},{\"@type\":\"WebSite\",\"@id\":\"https:\/\/chiptuningmarket.com\/ru\/#website\",\"url\":\"https:\/\/chiptuningmarket.com\/ru\/\",\"name\":\"Chiptuningmarket\",\"description\":\"Biggest chiptuning shop in Europe\",\"publisher\":{\"@id\":\"https:\/\/chiptuningmarket.com\/ru\/#organization\"},\"alternateName\":\"Worldwide ecu tools supplier\",\"potentialAction\":[{\"@type\":\"SearchAction\",\"target\":{\"@type\":\"EntryPoint\",\"urlTemplate\":\"https:\/\/chiptuningmarket.com\/ru\/?s={search_term_string}\"},\"query-input\":{\"@type\":\"PropertyValueSpecification\",\"valueRequired\":true,\"valueName\":\"search_term_string\"}}],\"inLanguage\":\"pl-PL\"},{\"@type\":\"Organization\",\"@id\":\"https:\/\/chiptuningmarket.com\/ru\/#organization\",\"name\":\"Chiptuningmarket\",\"alternateName\":\"Chiptuning tools supplier\",\"url\":\"https:\/\/chiptuningmarket.com\/ru\/\",\"logo\":{\"@type\":\"ImageObject\",\"inLanguage\":\"pl-PL\",\"@id\":\"https:\/\/chiptuningmarket.com\/ru\/#\/schema\/logo\/image\/\",\"url\":\"https:\/\/chiptuningmarket.com\/wp-content\/uploads\/2023\/05\/logo-ChipTuningMarket-social.png\",\"contentUrl\":\"https:\/\/chiptuningmarket.com\/wp-content\/uploads\/2023\/05\/logo-ChipTuningMarket-social.png\",\"width\":512,\"height\":512,\"caption\":\"Chiptuningmarket\"},\"image\":{\"@id\":\"https:\/\/chiptuningmarket.com\/ru\/#\/schema\/logo\/image\/\"}}]}<\/script>\n<!-- \/ Yoast SEO plugin. -->","yoast_head_json":{"title":"Autel EVDiag Box - Pojazdy EV\/PHEV\/HEV - Chiptuningmarket","description":"Autel EVDiag Box - Pojazdy EV\/PHEV\/HEV -wraz z kompletem niezb\u0119dnych przewod\u00f3w umo\u017cliwia rozszerzenie funkcjonalno\u015bci testera AUTEL o zaawansowan\u0105...","robots":{"index":"index","follow":"follow","max-snippet":"max-snippet:-1","max-image-preview":"max-image-preview:large","max-video-preview":"max-video-preview:-1"},"canonical":"https:\/\/chiptuningmarket.com\/pl\/shop\/urzadzenia-diagnostyczne-pl-pl\/osobowe-urzadzenia-diagnostyczne-pl\/urzadzenia-diagnostyczne-autel\/autel-evdiag-box-pojazdy-ev-phev-hev\/","og_locale":"pl_PL","og_type":"article","og_title":"Autel EVDiag Box - Pojazdy EV\/PHEV\/HEV - Chiptuningmarket","og_description":"Autel EVDiag Box - Pojazdy EV\/PHEV\/HEV -wraz z kompletem niezb\u0119dnych przewod\u00f3w umo\u017cliwia rozszerzenie funkcjonalno\u015bci testera AUTEL o zaawansowan\u0105...","og_url":"https:\/\/chiptuningmarket.com\/pl\/shop\/urzadzenia-diagnostyczne-pl-pl\/osobowe-urzadzenia-diagnostyczne-pl\/urzadzenia-diagnostyczne-autel\/autel-evdiag-box-pojazdy-ev-phev-hev\/","og_site_name":"Chiptuningmarket","article_modified_time":"2026-02-24T14:04:37+00:00","og_image":[{"width":1920,"height":1080,"url":"https:\/\/chiptuningmarket.com\/wp-content\/uploads\/2026\/02\/EV_diagnostic_kit.png","type":"image\/png"}],"twitter_card":"summary_large_image","twitter_misc":{"Szacowany czas czytania":"3 minuty"},"schema":{"@context":"https:\/\/schema.org","@graph":[{"@type":"WebPage","@id":"https:\/\/chiptuningmarket.com\/pl\/shop\/urzadzenia-diagnostyczne-pl-pl\/osobowe-urzadzenia-diagnostyczne-pl\/urzadzenia-diagnostyczne-autel\/autel-evdiag-box-pojazdy-ev-phev-hev\/","url":"https:\/\/chiptuningmarket.com\/pl\/shop\/urzadzenia-diagnostyczne-pl-pl\/osobowe-urzadzenia-diagnostyczne-pl\/urzadzenia-diagnostyczne-autel\/autel-evdiag-box-pojazdy-ev-phev-hev\/","name":"Autel EVDiag Box - Pojazdy EV\/PHEV\/HEV - Chiptuningmarket","isPartOf":{"@id":"https:\/\/chiptuningmarket.com\/ru\/#website"},"primaryImageOfPage":{"@id":"https:\/\/chiptuningmarket.com\/pl\/shop\/urzadzenia-diagnostyczne-pl-pl\/osobowe-urzadzenia-diagnostyczne-pl\/urzadzenia-diagnostyczne-autel\/autel-evdiag-box-pojazdy-ev-phev-hev\/#primaryimage"},"image":{"@id":"https:\/\/chiptuningmarket.com\/pl\/shop\/urzadzenia-diagnostyczne-pl-pl\/osobowe-urzadzenia-diagnostyczne-pl\/urzadzenia-diagnostyczne-autel\/autel-evdiag-box-pojazdy-ev-phev-hev\/#primaryimage"},"thumbnailUrl":"https:\/\/chiptuningmarket.com\/wp-content\/uploads\/2026\/02\/EV_diagnostic_kit.png","datePublished":"2026-02-24T14:04:26+00:00","dateModified":"2026-02-24T14:04:37+00:00","description":"Autel EVDiag Box - Pojazdy EV\/PHEV\/HEV -wraz z kompletem niezb\u0119dnych przewod\u00f3w umo\u017cliwia rozszerzenie funkcjonalno\u015bci testera AUTEL o zaawansowan\u0105...","breadcrumb":{"@id":"https:\/\/chiptuningmarket.com\/pl\/shop\/urzadzenia-diagnostyczne-pl-pl\/osobowe-urzadzenia-diagnostyczne-pl\/urzadzenia-diagnostyczne-autel\/autel-evdiag-box-pojazdy-ev-phev-hev\/#breadcrumb"},"inLanguage":"pl-PL","potentialAction":[{"@type":"ReadAction","target":["https:\/\/chiptuningmarket.com\/pl\/shop\/urzadzenia-diagnostyczne-pl-pl\/osobowe-urzadzenia-diagnostyczne-pl\/urzadzenia-diagnostyczne-autel\/autel-evdiag-box-pojazdy-ev-phev-hev\/"]}]},{"@type":"ImageObject","inLanguage":"pl-PL","@id":"https:\/\/chiptuningmarket.com\/pl\/shop\/urzadzenia-diagnostyczne-pl-pl\/osobowe-urzadzenia-diagnostyczne-pl\/urzadzenia-diagnostyczne-autel\/autel-evdiag-box-pojazdy-ev-phev-hev\/#primaryimage","url":"https:\/\/chiptuningmarket.com\/wp-content\/uploads\/2026\/02\/EV_diagnostic_kit.png","contentUrl":"https:\/\/chiptuningmarket.com\/wp-content\/uploads\/2026\/02\/EV_diagnostic_kit.png","width":1920,"height":1080,"caption":"Autel EVDiag Box - Pojazdy EV\/PHEV\/HEV"},{"@type":"BreadcrumbList","@id":"https:\/\/chiptuningmarket.com\/pl\/shop\/urzadzenia-diagnostyczne-pl-pl\/osobowe-urzadzenia-diagnostyczne-pl\/urzadzenia-diagnostyczne-autel\/autel-evdiag-box-pojazdy-ev-phev-hev\/#breadcrumb","itemListElement":[{"@type":"ListItem","position":1,"name":"Home","item":"https:\/\/chiptuningmarket.com\/pl\/"},{"@type":"ListItem","position":2,"name":"Sklep","item":"https:\/\/chiptuningmarket.com\/pl\/shop\/"},{"@type":"ListItem","position":3,"name":"Autel EVDiag Box &#8211; Pojazdy EV\/PHEV\/HEV"}]},{"@type":"WebSite","@id":"https:\/\/chiptuningmarket.com\/ru\/#website","url":"https:\/\/chiptuningmarket.com\/ru\/","name":"Chiptuningmarket","description":"Biggest chiptuning shop in Europe","publisher":{"@id":"https:\/\/chiptuningmarket.com\/ru\/#organization"},"alternateName":"Worldwide ecu tools supplier","potentialAction":[{"@type":"SearchAction","target":{"@type":"EntryPoint","urlTemplate":"https:\/\/chiptuningmarket.com\/ru\/?s={search_term_string}"},"query-input":{"@type":"PropertyValueSpecification","valueRequired":true,"valueName":"search_term_string"}}],"inLanguage":"pl-PL"},{"@type":"Organization","@id":"https:\/\/chiptuningmarket.com\/ru\/#organization","name":"Chiptuningmarket","alternateName":"Chiptuning tools supplier","url":"https:\/\/chiptuningmarket.com\/ru\/","logo":{"@type":"ImageObject","inLanguage":"pl-PL","@id":"https:\/\/chiptuningmarket.com\/ru\/#\/schema\/logo\/image\/","url":"https:\/\/chiptuningmarket.com\/wp-content\/uploads\/2023\/05\/logo-ChipTuningMarket-social.png","contentUrl":"https:\/\/chiptuningmarket.com\/wp-content\/uploads\/2023\/05\/logo-ChipTuningMarket-social.png","width":512,"height":512,"caption":"Chiptuningmarket"},"image":{"@id":"https:\/\/chiptuningmarket.com\/ru\/#\/schema\/logo\/image\/"}}]}},"_links":{"self":[{"href":"https:\/\/chiptuningmarket.com\/pl\/wp-json\/wp\/v2\/product\/410203","targetHints":{"allow":["GET"]}}],"collection":[{"href":"https:\/\/chiptuningmarket.com\/pl\/wp-json\/wp\/v2\/product"}],"about":[{"href":"https:\/\/chiptuningmarket.com\/pl\/wp-json\/wp\/v2\/types\/product"}],"wp:featuredmedia":[{"embeddable":true,"href":"https:\/\/chiptuningmarket.com\/pl\/wp-json\/wp\/v2\/media\/410229"}],"wp:attachment":[{"href":"https:\/\/chiptuningmarket.com\/pl\/wp-json\/wp\/v2\/media?parent=410203"}],"wp:term":[{"taxonomy":"product_brand","embeddable":true,"href":"https:\/\/chiptuningmarket.com\/pl\/wp-json\/wp\/v2\/product_brand?post=410203"},{"taxonomy":"product_cat","embeddable":true,"href":"https:\/\/chiptuningmarket.com\/pl\/wp-json\/wp\/v2\/product_cat?post=410203"},{"taxonomy":"product_tag","embeddable":true,"href":"https:\/\/chiptuningmarket.com\/pl\/wp-json\/wp\/v2\/product_tag?post=410203"}],"curies":[{"name":"wp","href":"https:\/\/api.w.org\/{rel}","templated":true}]}}