{"id":412535,"date":"2026-02-26T11:03:32","date_gmt":"2026-02-26T10:03:32","guid":{"rendered":"https:\/\/chiptuningmarket.com\/?post_type=product&#038;p=412535"},"modified":"2026-02-26T11:07:29","modified_gmt":"2026-02-26T10:07:29","slug":"launch-ev-diagnosis-add-on-kit","status":"publish","type":"product","link":"https:\/\/chiptuningmarket.com\/pl\/shop\/urzadzenia-diagnostyczne-pl-pl\/osobowe-urzadzenia-diagnostyczne-pl\/ev-hybrydy\/launch-ev-diagnosis-add-on-kit\/","title":{"rendered":"LAUNCH EV Diagnosis Add &#8211; On Kit"},"content":{"rendered":"<h2 style=\"text-align: center\">LAUNCH EV Diagnosis Add &#8211; On Kit<\/h2>\n<h3>Dodatkowy zestaw diagnostyczny do pojazd\u00f3w EV<\/h3>\n<p>W zestawie znajduje si\u0119 25 przewod\u00f3w\/adapter\u00f3w do pod\u0142\u0105czenia do akumulatora wysokiego napi\u0119cia oraz przewody rozruchowe, kt\u00f3re umo\u017cliwiaj\u0105 obs\u0142ug\u0119 ponad 95% pojazd\u00f3w.<\/p>\n<div class=\"elementor-element elementor-element-607b28b elementor-hidden-mobile elementor-widget elementor-widget-spacer\" data-id=\"607b28b\" data-element_type=\"widget\" data-e-type=\"widget\" data-widget_type=\"spacer.default\">\n<div class=\"elementor-widget-container\">\n<h3 class=\"elementor-spacer\">G\u0142\u00f3wne cechy zestawu:<\/h3>\n<p data-start=\"0\" data-end=\"32\"><strong>Metody diagnostyki akumulatora:<\/strong><\/p>\n<p data-start=\"34\" data-end=\"169\">Obs\u0142uguje r\u00f3\u017cne metody diagnostyki akumulatora: za pomoc\u0105 przewod\u00f3w adapterowych, przez port OBD oraz przy u\u017cyciu przewod\u00f3w rozruchowych.<\/p>\n<p data-start=\"171\" data-end=\"202\"><strong>Transmisja danych akumulatora:<\/strong><\/p>\n<p data-start=\"204\" data-end=\"327\">Dane akumulatora przesy\u0142ane w czasie rzeczywistym pozwalaj\u0105 szybko zlokalizowa\u0107 problemy i zwi\u0119kszy\u0107 efektywno\u015b\u0107 naprawy.<\/p>\n<p data-start=\"329\" data-end=\"365\"><strong>Informacje o pakiecie akumulator\u00f3w:<\/strong><\/p>\n<p data-start=\"367\" data-end=\"541\">Umo\u017cliwia szybki odczyt informacji o pakiecie akumulator\u00f3w, takich jak: liczba modu\u0142\u00f3w, SOC, SOH, temperatura, napi\u0119cie poszczeg\u00f3lnych ogniw oraz temperatura ka\u017cdego modu\u0142u.<\/p>\n<p data-start=\"543\" data-end=\"565\"><strong>Raport diagnostyczny:<\/strong><\/p>\n<p data-start=\"567\" data-end=\"646\" data-is-last-node=\"\" data-is-only-node=\"\">Raport diagnostyczny pakietu akumulator\u00f3w mo\u017cna wydrukowa\u0107 lub wys\u0142a\u0107 e-mailem.<\/p>\n<p data-start=\"567\" data-end=\"646\" data-is-last-node=\"\" data-is-only-node=\"\"><a href=\"https:\/\/chiptuningmarket.com\/wp-content\/uploads\/2026\/02\/EV-Launch-EU.png\"><img decoding=\"async\" class=\"aligncenter wp-image-412548\" src=\"https:\/\/chiptuningmarket.com\/wp-content\/uploads\/2026\/02\/EV-Launch-EU.png\" alt=\"\" width=\"800\" height=\"800\" srcset=\"https:\/\/chiptuningmarket.com\/wp-content\/uploads\/2026\/02\/EV-Launch-EU.png 580w, https:\/\/chiptuningmarket.com\/wp-content\/uploads\/2026\/02\/EV-Launch-EU-300x300.png 300w, https:\/\/chiptuningmarket.com\/wp-content\/uploads\/2026\/02\/EV-Launch-EU-150x150.png 150w, https:\/\/chiptuningmarket.com\/wp-content\/uploads\/2026\/02\/EV-Launch-EU-100x100.png 100w\" sizes=\"(max-width: 800px) 100vw, 800px\" \/><\/a><\/p>\n<\/div>\n<p data-start=\"567\" data-end=\"646\" data-is-last-node=\"\" data-is-only-node=\"\"><strong>Kompatybilny z testerami:<\/strong> X-431 Euro, X-431 Tab III, X-431 Euro Link<\/p>\n<h3 data-start=\"199\" data-end=\"237\"><strong data-start=\"199\" data-end=\"235\">Obs\u0142ugiwane pakiety akumulator\u00f3w:<\/strong><\/h3>\n<p data-start=\"239\" data-end=\"312\">CATL, GUOXUAN, CALB, AISHUN, E-POW, BYD, SVOLT, RN TECH, COLIGHT Itd.<\/p>\n<div class=\"flex flex-col text-sm pb-25\">\n<article class=\"text-token-text-primary w-full focus:outline-none [--shadow-height:45px] has-data-writing-block:pointer-events-none has-data-writing-block:-mt-(--shadow-height) has-data-writing-block:pt-(--shadow-height) [&amp;:has([data-writing-block])&gt;*]:pointer-events-auto scroll-mt-[calc(var(--header-height)+min(200px,max(70px,20svh)))]\" dir=\"auto\" data-turn-id=\"request-WEB:80f7c378-2d11-4789-88b4-97052857c59b-13\" data-testid=\"conversation-turn-28\" data-scroll-anchor=\"true\" data-turn=\"assistant\">\n<div class=\"text-base my-auto mx-auto pb-10 [--thread-content-margin:--spacing(4)] @w-sm\/main:[--thread-content-margin:--spacing(6)] @w-lg\/main:[--thread-content-margin:--spacing(16)] px-(--thread-content-margin)\">\n<div class=\"[--thread-content-max-width:40rem] @w-lg\/main:[--thread-content-max-width:48rem] mx-auto max-w-(--thread-content-max-width) flex-1 group\/turn-messages focus-visible:outline-hidden relative flex w-full min-w-0 flex-col agent-turn\">\n<div class=\"flex max-w-full flex-col grow\">\n<div class=\"min-h-8 text-message relative flex w-full flex-col items-end gap-2 text-start break-words whitespace-normal [.text-message+&amp;]:mt-1\" dir=\"auto\" data-message-author-role=\"assistant\" data-message-id=\"c9eddb48-af29-495f-91fb-aa543c55efbd\" data-message-model-slug=\"gpt-5-mini\">\n<div class=\"flex w-full flex-col gap-1 empty:hidden first:pt-[1px]\">\n<div class=\"markdown prose dark:prose-invert w-full wrap-break-word light markdown-new-styling\">\n<h3 data-start=\"0\" data-end=\"31\">Pokrycie pojazd\u00f3w elektrycznych:<\/h3>\n<p>VW, BMW, BYD, CHERY NEW ENERGY, MERCEDES, NIO, LEAP MOTORS, AUDI, BAIC NEW ENERGY, SEAT, SKODA, GM, FORD, FCA, NEZHA NEW ENERGY, ROEWE NEW ENERGY, LIXIANG, XIAOPENG MOTORS, TESLA itd.<\/p>\n<h3 class=\"pointer-events-none h-px w-px absolute bottom-0\" aria-hidden=\"true\" data-edge=\"true\"><strong>W sk\u0142ad zestawu wchodzi:\u00a0<\/strong><\/h3>\n<\/div>\n<\/div>\n<\/div>\n<\/div>\n<\/div>\n<\/div>\n<\/article>\n<\/div>\n<div class=\"pointer-events-none h-px w-px absolute bottom-0\" aria-hidden=\"true\" data-edge=\"true\"><\/div>\n<\/div>\n<p><a href=\"https:\/\/chiptuningmarket.com\/wp-content\/uploads\/2026\/02\/LAUNCH-EV-Diagnosis-Add-On-Kit-EAN-GTIN-6927135002638.jpeg\"><img decoding=\"async\" class=\"size-full wp-image-412557 aligncenter\" src=\"https:\/\/chiptuningmarket.com\/wp-content\/uploads\/2026\/02\/LAUNCH-EV-Diagnosis-Add-On-Kit-EAN-GTIN-6927135002638.jpeg\" alt=\"\" width=\"784\" height=\"691\" srcset=\"https:\/\/chiptuningmarket.com\/wp-content\/uploads\/2026\/02\/LAUNCH-EV-Diagnosis-Add-On-Kit-EAN-GTIN-6927135002638.jpeg 784w, https:\/\/chiptuningmarket.com\/wp-content\/uploads\/2026\/02\/LAUNCH-EV-Diagnosis-Add-On-Kit-EAN-GTIN-6927135002638-300x264.jpeg 300w, https:\/\/chiptuningmarket.com\/wp-content\/uploads\/2026\/02\/LAUNCH-EV-Diagnosis-Add-On-Kit-EAN-GTIN-6927135002638-768x677.jpeg 768w, https:\/\/chiptuningmarket.com\/wp-content\/uploads\/2026\/02\/LAUNCH-EV-Diagnosis-Add-On-Kit-EAN-GTIN-6927135002638-600x529.jpeg 600w\" sizes=\"(max-width: 784px) 100vw, 784px\" \/><\/a><\/p>\n<p><strong>W ofercie r\u00f3wnie\u017c:<br \/>\n<a href=\"https:\/\/chiptuningmarket.com\/pl\/shop\/urzadzenia-diagnostyczne-pl-pl\/osobowe-urzadzenia-diagnostyczne-pl\/launch-eu\/launch-x-431-euro\/\"><span style=\"color: #0000ff\">Launch X-431 Euro<\/span><\/a><br \/>\n<span style=\"color: #0000ff\"><a style=\"color: #0000ff\" href=\"https:\/\/chiptuningmarket.com\/pl\/shop\/urzadzenia-diagnostyczne-pl-pl\/osobowe-urzadzenia-diagnostyczne-pl\/launch-eu\/launch-x-431-euro-tab-iii\/\">Launch X-431 Tab III<\/a><\/span><\/strong><\/p>\n<div class=\"elementor-element elementor-element-607b28b elementor-hidden-mobile elementor-widget elementor-widget-spacer\" data-id=\"607b28b\" data-element_type=\"widget\" data-e-type=\"widget\" data-widget_type=\"spacer.default\">\n<div class=\"pointer-events-none h-px w-px absolute bottom-0\" aria-hidden=\"true\" data-edge=\"true\"><\/div>\n<\/div>\n","protected":false},"excerpt":{"rendered":"<p><strong data-start=\"57\" data-end=\"106\">LAUNCH EV &#8211; Dodatkowy zestaw diagnostyczny do pojazd\u00f3w EV<\/strong><br data-start=\"106\" data-end=\"109\" \/>Zestaw zawiera 25 przewod\u00f3w i adapter\u00f3w do pod\u0142\u0105czenia do akumulatora wysokiego napi\u0119cia oraz przewody rozruchowe, umo\u017cliwiaj\u0105ce obs\u0142ug\u0119 ponad 95% pojazd\u00f3w. Umo\u017cliwia r\u00f3\u017cne metody diagnostyki, szybki odczyt danych akumulatora i pakietu, transmisj\u0119 danych w czasie rzeczywistym oraz generowanie raport\u00f3w diagnostycznych do wydruku lub wysy\u0142ki e-mailem.<\/p>\n","protected":false},"featured_media":412551,"template":"","meta":{"_monsterinsights_skip_tracking":false,"_monsterinsights_sitenote_active":false,"_monsterinsights_sitenote_note":"","_monsterinsights_sitenote_category":0},"product_brand":[],"product_cat":[7858,8892,5072,5259,5059],"product_tag":[9221,7856,9222,8942,9223,9224,7852],"class_list":{"0":"post-412535","1":"product","2":"type-product","3":"status-publish","4":"has-post-thumbnail","6":"product_cat-ev-hybrydy","7":"product_cat-launch-eu","8":"product_cat-nowosci-pl","9":"product_cat-osobowe-urzadzenia-diagnostyczne-pl","10":"product_cat-urzadzenia-diagnostyczne-pl-pl","11":"product_tag-diagnostyka-ev","12":"product_tag-ev","13":"product_tag-launch-add-on","14":"product_tag-launch-europe","15":"product_tag-launch-ev","16":"product_tag-launch-ev-diagnosis-add-on","17":"product_tag-pojazdy-elektryczne","19":"first","20":"instock","21":"taxable","22":"shipping-taxable","23":"purchasable","24":"product-type-simple"},"yoast_head":"<!-- This site is optimized with the Yoast SEO plugin v25.2 - https:\/\/yoast.com\/wordpress\/plugins\/seo\/ -->\n<title>LAUNCH EV Diagnosis Add - On Kit - Chiptuningmarket<\/title>\n<meta name=\"description\" content=\"LAUNCH EV Diagnosis Add - On Kit - Zestaw zawiera 25 przewod\u00f3w i adapter\u00f3w do pod\u0142\u0105czenia do akumulatora wysokiego napi\u0119cia oraz przewody rozruchowe\" \/>\n<meta name=\"robots\" content=\"index, follow, max-snippet:-1, max-image-preview:large, max-video-preview:-1\" \/>\n<link rel=\"canonical\" href=\"https:\/\/chiptuningmarket.com\/pl\/shop\/urzadzenia-diagnostyczne-pl-pl\/osobowe-urzadzenia-diagnostyczne-pl\/ev-hybrydy\/launch-ev-diagnosis-add-on-kit\/\" \/>\n<meta property=\"og:locale\" content=\"pl_PL\" \/>\n<meta property=\"og:type\" content=\"article\" \/>\n<meta property=\"og:title\" content=\"LAUNCH EV Diagnosis Add - On Kit - Chiptuningmarket\" \/>\n<meta property=\"og:description\" content=\"LAUNCH EV Diagnosis Add - On Kit - Zestaw zawiera 25 przewod\u00f3w i adapter\u00f3w do pod\u0142\u0105czenia do akumulatora wysokiego napi\u0119cia oraz przewody rozruchowe\" \/>\n<meta property=\"og:url\" content=\"https:\/\/chiptuningmarket.com\/pl\/shop\/urzadzenia-diagnostyczne-pl-pl\/osobowe-urzadzenia-diagnostyczne-pl\/ev-hybrydy\/launch-ev-diagnosis-add-on-kit\/\" \/>\n<meta property=\"og:site_name\" content=\"Chiptuningmarket\" \/>\n<meta property=\"article:modified_time\" content=\"2026-02-26T10:07:29+00:00\" \/>\n<meta property=\"og:image\" content=\"https:\/\/chiptuningmarket.com\/wp-content\/uploads\/2026\/02\/LAUNCH-Europe-EV-Addon-Kit-Transport-1.webp\" \/>\n\t<meta property=\"og:image:width\" content=\"748\" \/>\n\t<meta property=\"og:image:height\" content=\"695\" \/>\n\t<meta property=\"og:image:type\" content=\"image\/webp\" \/>\n<meta name=\"twitter:card\" content=\"summary_large_image\" \/>\n<meta name=\"twitter:label1\" content=\"Szacowany czas czytania\" \/>\n\t<meta name=\"twitter:data1\" content=\"2 minuty\" \/>\n<script type=\"application\/ld+json\" class=\"yoast-schema-graph\">{\"@context\":\"https:\/\/schema.org\",\"@graph\":[{\"@type\":\"WebPage\",\"@id\":\"https:\/\/chiptuningmarket.com\/pl\/shop\/urzadzenia-diagnostyczne-pl-pl\/osobowe-urzadzenia-diagnostyczne-pl\/ev-hybrydy\/launch-ev-diagnosis-add-on-kit\/\",\"url\":\"https:\/\/chiptuningmarket.com\/pl\/shop\/urzadzenia-diagnostyczne-pl-pl\/osobowe-urzadzenia-diagnostyczne-pl\/ev-hybrydy\/launch-ev-diagnosis-add-on-kit\/\",\"name\":\"LAUNCH EV Diagnosis Add - On Kit - Chiptuningmarket\",\"isPartOf\":{\"@id\":\"https:\/\/chiptuningmarket.com\/ru\/#website\"},\"primaryImageOfPage\":{\"@id\":\"https:\/\/chiptuningmarket.com\/pl\/shop\/urzadzenia-diagnostyczne-pl-pl\/osobowe-urzadzenia-diagnostyczne-pl\/ev-hybrydy\/launch-ev-diagnosis-add-on-kit\/#primaryimage\"},\"image\":{\"@id\":\"https:\/\/chiptuningmarket.com\/pl\/shop\/urzadzenia-diagnostyczne-pl-pl\/osobowe-urzadzenia-diagnostyczne-pl\/ev-hybrydy\/launch-ev-diagnosis-add-on-kit\/#primaryimage\"},\"thumbnailUrl\":\"https:\/\/chiptuningmarket.com\/wp-content\/uploads\/2026\/02\/LAUNCH-Europe-EV-Addon-Kit-Transport-1.webp\",\"datePublished\":\"2026-02-26T10:03:32+00:00\",\"dateModified\":\"2026-02-26T10:07:29+00:00\",\"description\":\"LAUNCH EV Diagnosis Add - On Kit - Zestaw zawiera 25 przewod\u00f3w i adapter\u00f3w do pod\u0142\u0105czenia do akumulatora wysokiego napi\u0119cia oraz przewody rozruchowe\",\"breadcrumb\":{\"@id\":\"https:\/\/chiptuningmarket.com\/pl\/shop\/urzadzenia-diagnostyczne-pl-pl\/osobowe-urzadzenia-diagnostyczne-pl\/ev-hybrydy\/launch-ev-diagnosis-add-on-kit\/#breadcrumb\"},\"inLanguage\":\"pl-PL\",\"potentialAction\":[{\"@type\":\"ReadAction\",\"target\":[\"https:\/\/chiptuningmarket.com\/pl\/shop\/urzadzenia-diagnostyczne-pl-pl\/osobowe-urzadzenia-diagnostyczne-pl\/ev-hybrydy\/launch-ev-diagnosis-add-on-kit\/\"]}]},{\"@type\":\"ImageObject\",\"inLanguage\":\"pl-PL\",\"@id\":\"https:\/\/chiptuningmarket.com\/pl\/shop\/urzadzenia-diagnostyczne-pl-pl\/osobowe-urzadzenia-diagnostyczne-pl\/ev-hybrydy\/launch-ev-diagnosis-add-on-kit\/#primaryimage\",\"url\":\"https:\/\/chiptuningmarket.com\/wp-content\/uploads\/2026\/02\/LAUNCH-Europe-EV-Addon-Kit-Transport-1.webp\",\"contentUrl\":\"https:\/\/chiptuningmarket.com\/wp-content\/uploads\/2026\/02\/LAUNCH-Europe-EV-Addon-Kit-Transport-1.webp\",\"width\":748,\"height\":695,\"caption\":\"LAUNCH EV Diagnosis Add - On Kit\"},{\"@type\":\"BreadcrumbList\",\"@id\":\"https:\/\/chiptuningmarket.com\/pl\/shop\/urzadzenia-diagnostyczne-pl-pl\/osobowe-urzadzenia-diagnostyczne-pl\/ev-hybrydy\/launch-ev-diagnosis-add-on-kit\/#breadcrumb\",\"itemListElement\":[{\"@type\":\"ListItem\",\"position\":1,\"name\":\"Home\",\"item\":\"https:\/\/chiptuningmarket.com\/pl\/\"},{\"@type\":\"ListItem\",\"position\":2,\"name\":\"Sklep\",\"item\":\"https:\/\/chiptuningmarket.com\/pl\/shop\/\"},{\"@type\":\"ListItem\",\"position\":3,\"name\":\"LAUNCH EV Diagnosis Add &#8211; On Kit\"}]},{\"@type\":\"WebSite\",\"@id\":\"https:\/\/chiptuningmarket.com\/ru\/#website\",\"url\":\"https:\/\/chiptuningmarket.com\/ru\/\",\"name\":\"Chiptuningmarket\",\"description\":\"Biggest chiptuning shop in Europe\",\"publisher\":{\"@id\":\"https:\/\/chiptuningmarket.com\/ru\/#organization\"},\"alternateName\":\"Worldwide ecu tools supplier\",\"potentialAction\":[{\"@type\":\"SearchAction\",\"target\":{\"@type\":\"EntryPoint\",\"urlTemplate\":\"https:\/\/chiptuningmarket.com\/ru\/?s={search_term_string}\"},\"query-input\":{\"@type\":\"PropertyValueSpecification\",\"valueRequired\":true,\"valueName\":\"search_term_string\"}}],\"inLanguage\":\"pl-PL\"},{\"@type\":\"Organization\",\"@id\":\"https:\/\/chiptuningmarket.com\/ru\/#organization\",\"name\":\"Chiptuningmarket\",\"alternateName\":\"Chiptuning tools supplier\",\"url\":\"https:\/\/chiptuningmarket.com\/ru\/\",\"logo\":{\"@type\":\"ImageObject\",\"inLanguage\":\"pl-PL\",\"@id\":\"https:\/\/chiptuningmarket.com\/ru\/#\/schema\/logo\/image\/\",\"url\":\"https:\/\/chiptuningmarket.com\/wp-content\/uploads\/2023\/05\/logo-ChipTuningMarket-social.png\",\"contentUrl\":\"https:\/\/chiptuningmarket.com\/wp-content\/uploads\/2023\/05\/logo-ChipTuningMarket-social.png\",\"width\":512,\"height\":512,\"caption\":\"Chiptuningmarket\"},\"image\":{\"@id\":\"https:\/\/chiptuningmarket.com\/ru\/#\/schema\/logo\/image\/\"}}]}<\/script>\n<!-- \/ Yoast SEO plugin. -->","yoast_head_json":{"title":"LAUNCH EV Diagnosis Add - On Kit - Chiptuningmarket","description":"LAUNCH EV Diagnosis Add - On Kit - Zestaw zawiera 25 przewod\u00f3w i adapter\u00f3w do pod\u0142\u0105czenia do akumulatora wysokiego napi\u0119cia oraz przewody rozruchowe","robots":{"index":"index","follow":"follow","max-snippet":"max-snippet:-1","max-image-preview":"max-image-preview:large","max-video-preview":"max-video-preview:-1"},"canonical":"https:\/\/chiptuningmarket.com\/pl\/shop\/urzadzenia-diagnostyczne-pl-pl\/osobowe-urzadzenia-diagnostyczne-pl\/ev-hybrydy\/launch-ev-diagnosis-add-on-kit\/","og_locale":"pl_PL","og_type":"article","og_title":"LAUNCH EV Diagnosis Add - On Kit - Chiptuningmarket","og_description":"LAUNCH EV Diagnosis Add - On Kit - Zestaw zawiera 25 przewod\u00f3w i adapter\u00f3w do pod\u0142\u0105czenia do akumulatora wysokiego napi\u0119cia oraz przewody rozruchowe","og_url":"https:\/\/chiptuningmarket.com\/pl\/shop\/urzadzenia-diagnostyczne-pl-pl\/osobowe-urzadzenia-diagnostyczne-pl\/ev-hybrydy\/launch-ev-diagnosis-add-on-kit\/","og_site_name":"Chiptuningmarket","article_modified_time":"2026-02-26T10:07:29+00:00","og_image":[{"width":748,"height":695,"url":"https:\/\/chiptuningmarket.com\/wp-content\/uploads\/2026\/02\/LAUNCH-Europe-EV-Addon-Kit-Transport-1.webp","type":"image\/webp"}],"twitter_card":"summary_large_image","twitter_misc":{"Szacowany czas czytania":"2 minuty"},"schema":{"@context":"https:\/\/schema.org","@graph":[{"@type":"WebPage","@id":"https:\/\/chiptuningmarket.com\/pl\/shop\/urzadzenia-diagnostyczne-pl-pl\/osobowe-urzadzenia-diagnostyczne-pl\/ev-hybrydy\/launch-ev-diagnosis-add-on-kit\/","url":"https:\/\/chiptuningmarket.com\/pl\/shop\/urzadzenia-diagnostyczne-pl-pl\/osobowe-urzadzenia-diagnostyczne-pl\/ev-hybrydy\/launch-ev-diagnosis-add-on-kit\/","name":"LAUNCH EV Diagnosis Add - On Kit - Chiptuningmarket","isPartOf":{"@id":"https:\/\/chiptuningmarket.com\/ru\/#website"},"primaryImageOfPage":{"@id":"https:\/\/chiptuningmarket.com\/pl\/shop\/urzadzenia-diagnostyczne-pl-pl\/osobowe-urzadzenia-diagnostyczne-pl\/ev-hybrydy\/launch-ev-diagnosis-add-on-kit\/#primaryimage"},"image":{"@id":"https:\/\/chiptuningmarket.com\/pl\/shop\/urzadzenia-diagnostyczne-pl-pl\/osobowe-urzadzenia-diagnostyczne-pl\/ev-hybrydy\/launch-ev-diagnosis-add-on-kit\/#primaryimage"},"thumbnailUrl":"https:\/\/chiptuningmarket.com\/wp-content\/uploads\/2026\/02\/LAUNCH-Europe-EV-Addon-Kit-Transport-1.webp","datePublished":"2026-02-26T10:03:32+00:00","dateModified":"2026-02-26T10:07:29+00:00","description":"LAUNCH EV Diagnosis Add - On Kit - Zestaw zawiera 25 przewod\u00f3w i adapter\u00f3w do pod\u0142\u0105czenia do akumulatora wysokiego napi\u0119cia oraz przewody rozruchowe","breadcrumb":{"@id":"https:\/\/chiptuningmarket.com\/pl\/shop\/urzadzenia-diagnostyczne-pl-pl\/osobowe-urzadzenia-diagnostyczne-pl\/ev-hybrydy\/launch-ev-diagnosis-add-on-kit\/#breadcrumb"},"inLanguage":"pl-PL","potentialAction":[{"@type":"ReadAction","target":["https:\/\/chiptuningmarket.com\/pl\/shop\/urzadzenia-diagnostyczne-pl-pl\/osobowe-urzadzenia-diagnostyczne-pl\/ev-hybrydy\/launch-ev-diagnosis-add-on-kit\/"]}]},{"@type":"ImageObject","inLanguage":"pl-PL","@id":"https:\/\/chiptuningmarket.com\/pl\/shop\/urzadzenia-diagnostyczne-pl-pl\/osobowe-urzadzenia-diagnostyczne-pl\/ev-hybrydy\/launch-ev-diagnosis-add-on-kit\/#primaryimage","url":"https:\/\/chiptuningmarket.com\/wp-content\/uploads\/2026\/02\/LAUNCH-Europe-EV-Addon-Kit-Transport-1.webp","contentUrl":"https:\/\/chiptuningmarket.com\/wp-content\/uploads\/2026\/02\/LAUNCH-Europe-EV-Addon-Kit-Transport-1.webp","width":748,"height":695,"caption":"LAUNCH EV Diagnosis Add - On Kit"},{"@type":"BreadcrumbList","@id":"https:\/\/chiptuningmarket.com\/pl\/shop\/urzadzenia-diagnostyczne-pl-pl\/osobowe-urzadzenia-diagnostyczne-pl\/ev-hybrydy\/launch-ev-diagnosis-add-on-kit\/#breadcrumb","itemListElement":[{"@type":"ListItem","position":1,"name":"Home","item":"https:\/\/chiptuningmarket.com\/pl\/"},{"@type":"ListItem","position":2,"name":"Sklep","item":"https:\/\/chiptuningmarket.com\/pl\/shop\/"},{"@type":"ListItem","position":3,"name":"LAUNCH EV Diagnosis Add &#8211; On Kit"}]},{"@type":"WebSite","@id":"https:\/\/chiptuningmarket.com\/ru\/#website","url":"https:\/\/chiptuningmarket.com\/ru\/","name":"Chiptuningmarket","description":"Biggest chiptuning shop in Europe","publisher":{"@id":"https:\/\/chiptuningmarket.com\/ru\/#organization"},"alternateName":"Worldwide ecu tools supplier","potentialAction":[{"@type":"SearchAction","target":{"@type":"EntryPoint","urlTemplate":"https:\/\/chiptuningmarket.com\/ru\/?s={search_term_string}"},"query-input":{"@type":"PropertyValueSpecification","valueRequired":true,"valueName":"search_term_string"}}],"inLanguage":"pl-PL"},{"@type":"Organization","@id":"https:\/\/chiptuningmarket.com\/ru\/#organization","name":"Chiptuningmarket","alternateName":"Chiptuning tools supplier","url":"https:\/\/chiptuningmarket.com\/ru\/","logo":{"@type":"ImageObject","inLanguage":"pl-PL","@id":"https:\/\/chiptuningmarket.com\/ru\/#\/schema\/logo\/image\/","url":"https:\/\/chiptuningmarket.com\/wp-content\/uploads\/2023\/05\/logo-ChipTuningMarket-social.png","contentUrl":"https:\/\/chiptuningmarket.com\/wp-content\/uploads\/2023\/05\/logo-ChipTuningMarket-social.png","width":512,"height":512,"caption":"Chiptuningmarket"},"image":{"@id":"https:\/\/chiptuningmarket.com\/ru\/#\/schema\/logo\/image\/"}}]}},"_links":{"self":[{"href":"https:\/\/chiptuningmarket.com\/pl\/wp-json\/wp\/v2\/product\/412535","targetHints":{"allow":["GET"]}}],"collection":[{"href":"https:\/\/chiptuningmarket.com\/pl\/wp-json\/wp\/v2\/product"}],"about":[{"href":"https:\/\/chiptuningmarket.com\/pl\/wp-json\/wp\/v2\/types\/product"}],"wp:featuredmedia":[{"embeddable":true,"href":"https:\/\/chiptuningmarket.com\/pl\/wp-json\/wp\/v2\/media\/412551"}],"wp:attachment":[{"href":"https:\/\/chiptuningmarket.com\/pl\/wp-json\/wp\/v2\/media?parent=412535"}],"wp:term":[{"taxonomy":"product_brand","embeddable":true,"href":"https:\/\/chiptuningmarket.com\/pl\/wp-json\/wp\/v2\/product_brand?post=412535"},{"taxonomy":"product_cat","embeddable":true,"href":"https:\/\/chiptuningmarket.com\/pl\/wp-json\/wp\/v2\/product_cat?post=412535"},{"taxonomy":"product_tag","embeddable":true,"href":"https:\/\/chiptuningmarket.com\/pl\/wp-json\/wp\/v2\/product_tag?post=412535"}],"curies":[{"name":"wp","href":"https:\/\/api.w.org\/{rel}","templated":true}]}}