{"id":418499,"date":"2026-03-02T12:02:33","date_gmt":"2026-03-02T11:02:33","guid":{"rendered":"https:\/\/chiptuningmarket.com\/?post_type=product&#038;p=418499"},"modified":"2026-03-02T12:02:35","modified_gmt":"2026-03-02T11:02:35","slug":"przewod-adapter-bench-flex-edc17c74-flx2-49","status":"publish","type":"product","link":"https:\/\/chiptuningmarket.com\/pl\/shop\/akcesoria-chiptuning-pl\/magicmotorsport-flex-pl\/przewody-bench-pl\/przewod-adapter-bench-flex-edc17c74-flx2-49\/","title":{"rendered":"Przew\u00f3d adapter Bench FLEX EDC17C74 &#8211; FLX2.49"},"content":{"rendered":"<h2 style=\"text-align: center\">Przew\u00f3d adapter Bench FLEX EDC17C74 &#8211; FLX2.49<\/h2>\n<p>Przew\u00f3d po\u0142\u0105czeniowy <strong>FLX2.49<\/strong> umo\u017cliwia pod\u0142\u0105czenie urz\u0105dzenia <strong>Flex<\/strong> do sterownika silnika <strong>EDC17C74.<\/strong> Parowanie odbywa si\u0119 za pomoc\u0105 jednostki Flexbox.<\/p>\n<p><strong>Kompatybilno\u015b\u0107 ECU:<\/strong><\/p>\n<ul>\n<li>EDC17C74<\/li>\n<\/ul>\n<p><strong>Marka i model:<\/strong><\/p>\n<ul>\n<li>Audi<\/li>\n<li>Skoda<\/li>\n<li>Volkswagen<\/li>\n<\/ul>\n<p data-start=\"0\" data-end=\"15\"><strong>G\u0142\u00f3wne cechy:<\/strong><\/p>\n<ul>\n<li data-start=\"18\" data-end=\"36\">Tryb Bench<\/li>\n<li data-start=\"39\" data-end=\"68\">Wy\u017csza pr\u0119dko\u015b\u0107 komunikacji<\/li>\n<li data-start=\"71\" data-end=\"94\">Bezpieczne po\u0142\u0105czenie<\/li>\n<li data-start=\"97\" data-end=\"119\">Minimalne ryzyko b\u0142\u0119du<\/li>\n<\/ul>\n<div><strong><strong>W naszej ofercie r\u00f3wnie\u017c:<br \/>\n<\/strong><span style=\"color: #0000ff\"><a style=\"color: #0000ff\" href=\"https:\/\/chiptuningmarket.com\/pl\/shop\/akcesoria-chiptuning-pl\/magicmotorsport-flex-pl\/przewody-bench-pl\/przewod-adapter-bench-flex-edc17c50-flx2-48\/\">Przew\u00f3d FLX2.48<\/a><\/span><\/strong><br \/>\n<span style=\"color: #0000ff\"><a style=\"color: #0000ff\" href=\"https:\/\/chiptuningmarket.com\/pl\/shop\/akcesoria-chiptuning-pl\/magicmotorsport-flex-pl\/przewody-bench-pl\/zestaw-przewodow-adapterow-bench-flex-ecu-edc17-flk11b\/\"><strong>Zestaw przewod\u00f3w Bench &#8211; FLK11B<\/strong><\/a><\/span><\/div>\n","protected":false},"excerpt":{"rendered":"<p>Przew\u00f3d po\u0142\u0105czeniowy <strong>FLX2.49<\/strong> umo\u017cliwia pod\u0142\u0105czenie urz\u0105dzenia <strong>Flex<\/strong> do sterownika silnika <strong>EDC17C74.<\/strong> Parowanie odbywa si\u0119 za pomoc\u0105 jednostki Flexbox.<\/p>\n","protected":false},"featured_media":418531,"template":"","meta":{"_monsterinsights_skip_tracking":false,"_monsterinsights_sitenote_active":false,"_monsterinsights_sitenote_note":"","_monsterinsights_sitenote_category":0},"product_brand":[],"product_cat":[5060,5129,5132],"product_tag":[6848,1535,2264,4515,7533,6053,9231],"class_list":{"0":"post-418499","1":"product","2":"type-product","3":"status-publish","4":"has-post-thumbnail","6":"product_cat-akcesoria-chiptuning-pl","7":"product_cat-magicmotorsport-flex-pl","8":"product_cat-przewody-bench-pl","9":"product_tag-edc17c74","10":"product_tag-flex-pl","11":"product_tag-flx2-49-pl","12":"product_tag-magicmotorsport-pl","13":"product_tag-mms-pl","14":"product_tag-przewod-bench-flex","15":"product_tag-przewod-flexbox","17":"first","18":"instock","19":"taxable","20":"shipping-taxable","21":"purchasable","22":"product-type-simple"},"yoast_head":"<!-- This site is optimized with the Yoast SEO plugin v25.2 - https:\/\/yoast.com\/wordpress\/plugins\/seo\/ -->\n<title>Przew\u00f3d adapter Bench FLEX EDC17C74 - FLX2.49 - Chiptuningmarket<\/title>\n<meta name=\"description\" content=\"Przew\u00f3d adapter Bench FLEX EDC17C74 - FLX2.49 - Przew\u00f3d po\u0142\u0105czeniowy FLX2.49 umo\u017cliwia pod\u0142\u0105czenie urz\u0105dzenia Flex do sterownika silnika EDC17C74.\" \/>\n<meta name=\"robots\" content=\"index, follow, max-snippet:-1, max-image-preview:large, max-video-preview:-1\" \/>\n<link rel=\"canonical\" href=\"https:\/\/chiptuningmarket.com\/pl\/shop\/akcesoria-chiptuning-pl\/magicmotorsport-flex-pl\/przewody-bench-pl\/przewod-adapter-bench-flex-edc17c74-flx2-49\/\" \/>\n<meta property=\"og:locale\" content=\"pl_PL\" \/>\n<meta property=\"og:type\" content=\"article\" \/>\n<meta property=\"og:title\" content=\"Przew\u00f3d adapter Bench FLEX EDC17C74 - FLX2.49 - Chiptuningmarket\" \/>\n<meta property=\"og:description\" content=\"Przew\u00f3d adapter Bench FLEX EDC17C74 - FLX2.49 - Przew\u00f3d po\u0142\u0105czeniowy FLX2.49 umo\u017cliwia pod\u0142\u0105czenie urz\u0105dzenia Flex do sterownika silnika EDC17C74.\" \/>\n<meta property=\"og:url\" content=\"https:\/\/chiptuningmarket.com\/pl\/shop\/akcesoria-chiptuning-pl\/magicmotorsport-flex-pl\/przewody-bench-pl\/przewod-adapter-bench-flex-edc17c74-flx2-49\/\" \/>\n<meta property=\"og:site_name\" content=\"Chiptuningmarket\" \/>\n<meta property=\"article:modified_time\" content=\"2026-03-02T11:02:35+00:00\" \/>\n<meta property=\"og:image\" content=\"https:\/\/chiptuningmarket.com\/wp-content\/uploads\/2026\/03\/FLX2.49-P_1.jpg\" \/>\n\t<meta property=\"og:image:width\" content=\"600\" \/>\n\t<meta property=\"og:image:height\" content=\"600\" \/>\n\t<meta property=\"og:image:type\" content=\"image\/jpeg\" \/>\n<meta name=\"twitter:card\" content=\"summary_large_image\" \/>\n<meta name=\"twitter:label1\" content=\"Szacowany czas czytania\" \/>\n\t<meta name=\"twitter:data1\" content=\"1 minuta\" \/>\n<script type=\"application\/ld+json\" class=\"yoast-schema-graph\">{\"@context\":\"https:\/\/schema.org\",\"@graph\":[{\"@type\":\"WebPage\",\"@id\":\"https:\/\/chiptuningmarket.com\/pl\/shop\/akcesoria-chiptuning-pl\/magicmotorsport-flex-pl\/przewody-bench-pl\/przewod-adapter-bench-flex-edc17c74-flx2-49\/\",\"url\":\"https:\/\/chiptuningmarket.com\/pl\/shop\/akcesoria-chiptuning-pl\/magicmotorsport-flex-pl\/przewody-bench-pl\/przewod-adapter-bench-flex-edc17c74-flx2-49\/\",\"name\":\"Przew\u00f3d adapter Bench FLEX EDC17C74 - FLX2.49 - Chiptuningmarket\",\"isPartOf\":{\"@id\":\"https:\/\/chiptuningmarket.com\/ru\/#website\"},\"primaryImageOfPage\":{\"@id\":\"https:\/\/chiptuningmarket.com\/pl\/shop\/akcesoria-chiptuning-pl\/magicmotorsport-flex-pl\/przewody-bench-pl\/przewod-adapter-bench-flex-edc17c74-flx2-49\/#primaryimage\"},\"image\":{\"@id\":\"https:\/\/chiptuningmarket.com\/pl\/shop\/akcesoria-chiptuning-pl\/magicmotorsport-flex-pl\/przewody-bench-pl\/przewod-adapter-bench-flex-edc17c74-flx2-49\/#primaryimage\"},\"thumbnailUrl\":\"https:\/\/chiptuningmarket.com\/wp-content\/uploads\/2026\/03\/FLX2.49-P_1.jpg\",\"datePublished\":\"2026-03-02T11:02:33+00:00\",\"dateModified\":\"2026-03-02T11:02:35+00:00\",\"description\":\"Przew\u00f3d adapter Bench FLEX EDC17C74 - FLX2.49 - Przew\u00f3d po\u0142\u0105czeniowy FLX2.49 umo\u017cliwia pod\u0142\u0105czenie urz\u0105dzenia Flex do sterownika silnika EDC17C74.\",\"breadcrumb\":{\"@id\":\"https:\/\/chiptuningmarket.com\/pl\/shop\/akcesoria-chiptuning-pl\/magicmotorsport-flex-pl\/przewody-bench-pl\/przewod-adapter-bench-flex-edc17c74-flx2-49\/#breadcrumb\"},\"inLanguage\":\"pl-PL\",\"potentialAction\":[{\"@type\":\"ReadAction\",\"target\":[\"https:\/\/chiptuningmarket.com\/pl\/shop\/akcesoria-chiptuning-pl\/magicmotorsport-flex-pl\/przewody-bench-pl\/przewod-adapter-bench-flex-edc17c74-flx2-49\/\"]}]},{\"@type\":\"ImageObject\",\"inLanguage\":\"pl-PL\",\"@id\":\"https:\/\/chiptuningmarket.com\/pl\/shop\/akcesoria-chiptuning-pl\/magicmotorsport-flex-pl\/przewody-bench-pl\/przewod-adapter-bench-flex-edc17c74-flx2-49\/#primaryimage\",\"url\":\"https:\/\/chiptuningmarket.com\/wp-content\/uploads\/2026\/03\/FLX2.49-P_1.jpg\",\"contentUrl\":\"https:\/\/chiptuningmarket.com\/wp-content\/uploads\/2026\/03\/FLX2.49-P_1.jpg\",\"width\":600,\"height\":600,\"caption\":\"Przew\u00f3d adapter Bench FLEX EDC17C74 - FLX2.49\"},{\"@type\":\"BreadcrumbList\",\"@id\":\"https:\/\/chiptuningmarket.com\/pl\/shop\/akcesoria-chiptuning-pl\/magicmotorsport-flex-pl\/przewody-bench-pl\/przewod-adapter-bench-flex-edc17c74-flx2-49\/#breadcrumb\",\"itemListElement\":[{\"@type\":\"ListItem\",\"position\":1,\"name\":\"Home\",\"item\":\"https:\/\/chiptuningmarket.com\/pl\/\"},{\"@type\":\"ListItem\",\"position\":2,\"name\":\"Sklep\",\"item\":\"https:\/\/chiptuningmarket.com\/pl\/shop\/\"},{\"@type\":\"ListItem\",\"position\":3,\"name\":\"Przew\u00f3d adapter Bench FLEX EDC17C74 &#8211; FLX2.49\"}]},{\"@type\":\"WebSite\",\"@id\":\"https:\/\/chiptuningmarket.com\/ru\/#website\",\"url\":\"https:\/\/chiptuningmarket.com\/ru\/\",\"name\":\"Chiptuningmarket\",\"description\":\"Biggest chiptuning shop in Europe\",\"publisher\":{\"@id\":\"https:\/\/chiptuningmarket.com\/ru\/#organization\"},\"alternateName\":\"Worldwide ecu tools supplier\",\"potentialAction\":[{\"@type\":\"SearchAction\",\"target\":{\"@type\":\"EntryPoint\",\"urlTemplate\":\"https:\/\/chiptuningmarket.com\/ru\/?s={search_term_string}\"},\"query-input\":{\"@type\":\"PropertyValueSpecification\",\"valueRequired\":true,\"valueName\":\"search_term_string\"}}],\"inLanguage\":\"pl-PL\"},{\"@type\":\"Organization\",\"@id\":\"https:\/\/chiptuningmarket.com\/ru\/#organization\",\"name\":\"Chiptuningmarket\",\"alternateName\":\"Chiptuning tools supplier\",\"url\":\"https:\/\/chiptuningmarket.com\/ru\/\",\"logo\":{\"@type\":\"ImageObject\",\"inLanguage\":\"pl-PL\",\"@id\":\"https:\/\/chiptuningmarket.com\/ru\/#\/schema\/logo\/image\/\",\"url\":\"https:\/\/chiptuningmarket.com\/wp-content\/uploads\/2023\/05\/logo-ChipTuningMarket-social.png\",\"contentUrl\":\"https:\/\/chiptuningmarket.com\/wp-content\/uploads\/2023\/05\/logo-ChipTuningMarket-social.png\",\"width\":512,\"height\":512,\"caption\":\"Chiptuningmarket\"},\"image\":{\"@id\":\"https:\/\/chiptuningmarket.com\/ru\/#\/schema\/logo\/image\/\"}}]}<\/script>\n<!-- \/ Yoast SEO plugin. -->","yoast_head_json":{"title":"Przew\u00f3d adapter Bench FLEX EDC17C74 - FLX2.49 - Chiptuningmarket","description":"Przew\u00f3d adapter Bench FLEX EDC17C74 - FLX2.49 - Przew\u00f3d po\u0142\u0105czeniowy FLX2.49 umo\u017cliwia pod\u0142\u0105czenie urz\u0105dzenia Flex do sterownika silnika EDC17C74.","robots":{"index":"index","follow":"follow","max-snippet":"max-snippet:-1","max-image-preview":"max-image-preview:large","max-video-preview":"max-video-preview:-1"},"canonical":"https:\/\/chiptuningmarket.com\/pl\/shop\/akcesoria-chiptuning-pl\/magicmotorsport-flex-pl\/przewody-bench-pl\/przewod-adapter-bench-flex-edc17c74-flx2-49\/","og_locale":"pl_PL","og_type":"article","og_title":"Przew\u00f3d adapter Bench FLEX EDC17C74 - FLX2.49 - Chiptuningmarket","og_description":"Przew\u00f3d adapter Bench FLEX EDC17C74 - FLX2.49 - Przew\u00f3d po\u0142\u0105czeniowy FLX2.49 umo\u017cliwia pod\u0142\u0105czenie urz\u0105dzenia Flex do sterownika silnika EDC17C74.","og_url":"https:\/\/chiptuningmarket.com\/pl\/shop\/akcesoria-chiptuning-pl\/magicmotorsport-flex-pl\/przewody-bench-pl\/przewod-adapter-bench-flex-edc17c74-flx2-49\/","og_site_name":"Chiptuningmarket","article_modified_time":"2026-03-02T11:02:35+00:00","og_image":[{"width":600,"height":600,"url":"https:\/\/chiptuningmarket.com\/wp-content\/uploads\/2026\/03\/FLX2.49-P_1.jpg","type":"image\/jpeg"}],"twitter_card":"summary_large_image","twitter_misc":{"Szacowany czas czytania":"1 minuta"},"schema":{"@context":"https:\/\/schema.org","@graph":[{"@type":"WebPage","@id":"https:\/\/chiptuningmarket.com\/pl\/shop\/akcesoria-chiptuning-pl\/magicmotorsport-flex-pl\/przewody-bench-pl\/przewod-adapter-bench-flex-edc17c74-flx2-49\/","url":"https:\/\/chiptuningmarket.com\/pl\/shop\/akcesoria-chiptuning-pl\/magicmotorsport-flex-pl\/przewody-bench-pl\/przewod-adapter-bench-flex-edc17c74-flx2-49\/","name":"Przew\u00f3d adapter Bench FLEX EDC17C74 - FLX2.49 - Chiptuningmarket","isPartOf":{"@id":"https:\/\/chiptuningmarket.com\/ru\/#website"},"primaryImageOfPage":{"@id":"https:\/\/chiptuningmarket.com\/pl\/shop\/akcesoria-chiptuning-pl\/magicmotorsport-flex-pl\/przewody-bench-pl\/przewod-adapter-bench-flex-edc17c74-flx2-49\/#primaryimage"},"image":{"@id":"https:\/\/chiptuningmarket.com\/pl\/shop\/akcesoria-chiptuning-pl\/magicmotorsport-flex-pl\/przewody-bench-pl\/przewod-adapter-bench-flex-edc17c74-flx2-49\/#primaryimage"},"thumbnailUrl":"https:\/\/chiptuningmarket.com\/wp-content\/uploads\/2026\/03\/FLX2.49-P_1.jpg","datePublished":"2026-03-02T11:02:33+00:00","dateModified":"2026-03-02T11:02:35+00:00","description":"Przew\u00f3d adapter Bench FLEX EDC17C74 - FLX2.49 - Przew\u00f3d po\u0142\u0105czeniowy FLX2.49 umo\u017cliwia pod\u0142\u0105czenie urz\u0105dzenia Flex do sterownika silnika EDC17C74.","breadcrumb":{"@id":"https:\/\/chiptuningmarket.com\/pl\/shop\/akcesoria-chiptuning-pl\/magicmotorsport-flex-pl\/przewody-bench-pl\/przewod-adapter-bench-flex-edc17c74-flx2-49\/#breadcrumb"},"inLanguage":"pl-PL","potentialAction":[{"@type":"ReadAction","target":["https:\/\/chiptuningmarket.com\/pl\/shop\/akcesoria-chiptuning-pl\/magicmotorsport-flex-pl\/przewody-bench-pl\/przewod-adapter-bench-flex-edc17c74-flx2-49\/"]}]},{"@type":"ImageObject","inLanguage":"pl-PL","@id":"https:\/\/chiptuningmarket.com\/pl\/shop\/akcesoria-chiptuning-pl\/magicmotorsport-flex-pl\/przewody-bench-pl\/przewod-adapter-bench-flex-edc17c74-flx2-49\/#primaryimage","url":"https:\/\/chiptuningmarket.com\/wp-content\/uploads\/2026\/03\/FLX2.49-P_1.jpg","contentUrl":"https:\/\/chiptuningmarket.com\/wp-content\/uploads\/2026\/03\/FLX2.49-P_1.jpg","width":600,"height":600,"caption":"Przew\u00f3d adapter Bench FLEX EDC17C74 - FLX2.49"},{"@type":"BreadcrumbList","@id":"https:\/\/chiptuningmarket.com\/pl\/shop\/akcesoria-chiptuning-pl\/magicmotorsport-flex-pl\/przewody-bench-pl\/przewod-adapter-bench-flex-edc17c74-flx2-49\/#breadcrumb","itemListElement":[{"@type":"ListItem","position":1,"name":"Home","item":"https:\/\/chiptuningmarket.com\/pl\/"},{"@type":"ListItem","position":2,"name":"Sklep","item":"https:\/\/chiptuningmarket.com\/pl\/shop\/"},{"@type":"ListItem","position":3,"name":"Przew\u00f3d adapter Bench FLEX EDC17C74 &#8211; FLX2.49"}]},{"@type":"WebSite","@id":"https:\/\/chiptuningmarket.com\/ru\/#website","url":"https:\/\/chiptuningmarket.com\/ru\/","name":"Chiptuningmarket","description":"Biggest chiptuning shop in Europe","publisher":{"@id":"https:\/\/chiptuningmarket.com\/ru\/#organization"},"alternateName":"Worldwide ecu tools supplier","potentialAction":[{"@type":"SearchAction","target":{"@type":"EntryPoint","urlTemplate":"https:\/\/chiptuningmarket.com\/ru\/?s={search_term_string}"},"query-input":{"@type":"PropertyValueSpecification","valueRequired":true,"valueName":"search_term_string"}}],"inLanguage":"pl-PL"},{"@type":"Organization","@id":"https:\/\/chiptuningmarket.com\/ru\/#organization","name":"Chiptuningmarket","alternateName":"Chiptuning tools supplier","url":"https:\/\/chiptuningmarket.com\/ru\/","logo":{"@type":"ImageObject","inLanguage":"pl-PL","@id":"https:\/\/chiptuningmarket.com\/ru\/#\/schema\/logo\/image\/","url":"https:\/\/chiptuningmarket.com\/wp-content\/uploads\/2023\/05\/logo-ChipTuningMarket-social.png","contentUrl":"https:\/\/chiptuningmarket.com\/wp-content\/uploads\/2023\/05\/logo-ChipTuningMarket-social.png","width":512,"height":512,"caption":"Chiptuningmarket"},"image":{"@id":"https:\/\/chiptuningmarket.com\/ru\/#\/schema\/logo\/image\/"}}]}},"_links":{"self":[{"href":"https:\/\/chiptuningmarket.com\/pl\/wp-json\/wp\/v2\/product\/418499","targetHints":{"allow":["GET"]}}],"collection":[{"href":"https:\/\/chiptuningmarket.com\/pl\/wp-json\/wp\/v2\/product"}],"about":[{"href":"https:\/\/chiptuningmarket.com\/pl\/wp-json\/wp\/v2\/types\/product"}],"wp:featuredmedia":[{"embeddable":true,"href":"https:\/\/chiptuningmarket.com\/pl\/wp-json\/wp\/v2\/media\/418531"}],"wp:attachment":[{"href":"https:\/\/chiptuningmarket.com\/pl\/wp-json\/wp\/v2\/media?parent=418499"}],"wp:term":[{"taxonomy":"product_brand","embeddable":true,"href":"https:\/\/chiptuningmarket.com\/pl\/wp-json\/wp\/v2\/product_brand?post=418499"},{"taxonomy":"product_cat","embeddable":true,"href":"https:\/\/chiptuningmarket.com\/pl\/wp-json\/wp\/v2\/product_cat?post=418499"},{"taxonomy":"product_tag","embeddable":true,"href":"https:\/\/chiptuningmarket.com\/pl\/wp-json\/wp\/v2\/product_tag?post=418499"}],"curies":[{"name":"wp","href":"https:\/\/api.w.org\/{rel}","templated":true}]}}