{"id":42354,"date":"2025-04-09T10:48:42","date_gmt":"2025-04-09T09:48:42","guid":{"rendered":"https:\/\/chiptuningmarket.com\/?post_type=product&#038;p=42354"},"modified":"2025-04-09T13:59:05","modified_gmt":"2025-04-09T12:59:05","slug":"obdstar-iscan-bmw-motocykle","status":"publish","type":"product","link":"https:\/\/chiptuningmarket.com\/pl\/shop\/urzadzenia-diagnostyczne-pl-pl\/motorbikes-quad-atv-pl\/obdstar-pl\/obdstar-iscan-bmw-motocykle\/","title":{"rendered":"OBDSTAR iScan BMW &#8211; motocykle"},"content":{"rendered":"<h2 style=\"text-align: center\"><strong>Urz\u0105dzenie iScan BMW przeznaczone do obs\u0142ugi motocykli marki BMW<\/strong><a href=\"https:\/\/chiptuningmarket.com\/wp-content\/uploads\/2025\/04\/stThumbnailPlugin-3.png\"><img decoding=\"async\" class=\"aligncenter wp-image-42011\" src=\"https:\/\/chiptuningmarket.com\/wp-content\/uploads\/2025\/04\/stThumbnailPlugin-3.png\" alt=\"\" width=\"650\" height=\"650\" srcset=\"https:\/\/chiptuningmarket.com\/wp-content\/uploads\/2025\/04\/stThumbnailPlugin-3.png 800w, https:\/\/chiptuningmarket.com\/wp-content\/uploads\/2025\/04\/stThumbnailPlugin-3-300x300.png 300w, https:\/\/chiptuningmarket.com\/wp-content\/uploads\/2025\/04\/stThumbnailPlugin-3-150x150.png 150w, https:\/\/chiptuningmarket.com\/wp-content\/uploads\/2025\/04\/stThumbnailPlugin-3-768x768.png 768w, https:\/\/chiptuningmarket.com\/wp-content\/uploads\/2025\/04\/stThumbnailPlugin-3-600x600.png 600w, https:\/\/chiptuningmarket.com\/wp-content\/uploads\/2025\/04\/stThumbnailPlugin-3-100x100.png 100w\" sizes=\"(max-width: 650px) 100vw, 650px\" \/><\/a><\/h2>\n<h3>Funkcje:<\/h3>\n<ul>\n<li>Obs\u0142uga IMMO (kodowanie kluczy)<\/li>\n<li>Wbudowana pomoc z prowadzeniem &#8220;za r\u0119k\u0119&#8221;<\/li>\n<li>Obs\u0142uga resetu przegl\u0105d\u00f3w\/oleju<\/li>\n<li>Obs\u0142uga TPMS<\/li>\n<li>Pe\u0142na diagnostyka z parametrami rzeczywistymi (tekst lub wykres)<\/li>\n<li>Adaptacje element\u00f3w wykonawczych (przepustnic, skrzy\u0144 bieg\u00f3w itp.)<\/li>\n<li>Automatyczne rozpoznawanie VIN-u<\/li>\n<li>Programowanie o\u015bwietlenia<\/li>\n<li>Adaptacje biegu ja\u0142owego<\/li>\n<li>Kodowanie sterownik\u00f3w<\/li>\n<li>i wiele wi\u0119cej&#8230;<\/li>\n<\/ul>\n<h3><strong>Charakterystyka podstawowa:<\/strong><\/h3>\n<ol>\n<li>Wbudowany multiplekser<\/li>\n<li>5-calowy dotykowy wy\u015bwietlacz<\/li>\n<li>\u0141adowanie bezpo\u015brednio ze z\u0142\u0105cza OBD<\/li>\n<li>Android<\/li>\n<\/ol>\n<h3><strong>Szczeg\u00f3\u0142y techniczne:<\/strong><\/h3>\n<table class=\"ueditorTableStyle\" style=\"height: 675px\" width=\"813\">\n<tbody>\n<tr class=\"ue-table-interlace-color-single firstRow\">\n<td valign=\"top\">System operacyjny<\/td>\n<td valign=\"top\">Android 5.1.1<\/td>\n<\/tr>\n<tr class=\"ue-table-interlace-color-double\">\n<td valign=\"top\">CPU<\/td>\n<td valign=\"top\">RK3128 czterordzeniowy ARM cortex A7<\/td>\n<\/tr>\n<tr class=\"ue-table-interlace-color-single\">\n<td valign=\"top\">Bateria<\/td>\n<td valign=\"top\">2600mA, polimerowo-litowy akumulator<\/td>\n<\/tr>\n<tr class=\"ue-table-interlace-color-double\">\n<td valign=\"top\">Pami\u0119\u0107 zewn\u0119trzna<\/td>\n<td valign=\"top\">32G micro SD (TF)<\/td>\n<\/tr>\n<tr class=\"ue-table-interlace-color-single\">\n<td colspan=\"1\" rowspan=\"1\" valign=\"top\">LCD<\/td>\n<td colspan=\"1\" rowspan=\"1\" valign=\"top\">5.0 cali<\/td>\n<\/tr>\n<tr class=\"ue-table-interlace-color-double\">\n<td valign=\"top\">Rozdzielczo\u015b\u0107 LCD<\/td>\n<td valign=\"top\">800*480<\/td>\n<\/tr>\n<tr class=\"ue-table-interlace-color-single\">\n<td valign=\"top\">Typ dotyku<\/td>\n<td valign=\"top\">pojemno\u015bciowy<\/td>\n<\/tr>\n<tr class=\"ue-table-interlace-color-double\">\n<td valign=\"top\">Wifi<\/td>\n<td valign=\"top\">Obs\u0142ugiwane (2.4 GHz)<\/td>\n<\/tr>\n<tr class=\"ue-table-interlace-color-single\">\n<td colspan=\"1\" rowspan=\"1\" valign=\"top\">Temperatura pracy<\/td>\n<td colspan=\"1\" rowspan=\"1\" valign=\"top\">-20\u2103~55\u2103 (14\u2109~131\u2109)<\/td>\n<\/tr>\n<tr class=\"ue-table-interlace-color-double\">\n<td valign=\"top\">Temperatura przechowywania<\/td>\n<td valign=\"top\">-20\u2103~70\u2103 (-4\u2109~158\u2109)<\/td>\n<\/tr>\n<tr class=\"ue-table-interlace-color-single\">\n<td valign=\"top\">Waga<\/td>\n<td valign=\"top\">Oko\u0142o 700g<\/td>\n<\/tr>\n<tr class=\"ue-table-interlace-color-double\">\n<td valign=\"top\">Rozmiar (d\u0142*szer*gr)<\/td>\n<td valign=\"top\">198mm*115mm*31mm<\/td>\n<\/tr>\n<\/tbody>\n<\/table>\n<h3><strong>Wyposa\u017cenie standardowe:<\/strong><\/h3>\n<ul>\n<li>Jednostka g\u0142\u00f3wna iScan BMW<\/li>\n<li>Przew\u00f3d g\u0142\u00f3wny OBD 2 (M001)<\/li>\n<li>Adapter z OBD 2 na wtyk okr\u0105g\u0142y BMW (M040)<\/li>\n<li>Zasilacz sieciowy europejski<\/li>\n<\/ul>\n<p><a href=\"https:\/\/chiptuningmarket.com\/wp-content\/uploads\/2025\/04\/akcesoria-BMW_mark.png\"><img decoding=\"async\" class=\"aligncenter size-full wp-image-42387\" src=\"https:\/\/chiptuningmarket.com\/wp-content\/uploads\/2025\/04\/akcesoria-BMW_mark.png\" alt=\"\" width=\"1024\" height=\"450\" srcset=\"https:\/\/chiptuningmarket.com\/wp-content\/uploads\/2025\/04\/akcesoria-BMW_mark.png 1024w, https:\/\/chiptuningmarket.com\/wp-content\/uploads\/2025\/04\/akcesoria-BMW_mark-300x132.png 300w, https:\/\/chiptuningmarket.com\/wp-content\/uploads\/2025\/04\/akcesoria-BMW_mark-768x338.png 768w, https:\/\/chiptuningmarket.com\/wp-content\/uploads\/2025\/04\/akcesoria-BMW_mark-600x264.png 600w\" sizes=\"(max-width: 1024px) 100vw, 1024px\" \/><\/a><\/p>\n<h3><strong>Linki do strony producenta:<\/strong><\/h3>\n<p><a href=\"http:\/\/www.obdstar.com\/Products_285.html\" target=\"_blank\" rel=\"nofollow noopener\"><strong>OPIS URZ\u0104DZENIA<\/strong><\/a><\/p>\n<p><a href=\"http:\/\/www.obdstar.com\/Admin\/Others\/DownloadsPage.aspx?nid=14&amp;id=91&amp;ref=prod_view&amp;t=571b4619aab13af1\" target=\"_blank\" rel=\"nofollow noopener\"><strong>INSTRUKCJA OBS\u0141UGI (EN)<\/strong><\/a><\/p>\n<p><a href=\"http:\/\/www.obdstar.com\/Admin\/Others\/DownloadsPage.aspx?nid=14&amp;id=51&amp;ref=prod_view&amp;t=60f110f59a28bdeb\" target=\"_blank\" rel=\"nofollow noopener\"><strong>AKTUALNA LISTA OBS\u0141UGIWANYCH POJAZD\u00d3W<\/strong><\/a><\/p>\n<p><strong>W ofercie r\u00f3wnie\u017c:\u00a0<\/strong><\/p>\n<p class=\"entry-title fusion-responsive-typography-calculated\" data-fontsize=\"38\" data-lineheight=\"55.1px\"><a style=\"color: blue\" href=\"https:\/\/chiptuningmarket.com\/pl\/shop\/urzadzenia-diagnostyczne-pl-pl\/motorbikes-quad-atv-pl\/obdstar-pl\/obdstar-iscan-harley-davidson-motocykle\/\">OBDSTAR iScan HARLEY<\/a><\/p>\n<p class=\"entry-title fusion-responsive-typography-calculated\" data-fontsize=\"38\" data-lineheight=\"55.1px\"><a style=\"color: blue\" href=\"https:\/\/chiptuningmarket.com\/pl\/shop\/programatory-pl\/dash-pl\/obd-star-dash-pl\/urzadzenie-diagnostyczne-ms80-motocykle-quady-skutery\/\">Urz\u0105dzenie diagnostyczne MS80<\/a><\/p>\n","protected":false},"excerpt":{"rendered":"<p><strong>OBDSTAR iScan BMW<\/strong> to profesjonalne narz\u0119dzie diagnostyczne dedykowane motocykliom marki BMW. Umo\u017cliwia kompleksow\u0105 diagnostyk\u0119, programowanie kluczy oraz kodowanie modu\u0142\u00f3w. Obs\u0142uguje szerok\u0105 gam\u0119 modeli BMW i oferuje funkcje takie jak skanowanie, resetowanie \u015bwiate\u0142 serwisowych, adaptacj\u0119 ECU czy programowanie skrzyni bieg\u00f3w. Kompaktowy i \u0142atwy w u\u017cyciu, wyposa\u017cony w 5-calowy ekran dotykowy oraz \u0142\u0105czno\u015b\u0107 Wi-Fi, zapewnia wygodn\u0105 prac\u0119 w warsztatach motocyklowych.<\/p>\n","protected":false},"featured_media":41860,"template":"","meta":{"_monsterinsights_skip_tracking":false,"_monsterinsights_sitenote_active":false,"_monsterinsights_sitenote_note":"","_monsterinsights_sitenote_category":0},"product_brand":[],"product_cat":[5059,5265,5283],"product_tag":[1580,7218,7215,7223,7199,3785,3005,6276,3933],"class_list":{"0":"post-42354","1":"product","2":"type-product","3":"status-publish","4":"has-post-thumbnail","6":"product_cat-urzadzenia-diagnostyczne-pl-pl","7":"product_cat-motorbikes-quad-atv-pl","8":"product_cat-obdstar-pl","9":"product_tag-bmw-pl","10":"product_tag-immo","11":"product_tag-iscan","12":"product_tag-kodowanie","13":"product_tag-motocykle","14":"product_tag-obdstar","15":"product_tag-tester-diagnostyczny","16":"product_tag-tpms","17":"product_tag-urzadzenie-diagnostyczne-pl","19":"first","20":"onbackorder","21":"sale","22":"taxable","23":"shipping-taxable","24":"purchasable","25":"product-type-simple"},"yoast_head":"<!-- This site is optimized with the Yoast SEO plugin v25.2 - https:\/\/yoast.com\/wordpress\/plugins\/seo\/ -->\n<title>OBDSTAR iScan BMW - motocykle - Chiptuningmarket<\/title>\n<meta name=\"description\" content=\"OBDSTAR iScan BMW to profesjonalne narz\u0119dzie diagnostyczne dedykowane motocykliom marki BMW. Umo\u017cliwia kompleksow\u0105 diagnostyk\u0119, programowanie..\" \/>\n<meta name=\"robots\" content=\"index, follow, max-snippet:-1, max-image-preview:large, max-video-preview:-1\" \/>\n<link rel=\"canonical\" href=\"https:\/\/chiptuningmarket.com\/pl\/shop\/urzadzenia-diagnostyczne-pl-pl\/motorbikes-quad-atv-pl\/obdstar-pl\/obdstar-iscan-bmw-motocykle\/\" \/>\n<meta property=\"og:locale\" content=\"pl_PL\" \/>\n<meta property=\"og:type\" content=\"article\" \/>\n<meta property=\"og:title\" content=\"OBDSTAR iScan BMW - motocykle - Chiptuningmarket\" \/>\n<meta property=\"og:description\" content=\"OBDSTAR iScan BMW to profesjonalne narz\u0119dzie diagnostyczne dedykowane motocykliom marki BMW. Umo\u017cliwia kompleksow\u0105 diagnostyk\u0119, programowanie..\" \/>\n<meta property=\"og:url\" content=\"https:\/\/chiptuningmarket.com\/pl\/shop\/urzadzenia-diagnostyczne-pl-pl\/motorbikes-quad-atv-pl\/obdstar-pl\/obdstar-iscan-bmw-motocykle\/\" \/>\n<meta property=\"og:site_name\" content=\"Chiptuningmarket\" \/>\n<meta property=\"article:modified_time\" content=\"2025-04-09T12:59:05+00:00\" \/>\n<meta property=\"og:image\" content=\"https:\/\/chiptuningmarket.com\/wp-content\/uploads\/2025\/04\/big_X300MINI-main.png\" \/>\n\t<meta property=\"og:image:width\" content=\"800\" \/>\n\t<meta property=\"og:image:height\" content=\"800\" \/>\n\t<meta property=\"og:image:type\" content=\"image\/png\" \/>\n<meta name=\"twitter:card\" content=\"summary_large_image\" \/>\n<meta name=\"twitter:label1\" content=\"Szacowany czas czytania\" \/>\n\t<meta name=\"twitter:data1\" content=\"2 minuty\" \/>\n<script type=\"application\/ld+json\" class=\"yoast-schema-graph\">{\"@context\":\"https:\/\/schema.org\",\"@graph\":[{\"@type\":\"WebPage\",\"@id\":\"https:\/\/chiptuningmarket.com\/pl\/shop\/urzadzenia-diagnostyczne-pl-pl\/motorbikes-quad-atv-pl\/obdstar-pl\/obdstar-iscan-bmw-motocykle\/\",\"url\":\"https:\/\/chiptuningmarket.com\/pl\/shop\/urzadzenia-diagnostyczne-pl-pl\/motorbikes-quad-atv-pl\/obdstar-pl\/obdstar-iscan-bmw-motocykle\/\",\"name\":\"OBDSTAR iScan BMW - motocykle - Chiptuningmarket\",\"isPartOf\":{\"@id\":\"https:\/\/chiptuningmarket.com\/ru\/#website\"},\"primaryImageOfPage\":{\"@id\":\"https:\/\/chiptuningmarket.com\/pl\/shop\/urzadzenia-diagnostyczne-pl-pl\/motorbikes-quad-atv-pl\/obdstar-pl\/obdstar-iscan-bmw-motocykle\/#primaryimage\"},\"image\":{\"@id\":\"https:\/\/chiptuningmarket.com\/pl\/shop\/urzadzenia-diagnostyczne-pl-pl\/motorbikes-quad-atv-pl\/obdstar-pl\/obdstar-iscan-bmw-motocykle\/#primaryimage\"},\"thumbnailUrl\":\"https:\/\/chiptuningmarket.com\/wp-content\/uploads\/2025\/04\/big_X300MINI-main.png\",\"datePublished\":\"2025-04-09T09:48:42+00:00\",\"dateModified\":\"2025-04-09T12:59:05+00:00\",\"description\":\"OBDSTAR iScan BMW to profesjonalne narz\u0119dzie diagnostyczne dedykowane motocykliom marki BMW. Umo\u017cliwia kompleksow\u0105 diagnostyk\u0119, programowanie..\",\"breadcrumb\":{\"@id\":\"https:\/\/chiptuningmarket.com\/pl\/shop\/urzadzenia-diagnostyczne-pl-pl\/motorbikes-quad-atv-pl\/obdstar-pl\/obdstar-iscan-bmw-motocykle\/#breadcrumb\"},\"inLanguage\":\"pl-PL\",\"potentialAction\":[{\"@type\":\"ReadAction\",\"target\":[\"https:\/\/chiptuningmarket.com\/pl\/shop\/urzadzenia-diagnostyczne-pl-pl\/motorbikes-quad-atv-pl\/obdstar-pl\/obdstar-iscan-bmw-motocykle\/\"]}]},{\"@type\":\"ImageObject\",\"inLanguage\":\"pl-PL\",\"@id\":\"https:\/\/chiptuningmarket.com\/pl\/shop\/urzadzenia-diagnostyczne-pl-pl\/motorbikes-quad-atv-pl\/obdstar-pl\/obdstar-iscan-bmw-motocykle\/#primaryimage\",\"url\":\"https:\/\/chiptuningmarket.com\/wp-content\/uploads\/2025\/04\/big_X300MINI-main.png\",\"contentUrl\":\"https:\/\/chiptuningmarket.com\/wp-content\/uploads\/2025\/04\/big_X300MINI-main.png\",\"width\":800,\"height\":800,\"caption\":\"OBDSTAR X300 MINI - VAG\"},{\"@type\":\"BreadcrumbList\",\"@id\":\"https:\/\/chiptuningmarket.com\/pl\/shop\/urzadzenia-diagnostyczne-pl-pl\/motorbikes-quad-atv-pl\/obdstar-pl\/obdstar-iscan-bmw-motocykle\/#breadcrumb\",\"itemListElement\":[{\"@type\":\"ListItem\",\"position\":1,\"name\":\"Home\",\"item\":\"https:\/\/chiptuningmarket.com\/pl\/\"},{\"@type\":\"ListItem\",\"position\":2,\"name\":\"Sklep\",\"item\":\"https:\/\/chiptuningmarket.com\/pl\/shop\/\"},{\"@type\":\"ListItem\",\"position\":3,\"name\":\"OBDSTAR iScan BMW &#8211; motocykle\"}]},{\"@type\":\"WebSite\",\"@id\":\"https:\/\/chiptuningmarket.com\/ru\/#website\",\"url\":\"https:\/\/chiptuningmarket.com\/ru\/\",\"name\":\"Chiptuningmarket\",\"description\":\"Biggest chiptuning shop in Europe\",\"publisher\":{\"@id\":\"https:\/\/chiptuningmarket.com\/ru\/#organization\"},\"alternateName\":\"Worldwide ecu tools supplier\",\"potentialAction\":[{\"@type\":\"SearchAction\",\"target\":{\"@type\":\"EntryPoint\",\"urlTemplate\":\"https:\/\/chiptuningmarket.com\/ru\/?s={search_term_string}\"},\"query-input\":{\"@type\":\"PropertyValueSpecification\",\"valueRequired\":true,\"valueName\":\"search_term_string\"}}],\"inLanguage\":\"pl-PL\"},{\"@type\":\"Organization\",\"@id\":\"https:\/\/chiptuningmarket.com\/ru\/#organization\",\"name\":\"Chiptuningmarket\",\"alternateName\":\"Chiptuning tools supplier\",\"url\":\"https:\/\/chiptuningmarket.com\/ru\/\",\"logo\":{\"@type\":\"ImageObject\",\"inLanguage\":\"pl-PL\",\"@id\":\"https:\/\/chiptuningmarket.com\/ru\/#\/schema\/logo\/image\/\",\"url\":\"https:\/\/chiptuningmarket.com\/wp-content\/uploads\/2023\/05\/logo-ChipTuningMarket-social.png\",\"contentUrl\":\"https:\/\/chiptuningmarket.com\/wp-content\/uploads\/2023\/05\/logo-ChipTuningMarket-social.png\",\"width\":512,\"height\":512,\"caption\":\"Chiptuningmarket\"},\"image\":{\"@id\":\"https:\/\/chiptuningmarket.com\/ru\/#\/schema\/logo\/image\/\"}}]}<\/script>\n<!-- \/ Yoast SEO plugin. -->","yoast_head_json":{"title":"OBDSTAR iScan BMW - motocykle - Chiptuningmarket","description":"OBDSTAR iScan BMW to profesjonalne narz\u0119dzie diagnostyczne dedykowane motocykliom marki BMW. Umo\u017cliwia kompleksow\u0105 diagnostyk\u0119, programowanie..","robots":{"index":"index","follow":"follow","max-snippet":"max-snippet:-1","max-image-preview":"max-image-preview:large","max-video-preview":"max-video-preview:-1"},"canonical":"https:\/\/chiptuningmarket.com\/pl\/shop\/urzadzenia-diagnostyczne-pl-pl\/motorbikes-quad-atv-pl\/obdstar-pl\/obdstar-iscan-bmw-motocykle\/","og_locale":"pl_PL","og_type":"article","og_title":"OBDSTAR iScan BMW - motocykle - Chiptuningmarket","og_description":"OBDSTAR iScan BMW to profesjonalne narz\u0119dzie diagnostyczne dedykowane motocykliom marki BMW. Umo\u017cliwia kompleksow\u0105 diagnostyk\u0119, programowanie..","og_url":"https:\/\/chiptuningmarket.com\/pl\/shop\/urzadzenia-diagnostyczne-pl-pl\/motorbikes-quad-atv-pl\/obdstar-pl\/obdstar-iscan-bmw-motocykle\/","og_site_name":"Chiptuningmarket","article_modified_time":"2025-04-09T12:59:05+00:00","og_image":[{"width":800,"height":800,"url":"https:\/\/chiptuningmarket.com\/wp-content\/uploads\/2025\/04\/big_X300MINI-main.png","type":"image\/png"}],"twitter_card":"summary_large_image","twitter_misc":{"Szacowany czas czytania":"2 minuty"},"schema":{"@context":"https:\/\/schema.org","@graph":[{"@type":"WebPage","@id":"https:\/\/chiptuningmarket.com\/pl\/shop\/urzadzenia-diagnostyczne-pl-pl\/motorbikes-quad-atv-pl\/obdstar-pl\/obdstar-iscan-bmw-motocykle\/","url":"https:\/\/chiptuningmarket.com\/pl\/shop\/urzadzenia-diagnostyczne-pl-pl\/motorbikes-quad-atv-pl\/obdstar-pl\/obdstar-iscan-bmw-motocykle\/","name":"OBDSTAR iScan BMW - motocykle - Chiptuningmarket","isPartOf":{"@id":"https:\/\/chiptuningmarket.com\/ru\/#website"},"primaryImageOfPage":{"@id":"https:\/\/chiptuningmarket.com\/pl\/shop\/urzadzenia-diagnostyczne-pl-pl\/motorbikes-quad-atv-pl\/obdstar-pl\/obdstar-iscan-bmw-motocykle\/#primaryimage"},"image":{"@id":"https:\/\/chiptuningmarket.com\/pl\/shop\/urzadzenia-diagnostyczne-pl-pl\/motorbikes-quad-atv-pl\/obdstar-pl\/obdstar-iscan-bmw-motocykle\/#primaryimage"},"thumbnailUrl":"https:\/\/chiptuningmarket.com\/wp-content\/uploads\/2025\/04\/big_X300MINI-main.png","datePublished":"2025-04-09T09:48:42+00:00","dateModified":"2025-04-09T12:59:05+00:00","description":"OBDSTAR iScan BMW to profesjonalne narz\u0119dzie diagnostyczne dedykowane motocykliom marki BMW. Umo\u017cliwia kompleksow\u0105 diagnostyk\u0119, programowanie..","breadcrumb":{"@id":"https:\/\/chiptuningmarket.com\/pl\/shop\/urzadzenia-diagnostyczne-pl-pl\/motorbikes-quad-atv-pl\/obdstar-pl\/obdstar-iscan-bmw-motocykle\/#breadcrumb"},"inLanguage":"pl-PL","potentialAction":[{"@type":"ReadAction","target":["https:\/\/chiptuningmarket.com\/pl\/shop\/urzadzenia-diagnostyczne-pl-pl\/motorbikes-quad-atv-pl\/obdstar-pl\/obdstar-iscan-bmw-motocykle\/"]}]},{"@type":"ImageObject","inLanguage":"pl-PL","@id":"https:\/\/chiptuningmarket.com\/pl\/shop\/urzadzenia-diagnostyczne-pl-pl\/motorbikes-quad-atv-pl\/obdstar-pl\/obdstar-iscan-bmw-motocykle\/#primaryimage","url":"https:\/\/chiptuningmarket.com\/wp-content\/uploads\/2025\/04\/big_X300MINI-main.png","contentUrl":"https:\/\/chiptuningmarket.com\/wp-content\/uploads\/2025\/04\/big_X300MINI-main.png","width":800,"height":800,"caption":"OBDSTAR X300 MINI - VAG"},{"@type":"BreadcrumbList","@id":"https:\/\/chiptuningmarket.com\/pl\/shop\/urzadzenia-diagnostyczne-pl-pl\/motorbikes-quad-atv-pl\/obdstar-pl\/obdstar-iscan-bmw-motocykle\/#breadcrumb","itemListElement":[{"@type":"ListItem","position":1,"name":"Home","item":"https:\/\/chiptuningmarket.com\/pl\/"},{"@type":"ListItem","position":2,"name":"Sklep","item":"https:\/\/chiptuningmarket.com\/pl\/shop\/"},{"@type":"ListItem","position":3,"name":"OBDSTAR iScan BMW &#8211; motocykle"}]},{"@type":"WebSite","@id":"https:\/\/chiptuningmarket.com\/ru\/#website","url":"https:\/\/chiptuningmarket.com\/ru\/","name":"Chiptuningmarket","description":"Biggest chiptuning shop in Europe","publisher":{"@id":"https:\/\/chiptuningmarket.com\/ru\/#organization"},"alternateName":"Worldwide ecu tools supplier","potentialAction":[{"@type":"SearchAction","target":{"@type":"EntryPoint","urlTemplate":"https:\/\/chiptuningmarket.com\/ru\/?s={search_term_string}"},"query-input":{"@type":"PropertyValueSpecification","valueRequired":true,"valueName":"search_term_string"}}],"inLanguage":"pl-PL"},{"@type":"Organization","@id":"https:\/\/chiptuningmarket.com\/ru\/#organization","name":"Chiptuningmarket","alternateName":"Chiptuning tools supplier","url":"https:\/\/chiptuningmarket.com\/ru\/","logo":{"@type":"ImageObject","inLanguage":"pl-PL","@id":"https:\/\/chiptuningmarket.com\/ru\/#\/schema\/logo\/image\/","url":"https:\/\/chiptuningmarket.com\/wp-content\/uploads\/2023\/05\/logo-ChipTuningMarket-social.png","contentUrl":"https:\/\/chiptuningmarket.com\/wp-content\/uploads\/2023\/05\/logo-ChipTuningMarket-social.png","width":512,"height":512,"caption":"Chiptuningmarket"},"image":{"@id":"https:\/\/chiptuningmarket.com\/ru\/#\/schema\/logo\/image\/"}}]}},"_links":{"self":[{"href":"https:\/\/chiptuningmarket.com\/pl\/wp-json\/wp\/v2\/product\/42354","targetHints":{"allow":["GET"]}}],"collection":[{"href":"https:\/\/chiptuningmarket.com\/pl\/wp-json\/wp\/v2\/product"}],"about":[{"href":"https:\/\/chiptuningmarket.com\/pl\/wp-json\/wp\/v2\/types\/product"}],"wp:featuredmedia":[{"embeddable":true,"href":"https:\/\/chiptuningmarket.com\/pl\/wp-json\/wp\/v2\/media\/41860"}],"wp:attachment":[{"href":"https:\/\/chiptuningmarket.com\/pl\/wp-json\/wp\/v2\/media?parent=42354"}],"wp:term":[{"taxonomy":"product_brand","embeddable":true,"href":"https:\/\/chiptuningmarket.com\/pl\/wp-json\/wp\/v2\/product_brand?post=42354"},{"taxonomy":"product_cat","embeddable":true,"href":"https:\/\/chiptuningmarket.com\/pl\/wp-json\/wp\/v2\/product_cat?post=42354"},{"taxonomy":"product_tag","embeddable":true,"href":"https:\/\/chiptuningmarket.com\/pl\/wp-json\/wp\/v2\/product_tag?post=42354"}],"curies":[{"name":"wp","href":"https:\/\/api.w.org\/{rel}","templated":true}]}}