{"id":46842,"date":"2025-04-14T08:46:10","date_gmt":"2025-04-14T07:46:10","guid":{"rendered":"https:\/\/chiptuningmarket.com\/?post_type=product&#038;p=46842"},"modified":"2025-04-14T08:47:31","modified_gmt":"2025-04-14T07:47:31","slug":"obdstar-x300-mini-vag","status":"publish","type":"product","link":"https:\/\/chiptuningmarket.com\/pl\/shop\/programatory-pl\/keys-pl\/obd-star-keys-pl\/obdstar-x300-mini-vag\/","title":{"rendered":"OBDSTAR X300 MINI &#8211; VAG"},"content":{"rendered":"<h2 style=\"text-align: center\"><strong>Urz\u0105dzenie X300 MINI przeznaczone do obs\u0142ugi marki z grupy VAG<\/strong><a href=\"https:\/\/chiptuningmarket.com\/wp-content\/uploads\/2025\/04\/stThumbnailPlugin-3.png\"><img decoding=\"async\" class=\"aligncenter wp-image-42011\" src=\"https:\/\/chiptuningmarket.com\/wp-content\/uploads\/2025\/04\/stThumbnailPlugin-3.png\" alt=\"\" width=\"650\" height=\"650\" srcset=\"https:\/\/chiptuningmarket.com\/wp-content\/uploads\/2025\/04\/stThumbnailPlugin-3.png 800w, https:\/\/chiptuningmarket.com\/wp-content\/uploads\/2025\/04\/stThumbnailPlugin-3-300x300.png 300w, https:\/\/chiptuningmarket.com\/wp-content\/uploads\/2025\/04\/stThumbnailPlugin-3-150x150.png 150w, https:\/\/chiptuningmarket.com\/wp-content\/uploads\/2025\/04\/stThumbnailPlugin-3-768x768.png 768w, https:\/\/chiptuningmarket.com\/wp-content\/uploads\/2025\/04\/stThumbnailPlugin-3-600x600.png 600w, https:\/\/chiptuningmarket.com\/wp-content\/uploads\/2025\/04\/stThumbnailPlugin-3-100x100.png 100w\" sizes=\"(max-width: 650px) 100vw, 650px\" \/><\/a><\/h2>\n<p>&nbsp;<\/p>\n<h3 class=\"fusion-responsive-typography-calculated\" data-fontsize=\"17\" data-lineheight=\"23.97px\">Funkcje:<\/h3>\n<ul>\n<li>Obs\u0142uga IMMO<\/li>\n<li>Naprawa ODO<\/li>\n<li>Obs\u0142uga resetu przegl\u0105d\u00f3w\/oleju<\/li>\n<li>Diagnostyka OBD<\/li>\n<\/ul>\n<p><span class=\"VIiyi\" lang=\"pl\"><span class=\"JLqJ4b ChMk0b\" data-language-for-alternatives=\"pl\" data-language-to-translate-into=\"en\" data-phrase-index=\"1\">Op\u0142ata za roczny dost\u0119p do aktualizacji producent ustali\u0142 na poziomie 50 $ netto. W przypadku kiedy otrzymamy zg\u0142oszenie o przed\u0142u\u017ceniu abonamentu przed up\u0142ywem 7 dni przed ko\u0144cem obecnego abonamentu koszt przed\u0142u\u017cenia wyniesie 30 $ netto.<\/span><\/span><\/p>\n<h3 class=\"fusion-responsive-typography-calculated\" data-fontsize=\"17\" data-lineheight=\"23.97px\"><strong>Charakterystyka podstawowa:<\/strong><\/h3>\n<ol>\n<li>Wbudowany multiplekser<\/li>\n<li>5-calowy dotykowy wy\u015bwietlacz<\/li>\n<li>\u0141adowanie bezpo\u015brednio ze z\u0142\u0105cza OBD2<\/li>\n<li>Android<\/li>\n<\/ol>\n<h3 class=\"fusion-responsive-typography-calculated\" data-fontsize=\"17\" data-lineheight=\"23.97px\"><strong>Pokrycie funkcyjne:<\/strong><\/h3>\n<h4>1<strong>. Obs\u0142uga programowania kluczy<\/strong><\/h4>\n<ul>\n<li>VW\/AUDI\/SKODA\/SEAT 3 generacja, 4 generacja.<\/li>\n<li>odczyt EEPROM przez OBD, wykonanie Dealer KEY, uczenie kluczy (adapter P001) VW: AMAROK(2H\/SD), ARTEON(3H), ATLAS, BEETLE, bora, caddy, crafter, eos, fox, golf plus, golf, golf 6, jetta, passat, phaeton, polo, scirocco, sharan, tiguan, touareg, touran, transporter 5\/multivan, t-roc<\/li>\n<li>VW\/AUDI\/SKODA\/SEAT \u2013 platforma MQB programowanie kluczy<\/li>\n<\/ul>\n<h4><strong>2. Naprawa ODO<\/strong><\/h4>\n<ul>\n<li>VW: AMAROK, BORA, BEETLE ,CADDY, CC, CDC, CROSS LAVIDA, DSG, EOS, GRANLAVIDA, LAVIDA, MAGOTAN, GAOLF, GTI, JETTA, PASSAT, PHAETON, POLO, SAGITAR, SANTANA, SCIROCCO, SHARAN, T5, T6, TIGUAN, TOUAREG, TOURAN, TRANSPORTER; Cz\u0119\u015bciowe modele do 2018 roku<\/li>\n<li>SKODA: FABIA, OCTAVIA, RAPID, RAPID SPACEBACK, SUPERB, YETI; SEAT: ALHAMABRA,ALTEA,IBIZA,LEON,TOLEDO; cz\u0119\u015bciowe modele do 2017 roku.<\/li>\n<li>AUDI: AUDI A1, A3, A4, A4L, A5, A6, A6L, A7, A8L, Q2, Q3, Q5, Q7, R8, S5, S8, TT; AUDI A6L, Q5, Q3, Q2, A3, A1 cz\u0119\u015bciowe modele do 2017 roku.<\/li>\n<li>VW Audi Skoda Seat \u2013 MQB platform<\/li>\n<\/ul>\n<h4><strong>3. Obs\u0142uga ponad 80% modeli dla Oil\/ Service Reset:<\/strong><\/h4>\n<ul class=\" list-paddingleft-2\">\n<li>cz\u0119\u015bciowe pokrycie CHRYSLER oraz MASERATI -2020 przez FCA adapter, GM BUICK, CADILLAC, CHEVROLET, HOLDEN, RAVON cz\u0119\u015bciowo do 2020<\/li>\n<\/ul>\n<h4><strong>4. Obs\u0142uga diagnostyki OBD2<\/strong><\/h4>\n<h3><strong>Szczeg\u00f3\u0142y techniczne:<\/strong><\/h3>\n<table class=\"ueditorTableStyle\" style=\"height: 566px\" width=\"649\">\n<tbody>\n<tr class=\"ue-table-interlace-color-single firstRow\">\n<td valign=\"top\">System operacyjny<\/td>\n<td valign=\"top\">Android 5.1.1<\/td>\n<\/tr>\n<tr class=\"ue-table-interlace-color-double\">\n<td valign=\"top\">CPU<\/td>\n<td valign=\"top\">RK3128 czterordzeniowy ARM cortex A7<\/td>\n<\/tr>\n<tr class=\"ue-table-interlace-color-single\">\n<td valign=\"top\">Bateria<\/td>\n<td valign=\"top\">2600mA, Polimerowo-litowy akumulator<\/td>\n<\/tr>\n<tr class=\"ue-table-interlace-color-double\">\n<td valign=\"top\">Pami\u0119\u0107 zewn\u0119trzna<\/td>\n<td valign=\"top\">32G micro SD (TF)<\/td>\n<\/tr>\n<tr class=\"ue-table-interlace-color-single\">\n<td colspan=\"1\" rowspan=\"1\" valign=\"top\">LCD<\/td>\n<td colspan=\"1\" rowspan=\"1\" valign=\"top\">5.0 cali<\/td>\n<\/tr>\n<tr class=\"ue-table-interlace-color-double\">\n<td valign=\"top\">Rozdzielczo\u015b\u0107 LCD<\/td>\n<td valign=\"top\">800*480<\/td>\n<\/tr>\n<tr class=\"ue-table-interlace-color-single\">\n<td valign=\"top\">Typ dotyku<\/td>\n<td valign=\"top\">pojemno\u015bciowy<\/td>\n<\/tr>\n<tr class=\"ue-table-interlace-color-double\">\n<td valign=\"top\">Wifi<\/td>\n<td valign=\"top\">Obs\u0142ugiwane (2.4 GHz)<\/td>\n<\/tr>\n<tr class=\"ue-table-interlace-color-single\">\n<td colspan=\"1\" rowspan=\"1\" valign=\"top\">Temperatura pracy<\/td>\n<td colspan=\"1\" rowspan=\"1\" valign=\"top\">-20\u2103~55\u2103 (14\u2109~131\u2109)<\/td>\n<\/tr>\n<tr class=\"ue-table-interlace-color-double\">\n<td valign=\"top\">Temperatura przechowywania<\/td>\n<td valign=\"top\">-20\u2103~70\u2103 (-4\u2109~158\u2109)<\/td>\n<\/tr>\n<tr class=\"ue-table-interlace-color-single\">\n<td valign=\"top\">Waga<\/td>\n<td valign=\"top\">Oko\u0142o 700g<\/td>\n<\/tr>\n<tr class=\"ue-table-interlace-color-double\">\n<td valign=\"top\">Rozmiar (d\u0142*szer*gr)<\/td>\n<td valign=\"top\">198mm*115mm*31mm<\/td>\n<\/tr>\n<\/tbody>\n<\/table>\n<h3 class=\"fusion-responsive-typography-calculated\" data-fontsize=\"17\" data-lineheight=\"23.97px\"><strong>Wyposa\u017cenie standardowe:<\/strong><\/h3>\n<ul>\n<li>Jednostka g\u0142\u00f3wna X300 MINI<\/li>\n<li>Przew\u00f3d g\u0142\u00f3wny<\/li>\n<li>Zasilacz sieciowy<\/li>\n<\/ul>\n<p><strong>Aktualna lista obs\u0142ugiwanych pojazd\u00f3w do pobrania <a title=\"Aktualna lista obs\u0142ugiwanych pojazd\u00f3w\" href=\"http:\/\/www.obdstar.com\/Admin\/Others\/DownloadsPage.aspx?nid=14&amp;id=65&amp;ref=prod_view&amp;t=65ee34f1c2a55a21\">TUTAJ.<\/a><\/strong><\/p>\n<p>W ofercie r\u00f3wnie\u017c:<\/p>\n<p class=\"entry-title fusion-responsive-typography-calculated\" data-fontsize=\"38\" data-lineheight=\"55.1px\"><a style=\"color: blue\" href=\"https:\/\/chiptuningmarket.com\/pl\/shop\/programatory-pl\/keys-pl\/obd-star-keys-pl\/obdstar-x300-mini-psa\/\">X300 MINI \u2013 PSA<\/a><\/p>\n<p class=\"entry-title fusion-responsive-typography-calculated\" data-fontsize=\"38\" data-lineheight=\"55.1px\"><a style=\"color: blue\" href=\"https:\/\/chiptuningmarket.com\/pl\/shop\/programatory-pl\/keys-pl\/obd-star-keys-pl\/obdstar-x300-mini-ford-mazda\/\">X300 MINI-FORD\/MAZDA<\/a><\/p>\n","protected":false},"excerpt":{"rendered":"<p><strong>OBDSTAR X300 MINI &#8211; VAG<\/strong> to zaawansowane narz\u0119dzie diagnostyczne i programuj\u0105ce dedykowane dla pojazd\u00f3w grupy VAG (Volkswagen, Audi, Skoda, SEAT). Kompaktowe urz\u0105dzenie oparte na systemie Android, oferuj\u0105ce szerok\u0105 gam\u0119 funkcji, takich jak programowanie kluczy, diagnostyka OBD2, odczyt EEPROM, kasowanie b\u0142\u0119d\u00f3w oraz resetowanie us\u0142ug serwisowych.<\/p>\n","protected":false},"featured_media":41860,"template":"","meta":{"_monsterinsights_skip_tracking":false,"_monsterinsights_sitenote_active":false,"_monsterinsights_sitenote_note":"","_monsterinsights_sitenote_category":0},"product_brand":[],"product_cat":[5064,5204,5225,5205,5230],"product_tag":[6917,7252,7218,4087,3785,7236,7253,7234],"class_list":{"0":"post-46842","1":"product","2":"type-product","3":"status-publish","4":"has-post-thumbnail","6":"product_cat-programatory-pl","7":"product_cat-dash-pl","8":"product_cat-obd-star-dash-pl","9":"product_cat-keys-pl","10":"product_cat-obd-star-keys-pl","11":"product_tag-android","12":"product_tag-dash","13":"product_tag-immo","14":"product_tag-obd","15":"product_tag-obdstar","16":"product_tag-odo","17":"product_tag-vag-pl","18":"product_tag-x300-mini","20":"first","21":"onbackorder","22":"sale","23":"taxable","24":"shipping-taxable","25":"purchasable","26":"product-type-simple"},"yoast_head":"<!-- This site is optimized with the Yoast SEO plugin v25.2 - https:\/\/yoast.com\/wordpress\/plugins\/seo\/ -->\n<title>OBDSTAR X300 MINI - VAG - Chiptuningmarket<\/title>\n<meta name=\"description\" content=\"OBDSTAR X300 MINI - VAG to zaawansowane narz\u0119dzie diagnostyczne i programuj\u0105ce dedykowane dla pojazd\u00f3w grupy VAG (Volkswagen, Audi, Skoda, SEAT).\" \/>\n<meta name=\"robots\" content=\"index, follow, max-snippet:-1, max-image-preview:large, max-video-preview:-1\" \/>\n<link rel=\"canonical\" href=\"https:\/\/chiptuningmarket.com\/pl\/shop\/programatory-pl\/keys-pl\/obd-star-keys-pl\/obdstar-x300-mini-vag\/\" \/>\n<meta property=\"og:locale\" content=\"pl_PL\" \/>\n<meta property=\"og:type\" content=\"article\" \/>\n<meta property=\"og:title\" content=\"OBDSTAR X300 MINI - VAG - Chiptuningmarket\" \/>\n<meta property=\"og:description\" content=\"OBDSTAR X300 MINI - VAG to zaawansowane narz\u0119dzie diagnostyczne i programuj\u0105ce dedykowane dla pojazd\u00f3w grupy VAG (Volkswagen, Audi, Skoda, SEAT).\" \/>\n<meta property=\"og:url\" content=\"https:\/\/chiptuningmarket.com\/pl\/shop\/programatory-pl\/keys-pl\/obd-star-keys-pl\/obdstar-x300-mini-vag\/\" \/>\n<meta property=\"og:site_name\" content=\"Chiptuningmarket\" \/>\n<meta property=\"article:modified_time\" content=\"2025-04-14T07:47:31+00:00\" \/>\n<meta property=\"og:image\" content=\"https:\/\/chiptuningmarket.com\/wp-content\/uploads\/2025\/04\/big_X300MINI-main.png\" \/>\n\t<meta property=\"og:image:width\" content=\"800\" \/>\n\t<meta property=\"og:image:height\" content=\"800\" \/>\n\t<meta property=\"og:image:type\" content=\"image\/png\" \/>\n<meta name=\"twitter:card\" content=\"summary_large_image\" \/>\n<meta name=\"twitter:label1\" content=\"Szacowany czas czytania\" \/>\n\t<meta name=\"twitter:data1\" content=\"2 minuty\" \/>\n<script type=\"application\/ld+json\" class=\"yoast-schema-graph\">{\"@context\":\"https:\/\/schema.org\",\"@graph\":[{\"@type\":\"WebPage\",\"@id\":\"https:\/\/chiptuningmarket.com\/pl\/shop\/programatory-pl\/keys-pl\/obd-star-keys-pl\/obdstar-x300-mini-vag\/\",\"url\":\"https:\/\/chiptuningmarket.com\/pl\/shop\/programatory-pl\/keys-pl\/obd-star-keys-pl\/obdstar-x300-mini-vag\/\",\"name\":\"OBDSTAR X300 MINI - VAG - Chiptuningmarket\",\"isPartOf\":{\"@id\":\"https:\/\/chiptuningmarket.com\/pl\/#website\"},\"primaryImageOfPage\":{\"@id\":\"https:\/\/chiptuningmarket.com\/pl\/shop\/programatory-pl\/keys-pl\/obd-star-keys-pl\/obdstar-x300-mini-vag\/#primaryimage\"},\"image\":{\"@id\":\"https:\/\/chiptuningmarket.com\/pl\/shop\/programatory-pl\/keys-pl\/obd-star-keys-pl\/obdstar-x300-mini-vag\/#primaryimage\"},\"thumbnailUrl\":\"https:\/\/chiptuningmarket.com\/wp-content\/uploads\/2025\/04\/big_X300MINI-main.png\",\"datePublished\":\"2025-04-14T07:46:10+00:00\",\"dateModified\":\"2025-04-14T07:47:31+00:00\",\"description\":\"OBDSTAR X300 MINI - VAG to zaawansowane narz\u0119dzie diagnostyczne i programuj\u0105ce dedykowane dla pojazd\u00f3w grupy VAG (Volkswagen, Audi, Skoda, SEAT).\",\"breadcrumb\":{\"@id\":\"https:\/\/chiptuningmarket.com\/pl\/shop\/programatory-pl\/keys-pl\/obd-star-keys-pl\/obdstar-x300-mini-vag\/#breadcrumb\"},\"inLanguage\":\"pl-PL\",\"potentialAction\":[{\"@type\":\"ReadAction\",\"target\":[\"https:\/\/chiptuningmarket.com\/pl\/shop\/programatory-pl\/keys-pl\/obd-star-keys-pl\/obdstar-x300-mini-vag\/\"]}]},{\"@type\":\"ImageObject\",\"inLanguage\":\"pl-PL\",\"@id\":\"https:\/\/chiptuningmarket.com\/pl\/shop\/programatory-pl\/keys-pl\/obd-star-keys-pl\/obdstar-x300-mini-vag\/#primaryimage\",\"url\":\"https:\/\/chiptuningmarket.com\/wp-content\/uploads\/2025\/04\/big_X300MINI-main.png\",\"contentUrl\":\"https:\/\/chiptuningmarket.com\/wp-content\/uploads\/2025\/04\/big_X300MINI-main.png\",\"width\":800,\"height\":800,\"caption\":\"OBDSTAR X300 MINI - VAG\"},{\"@type\":\"BreadcrumbList\",\"@id\":\"https:\/\/chiptuningmarket.com\/pl\/shop\/programatory-pl\/keys-pl\/obd-star-keys-pl\/obdstar-x300-mini-vag\/#breadcrumb\",\"itemListElement\":[{\"@type\":\"ListItem\",\"position\":1,\"name\":\"Home\",\"item\":\"https:\/\/chiptuningmarket.com\/pl\/\"},{\"@type\":\"ListItem\",\"position\":2,\"name\":\"Sklep\",\"item\":\"https:\/\/chiptuningmarket.com\/pl\/shop\/\"},{\"@type\":\"ListItem\",\"position\":3,\"name\":\"OBDSTAR X300 MINI &#8211; VAG\"}]},{\"@type\":\"WebSite\",\"@id\":\"https:\/\/chiptuningmarket.com\/pl\/#website\",\"url\":\"https:\/\/chiptuningmarket.com\/pl\/\",\"name\":\"Chiptuningmarket\",\"description\":\"Biggest chiptuning shop in Europe\",\"publisher\":{\"@id\":\"https:\/\/chiptuningmarket.com\/pl\/#organization\"},\"alternateName\":\"Worldwide ecu tools supplier\",\"potentialAction\":[{\"@type\":\"SearchAction\",\"target\":{\"@type\":\"EntryPoint\",\"urlTemplate\":\"https:\/\/chiptuningmarket.com\/pl\/?s={search_term_string}\"},\"query-input\":{\"@type\":\"PropertyValueSpecification\",\"valueRequired\":true,\"valueName\":\"search_term_string\"}}],\"inLanguage\":\"pl-PL\"},{\"@type\":\"Organization\",\"@id\":\"https:\/\/chiptuningmarket.com\/pl\/#organization\",\"name\":\"Chiptuningmarket\",\"alternateName\":\"Chiptuning tools supplier\",\"url\":\"https:\/\/chiptuningmarket.com\/pl\/\",\"logo\":{\"@type\":\"ImageObject\",\"inLanguage\":\"pl-PL\",\"@id\":\"https:\/\/chiptuningmarket.com\/pl\/#\/schema\/logo\/image\/\",\"url\":\"https:\/\/chiptuningmarket.com\/wp-content\/uploads\/2023\/05\/logo-ChipTuningMarket-social.png\",\"contentUrl\":\"https:\/\/chiptuningmarket.com\/wp-content\/uploads\/2023\/05\/logo-ChipTuningMarket-social.png\",\"width\":512,\"height\":512,\"caption\":\"Chiptuningmarket\"},\"image\":{\"@id\":\"https:\/\/chiptuningmarket.com\/pl\/#\/schema\/logo\/image\/\"}}]}<\/script>\n<!-- \/ Yoast SEO plugin. -->","yoast_head_json":{"title":"OBDSTAR X300 MINI - VAG - Chiptuningmarket","description":"OBDSTAR X300 MINI - VAG to zaawansowane narz\u0119dzie diagnostyczne i programuj\u0105ce dedykowane dla pojazd\u00f3w grupy VAG (Volkswagen, Audi, Skoda, SEAT).","robots":{"index":"index","follow":"follow","max-snippet":"max-snippet:-1","max-image-preview":"max-image-preview:large","max-video-preview":"max-video-preview:-1"},"canonical":"https:\/\/chiptuningmarket.com\/pl\/shop\/programatory-pl\/keys-pl\/obd-star-keys-pl\/obdstar-x300-mini-vag\/","og_locale":"pl_PL","og_type":"article","og_title":"OBDSTAR X300 MINI - VAG - Chiptuningmarket","og_description":"OBDSTAR X300 MINI - VAG to zaawansowane narz\u0119dzie diagnostyczne i programuj\u0105ce dedykowane dla pojazd\u00f3w grupy VAG (Volkswagen, Audi, Skoda, SEAT).","og_url":"https:\/\/chiptuningmarket.com\/pl\/shop\/programatory-pl\/keys-pl\/obd-star-keys-pl\/obdstar-x300-mini-vag\/","og_site_name":"Chiptuningmarket","article_modified_time":"2025-04-14T07:47:31+00:00","og_image":[{"width":800,"height":800,"url":"https:\/\/chiptuningmarket.com\/wp-content\/uploads\/2025\/04\/big_X300MINI-main.png","type":"image\/png"}],"twitter_card":"summary_large_image","twitter_misc":{"Szacowany czas czytania":"2 minuty"},"schema":{"@context":"https:\/\/schema.org","@graph":[{"@type":"WebPage","@id":"https:\/\/chiptuningmarket.com\/pl\/shop\/programatory-pl\/keys-pl\/obd-star-keys-pl\/obdstar-x300-mini-vag\/","url":"https:\/\/chiptuningmarket.com\/pl\/shop\/programatory-pl\/keys-pl\/obd-star-keys-pl\/obdstar-x300-mini-vag\/","name":"OBDSTAR X300 MINI - VAG - Chiptuningmarket","isPartOf":{"@id":"https:\/\/chiptuningmarket.com\/pl\/#website"},"primaryImageOfPage":{"@id":"https:\/\/chiptuningmarket.com\/pl\/shop\/programatory-pl\/keys-pl\/obd-star-keys-pl\/obdstar-x300-mini-vag\/#primaryimage"},"image":{"@id":"https:\/\/chiptuningmarket.com\/pl\/shop\/programatory-pl\/keys-pl\/obd-star-keys-pl\/obdstar-x300-mini-vag\/#primaryimage"},"thumbnailUrl":"https:\/\/chiptuningmarket.com\/wp-content\/uploads\/2025\/04\/big_X300MINI-main.png","datePublished":"2025-04-14T07:46:10+00:00","dateModified":"2025-04-14T07:47:31+00:00","description":"OBDSTAR X300 MINI - VAG to zaawansowane narz\u0119dzie diagnostyczne i programuj\u0105ce dedykowane dla pojazd\u00f3w grupy VAG (Volkswagen, Audi, Skoda, SEAT).","breadcrumb":{"@id":"https:\/\/chiptuningmarket.com\/pl\/shop\/programatory-pl\/keys-pl\/obd-star-keys-pl\/obdstar-x300-mini-vag\/#breadcrumb"},"inLanguage":"pl-PL","potentialAction":[{"@type":"ReadAction","target":["https:\/\/chiptuningmarket.com\/pl\/shop\/programatory-pl\/keys-pl\/obd-star-keys-pl\/obdstar-x300-mini-vag\/"]}]},{"@type":"ImageObject","inLanguage":"pl-PL","@id":"https:\/\/chiptuningmarket.com\/pl\/shop\/programatory-pl\/keys-pl\/obd-star-keys-pl\/obdstar-x300-mini-vag\/#primaryimage","url":"https:\/\/chiptuningmarket.com\/wp-content\/uploads\/2025\/04\/big_X300MINI-main.png","contentUrl":"https:\/\/chiptuningmarket.com\/wp-content\/uploads\/2025\/04\/big_X300MINI-main.png","width":800,"height":800,"caption":"OBDSTAR X300 MINI - VAG"},{"@type":"BreadcrumbList","@id":"https:\/\/chiptuningmarket.com\/pl\/shop\/programatory-pl\/keys-pl\/obd-star-keys-pl\/obdstar-x300-mini-vag\/#breadcrumb","itemListElement":[{"@type":"ListItem","position":1,"name":"Home","item":"https:\/\/chiptuningmarket.com\/pl\/"},{"@type":"ListItem","position":2,"name":"Sklep","item":"https:\/\/chiptuningmarket.com\/pl\/shop\/"},{"@type":"ListItem","position":3,"name":"OBDSTAR X300 MINI &#8211; VAG"}]},{"@type":"WebSite","@id":"https:\/\/chiptuningmarket.com\/pl\/#website","url":"https:\/\/chiptuningmarket.com\/pl\/","name":"Chiptuningmarket","description":"Biggest chiptuning shop in Europe","publisher":{"@id":"https:\/\/chiptuningmarket.com\/pl\/#organization"},"alternateName":"Worldwide ecu tools supplier","potentialAction":[{"@type":"SearchAction","target":{"@type":"EntryPoint","urlTemplate":"https:\/\/chiptuningmarket.com\/pl\/?s={search_term_string}"},"query-input":{"@type":"PropertyValueSpecification","valueRequired":true,"valueName":"search_term_string"}}],"inLanguage":"pl-PL"},{"@type":"Organization","@id":"https:\/\/chiptuningmarket.com\/pl\/#organization","name":"Chiptuningmarket","alternateName":"Chiptuning tools supplier","url":"https:\/\/chiptuningmarket.com\/pl\/","logo":{"@type":"ImageObject","inLanguage":"pl-PL","@id":"https:\/\/chiptuningmarket.com\/pl\/#\/schema\/logo\/image\/","url":"https:\/\/chiptuningmarket.com\/wp-content\/uploads\/2023\/05\/logo-ChipTuningMarket-social.png","contentUrl":"https:\/\/chiptuningmarket.com\/wp-content\/uploads\/2023\/05\/logo-ChipTuningMarket-social.png","width":512,"height":512,"caption":"Chiptuningmarket"},"image":{"@id":"https:\/\/chiptuningmarket.com\/pl\/#\/schema\/logo\/image\/"}}]}},"_links":{"self":[{"href":"https:\/\/chiptuningmarket.com\/pl\/wp-json\/wp\/v2\/product\/46842","targetHints":{"allow":["GET"]}}],"collection":[{"href":"https:\/\/chiptuningmarket.com\/pl\/wp-json\/wp\/v2\/product"}],"about":[{"href":"https:\/\/chiptuningmarket.com\/pl\/wp-json\/wp\/v2\/types\/product"}],"wp:featuredmedia":[{"embeddable":true,"href":"https:\/\/chiptuningmarket.com\/pl\/wp-json\/wp\/v2\/media\/41860"}],"wp:attachment":[{"href":"https:\/\/chiptuningmarket.com\/pl\/wp-json\/wp\/v2\/media?parent=46842"}],"wp:term":[{"taxonomy":"product_brand","embeddable":true,"href":"https:\/\/chiptuningmarket.com\/pl\/wp-json\/wp\/v2\/product_brand?post=46842"},{"taxonomy":"product_cat","embeddable":true,"href":"https:\/\/chiptuningmarket.com\/pl\/wp-json\/wp\/v2\/product_cat?post=46842"},{"taxonomy":"product_tag","embeddable":true,"href":"https:\/\/chiptuningmarket.com\/pl\/wp-json\/wp\/v2\/product_tag?post=46842"}],"curies":[{"name":"wp","href":"https:\/\/api.w.org\/{rel}","templated":true}]}}