{"id":474365,"date":"2026-04-08T10:06:26","date_gmt":"2026-04-08T09:06:26","guid":{"rendered":"https:\/\/chiptuningmarket.com\/?post_type=product&#038;p=474365"},"modified":"2026-04-08T10:06:42","modified_gmt":"2026-04-08T09:06:42","slug":"przewod-autovei-dc2u-vrdu-d265111023","status":"publish","type":"product","link":"https:\/\/chiptuningmarket.com\/pl\/shop\/akcesoria-chiptuning-pl\/przewody-autovei-pl\/przewod-autovei-dc2u-vrdu-d265111023\/","title":{"rendered":"Przew\u00f3d AutoVEI DC2U-VRDU D265111023"},"content":{"rendered":"<p><strong>AutoVEI ORI DC2U-VRDU<\/strong> to specjalistyczny przew\u00f3d diagnostyczny przeznaczony do wsp\u00f3\u0142pracy z AutoVEI Truck Explorer oraz interfejsem Direct Connect 2U (DC2U). Umo\u017cliwia bezpo\u015bredni\u0105 komunikacj\u0119 z modu\u0142ami <strong>VRDU<\/strong> (radar \/ Active Brake Assist) pojazd\u00f3w ci\u0119\u017carowych marki Mercedes.<\/p>\n","protected":false},"excerpt":{"rendered":"<p><strong>AutoVEI ORI DC2U-VRDU<\/strong> to specjalistyczny przew\u00f3d diagnostyczny przeznaczony do wsp\u00f3\u0142pracy z AutoVEI Truck Explorer oraz interfejsem Direct Connect 2U (DC2U). Umo\u017cliwia bezpo\u015bredni\u0105 komunikacj\u0119 z modu\u0142ami <strong>VRDU<\/strong> (radar \/ Active Brake Assist) pojazd\u00f3w ci\u0119\u017carowych marki Mercedes.<\/p>\n","protected":false},"featured_media":474372,"template":"","meta":{"_monsterinsights_skip_tracking":false,"_monsterinsights_sitenote_active":false,"_monsterinsights_sitenote_note":"","_monsterinsights_sitenote_category":0},"product_brand":[],"product_cat":[5060,5085],"product_tag":[9611,9612,3243,8035,9059,9098,4579,9613,9614],"class_list":{"0":"post-474365","1":"product","2":"type-product","3":"status-publish","4":"has-post-thumbnail","6":"product_cat-akcesoria-chiptuning-pl","7":"product_cat-przewody-autovei-pl","8":"product_tag-active-brake-assist","9":"product_tag-dc2u-vrdu","10":"product_tag-diagnostyka-ciezarowek","11":"product_tag-diagnostyka-ecu","12":"product_tag-direct-connect","13":"product_tag-mercedes-truck-diagnostyka","14":"product_tag-przewod-diagnostyczny","15":"product_tag-systemy-bezpieczenstwa","16":"product_tag-truck-explorer-vei","18":"first","19":"instock","20":"taxable","21":"shipping-taxable","22":"purchasable","23":"product-type-simple"},"yoast_head":"<!-- This site is optimized with the Yoast SEO plugin v25.2 - https:\/\/yoast.com\/wordpress\/plugins\/seo\/ -->\n<title>Przew\u00f3d AutoVEI DC2U-VRDU D265111023 - Chiptuningmarket<\/title>\n<meta name=\"description\" content=\"AutoVEI ORI DC2U-VRDU to specjalistyczny przew\u00f3d diagnostyczny przeznaczony do wsp\u00f3\u0142pracy z AutoVEI Truck Explorer oraz interfejsem Direct Connect 2U (DC2U). Umo\u017cliwia bezpo\u015bredni\u0105 komunikacj\u0119 z modu\u0142ami VRDU (radar \/ Active Brake Assist) pojazd\u00f3w ci\u0119\u017carowych marki Mercedes.\" \/>\n<meta name=\"robots\" content=\"index, follow, max-snippet:-1, max-image-preview:large, max-video-preview:-1\" \/>\n<link rel=\"canonical\" href=\"https:\/\/chiptuningmarket.com\/pl\/shop\/akcesoria-chiptuning-pl\/przewody-autovei-pl\/przewod-autovei-dc2u-vrdu-d265111023\/\" \/>\n<meta property=\"og:locale\" content=\"pl_PL\" \/>\n<meta property=\"og:type\" content=\"article\" \/>\n<meta property=\"og:title\" content=\"Przew\u00f3d AutoVEI DC2U-VRDU D265111023 - Chiptuningmarket\" \/>\n<meta property=\"og:description\" content=\"AutoVEI ORI DC2U-VRDU to specjalistyczny przew\u00f3d diagnostyczny przeznaczony do wsp\u00f3\u0142pracy z AutoVEI Truck Explorer oraz interfejsem Direct Connect 2U (DC2U). Umo\u017cliwia bezpo\u015bredni\u0105 komunikacj\u0119 z modu\u0142ami VRDU (radar \/ Active Brake Assist) pojazd\u00f3w ci\u0119\u017carowych marki Mercedes.\" \/>\n<meta property=\"og:url\" content=\"https:\/\/chiptuningmarket.com\/pl\/shop\/akcesoria-chiptuning-pl\/przewody-autovei-pl\/przewod-autovei-dc2u-vrdu-d265111023\/\" \/>\n<meta property=\"og:site_name\" content=\"Chiptuningmarket\" \/>\n<meta property=\"article:modified_time\" content=\"2026-04-08T09:06:42+00:00\" \/>\n<meta property=\"og:image\" content=\"https:\/\/chiptuningmarket.com\/wp-content\/uploads\/2026\/04\/Przewod-AutoVEI-ori-DC2U-VRDU-D265111023-1.png\" \/>\n\t<meta property=\"og:image:width\" content=\"1500\" \/>\n\t<meta property=\"og:image:height\" content=\"2000\" \/>\n\t<meta property=\"og:image:type\" content=\"image\/png\" \/>\n<meta name=\"twitter:card\" content=\"summary_large_image\" \/>\n<meta name=\"twitter:label1\" content=\"Szacowany czas czytania\" \/>\n\t<meta name=\"twitter:data1\" content=\"1 minuta\" \/>\n<script type=\"application\/ld+json\" class=\"yoast-schema-graph\">{\"@context\":\"https:\/\/schema.org\",\"@graph\":[{\"@type\":\"WebPage\",\"@id\":\"https:\/\/chiptuningmarket.com\/pl\/shop\/akcesoria-chiptuning-pl\/przewody-autovei-pl\/przewod-autovei-dc2u-vrdu-d265111023\/\",\"url\":\"https:\/\/chiptuningmarket.com\/pl\/shop\/akcesoria-chiptuning-pl\/przewody-autovei-pl\/przewod-autovei-dc2u-vrdu-d265111023\/\",\"name\":\"Przew\u00f3d AutoVEI DC2U-VRDU D265111023 - Chiptuningmarket\",\"isPartOf\":{\"@id\":\"https:\/\/chiptuningmarket.com\/ru\/#website\"},\"primaryImageOfPage\":{\"@id\":\"https:\/\/chiptuningmarket.com\/pl\/shop\/akcesoria-chiptuning-pl\/przewody-autovei-pl\/przewod-autovei-dc2u-vrdu-d265111023\/#primaryimage\"},\"image\":{\"@id\":\"https:\/\/chiptuningmarket.com\/pl\/shop\/akcesoria-chiptuning-pl\/przewody-autovei-pl\/przewod-autovei-dc2u-vrdu-d265111023\/#primaryimage\"},\"thumbnailUrl\":\"https:\/\/chiptuningmarket.com\/wp-content\/uploads\/2026\/04\/Przewod-AutoVEI-ori-DC2U-VRDU-D265111023-1.png\",\"datePublished\":\"2026-04-08T09:06:26+00:00\",\"dateModified\":\"2026-04-08T09:06:42+00:00\",\"description\":\"AutoVEI ORI DC2U-VRDU to specjalistyczny przew\u00f3d diagnostyczny przeznaczony do wsp\u00f3\u0142pracy z AutoVEI Truck Explorer oraz interfejsem Direct Connect 2U (DC2U). Umo\u017cliwia bezpo\u015bredni\u0105 komunikacj\u0119 z modu\u0142ami VRDU (radar \/ Active Brake Assist) pojazd\u00f3w ci\u0119\u017carowych marki Mercedes.\",\"breadcrumb\":{\"@id\":\"https:\/\/chiptuningmarket.com\/pl\/shop\/akcesoria-chiptuning-pl\/przewody-autovei-pl\/przewod-autovei-dc2u-vrdu-d265111023\/#breadcrumb\"},\"inLanguage\":\"pl-PL\",\"potentialAction\":[{\"@type\":\"ReadAction\",\"target\":[\"https:\/\/chiptuningmarket.com\/pl\/shop\/akcesoria-chiptuning-pl\/przewody-autovei-pl\/przewod-autovei-dc2u-vrdu-d265111023\/\"]}]},{\"@type\":\"ImageObject\",\"inLanguage\":\"pl-PL\",\"@id\":\"https:\/\/chiptuningmarket.com\/pl\/shop\/akcesoria-chiptuning-pl\/przewody-autovei-pl\/przewod-autovei-dc2u-vrdu-d265111023\/#primaryimage\",\"url\":\"https:\/\/chiptuningmarket.com\/wp-content\/uploads\/2026\/04\/Przewod-AutoVEI-ori-DC2U-VRDU-D265111023-1.png\",\"contentUrl\":\"https:\/\/chiptuningmarket.com\/wp-content\/uploads\/2026\/04\/Przewod-AutoVEI-ori-DC2U-VRDU-D265111023-1.png\",\"width\":1500,\"height\":2000},{\"@type\":\"BreadcrumbList\",\"@id\":\"https:\/\/chiptuningmarket.com\/pl\/shop\/akcesoria-chiptuning-pl\/przewody-autovei-pl\/przewod-autovei-dc2u-vrdu-d265111023\/#breadcrumb\",\"itemListElement\":[{\"@type\":\"ListItem\",\"position\":1,\"name\":\"Home\",\"item\":\"https:\/\/chiptuningmarket.com\/pl\/\"},{\"@type\":\"ListItem\",\"position\":2,\"name\":\"Sklep\",\"item\":\"https:\/\/chiptuningmarket.com\/pl\/shop\/\"},{\"@type\":\"ListItem\",\"position\":3,\"name\":\"Przew\u00f3d AutoVEI DC2U-VRDU D265111023\"}]},{\"@type\":\"WebSite\",\"@id\":\"https:\/\/chiptuningmarket.com\/ru\/#website\",\"url\":\"https:\/\/chiptuningmarket.com\/ru\/\",\"name\":\"Chiptuningmarket\",\"description\":\"Biggest chiptuning shop in Europe\",\"publisher\":{\"@id\":\"https:\/\/chiptuningmarket.com\/ru\/#organization\"},\"alternateName\":\"Worldwide ecu tools supplier\",\"potentialAction\":[{\"@type\":\"SearchAction\",\"target\":{\"@type\":\"EntryPoint\",\"urlTemplate\":\"https:\/\/chiptuningmarket.com\/ru\/?s={search_term_string}\"},\"query-input\":{\"@type\":\"PropertyValueSpecification\",\"valueRequired\":true,\"valueName\":\"search_term_string\"}}],\"inLanguage\":\"pl-PL\"},{\"@type\":\"Organization\",\"@id\":\"https:\/\/chiptuningmarket.com\/ru\/#organization\",\"name\":\"Chiptuningmarket\",\"alternateName\":\"Chiptuning tools supplier\",\"url\":\"https:\/\/chiptuningmarket.com\/ru\/\",\"logo\":{\"@type\":\"ImageObject\",\"inLanguage\":\"pl-PL\",\"@id\":\"https:\/\/chiptuningmarket.com\/ru\/#\/schema\/logo\/image\/\",\"url\":\"https:\/\/chiptuningmarket.com\/wp-content\/uploads\/2023\/05\/logo-ChipTuningMarket-social.png\",\"contentUrl\":\"https:\/\/chiptuningmarket.com\/wp-content\/uploads\/2023\/05\/logo-ChipTuningMarket-social.png\",\"width\":512,\"height\":512,\"caption\":\"Chiptuningmarket\"},\"image\":{\"@id\":\"https:\/\/chiptuningmarket.com\/ru\/#\/schema\/logo\/image\/\"}}]}<\/script>\n<!-- \/ Yoast SEO plugin. -->","yoast_head_json":{"title":"Przew\u00f3d AutoVEI DC2U-VRDU D265111023 - Chiptuningmarket","description":"AutoVEI ORI DC2U-VRDU to specjalistyczny przew\u00f3d diagnostyczny przeznaczony do wsp\u00f3\u0142pracy z AutoVEI Truck Explorer oraz interfejsem Direct Connect 2U (DC2U). Umo\u017cliwia bezpo\u015bredni\u0105 komunikacj\u0119 z modu\u0142ami VRDU (radar \/ Active Brake Assist) pojazd\u00f3w ci\u0119\u017carowych marki Mercedes.","robots":{"index":"index","follow":"follow","max-snippet":"max-snippet:-1","max-image-preview":"max-image-preview:large","max-video-preview":"max-video-preview:-1"},"canonical":"https:\/\/chiptuningmarket.com\/pl\/shop\/akcesoria-chiptuning-pl\/przewody-autovei-pl\/przewod-autovei-dc2u-vrdu-d265111023\/","og_locale":"pl_PL","og_type":"article","og_title":"Przew\u00f3d AutoVEI DC2U-VRDU D265111023 - Chiptuningmarket","og_description":"AutoVEI ORI DC2U-VRDU to specjalistyczny przew\u00f3d diagnostyczny przeznaczony do wsp\u00f3\u0142pracy z AutoVEI Truck Explorer oraz interfejsem Direct Connect 2U (DC2U). Umo\u017cliwia bezpo\u015bredni\u0105 komunikacj\u0119 z modu\u0142ami VRDU (radar \/ Active Brake Assist) pojazd\u00f3w ci\u0119\u017carowych marki Mercedes.","og_url":"https:\/\/chiptuningmarket.com\/pl\/shop\/akcesoria-chiptuning-pl\/przewody-autovei-pl\/przewod-autovei-dc2u-vrdu-d265111023\/","og_site_name":"Chiptuningmarket","article_modified_time":"2026-04-08T09:06:42+00:00","og_image":[{"width":1500,"height":2000,"url":"https:\/\/chiptuningmarket.com\/wp-content\/uploads\/2026\/04\/Przewod-AutoVEI-ori-DC2U-VRDU-D265111023-1.png","type":"image\/png"}],"twitter_card":"summary_large_image","twitter_misc":{"Szacowany czas czytania":"1 minuta"},"schema":{"@context":"https:\/\/schema.org","@graph":[{"@type":"WebPage","@id":"https:\/\/chiptuningmarket.com\/pl\/shop\/akcesoria-chiptuning-pl\/przewody-autovei-pl\/przewod-autovei-dc2u-vrdu-d265111023\/","url":"https:\/\/chiptuningmarket.com\/pl\/shop\/akcesoria-chiptuning-pl\/przewody-autovei-pl\/przewod-autovei-dc2u-vrdu-d265111023\/","name":"Przew\u00f3d AutoVEI DC2U-VRDU D265111023 - Chiptuningmarket","isPartOf":{"@id":"https:\/\/chiptuningmarket.com\/ru\/#website"},"primaryImageOfPage":{"@id":"https:\/\/chiptuningmarket.com\/pl\/shop\/akcesoria-chiptuning-pl\/przewody-autovei-pl\/przewod-autovei-dc2u-vrdu-d265111023\/#primaryimage"},"image":{"@id":"https:\/\/chiptuningmarket.com\/pl\/shop\/akcesoria-chiptuning-pl\/przewody-autovei-pl\/przewod-autovei-dc2u-vrdu-d265111023\/#primaryimage"},"thumbnailUrl":"https:\/\/chiptuningmarket.com\/wp-content\/uploads\/2026\/04\/Przewod-AutoVEI-ori-DC2U-VRDU-D265111023-1.png","datePublished":"2026-04-08T09:06:26+00:00","dateModified":"2026-04-08T09:06:42+00:00","description":"AutoVEI ORI DC2U-VRDU to specjalistyczny przew\u00f3d diagnostyczny przeznaczony do wsp\u00f3\u0142pracy z AutoVEI Truck Explorer oraz interfejsem Direct Connect 2U (DC2U). Umo\u017cliwia bezpo\u015bredni\u0105 komunikacj\u0119 z modu\u0142ami VRDU (radar \/ Active Brake Assist) pojazd\u00f3w ci\u0119\u017carowych marki Mercedes.","breadcrumb":{"@id":"https:\/\/chiptuningmarket.com\/pl\/shop\/akcesoria-chiptuning-pl\/przewody-autovei-pl\/przewod-autovei-dc2u-vrdu-d265111023\/#breadcrumb"},"inLanguage":"pl-PL","potentialAction":[{"@type":"ReadAction","target":["https:\/\/chiptuningmarket.com\/pl\/shop\/akcesoria-chiptuning-pl\/przewody-autovei-pl\/przewod-autovei-dc2u-vrdu-d265111023\/"]}]},{"@type":"ImageObject","inLanguage":"pl-PL","@id":"https:\/\/chiptuningmarket.com\/pl\/shop\/akcesoria-chiptuning-pl\/przewody-autovei-pl\/przewod-autovei-dc2u-vrdu-d265111023\/#primaryimage","url":"https:\/\/chiptuningmarket.com\/wp-content\/uploads\/2026\/04\/Przewod-AutoVEI-ori-DC2U-VRDU-D265111023-1.png","contentUrl":"https:\/\/chiptuningmarket.com\/wp-content\/uploads\/2026\/04\/Przewod-AutoVEI-ori-DC2U-VRDU-D265111023-1.png","width":1500,"height":2000},{"@type":"BreadcrumbList","@id":"https:\/\/chiptuningmarket.com\/pl\/shop\/akcesoria-chiptuning-pl\/przewody-autovei-pl\/przewod-autovei-dc2u-vrdu-d265111023\/#breadcrumb","itemListElement":[{"@type":"ListItem","position":1,"name":"Home","item":"https:\/\/chiptuningmarket.com\/pl\/"},{"@type":"ListItem","position":2,"name":"Sklep","item":"https:\/\/chiptuningmarket.com\/pl\/shop\/"},{"@type":"ListItem","position":3,"name":"Przew\u00f3d AutoVEI DC2U-VRDU D265111023"}]},{"@type":"WebSite","@id":"https:\/\/chiptuningmarket.com\/ru\/#website","url":"https:\/\/chiptuningmarket.com\/ru\/","name":"Chiptuningmarket","description":"Biggest chiptuning shop in Europe","publisher":{"@id":"https:\/\/chiptuningmarket.com\/ru\/#organization"},"alternateName":"Worldwide ecu tools supplier","potentialAction":[{"@type":"SearchAction","target":{"@type":"EntryPoint","urlTemplate":"https:\/\/chiptuningmarket.com\/ru\/?s={search_term_string}"},"query-input":{"@type":"PropertyValueSpecification","valueRequired":true,"valueName":"search_term_string"}}],"inLanguage":"pl-PL"},{"@type":"Organization","@id":"https:\/\/chiptuningmarket.com\/ru\/#organization","name":"Chiptuningmarket","alternateName":"Chiptuning tools supplier","url":"https:\/\/chiptuningmarket.com\/ru\/","logo":{"@type":"ImageObject","inLanguage":"pl-PL","@id":"https:\/\/chiptuningmarket.com\/ru\/#\/schema\/logo\/image\/","url":"https:\/\/chiptuningmarket.com\/wp-content\/uploads\/2023\/05\/logo-ChipTuningMarket-social.png","contentUrl":"https:\/\/chiptuningmarket.com\/wp-content\/uploads\/2023\/05\/logo-ChipTuningMarket-social.png","width":512,"height":512,"caption":"Chiptuningmarket"},"image":{"@id":"https:\/\/chiptuningmarket.com\/ru\/#\/schema\/logo\/image\/"}}]}},"_links":{"self":[{"href":"https:\/\/chiptuningmarket.com\/pl\/wp-json\/wp\/v2\/product\/474365","targetHints":{"allow":["GET"]}}],"collection":[{"href":"https:\/\/chiptuningmarket.com\/pl\/wp-json\/wp\/v2\/product"}],"about":[{"href":"https:\/\/chiptuningmarket.com\/pl\/wp-json\/wp\/v2\/types\/product"}],"wp:featuredmedia":[{"embeddable":true,"href":"https:\/\/chiptuningmarket.com\/pl\/wp-json\/wp\/v2\/media\/474372"}],"wp:attachment":[{"href":"https:\/\/chiptuningmarket.com\/pl\/wp-json\/wp\/v2\/media?parent=474365"}],"wp:term":[{"taxonomy":"product_brand","embeddable":true,"href":"https:\/\/chiptuningmarket.com\/pl\/wp-json\/wp\/v2\/product_brand?post=474365"},{"taxonomy":"product_cat","embeddable":true,"href":"https:\/\/chiptuningmarket.com\/pl\/wp-json\/wp\/v2\/product_cat?post=474365"},{"taxonomy":"product_tag","embeddable":true,"href":"https:\/\/chiptuningmarket.com\/pl\/wp-json\/wp\/v2\/product_tag?post=474365"}],"curies":[{"name":"wp","href":"https:\/\/api.w.org\/{rel}","templated":true}]}}