{"id":474661,"date":"2026-04-14T14:24:13","date_gmt":"2026-04-14T13:24:13","guid":{"rendered":"https:\/\/chiptuningmarket.com\/?post_type=product&#038;p=474661"},"modified":"2026-04-14T14:34:57","modified_gmt":"2026-04-14T13:34:57","slug":"przewod-scanmatik-tunerwire-tw1","status":"publish","type":"product","link":"https:\/\/chiptuningmarket.com\/pl\/shop\/akcesoria-chiptuning-pl\/scanmatik-pl\/przewod-scanmatik-tunerwire-tw1\/","title":{"rendered":"Przew\u00f3d Scanmatik TunerWire TW1"},"content":{"rendered":"<h2 style=\"text-align: center\">Przew\u00f3d Scanmatik TunerWire TW1<\/h2>\n<p data-start=\"0\" data-end=\"63\">Uniwersalny przew\u00f3d <strong>TunerWire TW1<\/strong> do <strong>Scanmatik<\/strong> 3 i po\u0142\u0105cze\u0144 z ECU.<\/p>\n<h3 data-start=\"65\" data-end=\"73\">Funkcje:<\/h3>\n<ul data-start=\"75\" data-end=\"1339\">\n<li data-section-id=\"l0gsqm\" data-start=\"75\" data-end=\"276\">Unikalny uk\u0142ad kondycjonowania sygna\u0142u GPT eliminuj\u0105cy potrzeb\u0119 stosowania zewn\u0119trznych kondensator\u00f3w\/rezystor\u00f3w dla sterownik\u00f3w z rodziny EDC, takich jak EDC7C32, EDC16CP33, EDC17C49 i wielu innych.<\/li>\n<li data-section-id=\"2gppy8\" data-start=\"278\" data-end=\"381\">Testowany na wszystkich sterownikach EDC\/Simos obs\u0142ugiwanych przez PCMflash, BitBox i Combiloader.<\/li>\n<li data-section-id=\"ercvxj\" data-start=\"383\" data-end=\"474\">Prze\u0142\u0105cznik obej\u015bcia zasilania ECU z wbudowanym wska\u017anikiem stanu linii VECU.<\/li>\n<li data-section-id=\"1cemkqn\" data-start=\"476\" data-end=\"668\">Zwi\u0119kszona moc rezystora terminuj\u0105cego CAN zapewnia stabiln\u0105 prac\u0119 w d\u0142ugim okresie: nie ulega spaleniu ani zmianie parametr\u00f3w w przypadku nieprawid\u0142owego pod\u0142\u0105czenia do pin\u00f3w zasilania ECU.<\/li>\n<li data-section-id=\"1ab866h\" data-start=\"670\" data-end=\"779\">Wszystkie linie sygna\u0142owe i zasilaj\u0105ce s\u0105 zabezpieczone przed zwarciem, przepi\u0119ciem i odwrotn\u0105 polaryzacj\u0105.<\/li>\n<li data-section-id=\"f1cme0\" data-start=\"781\" data-end=\"870\">Wzmocniony prze\u0142\u0105cznik MOSFET do ECU wymagaj\u0105cych wysokiego pr\u0105du rozruchowego (do 8A).<\/li>\n<li data-section-id=\"gtehp9\" data-start=\"872\" data-end=\"983\">Wygodnie ukszta\u0142towane klipsy krokodylkowe BOOT\/CNF, kt\u00f3re nie zsuwaj\u0105 si\u0119 ani nie przekr\u0119caj\u0105 podczas pracy.<\/li>\n<li data-section-id=\"trj5q0\" data-start=\"985\" data-end=\"1041\">Przewody w kolorach zgodnych ze specyfikacj\u0105 PCMFlash.<\/li>\n<li data-section-id=\"14cwbz4\" data-start=\"1043\" data-end=\"1168\">Ko\u0144c\u00f3wki zaciskowe wykonane ze sztywnej koszulki termokurczliwej zapobiegaj\u0105cej wyginaniu podczas pod\u0142\u0105czania do pin\u00f3w ECU.<\/li>\n<li data-section-id=\"1iroy26\" data-start=\"1170\" data-end=\"1216\">Wska\u017aniki LED stanu linii BOOT\/CNF oraz Vpp.<\/li>\n<li data-section-id=\"1assy3n\" data-start=\"1218\" data-end=\"1265\">Podstawka dolna zapewniaj\u0105ca stabilno\u015b\u0107.<\/li>\n<li data-section-id=\"1bl5th0\" data-start=\"1267\" data-end=\"1339\">Do\u0142\u0105czone z\u0142\u0105cza do ECU z \u201edu\u017cymi\u201d p\u0142askimi lub okr\u0105g\u0142ymi terminalami.<\/li>\n<\/ul>\n<h3 data-start=\"1341\" data-end=\"1354\">Specyfikacja:<\/h3>\n<ul data-start=\"1356\" data-end=\"1429\">\n<li data-section-id=\"8pgum3\" data-start=\"1356\" data-end=\"1384\"><strong>Napi\u0119cie zasilania:<\/strong> 12\u201336V<\/li>\n<li data-section-id=\"1u6z21j\" data-start=\"1386\" data-end=\"1412\"><strong>D\u0142ugo\u015b\u0107 przewod\u00f3w:<\/strong> 0,6 m<\/li>\n<li data-section-id=\"mq3g3a\" data-start=\"1414\" data-end=\"1429\"><strong>Waga:<\/strong> 0,15 kg<\/li>\n<\/ul>\n<h3 data-start=\"1431\" data-end=\"1452\">Zawarto\u015b\u0107 opakowania:<\/h3>\n<ul data-start=\"1454\" data-end=\"1585\" data-is-only-node=\"\" data-is-last-node=\"\">\n<li data-section-id=\"1p2wd94\" data-start=\"1454\" data-end=\"1471\">Przew\u00f3d Scanmatik TunerWire TW1<\/li>\n<li data-section-id=\"kza2vf\" data-start=\"1473\" data-end=\"1531\">Zestaw 7 z\u0142\u0105czy do \u201edu\u017cych\u201d p\u0142askich pin\u00f3w (Lyra 2.1 mm)<\/li>\n<li data-section-id=\"smah8f\" data-start=\"1533\" data-end=\"1585\" data-is-last-node=\"\">Zestaw 7 z\u0142\u0105czy do \u201edu\u017cych\u201d okr\u0105g\u0142ych pin\u00f3w (2 mm)<\/li>\n<\/ul>\n<p><strong>W ofercie r\u00f3wnie\u017c:<br \/>\n<span style=\"color: #0000ff\"><a style=\"color: #0000ff\" href=\"https:\/\/chiptuningmarket.com\/pl\/shop\/akcesoria-chiptuning-pl\/przewody-scanmatik-pl\/przewod-scanmatik-bench-boot-edc17-med17-md-mg1-pcm-flash-module-53-71-77-92\/\">Przew\u00f3d Scanmatik Bench<\/a><\/span><br \/>\n<span style=\"color: #0000ff\"><a style=\"color: #0000ff\" href=\"https:\/\/chiptuningmarket.com\/pl\/shop\/urzadzenia-diagnostyczne-pl-pl\/j2534-oem-pl\/scanmatik-j2534-oem-pl\/scanmatik-3\/\">Scanmatik 3<\/a><\/span><\/strong><\/p>\n","protected":false},"excerpt":{"rendered":"<p data-start=\"0\" data-end=\"63\">Uniwersalny przew\u00f3d <strong>TunerWire TW1<\/strong> do <strong>Scanmatik<\/strong> 3 i po\u0142\u0105cze\u0144 z ECU.<\/p>\n<p data-start=\"1341\" data-end=\"1354\"><strong>Specyfikacja:<\/strong><\/p>\n<ul data-start=\"1356\" data-end=\"1429\">\n<li data-section-id=\"8pgum3\" data-start=\"1356\" data-end=\"1384\"><strong>Napi\u0119cie zasilania:<\/strong> 12\u201336V<\/li>\n<li data-section-id=\"1u6z21j\" data-start=\"1386\" data-end=\"1412\"><strong>D\u0142ugo\u015b\u0107 przewod\u00f3w:<\/strong> 0,6 m<\/li>\n<li data-section-id=\"mq3g3a\" data-start=\"1414\" data-end=\"1429\"><strong>Waga:<\/strong> 0,15 kg<\/li>\n<\/ul>\n<p data-start=\"1431\" data-end=\"1452\"><strong>Zawarto\u015b\u0107 opakowania:<\/strong><\/p>\n<ul data-start=\"1454\" data-end=\"1585\" data-is-only-node=\"\" data-is-last-node=\"\">\n<li data-section-id=\"1p2wd94\" data-start=\"1454\" data-end=\"1471\">Przew\u00f3d Scanmatik TunerWire TW1<\/li>\n<li data-section-id=\"kza2vf\" data-start=\"1473\" data-end=\"1531\">Zestaw 7 z\u0142\u0105czy do \u201edu\u017cych\u201d p\u0142askich pin\u00f3w (Lyra 2.1 mm)<\/li>\n<li data-section-id=\"smah8f\" data-start=\"1533\" data-end=\"1585\" data-is-last-node=\"\">Zestaw 7 z\u0142\u0105czy do \u201edu\u017cych\u201d okr\u0105g\u0142ych pin\u00f3w (2 mm)<\/li>\n<\/ul>\n","protected":false},"featured_media":474640,"template":"","meta":{"_monsterinsights_skip_tracking":false,"_monsterinsights_sitenote_active":false,"_monsterinsights_sitenote_note":"","_monsterinsights_sitenote_category":0},"product_brand":[],"product_cat":[5060,5072,5135],"product_tag":[8406,9672,9671,6905,9670,8412,9669,9674,9673],"class_list":{"0":"post-474661","1":"product","2":"type-product","3":"status-publish","4":"has-post-thumbnail","6":"product_cat-akcesoria-chiptuning-pl","7":"product_cat-nowosci-pl","8":"product_cat-scanmatik-pl","9":"product_tag-przewod-scanmatik","10":"product_tag-przewod-tunewire-sm3","11":"product_tag-scanmatik-2","12":"product_tag-scanmatik-3","13":"product_tag-sm2","14":"product_tag-sm3","15":"product_tag-sm3-bench","16":"product_tag-tunewire","17":"product_tag-tw1","19":"first","20":"instock","21":"taxable","22":"shipping-taxable","23":"purchasable","24":"product-type-simple"},"yoast_head":"<!-- This site is optimized with the Yoast SEO plugin v25.2 - https:\/\/yoast.com\/wordpress\/plugins\/seo\/ -->\n<title>Przew\u00f3d Scanmatik TunerWire TW1 - Chiptuningmarket<\/title>\n<meta name=\"description\" content=\"Przew\u00f3d Scanmatik TunerWire TW1 - Uniwersalny przew\u00f3d TunerWire TW1 do Scanmatik 3 i po\u0142\u0105cze\u0144 z ECU. Testowany na wszystkich sterownikach...\" \/>\n<meta name=\"robots\" content=\"index, follow, max-snippet:-1, max-image-preview:large, max-video-preview:-1\" \/>\n<link rel=\"canonical\" href=\"https:\/\/chiptuningmarket.com\/pl\/shop\/akcesoria-chiptuning-pl\/scanmatik-pl\/przewod-scanmatik-tunerwire-tw1\/\" \/>\n<meta property=\"og:locale\" content=\"pl_PL\" \/>\n<meta property=\"og:type\" content=\"article\" \/>\n<meta property=\"og:title\" content=\"Przew\u00f3d Scanmatik TunerWire TW1 - Chiptuningmarket\" \/>\n<meta property=\"og:description\" content=\"Przew\u00f3d Scanmatik TunerWire TW1 - Uniwersalny przew\u00f3d TunerWire TW1 do Scanmatik 3 i po\u0142\u0105cze\u0144 z ECU. Testowany na wszystkich sterownikach...\" \/>\n<meta property=\"og:url\" content=\"https:\/\/chiptuningmarket.com\/pl\/shop\/akcesoria-chiptuning-pl\/scanmatik-pl\/przewod-scanmatik-tunerwire-tw1\/\" \/>\n<meta property=\"og:site_name\" content=\"Chiptuningmarket\" \/>\n<meta property=\"article:modified_time\" content=\"2026-04-14T13:34:57+00:00\" \/>\n<meta property=\"og:image\" content=\"https:\/\/chiptuningmarket.com\/wp-content\/uploads\/2026\/04\/TunerWire-SM3.jpg\" \/>\n\t<meta property=\"og:image:width\" content=\"1024\" \/>\n\t<meta property=\"og:image:height\" content=\"1024\" \/>\n\t<meta property=\"og:image:type\" content=\"image\/jpeg\" \/>\n<meta name=\"twitter:card\" content=\"summary_large_image\" \/>\n<meta name=\"twitter:label1\" content=\"Szacowany czas czytania\" \/>\n\t<meta name=\"twitter:data1\" content=\"2 minuty\" \/>\n<script type=\"application\/ld+json\" class=\"yoast-schema-graph\">{\"@context\":\"https:\/\/schema.org\",\"@graph\":[{\"@type\":\"WebPage\",\"@id\":\"https:\/\/chiptuningmarket.com\/pl\/shop\/akcesoria-chiptuning-pl\/scanmatik-pl\/przewod-scanmatik-tunerwire-tw1\/\",\"url\":\"https:\/\/chiptuningmarket.com\/pl\/shop\/akcesoria-chiptuning-pl\/scanmatik-pl\/przewod-scanmatik-tunerwire-tw1\/\",\"name\":\"Przew\u00f3d Scanmatik TunerWire TW1 - Chiptuningmarket\",\"isPartOf\":{\"@id\":\"https:\/\/chiptuningmarket.com\/ru\/#website\"},\"primaryImageOfPage\":{\"@id\":\"https:\/\/chiptuningmarket.com\/pl\/shop\/akcesoria-chiptuning-pl\/scanmatik-pl\/przewod-scanmatik-tunerwire-tw1\/#primaryimage\"},\"image\":{\"@id\":\"https:\/\/chiptuningmarket.com\/pl\/shop\/akcesoria-chiptuning-pl\/scanmatik-pl\/przewod-scanmatik-tunerwire-tw1\/#primaryimage\"},\"thumbnailUrl\":\"https:\/\/chiptuningmarket.com\/wp-content\/uploads\/2026\/04\/TunerWire-SM3.jpg\",\"datePublished\":\"2026-04-14T13:24:13+00:00\",\"dateModified\":\"2026-04-14T13:34:57+00:00\",\"description\":\"Przew\u00f3d Scanmatik TunerWire TW1 - Uniwersalny przew\u00f3d TunerWire TW1 do Scanmatik 3 i po\u0142\u0105cze\u0144 z ECU. Testowany na wszystkich sterownikach...\",\"breadcrumb\":{\"@id\":\"https:\/\/chiptuningmarket.com\/pl\/shop\/akcesoria-chiptuning-pl\/scanmatik-pl\/przewod-scanmatik-tunerwire-tw1\/#breadcrumb\"},\"inLanguage\":\"pl-PL\",\"potentialAction\":[{\"@type\":\"ReadAction\",\"target\":[\"https:\/\/chiptuningmarket.com\/pl\/shop\/akcesoria-chiptuning-pl\/scanmatik-pl\/przewod-scanmatik-tunerwire-tw1\/\"]}]},{\"@type\":\"ImageObject\",\"inLanguage\":\"pl-PL\",\"@id\":\"https:\/\/chiptuningmarket.com\/pl\/shop\/akcesoria-chiptuning-pl\/scanmatik-pl\/przewod-scanmatik-tunerwire-tw1\/#primaryimage\",\"url\":\"https:\/\/chiptuningmarket.com\/wp-content\/uploads\/2026\/04\/TunerWire-SM3.jpg\",\"contentUrl\":\"https:\/\/chiptuningmarket.com\/wp-content\/uploads\/2026\/04\/TunerWire-SM3.jpg\",\"width\":1024,\"height\":1024,\"caption\":\"Przew\u00f3d Scanmatik TunerWire TW1\"},{\"@type\":\"BreadcrumbList\",\"@id\":\"https:\/\/chiptuningmarket.com\/pl\/shop\/akcesoria-chiptuning-pl\/scanmatik-pl\/przewod-scanmatik-tunerwire-tw1\/#breadcrumb\",\"itemListElement\":[{\"@type\":\"ListItem\",\"position\":1,\"name\":\"Home\",\"item\":\"https:\/\/chiptuningmarket.com\/pl\/\"},{\"@type\":\"ListItem\",\"position\":2,\"name\":\"Sklep\",\"item\":\"https:\/\/chiptuningmarket.com\/pl\/shop\/\"},{\"@type\":\"ListItem\",\"position\":3,\"name\":\"Przew\u00f3d Scanmatik TunerWire TW1\"}]},{\"@type\":\"WebSite\",\"@id\":\"https:\/\/chiptuningmarket.com\/ru\/#website\",\"url\":\"https:\/\/chiptuningmarket.com\/ru\/\",\"name\":\"Chiptuningmarket\",\"description\":\"Biggest chiptuning shop in Europe\",\"publisher\":{\"@id\":\"https:\/\/chiptuningmarket.com\/ru\/#organization\"},\"alternateName\":\"Worldwide ecu tools supplier\",\"potentialAction\":[{\"@type\":\"SearchAction\",\"target\":{\"@type\":\"EntryPoint\",\"urlTemplate\":\"https:\/\/chiptuningmarket.com\/ru\/?s={search_term_string}\"},\"query-input\":{\"@type\":\"PropertyValueSpecification\",\"valueRequired\":true,\"valueName\":\"search_term_string\"}}],\"inLanguage\":\"pl-PL\"},{\"@type\":\"Organization\",\"@id\":\"https:\/\/chiptuningmarket.com\/ru\/#organization\",\"name\":\"Chiptuningmarket\",\"alternateName\":\"Chiptuning tools supplier\",\"url\":\"https:\/\/chiptuningmarket.com\/ru\/\",\"logo\":{\"@type\":\"ImageObject\",\"inLanguage\":\"pl-PL\",\"@id\":\"https:\/\/chiptuningmarket.com\/ru\/#\/schema\/logo\/image\/\",\"url\":\"https:\/\/chiptuningmarket.com\/wp-content\/uploads\/2023\/05\/logo-ChipTuningMarket-social.png\",\"contentUrl\":\"https:\/\/chiptuningmarket.com\/wp-content\/uploads\/2023\/05\/logo-ChipTuningMarket-social.png\",\"width\":512,\"height\":512,\"caption\":\"Chiptuningmarket\"},\"image\":{\"@id\":\"https:\/\/chiptuningmarket.com\/ru\/#\/schema\/logo\/image\/\"}}]}<\/script>\n<!-- \/ Yoast SEO plugin. -->","yoast_head_json":{"title":"Przew\u00f3d Scanmatik TunerWire TW1 - Chiptuningmarket","description":"Przew\u00f3d Scanmatik TunerWire TW1 - Uniwersalny przew\u00f3d TunerWire TW1 do Scanmatik 3 i po\u0142\u0105cze\u0144 z ECU. Testowany na wszystkich sterownikach...","robots":{"index":"index","follow":"follow","max-snippet":"max-snippet:-1","max-image-preview":"max-image-preview:large","max-video-preview":"max-video-preview:-1"},"canonical":"https:\/\/chiptuningmarket.com\/pl\/shop\/akcesoria-chiptuning-pl\/scanmatik-pl\/przewod-scanmatik-tunerwire-tw1\/","og_locale":"pl_PL","og_type":"article","og_title":"Przew\u00f3d Scanmatik TunerWire TW1 - Chiptuningmarket","og_description":"Przew\u00f3d Scanmatik TunerWire TW1 - Uniwersalny przew\u00f3d TunerWire TW1 do Scanmatik 3 i po\u0142\u0105cze\u0144 z ECU. Testowany na wszystkich sterownikach...","og_url":"https:\/\/chiptuningmarket.com\/pl\/shop\/akcesoria-chiptuning-pl\/scanmatik-pl\/przewod-scanmatik-tunerwire-tw1\/","og_site_name":"Chiptuningmarket","article_modified_time":"2026-04-14T13:34:57+00:00","og_image":[{"width":1024,"height":1024,"url":"https:\/\/chiptuningmarket.com\/wp-content\/uploads\/2026\/04\/TunerWire-SM3.jpg","type":"image\/jpeg"}],"twitter_card":"summary_large_image","twitter_misc":{"Szacowany czas czytania":"2 minuty"},"schema":{"@context":"https:\/\/schema.org","@graph":[{"@type":"WebPage","@id":"https:\/\/chiptuningmarket.com\/pl\/shop\/akcesoria-chiptuning-pl\/scanmatik-pl\/przewod-scanmatik-tunerwire-tw1\/","url":"https:\/\/chiptuningmarket.com\/pl\/shop\/akcesoria-chiptuning-pl\/scanmatik-pl\/przewod-scanmatik-tunerwire-tw1\/","name":"Przew\u00f3d Scanmatik TunerWire TW1 - Chiptuningmarket","isPartOf":{"@id":"https:\/\/chiptuningmarket.com\/ru\/#website"},"primaryImageOfPage":{"@id":"https:\/\/chiptuningmarket.com\/pl\/shop\/akcesoria-chiptuning-pl\/scanmatik-pl\/przewod-scanmatik-tunerwire-tw1\/#primaryimage"},"image":{"@id":"https:\/\/chiptuningmarket.com\/pl\/shop\/akcesoria-chiptuning-pl\/scanmatik-pl\/przewod-scanmatik-tunerwire-tw1\/#primaryimage"},"thumbnailUrl":"https:\/\/chiptuningmarket.com\/wp-content\/uploads\/2026\/04\/TunerWire-SM3.jpg","datePublished":"2026-04-14T13:24:13+00:00","dateModified":"2026-04-14T13:34:57+00:00","description":"Przew\u00f3d Scanmatik TunerWire TW1 - Uniwersalny przew\u00f3d TunerWire TW1 do Scanmatik 3 i po\u0142\u0105cze\u0144 z ECU. Testowany na wszystkich sterownikach...","breadcrumb":{"@id":"https:\/\/chiptuningmarket.com\/pl\/shop\/akcesoria-chiptuning-pl\/scanmatik-pl\/przewod-scanmatik-tunerwire-tw1\/#breadcrumb"},"inLanguage":"pl-PL","potentialAction":[{"@type":"ReadAction","target":["https:\/\/chiptuningmarket.com\/pl\/shop\/akcesoria-chiptuning-pl\/scanmatik-pl\/przewod-scanmatik-tunerwire-tw1\/"]}]},{"@type":"ImageObject","inLanguage":"pl-PL","@id":"https:\/\/chiptuningmarket.com\/pl\/shop\/akcesoria-chiptuning-pl\/scanmatik-pl\/przewod-scanmatik-tunerwire-tw1\/#primaryimage","url":"https:\/\/chiptuningmarket.com\/wp-content\/uploads\/2026\/04\/TunerWire-SM3.jpg","contentUrl":"https:\/\/chiptuningmarket.com\/wp-content\/uploads\/2026\/04\/TunerWire-SM3.jpg","width":1024,"height":1024,"caption":"Przew\u00f3d Scanmatik TunerWire TW1"},{"@type":"BreadcrumbList","@id":"https:\/\/chiptuningmarket.com\/pl\/shop\/akcesoria-chiptuning-pl\/scanmatik-pl\/przewod-scanmatik-tunerwire-tw1\/#breadcrumb","itemListElement":[{"@type":"ListItem","position":1,"name":"Home","item":"https:\/\/chiptuningmarket.com\/pl\/"},{"@type":"ListItem","position":2,"name":"Sklep","item":"https:\/\/chiptuningmarket.com\/pl\/shop\/"},{"@type":"ListItem","position":3,"name":"Przew\u00f3d Scanmatik TunerWire TW1"}]},{"@type":"WebSite","@id":"https:\/\/chiptuningmarket.com\/ru\/#website","url":"https:\/\/chiptuningmarket.com\/ru\/","name":"Chiptuningmarket","description":"Biggest chiptuning shop in Europe","publisher":{"@id":"https:\/\/chiptuningmarket.com\/ru\/#organization"},"alternateName":"Worldwide ecu tools supplier","potentialAction":[{"@type":"SearchAction","target":{"@type":"EntryPoint","urlTemplate":"https:\/\/chiptuningmarket.com\/ru\/?s={search_term_string}"},"query-input":{"@type":"PropertyValueSpecification","valueRequired":true,"valueName":"search_term_string"}}],"inLanguage":"pl-PL"},{"@type":"Organization","@id":"https:\/\/chiptuningmarket.com\/ru\/#organization","name":"Chiptuningmarket","alternateName":"Chiptuning tools supplier","url":"https:\/\/chiptuningmarket.com\/ru\/","logo":{"@type":"ImageObject","inLanguage":"pl-PL","@id":"https:\/\/chiptuningmarket.com\/ru\/#\/schema\/logo\/image\/","url":"https:\/\/chiptuningmarket.com\/wp-content\/uploads\/2023\/05\/logo-ChipTuningMarket-social.png","contentUrl":"https:\/\/chiptuningmarket.com\/wp-content\/uploads\/2023\/05\/logo-ChipTuningMarket-social.png","width":512,"height":512,"caption":"Chiptuningmarket"},"image":{"@id":"https:\/\/chiptuningmarket.com\/ru\/#\/schema\/logo\/image\/"}}]}},"_links":{"self":[{"href":"https:\/\/chiptuningmarket.com\/pl\/wp-json\/wp\/v2\/product\/474661","targetHints":{"allow":["GET"]}}],"collection":[{"href":"https:\/\/chiptuningmarket.com\/pl\/wp-json\/wp\/v2\/product"}],"about":[{"href":"https:\/\/chiptuningmarket.com\/pl\/wp-json\/wp\/v2\/types\/product"}],"wp:featuredmedia":[{"embeddable":true,"href":"https:\/\/chiptuningmarket.com\/pl\/wp-json\/wp\/v2\/media\/474640"}],"wp:attachment":[{"href":"https:\/\/chiptuningmarket.com\/pl\/wp-json\/wp\/v2\/media?parent=474661"}],"wp:term":[{"taxonomy":"product_brand","embeddable":true,"href":"https:\/\/chiptuningmarket.com\/pl\/wp-json\/wp\/v2\/product_brand?post=474661"},{"taxonomy":"product_cat","embeddable":true,"href":"https:\/\/chiptuningmarket.com\/pl\/wp-json\/wp\/v2\/product_cat?post=474661"},{"taxonomy":"product_tag","embeddable":true,"href":"https:\/\/chiptuningmarket.com\/pl\/wp-json\/wp\/v2\/product_tag?post=474661"}],"curies":[{"name":"wp","href":"https:\/\/api.w.org\/{rel}","templated":true}]}}