{"id":50055,"date":"2025-04-15T09:59:43","date_gmt":"2025-04-15T08:59:43","guid":{"rendered":"https:\/\/chiptuningmarket.com\/?post_type=product&#038;p=50055"},"modified":"2025-04-15T09:59:45","modified_gmt":"2025-04-15T08:59:45","slug":"zestaw-przewodow-zamiennik-modelu-flk35","status":"publish","type":"product","link":"https:\/\/chiptuningmarket.com\/pl\/shop\/akcesoria-chiptuning-pl\/przewody-flex-pl\/zestaw-przewodow-zamiennik-modelu-flk35\/","title":{"rendered":"Zestaw przewod\u00f3w &#8211; zamiennik modelu FLK35"},"content":{"rendered":"<h3 style=\"text-align: center\">Zestaw przewod\u00f3w &#8211; zamiennik modelu FLK35<\/h3>\n<p>Wyprodukowany przez COBD<\/p>\n<p>Wysokiej jako\u015bci z\u0142\u0105cza motoryzacyjne <strong>FLK35<\/strong><\/p>\n<p><strong>D\u0142ugo\u015b\u0107:<\/strong> (oko\u0142o) 60 cm<\/p>\n<ul>\n<li class=\"\" data-start=\"27\" data-end=\"42\">\n<p class=\"\" data-start=\"29\" data-end=\"42\">4x Czerwony<\/p>\n<\/li>\n<li class=\"\" data-start=\"43\" data-end=\"56\">\n<p class=\"\" data-start=\"45\" data-end=\"56\">3x Czarny<\/p>\n<\/li>\n<li class=\"\" data-start=\"57\" data-end=\"71\">\n<p class=\"\" data-start=\"59\" data-end=\"71\">1x Zielony<\/p>\n<\/li>\n<li class=\"\" data-start=\"72\" data-end=\"84\">\n<p class=\"\" data-start=\"74\" data-end=\"84\">1x Bia\u0142y<\/p>\n<\/li>\n<li class=\"\" data-start=\"85\" data-end=\"104\">\n<p class=\"\" data-start=\"87\" data-end=\"104\">1x Pomara\u0144czowy<\/p>\n<\/li>\n<li class=\"\" data-start=\"105\" data-end=\"117\">\n<p class=\"\" data-start=\"107\" data-end=\"117\">2x \u017b\u00f3\u0142ty<\/p>\n<\/li>\n<li class=\"\" data-start=\"118\" data-end=\"134\">\n<p class=\"\" data-start=\"120\" data-end=\"134\">2x Niebieski<\/p>\n<\/li>\n<li class=\"\" data-start=\"135\" data-end=\"151\">\n<p class=\"\" data-start=\"137\" data-end=\"151\">1x Fioletowy<\/p>\n<\/li>\n<li class=\"\" data-start=\"152\" data-end=\"166\">\n<p class=\"\" data-start=\"154\" data-end=\"166\">1x Br\u0105zowy<\/p>\n<\/li>\n<li class=\"\" data-start=\"167\" data-end=\"178\">\n<p class=\"\" data-start=\"169\" data-end=\"178\">1x R\u00f3\u017cowy<\/p>\n<\/li>\n<\/ul>\n","protected":false},"excerpt":{"rendered":"<h3 style=\"text-align: center\">Zestaw przewod\u00f3w &#8211; zamiennik modelu FLK35<\/h3>\n<p>Wyprodukowany przez COBD<\/p>\n<p>Wysokiej jako\u015bci z\u0142\u0105cza motoryzacyjne <strong>FLK35<\/strong><\/p>\n","protected":false},"featured_media":50068,"template":"","meta":{"_monsterinsights_skip_tracking":false,"_monsterinsights_sitenote_active":false,"_monsterinsights_sitenote_note":"","_monsterinsights_sitenote_category":0},"product_brand":[],"product_cat":[5060,5081],"product_tag":[1535,6028,7265,7266],"class_list":{"0":"post-50055","1":"product","2":"type-product","3":"status-publish","4":"has-post-thumbnail","6":"product_cat-akcesoria-chiptuning-pl","7":"product_cat-przewody-flex-pl","8":"product_tag-flex-pl","9":"product_tag-flk35-pl","10":"product_tag-konektory","11":"product_tag-zamiennik","13":"first","14":"outofstock","15":"taxable","16":"shipping-taxable","17":"purchasable","18":"product-type-simple"},"yoast_head":"<!-- This site is optimized with the Yoast SEO plugin v25.2 - https:\/\/yoast.com\/wordpress\/plugins\/seo\/ -->\n<title>Zestaw przewod\u00f3w - zamiennik modelu FLK35 - Chiptuningmarket<\/title>\n<meta name=\"description\" content=\"Zestaw przewod\u00f3w - zamiennik modelu FLK35 - Wysokiej jako\u015bci z\u0142\u0105cza motoryzacyjne FLK35 - Wyprodukowany przez COBD\" \/>\n<meta name=\"robots\" content=\"index, follow, max-snippet:-1, max-image-preview:large, max-video-preview:-1\" \/>\n<link rel=\"canonical\" href=\"https:\/\/chiptuningmarket.com\/pl\/shop\/akcesoria-chiptuning-pl\/przewody-flex-pl\/zestaw-przewodow-zamiennik-modelu-flk35\/\" \/>\n<meta property=\"og:locale\" content=\"pl_PL\" \/>\n<meta property=\"og:type\" content=\"article\" \/>\n<meta property=\"og:title\" content=\"Zestaw przewod\u00f3w - zamiennik modelu FLK35 - Chiptuningmarket\" \/>\n<meta property=\"og:description\" content=\"Zestaw przewod\u00f3w - zamiennik modelu FLK35 - Wysokiej jako\u015bci z\u0142\u0105cza motoryzacyjne FLK35 - Wyprodukowany przez COBD\" \/>\n<meta property=\"og:url\" content=\"https:\/\/chiptuningmarket.com\/pl\/shop\/akcesoria-chiptuning-pl\/przewody-flex-pl\/zestaw-przewodow-zamiennik-modelu-flk35\/\" \/>\n<meta property=\"og:site_name\" content=\"Chiptuningmarket\" \/>\n<meta property=\"article:modified_time\" content=\"2025-04-15T08:59:45+00:00\" \/>\n<meta property=\"og:image\" content=\"https:\/\/chiptuningmarket.com\/wp-content\/uploads\/2025\/04\/FLXCables.webp\" \/>\n\t<meta property=\"og:image:width\" content=\"1125\" \/>\n\t<meta property=\"og:image:height\" content=\"844\" \/>\n\t<meta property=\"og:image:type\" content=\"image\/webp\" \/>\n<meta name=\"twitter:card\" content=\"summary_large_image\" \/>\n<meta name=\"twitter:label1\" content=\"Szacowany czas czytania\" \/>\n\t<meta name=\"twitter:data1\" content=\"1 minuta\" \/>\n<script type=\"application\/ld+json\" class=\"yoast-schema-graph\">{\"@context\":\"https:\/\/schema.org\",\"@graph\":[{\"@type\":\"WebPage\",\"@id\":\"https:\/\/chiptuningmarket.com\/pl\/shop\/akcesoria-chiptuning-pl\/przewody-flex-pl\/zestaw-przewodow-zamiennik-modelu-flk35\/\",\"url\":\"https:\/\/chiptuningmarket.com\/pl\/shop\/akcesoria-chiptuning-pl\/przewody-flex-pl\/zestaw-przewodow-zamiennik-modelu-flk35\/\",\"name\":\"Zestaw przewod\u00f3w - zamiennik modelu FLK35 - Chiptuningmarket\",\"isPartOf\":{\"@id\":\"https:\/\/chiptuningmarket.com\/pl\/#website\"},\"primaryImageOfPage\":{\"@id\":\"https:\/\/chiptuningmarket.com\/pl\/shop\/akcesoria-chiptuning-pl\/przewody-flex-pl\/zestaw-przewodow-zamiennik-modelu-flk35\/#primaryimage\"},\"image\":{\"@id\":\"https:\/\/chiptuningmarket.com\/pl\/shop\/akcesoria-chiptuning-pl\/przewody-flex-pl\/zestaw-przewodow-zamiennik-modelu-flk35\/#primaryimage\"},\"thumbnailUrl\":\"https:\/\/chiptuningmarket.com\/wp-content\/uploads\/2025\/04\/FLXCables.webp\",\"datePublished\":\"2025-04-15T08:59:43+00:00\",\"dateModified\":\"2025-04-15T08:59:45+00:00\",\"description\":\"Zestaw przewod\u00f3w - zamiennik modelu FLK35 - Wysokiej jako\u015bci z\u0142\u0105cza motoryzacyjne FLK35 - Wyprodukowany przez COBD\",\"breadcrumb\":{\"@id\":\"https:\/\/chiptuningmarket.com\/pl\/shop\/akcesoria-chiptuning-pl\/przewody-flex-pl\/zestaw-przewodow-zamiennik-modelu-flk35\/#breadcrumb\"},\"inLanguage\":\"pl-PL\",\"potentialAction\":[{\"@type\":\"ReadAction\",\"target\":[\"https:\/\/chiptuningmarket.com\/pl\/shop\/akcesoria-chiptuning-pl\/przewody-flex-pl\/zestaw-przewodow-zamiennik-modelu-flk35\/\"]}]},{\"@type\":\"ImageObject\",\"inLanguage\":\"pl-PL\",\"@id\":\"https:\/\/chiptuningmarket.com\/pl\/shop\/akcesoria-chiptuning-pl\/przewody-flex-pl\/zestaw-przewodow-zamiennik-modelu-flk35\/#primaryimage\",\"url\":\"https:\/\/chiptuningmarket.com\/wp-content\/uploads\/2025\/04\/FLXCables.webp\",\"contentUrl\":\"https:\/\/chiptuningmarket.com\/wp-content\/uploads\/2025\/04\/FLXCables.webp\",\"width\":1125,\"height\":844,\"caption\":\"Zestaw przewod\u00f3w - zamiennik modelu FLK35\"},{\"@type\":\"BreadcrumbList\",\"@id\":\"https:\/\/chiptuningmarket.com\/pl\/shop\/akcesoria-chiptuning-pl\/przewody-flex-pl\/zestaw-przewodow-zamiennik-modelu-flk35\/#breadcrumb\",\"itemListElement\":[{\"@type\":\"ListItem\",\"position\":1,\"name\":\"Home\",\"item\":\"https:\/\/chiptuningmarket.com\/pl\/\"},{\"@type\":\"ListItem\",\"position\":2,\"name\":\"Sklep\",\"item\":\"https:\/\/chiptuningmarket.com\/pl\/shop\/\"},{\"@type\":\"ListItem\",\"position\":3,\"name\":\"Zestaw przewod\u00f3w &#8211; zamiennik modelu FLK35\"}]},{\"@type\":\"WebSite\",\"@id\":\"https:\/\/chiptuningmarket.com\/pl\/#website\",\"url\":\"https:\/\/chiptuningmarket.com\/pl\/\",\"name\":\"Chiptuningmarket\",\"description\":\"Biggest chiptuning shop in Europe\",\"publisher\":{\"@id\":\"https:\/\/chiptuningmarket.com\/pl\/#organization\"},\"alternateName\":\"Worldwide ecu tools supplier\",\"potentialAction\":[{\"@type\":\"SearchAction\",\"target\":{\"@type\":\"EntryPoint\",\"urlTemplate\":\"https:\/\/chiptuningmarket.com\/pl\/?s={search_term_string}\"},\"query-input\":{\"@type\":\"PropertyValueSpecification\",\"valueRequired\":true,\"valueName\":\"search_term_string\"}}],\"inLanguage\":\"pl-PL\"},{\"@type\":\"Organization\",\"@id\":\"https:\/\/chiptuningmarket.com\/pl\/#organization\",\"name\":\"Chiptuningmarket\",\"alternateName\":\"Chiptuning tools supplier\",\"url\":\"https:\/\/chiptuningmarket.com\/pl\/\",\"logo\":{\"@type\":\"ImageObject\",\"inLanguage\":\"pl-PL\",\"@id\":\"https:\/\/chiptuningmarket.com\/pl\/#\/schema\/logo\/image\/\",\"url\":\"https:\/\/chiptuningmarket.com\/wp-content\/uploads\/2023\/05\/logo-ChipTuningMarket-social.png\",\"contentUrl\":\"https:\/\/chiptuningmarket.com\/wp-content\/uploads\/2023\/05\/logo-ChipTuningMarket-social.png\",\"width\":512,\"height\":512,\"caption\":\"Chiptuningmarket\"},\"image\":{\"@id\":\"https:\/\/chiptuningmarket.com\/pl\/#\/schema\/logo\/image\/\"}}]}<\/script>\n<!-- \/ Yoast SEO plugin. -->","yoast_head_json":{"title":"Zestaw przewod\u00f3w - zamiennik modelu FLK35 - Chiptuningmarket","description":"Zestaw przewod\u00f3w - zamiennik modelu FLK35 - Wysokiej jako\u015bci z\u0142\u0105cza motoryzacyjne FLK35 - Wyprodukowany przez COBD","robots":{"index":"index","follow":"follow","max-snippet":"max-snippet:-1","max-image-preview":"max-image-preview:large","max-video-preview":"max-video-preview:-1"},"canonical":"https:\/\/chiptuningmarket.com\/pl\/shop\/akcesoria-chiptuning-pl\/przewody-flex-pl\/zestaw-przewodow-zamiennik-modelu-flk35\/","og_locale":"pl_PL","og_type":"article","og_title":"Zestaw przewod\u00f3w - zamiennik modelu FLK35 - Chiptuningmarket","og_description":"Zestaw przewod\u00f3w - zamiennik modelu FLK35 - Wysokiej jako\u015bci z\u0142\u0105cza motoryzacyjne FLK35 - Wyprodukowany przez COBD","og_url":"https:\/\/chiptuningmarket.com\/pl\/shop\/akcesoria-chiptuning-pl\/przewody-flex-pl\/zestaw-przewodow-zamiennik-modelu-flk35\/","og_site_name":"Chiptuningmarket","article_modified_time":"2025-04-15T08:59:45+00:00","og_image":[{"width":1125,"height":844,"url":"https:\/\/chiptuningmarket.com\/wp-content\/uploads\/2025\/04\/FLXCables.webp","type":"image\/webp"}],"twitter_card":"summary_large_image","twitter_misc":{"Szacowany czas czytania":"1 minuta"},"schema":{"@context":"https:\/\/schema.org","@graph":[{"@type":"WebPage","@id":"https:\/\/chiptuningmarket.com\/pl\/shop\/akcesoria-chiptuning-pl\/przewody-flex-pl\/zestaw-przewodow-zamiennik-modelu-flk35\/","url":"https:\/\/chiptuningmarket.com\/pl\/shop\/akcesoria-chiptuning-pl\/przewody-flex-pl\/zestaw-przewodow-zamiennik-modelu-flk35\/","name":"Zestaw przewod\u00f3w - zamiennik modelu FLK35 - Chiptuningmarket","isPartOf":{"@id":"https:\/\/chiptuningmarket.com\/pl\/#website"},"primaryImageOfPage":{"@id":"https:\/\/chiptuningmarket.com\/pl\/shop\/akcesoria-chiptuning-pl\/przewody-flex-pl\/zestaw-przewodow-zamiennik-modelu-flk35\/#primaryimage"},"image":{"@id":"https:\/\/chiptuningmarket.com\/pl\/shop\/akcesoria-chiptuning-pl\/przewody-flex-pl\/zestaw-przewodow-zamiennik-modelu-flk35\/#primaryimage"},"thumbnailUrl":"https:\/\/chiptuningmarket.com\/wp-content\/uploads\/2025\/04\/FLXCables.webp","datePublished":"2025-04-15T08:59:43+00:00","dateModified":"2025-04-15T08:59:45+00:00","description":"Zestaw przewod\u00f3w - zamiennik modelu FLK35 - Wysokiej jako\u015bci z\u0142\u0105cza motoryzacyjne FLK35 - Wyprodukowany przez COBD","breadcrumb":{"@id":"https:\/\/chiptuningmarket.com\/pl\/shop\/akcesoria-chiptuning-pl\/przewody-flex-pl\/zestaw-przewodow-zamiennik-modelu-flk35\/#breadcrumb"},"inLanguage":"pl-PL","potentialAction":[{"@type":"ReadAction","target":["https:\/\/chiptuningmarket.com\/pl\/shop\/akcesoria-chiptuning-pl\/przewody-flex-pl\/zestaw-przewodow-zamiennik-modelu-flk35\/"]}]},{"@type":"ImageObject","inLanguage":"pl-PL","@id":"https:\/\/chiptuningmarket.com\/pl\/shop\/akcesoria-chiptuning-pl\/przewody-flex-pl\/zestaw-przewodow-zamiennik-modelu-flk35\/#primaryimage","url":"https:\/\/chiptuningmarket.com\/wp-content\/uploads\/2025\/04\/FLXCables.webp","contentUrl":"https:\/\/chiptuningmarket.com\/wp-content\/uploads\/2025\/04\/FLXCables.webp","width":1125,"height":844,"caption":"Zestaw przewod\u00f3w - zamiennik modelu FLK35"},{"@type":"BreadcrumbList","@id":"https:\/\/chiptuningmarket.com\/pl\/shop\/akcesoria-chiptuning-pl\/przewody-flex-pl\/zestaw-przewodow-zamiennik-modelu-flk35\/#breadcrumb","itemListElement":[{"@type":"ListItem","position":1,"name":"Home","item":"https:\/\/chiptuningmarket.com\/pl\/"},{"@type":"ListItem","position":2,"name":"Sklep","item":"https:\/\/chiptuningmarket.com\/pl\/shop\/"},{"@type":"ListItem","position":3,"name":"Zestaw przewod\u00f3w &#8211; zamiennik modelu FLK35"}]},{"@type":"WebSite","@id":"https:\/\/chiptuningmarket.com\/pl\/#website","url":"https:\/\/chiptuningmarket.com\/pl\/","name":"Chiptuningmarket","description":"Biggest chiptuning shop in Europe","publisher":{"@id":"https:\/\/chiptuningmarket.com\/pl\/#organization"},"alternateName":"Worldwide ecu tools supplier","potentialAction":[{"@type":"SearchAction","target":{"@type":"EntryPoint","urlTemplate":"https:\/\/chiptuningmarket.com\/pl\/?s={search_term_string}"},"query-input":{"@type":"PropertyValueSpecification","valueRequired":true,"valueName":"search_term_string"}}],"inLanguage":"pl-PL"},{"@type":"Organization","@id":"https:\/\/chiptuningmarket.com\/pl\/#organization","name":"Chiptuningmarket","alternateName":"Chiptuning tools supplier","url":"https:\/\/chiptuningmarket.com\/pl\/","logo":{"@type":"ImageObject","inLanguage":"pl-PL","@id":"https:\/\/chiptuningmarket.com\/pl\/#\/schema\/logo\/image\/","url":"https:\/\/chiptuningmarket.com\/wp-content\/uploads\/2023\/05\/logo-ChipTuningMarket-social.png","contentUrl":"https:\/\/chiptuningmarket.com\/wp-content\/uploads\/2023\/05\/logo-ChipTuningMarket-social.png","width":512,"height":512,"caption":"Chiptuningmarket"},"image":{"@id":"https:\/\/chiptuningmarket.com\/pl\/#\/schema\/logo\/image\/"}}]}},"_links":{"self":[{"href":"https:\/\/chiptuningmarket.com\/pl\/wp-json\/wp\/v2\/product\/50055","targetHints":{"allow":["GET"]}}],"collection":[{"href":"https:\/\/chiptuningmarket.com\/pl\/wp-json\/wp\/v2\/product"}],"about":[{"href":"https:\/\/chiptuningmarket.com\/pl\/wp-json\/wp\/v2\/types\/product"}],"wp:featuredmedia":[{"embeddable":true,"href":"https:\/\/chiptuningmarket.com\/pl\/wp-json\/wp\/v2\/media\/50068"}],"wp:attachment":[{"href":"https:\/\/chiptuningmarket.com\/pl\/wp-json\/wp\/v2\/media?parent=50055"}],"wp:term":[{"taxonomy":"product_brand","embeddable":true,"href":"https:\/\/chiptuningmarket.com\/pl\/wp-json\/wp\/v2\/product_brand?post=50055"},{"taxonomy":"product_cat","embeddable":true,"href":"https:\/\/chiptuningmarket.com\/pl\/wp-json\/wp\/v2\/product_cat?post=50055"},{"taxonomy":"product_tag","embeddable":true,"href":"https:\/\/chiptuningmarket.com\/pl\/wp-json\/wp\/v2\/product_tag?post=50055"}],"curies":[{"name":"wp","href":"https:\/\/api.w.org\/{rel}","templated":true}]}}