{"id":67338,"date":"2025-04-30T08:48:47","date_gmt":"2025-04-30T07:48:47","guid":{"rendered":"https:\/\/chiptuningmarket.com\/?post_type=product&#038;p=67338"},"modified":"2026-04-02T14:20:22","modified_gmt":"2026-04-02T13:20:22","slug":"zestaw-pico-standard-2-kanaly-4225a-pq225","status":"publish","type":"product","link":"https:\/\/chiptuningmarket.com\/pl\/shop\/elektronika-wyposazenie-pl\/elektronika-oscyloskopy\/picoscope\/zestaw-pico-standard-2-kanaly-4225a-pq225\/","title":{"rendered":"Zestaw Pico Standard &#8211; 2 kana\u0142y 4225A &#8211; PQ225"},"content":{"rendered":"<h2 class=\"name\" style=\"text-align: center\">Zestaw Pico Standard &#8211; 2 kana\u0142y 4225A &#8211; PQ225<\/h2>\n<p>Odkryj zaawansowane mo\u017cliwo\u015bci diagnostyczne z zestawem Pico <strong>PQ225<\/strong> Auto PS4225A, wyposa\u017conym w dwa kana\u0142y i umieszczonym w wygodnej piankowej tacy. To idealne narz\u0119dzie do profesjonalnej analizy sygna\u0142\u00f3w w pojazdach.<\/p>\n<ul>\n<li><strong>2 kana\u0142y:<\/strong>\u00a0Precyzyjnie analizuj napi\u0119cie i pr\u0105d r\u00f3\u017cnych komponent\u00f3w.<\/li>\n<li><strong>Szeroki zakres pomiarowy:<\/strong>\u00a0Dok\u0142adne pomiary nawet do\u00a0<em>20 MHz<\/em>\u00a0z rozdzielczo\u015bci\u0105\u00a0<em>12 bit\u00f3w<\/em>.<\/li>\n<li><strong>Piankowa taca:<\/strong>\u00a0Bezpieczne przechowywanie i \u0142atwo\u015b\u0107 transportu ca\u0142ego zestawu.<\/li>\n<li><strong>\u0141atwo\u015b\u0107 u\u017cycia:<\/strong>\u00a0Intuicyjne oprogramowanie zapewnia szybkie i dok\u0142adne wyniki.<\/li>\n<\/ul>\n<p>Pico PQ225 Auto PS4225A to niezawodne i wszechstronne narz\u0119dzie, kt\u00f3re zwi\u0119kszy wydajno\u015b\u0107 Twoich zada\u0144 diagnostycznych, zapewniaj\u0105c precyzyjne i przejrzyste wyniki.<\/p>\n<p><strong>Model:<\/strong>\u00a0Pico PQ225 Auto Standard 2 channel PS4225A kit<\/p>\n<p><strong>Kod produktu:<\/strong>\u00a0PS4225A<\/p>\n<p>W ofercie r\u00f3wnie\u017c:<\/p>\n<p><a style=\"color: blue\" href=\"https:\/\/chiptuningmarket.com\/pl\/shop\/elektronika-wyposazenie-pl\/elektronika-oscyloskopy\/picoscope\/pico-zestaw-silniki-i-hydraulika-4-kanaly-4425a-pq195\/\">Pico zestaw Silniki i Hydraulika PQ195<\/a><\/p>\n<p class=\"entry-title fusion-responsive-typography-calculated\" data-fontsize=\"38\" data-lineheight=\"55.1px\"><a style=\"color: blue\" href=\"https:\/\/chiptuningmarket.com\/pl\/shop\/elektronika-wyposazenie-pl\/elektronika-oscyloskopy\/picoscope\/pico-2-channel-standard-kit-pq177\/\">PICO 2\u2013Channel Standard Kit PQ177<\/a><\/p>\n","protected":false},"excerpt":{"rendered":"<p>Odkryj zaawansowane mo\u017cliwo\u015bci diagnostyczne z zestawem Pico <strong>PQ225<\/strong> Auto PS4225A, wyposa\u017conym w dwa kana\u0142y i umieszczonym w wygodnej piankowej tacy. To idealne narz\u0119dzie do profesjonalnej analizy sygna\u0142\u00f3w w pojazdach.<\/p>\n","protected":false},"featured_media":67352,"template":"","meta":{"_monsterinsights_skip_tracking":false,"_monsterinsights_sitenote_active":false,"_monsterinsights_sitenote_note":"","_monsterinsights_sitenote_category":0},"product_brand":[],"product_cat":[5144,5630,5634],"product_tag":[7405,1671,7406,7287,7404],"class_list":{"0":"post-67338","1":"product","2":"type-product","3":"status-publish","4":"has-post-thumbnail","6":"product_cat-elektronika-wyposazenie-pl","7":"product_cat-elektronika-oscyloskopy","8":"product_cat-picoscope","9":"product_tag-4225a","10":"product_tag-pico-pl","11":"product_tag-pico-standard","12":"product_tag-picoscope","13":"product_tag-pq225","15":"first","16":"onbackorder","17":"taxable","18":"shipping-taxable","19":"purchasable","20":"product-type-simple"},"yoast_head":"<!-- This site is optimized with the Yoast SEO plugin v25.2 - https:\/\/yoast.com\/wordpress\/plugins\/seo\/ -->\n<title>Zestaw Pico Standard - 2 kana\u0142y 4225A - PQ225 - Chiptuningmarket<\/title>\n<meta name=\"description\" content=\"Zestaw Pico Standard - 2 kana\u0142y 4225A - PQ225 - niezawodne i wszechstronne narz\u0119dzie, kt\u00f3re zwi\u0119kszy wydajno\u015b\u0107 Twoich zada\u0144 diagnostycznych, zapewniaj\u0105c...\" \/>\n<meta name=\"robots\" content=\"index, follow, max-snippet:-1, max-image-preview:large, max-video-preview:-1\" \/>\n<link rel=\"canonical\" href=\"https:\/\/chiptuningmarket.com\/pl\/shop\/elektronika-wyposazenie-pl\/elektronika-oscyloskopy\/picoscope\/zestaw-pico-standard-2-kanaly-4225a-pq225\/\" \/>\n<meta property=\"og:locale\" content=\"pl_PL\" \/>\n<meta property=\"og:type\" content=\"article\" \/>\n<meta property=\"og:title\" content=\"Zestaw Pico Standard - 2 kana\u0142y 4225A - PQ225 - Chiptuningmarket\" \/>\n<meta property=\"og:description\" content=\"Zestaw Pico Standard - 2 kana\u0142y 4225A - PQ225 - niezawodne i wszechstronne narz\u0119dzie, kt\u00f3re zwi\u0119kszy wydajno\u015b\u0107 Twoich zada\u0144 diagnostycznych, zapewniaj\u0105c...\" \/>\n<meta property=\"og:url\" content=\"https:\/\/chiptuningmarket.com\/pl\/shop\/elektronika-wyposazenie-pl\/elektronika-oscyloskopy\/picoscope\/zestaw-pico-standard-2-kanaly-4225a-pq225\/\" \/>\n<meta property=\"og:site_name\" content=\"Chiptuningmarket\" \/>\n<meta property=\"article:modified_time\" content=\"2026-04-02T13:20:22+00:00\" \/>\n<meta property=\"og:image\" content=\"https:\/\/chiptuningmarket.com\/wp-content\/uploads\/2025\/04\/pq225.png\" \/>\n\t<meta property=\"og:image:width\" content=\"1340\" \/>\n\t<meta property=\"og:image:height\" content=\"970\" \/>\n\t<meta property=\"og:image:type\" content=\"image\/png\" \/>\n<meta name=\"twitter:card\" content=\"summary_large_image\" \/>\n<meta name=\"twitter:label1\" content=\"Szacowany czas czytania\" \/>\n\t<meta name=\"twitter:data1\" content=\"1 minuta\" \/>\n<script type=\"application\/ld+json\" class=\"yoast-schema-graph\">{\"@context\":\"https:\/\/schema.org\",\"@graph\":[{\"@type\":\"WebPage\",\"@id\":\"https:\/\/chiptuningmarket.com\/pl\/shop\/elektronika-wyposazenie-pl\/elektronika-oscyloskopy\/picoscope\/zestaw-pico-standard-2-kanaly-4225a-pq225\/\",\"url\":\"https:\/\/chiptuningmarket.com\/pl\/shop\/elektronika-wyposazenie-pl\/elektronika-oscyloskopy\/picoscope\/zestaw-pico-standard-2-kanaly-4225a-pq225\/\",\"name\":\"Zestaw Pico Standard - 2 kana\u0142y 4225A - PQ225 - Chiptuningmarket\",\"isPartOf\":{\"@id\":\"https:\/\/chiptuningmarket.com\/ru\/#website\"},\"primaryImageOfPage\":{\"@id\":\"https:\/\/chiptuningmarket.com\/pl\/shop\/elektronika-wyposazenie-pl\/elektronika-oscyloskopy\/picoscope\/zestaw-pico-standard-2-kanaly-4225a-pq225\/#primaryimage\"},\"image\":{\"@id\":\"https:\/\/chiptuningmarket.com\/pl\/shop\/elektronika-wyposazenie-pl\/elektronika-oscyloskopy\/picoscope\/zestaw-pico-standard-2-kanaly-4225a-pq225\/#primaryimage\"},\"thumbnailUrl\":\"https:\/\/chiptuningmarket.com\/wp-content\/uploads\/2025\/04\/pq225.png\",\"datePublished\":\"2025-04-30T07:48:47+00:00\",\"dateModified\":\"2026-04-02T13:20:22+00:00\",\"description\":\"Zestaw Pico Standard - 2 kana\u0142y 4225A - PQ225 - niezawodne i wszechstronne narz\u0119dzie, kt\u00f3re zwi\u0119kszy wydajno\u015b\u0107 Twoich zada\u0144 diagnostycznych, zapewniaj\u0105c...\",\"breadcrumb\":{\"@id\":\"https:\/\/chiptuningmarket.com\/pl\/shop\/elektronika-wyposazenie-pl\/elektronika-oscyloskopy\/picoscope\/zestaw-pico-standard-2-kanaly-4225a-pq225\/#breadcrumb\"},\"inLanguage\":\"pl-PL\",\"potentialAction\":[{\"@type\":\"ReadAction\",\"target\":[\"https:\/\/chiptuningmarket.com\/pl\/shop\/elektronika-wyposazenie-pl\/elektronika-oscyloskopy\/picoscope\/zestaw-pico-standard-2-kanaly-4225a-pq225\/\"]}]},{\"@type\":\"ImageObject\",\"inLanguage\":\"pl-PL\",\"@id\":\"https:\/\/chiptuningmarket.com\/pl\/shop\/elektronika-wyposazenie-pl\/elektronika-oscyloskopy\/picoscope\/zestaw-pico-standard-2-kanaly-4225a-pq225\/#primaryimage\",\"url\":\"https:\/\/chiptuningmarket.com\/wp-content\/uploads\/2025\/04\/pq225.png\",\"contentUrl\":\"https:\/\/chiptuningmarket.com\/wp-content\/uploads\/2025\/04\/pq225.png\",\"width\":1340,\"height\":970,\"caption\":\"Zestaw Pico Standard - 2 kana\u0142y 4225A - PQ225\"},{\"@type\":\"BreadcrumbList\",\"@id\":\"https:\/\/chiptuningmarket.com\/pl\/shop\/elektronika-wyposazenie-pl\/elektronika-oscyloskopy\/picoscope\/zestaw-pico-standard-2-kanaly-4225a-pq225\/#breadcrumb\",\"itemListElement\":[{\"@type\":\"ListItem\",\"position\":1,\"name\":\"Home\",\"item\":\"https:\/\/chiptuningmarket.com\/pl\/\"},{\"@type\":\"ListItem\",\"position\":2,\"name\":\"Sklep\",\"item\":\"https:\/\/chiptuningmarket.com\/pl\/shop\/\"},{\"@type\":\"ListItem\",\"position\":3,\"name\":\"Zestaw Pico Standard &#8211; 2 kana\u0142y 4225A &#8211; PQ225\"}]},{\"@type\":\"WebSite\",\"@id\":\"https:\/\/chiptuningmarket.com\/ru\/#website\",\"url\":\"https:\/\/chiptuningmarket.com\/ru\/\",\"name\":\"Chiptuningmarket\",\"description\":\"Biggest chiptuning shop in Europe\",\"publisher\":{\"@id\":\"https:\/\/chiptuningmarket.com\/ru\/#organization\"},\"alternateName\":\"Worldwide ecu tools supplier\",\"potentialAction\":[{\"@type\":\"SearchAction\",\"target\":{\"@type\":\"EntryPoint\",\"urlTemplate\":\"https:\/\/chiptuningmarket.com\/ru\/?s={search_term_string}\"},\"query-input\":{\"@type\":\"PropertyValueSpecification\",\"valueRequired\":true,\"valueName\":\"search_term_string\"}}],\"inLanguage\":\"pl-PL\"},{\"@type\":\"Organization\",\"@id\":\"https:\/\/chiptuningmarket.com\/ru\/#organization\",\"name\":\"Chiptuningmarket\",\"alternateName\":\"Chiptuning tools supplier\",\"url\":\"https:\/\/chiptuningmarket.com\/ru\/\",\"logo\":{\"@type\":\"ImageObject\",\"inLanguage\":\"pl-PL\",\"@id\":\"https:\/\/chiptuningmarket.com\/ru\/#\/schema\/logo\/image\/\",\"url\":\"https:\/\/chiptuningmarket.com\/wp-content\/uploads\/2023\/05\/logo-ChipTuningMarket-social.png\",\"contentUrl\":\"https:\/\/chiptuningmarket.com\/wp-content\/uploads\/2023\/05\/logo-ChipTuningMarket-social.png\",\"width\":512,\"height\":512,\"caption\":\"Chiptuningmarket\"},\"image\":{\"@id\":\"https:\/\/chiptuningmarket.com\/ru\/#\/schema\/logo\/image\/\"}}]}<\/script>\n<!-- \/ Yoast SEO plugin. -->","yoast_head_json":{"title":"Zestaw Pico Standard - 2 kana\u0142y 4225A - PQ225 - Chiptuningmarket","description":"Zestaw Pico Standard - 2 kana\u0142y 4225A - PQ225 - niezawodne i wszechstronne narz\u0119dzie, kt\u00f3re zwi\u0119kszy wydajno\u015b\u0107 Twoich zada\u0144 diagnostycznych, zapewniaj\u0105c...","robots":{"index":"index","follow":"follow","max-snippet":"max-snippet:-1","max-image-preview":"max-image-preview:large","max-video-preview":"max-video-preview:-1"},"canonical":"https:\/\/chiptuningmarket.com\/pl\/shop\/elektronika-wyposazenie-pl\/elektronika-oscyloskopy\/picoscope\/zestaw-pico-standard-2-kanaly-4225a-pq225\/","og_locale":"pl_PL","og_type":"article","og_title":"Zestaw Pico Standard - 2 kana\u0142y 4225A - PQ225 - Chiptuningmarket","og_description":"Zestaw Pico Standard - 2 kana\u0142y 4225A - PQ225 - niezawodne i wszechstronne narz\u0119dzie, kt\u00f3re zwi\u0119kszy wydajno\u015b\u0107 Twoich zada\u0144 diagnostycznych, zapewniaj\u0105c...","og_url":"https:\/\/chiptuningmarket.com\/pl\/shop\/elektronika-wyposazenie-pl\/elektronika-oscyloskopy\/picoscope\/zestaw-pico-standard-2-kanaly-4225a-pq225\/","og_site_name":"Chiptuningmarket","article_modified_time":"2026-04-02T13:20:22+00:00","og_image":[{"width":1340,"height":970,"url":"https:\/\/chiptuningmarket.com\/wp-content\/uploads\/2025\/04\/pq225.png","type":"image\/png"}],"twitter_card":"summary_large_image","twitter_misc":{"Szacowany czas czytania":"1 minuta"},"schema":{"@context":"https:\/\/schema.org","@graph":[{"@type":"WebPage","@id":"https:\/\/chiptuningmarket.com\/pl\/shop\/elektronika-wyposazenie-pl\/elektronika-oscyloskopy\/picoscope\/zestaw-pico-standard-2-kanaly-4225a-pq225\/","url":"https:\/\/chiptuningmarket.com\/pl\/shop\/elektronika-wyposazenie-pl\/elektronika-oscyloskopy\/picoscope\/zestaw-pico-standard-2-kanaly-4225a-pq225\/","name":"Zestaw Pico Standard - 2 kana\u0142y 4225A - PQ225 - Chiptuningmarket","isPartOf":{"@id":"https:\/\/chiptuningmarket.com\/ru\/#website"},"primaryImageOfPage":{"@id":"https:\/\/chiptuningmarket.com\/pl\/shop\/elektronika-wyposazenie-pl\/elektronika-oscyloskopy\/picoscope\/zestaw-pico-standard-2-kanaly-4225a-pq225\/#primaryimage"},"image":{"@id":"https:\/\/chiptuningmarket.com\/pl\/shop\/elektronika-wyposazenie-pl\/elektronika-oscyloskopy\/picoscope\/zestaw-pico-standard-2-kanaly-4225a-pq225\/#primaryimage"},"thumbnailUrl":"https:\/\/chiptuningmarket.com\/wp-content\/uploads\/2025\/04\/pq225.png","datePublished":"2025-04-30T07:48:47+00:00","dateModified":"2026-04-02T13:20:22+00:00","description":"Zestaw Pico Standard - 2 kana\u0142y 4225A - PQ225 - niezawodne i wszechstronne narz\u0119dzie, kt\u00f3re zwi\u0119kszy wydajno\u015b\u0107 Twoich zada\u0144 diagnostycznych, zapewniaj\u0105c...","breadcrumb":{"@id":"https:\/\/chiptuningmarket.com\/pl\/shop\/elektronika-wyposazenie-pl\/elektronika-oscyloskopy\/picoscope\/zestaw-pico-standard-2-kanaly-4225a-pq225\/#breadcrumb"},"inLanguage":"pl-PL","potentialAction":[{"@type":"ReadAction","target":["https:\/\/chiptuningmarket.com\/pl\/shop\/elektronika-wyposazenie-pl\/elektronika-oscyloskopy\/picoscope\/zestaw-pico-standard-2-kanaly-4225a-pq225\/"]}]},{"@type":"ImageObject","inLanguage":"pl-PL","@id":"https:\/\/chiptuningmarket.com\/pl\/shop\/elektronika-wyposazenie-pl\/elektronika-oscyloskopy\/picoscope\/zestaw-pico-standard-2-kanaly-4225a-pq225\/#primaryimage","url":"https:\/\/chiptuningmarket.com\/wp-content\/uploads\/2025\/04\/pq225.png","contentUrl":"https:\/\/chiptuningmarket.com\/wp-content\/uploads\/2025\/04\/pq225.png","width":1340,"height":970,"caption":"Zestaw Pico Standard - 2 kana\u0142y 4225A - PQ225"},{"@type":"BreadcrumbList","@id":"https:\/\/chiptuningmarket.com\/pl\/shop\/elektronika-wyposazenie-pl\/elektronika-oscyloskopy\/picoscope\/zestaw-pico-standard-2-kanaly-4225a-pq225\/#breadcrumb","itemListElement":[{"@type":"ListItem","position":1,"name":"Home","item":"https:\/\/chiptuningmarket.com\/pl\/"},{"@type":"ListItem","position":2,"name":"Sklep","item":"https:\/\/chiptuningmarket.com\/pl\/shop\/"},{"@type":"ListItem","position":3,"name":"Zestaw Pico Standard &#8211; 2 kana\u0142y 4225A &#8211; PQ225"}]},{"@type":"WebSite","@id":"https:\/\/chiptuningmarket.com\/ru\/#website","url":"https:\/\/chiptuningmarket.com\/ru\/","name":"Chiptuningmarket","description":"Biggest chiptuning shop in Europe","publisher":{"@id":"https:\/\/chiptuningmarket.com\/ru\/#organization"},"alternateName":"Worldwide ecu tools supplier","potentialAction":[{"@type":"SearchAction","target":{"@type":"EntryPoint","urlTemplate":"https:\/\/chiptuningmarket.com\/ru\/?s={search_term_string}"},"query-input":{"@type":"PropertyValueSpecification","valueRequired":true,"valueName":"search_term_string"}}],"inLanguage":"pl-PL"},{"@type":"Organization","@id":"https:\/\/chiptuningmarket.com\/ru\/#organization","name":"Chiptuningmarket","alternateName":"Chiptuning tools supplier","url":"https:\/\/chiptuningmarket.com\/ru\/","logo":{"@type":"ImageObject","inLanguage":"pl-PL","@id":"https:\/\/chiptuningmarket.com\/ru\/#\/schema\/logo\/image\/","url":"https:\/\/chiptuningmarket.com\/wp-content\/uploads\/2023\/05\/logo-ChipTuningMarket-social.png","contentUrl":"https:\/\/chiptuningmarket.com\/wp-content\/uploads\/2023\/05\/logo-ChipTuningMarket-social.png","width":512,"height":512,"caption":"Chiptuningmarket"},"image":{"@id":"https:\/\/chiptuningmarket.com\/ru\/#\/schema\/logo\/image\/"}}]}},"_links":{"self":[{"href":"https:\/\/chiptuningmarket.com\/pl\/wp-json\/wp\/v2\/product\/67338","targetHints":{"allow":["GET"]}}],"collection":[{"href":"https:\/\/chiptuningmarket.com\/pl\/wp-json\/wp\/v2\/product"}],"about":[{"href":"https:\/\/chiptuningmarket.com\/pl\/wp-json\/wp\/v2\/types\/product"}],"wp:featuredmedia":[{"embeddable":true,"href":"https:\/\/chiptuningmarket.com\/pl\/wp-json\/wp\/v2\/media\/67352"}],"wp:attachment":[{"href":"https:\/\/chiptuningmarket.com\/pl\/wp-json\/wp\/v2\/media?parent=67338"}],"wp:term":[{"taxonomy":"product_brand","embeddable":true,"href":"https:\/\/chiptuningmarket.com\/pl\/wp-json\/wp\/v2\/product_brand?post=67338"},{"taxonomy":"product_cat","embeddable":true,"href":"https:\/\/chiptuningmarket.com\/pl\/wp-json\/wp\/v2\/product_cat?post=67338"},{"taxonomy":"product_tag","embeddable":true,"href":"https:\/\/chiptuningmarket.com\/pl\/wp-json\/wp\/v2\/product_tag?post=67338"}],"curies":[{"name":"wp","href":"https:\/\/api.w.org\/{rel}","templated":true}]}}