{"id":67428,"date":"2025-04-30T12:07:01","date_gmt":"2025-04-30T11:07:01","guid":{"rendered":"https:\/\/chiptuningmarket.com\/?post_type=product&#038;p=67428"},"modified":"2026-04-02T14:22:05","modified_gmt":"2026-04-02T13:22:05","slug":"zestaw-pico-standard-4-kanaly-4425a-pq226","status":"publish","type":"product","link":"https:\/\/chiptuningmarket.com\/pl\/shop\/elektronika-wyposazenie-pl\/elektronika-oscyloskopy\/picoscope\/zestaw-pico-standard-4-kanaly-4425a-pq226\/","title":{"rendered":"Zestaw Pico Standard &#8211; 4 kana\u0142y 4425A &#8211; PQ226"},"content":{"rendered":"<h2 style=\"text-align: center\">Zestaw Pico Standard &#8211; 4 kana\u0142y 4425A &#8211; PQ226<\/h2>\n<p>Profesjonalny zestaw diagnostyczny PicoScope PQ226 Auto standard PS4425A w solidnej piance zapewnia precyzyjne i zaawansowane mo\u017cliwo\u015bci pomiarowe, idealne dla specjalist\u00f3w w bran\u017cy motoryzacyjnej.<\/p>\n<h3>Kluczowe cechy:<\/h3>\n<ul>\n<li>4-kana\u0142owy oscyloskop o wysokiej precyzji<\/li>\n<li>Idealny do zaawansowanej diagnostyki pojazd\u00f3w<\/li>\n<li>Wysoka rozdzielczo\u015b\u0107 i cz\u0119stotliwo\u015b\u0107 pr\u00f3bkowania<\/li>\n<li>Stabilna i trwa\u0142a konstrukcja, \u0142atwa w transporcie<\/li>\n<li>Kompletny zestaw akcesori\u00f3w w wygodnej piance<\/li>\n<\/ul>\n<h3>Specyfikacja techniczna:<\/h3>\n<ul>\n<li>Cz\u0119stotliwo\u015b\u0107 pr\u00f3bkowania: do 400 MS\/s<\/li>\n<li>Pasmo: 20 MHz<\/li>\n<li>Rozdzielczo\u015b\u0107: 12-bitowa<\/li>\n<li>Interfejs: USB 3.0<\/li>\n<\/ul>\n<p>Wybieraj\u0105c zestaw PicoScope <strong>PQ226<\/strong> Auto, inwestujesz w zaawansowane narz\u0119dzie diagnostyczne, kt\u00f3re zapewni Ci dok\u0142adno\u015b\u0107 i niezawodno\u015b\u0107 w codziennej pracy.<\/p>\n<p>W ofercie r\u00f3wnie\u017c:<\/p>\n<p class=\"product_title entry-title\"><a style=\"color: blue\" href=\"https:\/\/chiptuningmarket.com\/pl\/shop\/elektronika-wyposazenie-pl\/elektronika-oscyloskopy\/picoscope\/pico-zestaw-silniki-i-hydraulika-4-kanaly-4425a-pq195\/\">Pico zestaw Silniki i Hydraulika -PQ195<\/a><\/p>\n<p class=\"product_title entry-title\"><a style=\"color: blue\" href=\"https:\/\/chiptuningmarket.com\/pl\/shop\/elektronika-wyposazenie-pl\/elektronika-oscyloskopy\/picoscope\/pico-elite-zestaw-maszyny-rolnicze-i-budowalne-pq332\/\">Pico Elite zestaw -maszyny rolnicze i budowalne PQ332<\/a><\/p>\n","protected":false},"excerpt":{"rendered":"<p>Profesjonalny zestaw diagnostyczny <strong>PicoScope PQ226<\/strong> Auto standard PS4425A w solidnej piance zapewnia precyzyjne i zaawansowane mo\u017cliwo\u015bci pomiarowe, idealne dla specjalist\u00f3w w bran\u017cy motoryzacyjnej.<\/p>\n","protected":false},"featured_media":67549,"template":"","meta":{"_monsterinsights_skip_tracking":false,"_monsterinsights_sitenote_active":false,"_monsterinsights_sitenote_note":"","_monsterinsights_sitenote_category":0},"product_brand":[],"product_cat":[5144,5630,5634],"product_tag":[1362,7040,1671,7406,7287,7410,7411],"class_list":{"0":"post-67428","1":"product","2":"type-product","3":"status-publish","4":"has-post-thumbnail","6":"product_cat-elektronika-wyposazenie-pl","7":"product_cat-elektronika-oscyloskopy","8":"product_cat-picoscope","9":"product_tag-4425a-pl","10":"product_tag-oscylopskop","11":"product_tag-pico-pl","12":"product_tag-pico-standard","13":"product_tag-picoscope","14":"product_tag-pq226","15":"product_tag-ps4425a","17":"first","18":"onbackorder","19":"taxable","20":"shipping-taxable","21":"purchasable","22":"product-type-simple"},"yoast_head":"<!-- This site is optimized with the Yoast SEO plugin v25.2 - https:\/\/yoast.com\/wordpress\/plugins\/seo\/ -->\n<title>Zestaw Pico Standard - 4 kana\u0142y 4425A - PQ226 - Chiptuningmarket<\/title>\n<meta name=\"description\" content=\"Zestaw Pico Standard - 4 kana\u0142y 4425A - PQ226 - Profesjonalny zestaw diagnostyczny zapewnia precyzyjne i zaawansowane mo\u017cliwo\u015bci pomiarowe, idealne...\" \/>\n<meta name=\"robots\" content=\"index, follow, max-snippet:-1, max-image-preview:large, max-video-preview:-1\" \/>\n<link rel=\"canonical\" href=\"https:\/\/chiptuningmarket.com\/pl\/shop\/elektronika-wyposazenie-pl\/elektronika-oscyloskopy\/picoscope\/zestaw-pico-standard-4-kanaly-4425a-pq226\/\" \/>\n<meta property=\"og:locale\" content=\"pl_PL\" \/>\n<meta property=\"og:type\" content=\"article\" \/>\n<meta property=\"og:title\" content=\"Zestaw Pico Standard - 4 kana\u0142y 4425A - PQ226 - Chiptuningmarket\" \/>\n<meta property=\"og:description\" content=\"Zestaw Pico Standard - 4 kana\u0142y 4425A - PQ226 - Profesjonalny zestaw diagnostyczny zapewnia precyzyjne i zaawansowane mo\u017cliwo\u015bci pomiarowe, idealne...\" \/>\n<meta property=\"og:url\" content=\"https:\/\/chiptuningmarket.com\/pl\/shop\/elektronika-wyposazenie-pl\/elektronika-oscyloskopy\/picoscope\/zestaw-pico-standard-4-kanaly-4425a-pq226\/\" \/>\n<meta property=\"og:site_name\" content=\"Chiptuningmarket\" \/>\n<meta property=\"article:modified_time\" content=\"2026-04-02T13:22:05+00:00\" \/>\n<meta property=\"og:image\" content=\"https:\/\/chiptuningmarket.com\/wp-content\/uploads\/2025\/04\/pq226.png\" \/>\n\t<meta property=\"og:image:width\" content=\"1340\" \/>\n\t<meta property=\"og:image:height\" content=\"970\" \/>\n\t<meta property=\"og:image:type\" content=\"image\/png\" \/>\n<meta name=\"twitter:card\" content=\"summary_large_image\" \/>\n<meta name=\"twitter:label1\" content=\"Szacowany czas czytania\" \/>\n\t<meta name=\"twitter:data1\" content=\"1 minuta\" \/>\n<script type=\"application\/ld+json\" class=\"yoast-schema-graph\">{\"@context\":\"https:\/\/schema.org\",\"@graph\":[{\"@type\":\"WebPage\",\"@id\":\"https:\/\/chiptuningmarket.com\/pl\/shop\/elektronika-wyposazenie-pl\/elektronika-oscyloskopy\/picoscope\/zestaw-pico-standard-4-kanaly-4425a-pq226\/\",\"url\":\"https:\/\/chiptuningmarket.com\/pl\/shop\/elektronika-wyposazenie-pl\/elektronika-oscyloskopy\/picoscope\/zestaw-pico-standard-4-kanaly-4425a-pq226\/\",\"name\":\"Zestaw Pico Standard - 4 kana\u0142y 4425A - PQ226 - Chiptuningmarket\",\"isPartOf\":{\"@id\":\"https:\/\/chiptuningmarket.com\/ru\/#website\"},\"primaryImageOfPage\":{\"@id\":\"https:\/\/chiptuningmarket.com\/pl\/shop\/elektronika-wyposazenie-pl\/elektronika-oscyloskopy\/picoscope\/zestaw-pico-standard-4-kanaly-4425a-pq226\/#primaryimage\"},\"image\":{\"@id\":\"https:\/\/chiptuningmarket.com\/pl\/shop\/elektronika-wyposazenie-pl\/elektronika-oscyloskopy\/picoscope\/zestaw-pico-standard-4-kanaly-4425a-pq226\/#primaryimage\"},\"thumbnailUrl\":\"https:\/\/chiptuningmarket.com\/wp-content\/uploads\/2025\/04\/pq226.png\",\"datePublished\":\"2025-04-30T11:07:01+00:00\",\"dateModified\":\"2026-04-02T13:22:05+00:00\",\"description\":\"Zestaw Pico Standard - 4 kana\u0142y 4425A - PQ226 - Profesjonalny zestaw diagnostyczny zapewnia precyzyjne i zaawansowane mo\u017cliwo\u015bci pomiarowe, idealne...\",\"breadcrumb\":{\"@id\":\"https:\/\/chiptuningmarket.com\/pl\/shop\/elektronika-wyposazenie-pl\/elektronika-oscyloskopy\/picoscope\/zestaw-pico-standard-4-kanaly-4425a-pq226\/#breadcrumb\"},\"inLanguage\":\"pl-PL\",\"potentialAction\":[{\"@type\":\"ReadAction\",\"target\":[\"https:\/\/chiptuningmarket.com\/pl\/shop\/elektronika-wyposazenie-pl\/elektronika-oscyloskopy\/picoscope\/zestaw-pico-standard-4-kanaly-4425a-pq226\/\"]}]},{\"@type\":\"ImageObject\",\"inLanguage\":\"pl-PL\",\"@id\":\"https:\/\/chiptuningmarket.com\/pl\/shop\/elektronika-wyposazenie-pl\/elektronika-oscyloskopy\/picoscope\/zestaw-pico-standard-4-kanaly-4425a-pq226\/#primaryimage\",\"url\":\"https:\/\/chiptuningmarket.com\/wp-content\/uploads\/2025\/04\/pq226.png\",\"contentUrl\":\"https:\/\/chiptuningmarket.com\/wp-content\/uploads\/2025\/04\/pq226.png\",\"width\":1340,\"height\":970,\"caption\":\"Zestaw Pico Standard - 4 kana\u0142y 4425A - PQ226\"},{\"@type\":\"BreadcrumbList\",\"@id\":\"https:\/\/chiptuningmarket.com\/pl\/shop\/elektronika-wyposazenie-pl\/elektronika-oscyloskopy\/picoscope\/zestaw-pico-standard-4-kanaly-4425a-pq226\/#breadcrumb\",\"itemListElement\":[{\"@type\":\"ListItem\",\"position\":1,\"name\":\"Home\",\"item\":\"https:\/\/chiptuningmarket.com\/pl\/\"},{\"@type\":\"ListItem\",\"position\":2,\"name\":\"Sklep\",\"item\":\"https:\/\/chiptuningmarket.com\/pl\/shop\/\"},{\"@type\":\"ListItem\",\"position\":3,\"name\":\"Zestaw Pico Standard &#8211; 4 kana\u0142y 4425A &#8211; PQ226\"}]},{\"@type\":\"WebSite\",\"@id\":\"https:\/\/chiptuningmarket.com\/ru\/#website\",\"url\":\"https:\/\/chiptuningmarket.com\/ru\/\",\"name\":\"Chiptuningmarket\",\"description\":\"Biggest chiptuning shop in Europe\",\"publisher\":{\"@id\":\"https:\/\/chiptuningmarket.com\/ru\/#organization\"},\"alternateName\":\"Worldwide ecu tools supplier\",\"potentialAction\":[{\"@type\":\"SearchAction\",\"target\":{\"@type\":\"EntryPoint\",\"urlTemplate\":\"https:\/\/chiptuningmarket.com\/ru\/?s={search_term_string}\"},\"query-input\":{\"@type\":\"PropertyValueSpecification\",\"valueRequired\":true,\"valueName\":\"search_term_string\"}}],\"inLanguage\":\"pl-PL\"},{\"@type\":\"Organization\",\"@id\":\"https:\/\/chiptuningmarket.com\/ru\/#organization\",\"name\":\"Chiptuningmarket\",\"alternateName\":\"Chiptuning tools supplier\",\"url\":\"https:\/\/chiptuningmarket.com\/ru\/\",\"logo\":{\"@type\":\"ImageObject\",\"inLanguage\":\"pl-PL\",\"@id\":\"https:\/\/chiptuningmarket.com\/ru\/#\/schema\/logo\/image\/\",\"url\":\"https:\/\/chiptuningmarket.com\/wp-content\/uploads\/2023\/05\/logo-ChipTuningMarket-social.png\",\"contentUrl\":\"https:\/\/chiptuningmarket.com\/wp-content\/uploads\/2023\/05\/logo-ChipTuningMarket-social.png\",\"width\":512,\"height\":512,\"caption\":\"Chiptuningmarket\"},\"image\":{\"@id\":\"https:\/\/chiptuningmarket.com\/ru\/#\/schema\/logo\/image\/\"}}]}<\/script>\n<!-- \/ Yoast SEO plugin. -->","yoast_head_json":{"title":"Zestaw Pico Standard - 4 kana\u0142y 4425A - PQ226 - Chiptuningmarket","description":"Zestaw Pico Standard - 4 kana\u0142y 4425A - PQ226 - Profesjonalny zestaw diagnostyczny zapewnia precyzyjne i zaawansowane mo\u017cliwo\u015bci pomiarowe, idealne...","robots":{"index":"index","follow":"follow","max-snippet":"max-snippet:-1","max-image-preview":"max-image-preview:large","max-video-preview":"max-video-preview:-1"},"canonical":"https:\/\/chiptuningmarket.com\/pl\/shop\/elektronika-wyposazenie-pl\/elektronika-oscyloskopy\/picoscope\/zestaw-pico-standard-4-kanaly-4425a-pq226\/","og_locale":"pl_PL","og_type":"article","og_title":"Zestaw Pico Standard - 4 kana\u0142y 4425A - PQ226 - Chiptuningmarket","og_description":"Zestaw Pico Standard - 4 kana\u0142y 4425A - PQ226 - Profesjonalny zestaw diagnostyczny zapewnia precyzyjne i zaawansowane mo\u017cliwo\u015bci pomiarowe, idealne...","og_url":"https:\/\/chiptuningmarket.com\/pl\/shop\/elektronika-wyposazenie-pl\/elektronika-oscyloskopy\/picoscope\/zestaw-pico-standard-4-kanaly-4425a-pq226\/","og_site_name":"Chiptuningmarket","article_modified_time":"2026-04-02T13:22:05+00:00","og_image":[{"width":1340,"height":970,"url":"https:\/\/chiptuningmarket.com\/wp-content\/uploads\/2025\/04\/pq226.png","type":"image\/png"}],"twitter_card":"summary_large_image","twitter_misc":{"Szacowany czas czytania":"1 minuta"},"schema":{"@context":"https:\/\/schema.org","@graph":[{"@type":"WebPage","@id":"https:\/\/chiptuningmarket.com\/pl\/shop\/elektronika-wyposazenie-pl\/elektronika-oscyloskopy\/picoscope\/zestaw-pico-standard-4-kanaly-4425a-pq226\/","url":"https:\/\/chiptuningmarket.com\/pl\/shop\/elektronika-wyposazenie-pl\/elektronika-oscyloskopy\/picoscope\/zestaw-pico-standard-4-kanaly-4425a-pq226\/","name":"Zestaw Pico Standard - 4 kana\u0142y 4425A - PQ226 - Chiptuningmarket","isPartOf":{"@id":"https:\/\/chiptuningmarket.com\/ru\/#website"},"primaryImageOfPage":{"@id":"https:\/\/chiptuningmarket.com\/pl\/shop\/elektronika-wyposazenie-pl\/elektronika-oscyloskopy\/picoscope\/zestaw-pico-standard-4-kanaly-4425a-pq226\/#primaryimage"},"image":{"@id":"https:\/\/chiptuningmarket.com\/pl\/shop\/elektronika-wyposazenie-pl\/elektronika-oscyloskopy\/picoscope\/zestaw-pico-standard-4-kanaly-4425a-pq226\/#primaryimage"},"thumbnailUrl":"https:\/\/chiptuningmarket.com\/wp-content\/uploads\/2025\/04\/pq226.png","datePublished":"2025-04-30T11:07:01+00:00","dateModified":"2026-04-02T13:22:05+00:00","description":"Zestaw Pico Standard - 4 kana\u0142y 4425A - PQ226 - Profesjonalny zestaw diagnostyczny zapewnia precyzyjne i zaawansowane mo\u017cliwo\u015bci pomiarowe, idealne...","breadcrumb":{"@id":"https:\/\/chiptuningmarket.com\/pl\/shop\/elektronika-wyposazenie-pl\/elektronika-oscyloskopy\/picoscope\/zestaw-pico-standard-4-kanaly-4425a-pq226\/#breadcrumb"},"inLanguage":"pl-PL","potentialAction":[{"@type":"ReadAction","target":["https:\/\/chiptuningmarket.com\/pl\/shop\/elektronika-wyposazenie-pl\/elektronika-oscyloskopy\/picoscope\/zestaw-pico-standard-4-kanaly-4425a-pq226\/"]}]},{"@type":"ImageObject","inLanguage":"pl-PL","@id":"https:\/\/chiptuningmarket.com\/pl\/shop\/elektronika-wyposazenie-pl\/elektronika-oscyloskopy\/picoscope\/zestaw-pico-standard-4-kanaly-4425a-pq226\/#primaryimage","url":"https:\/\/chiptuningmarket.com\/wp-content\/uploads\/2025\/04\/pq226.png","contentUrl":"https:\/\/chiptuningmarket.com\/wp-content\/uploads\/2025\/04\/pq226.png","width":1340,"height":970,"caption":"Zestaw Pico Standard - 4 kana\u0142y 4425A - PQ226"},{"@type":"BreadcrumbList","@id":"https:\/\/chiptuningmarket.com\/pl\/shop\/elektronika-wyposazenie-pl\/elektronika-oscyloskopy\/picoscope\/zestaw-pico-standard-4-kanaly-4425a-pq226\/#breadcrumb","itemListElement":[{"@type":"ListItem","position":1,"name":"Home","item":"https:\/\/chiptuningmarket.com\/pl\/"},{"@type":"ListItem","position":2,"name":"Sklep","item":"https:\/\/chiptuningmarket.com\/pl\/shop\/"},{"@type":"ListItem","position":3,"name":"Zestaw Pico Standard &#8211; 4 kana\u0142y 4425A &#8211; PQ226"}]},{"@type":"WebSite","@id":"https:\/\/chiptuningmarket.com\/ru\/#website","url":"https:\/\/chiptuningmarket.com\/ru\/","name":"Chiptuningmarket","description":"Biggest chiptuning shop in Europe","publisher":{"@id":"https:\/\/chiptuningmarket.com\/ru\/#organization"},"alternateName":"Worldwide ecu tools supplier","potentialAction":[{"@type":"SearchAction","target":{"@type":"EntryPoint","urlTemplate":"https:\/\/chiptuningmarket.com\/ru\/?s={search_term_string}"},"query-input":{"@type":"PropertyValueSpecification","valueRequired":true,"valueName":"search_term_string"}}],"inLanguage":"pl-PL"},{"@type":"Organization","@id":"https:\/\/chiptuningmarket.com\/ru\/#organization","name":"Chiptuningmarket","alternateName":"Chiptuning tools supplier","url":"https:\/\/chiptuningmarket.com\/ru\/","logo":{"@type":"ImageObject","inLanguage":"pl-PL","@id":"https:\/\/chiptuningmarket.com\/ru\/#\/schema\/logo\/image\/","url":"https:\/\/chiptuningmarket.com\/wp-content\/uploads\/2023\/05\/logo-ChipTuningMarket-social.png","contentUrl":"https:\/\/chiptuningmarket.com\/wp-content\/uploads\/2023\/05\/logo-ChipTuningMarket-social.png","width":512,"height":512,"caption":"Chiptuningmarket"},"image":{"@id":"https:\/\/chiptuningmarket.com\/ru\/#\/schema\/logo\/image\/"}}]}},"_links":{"self":[{"href":"https:\/\/chiptuningmarket.com\/pl\/wp-json\/wp\/v2\/product\/67428","targetHints":{"allow":["GET"]}}],"collection":[{"href":"https:\/\/chiptuningmarket.com\/pl\/wp-json\/wp\/v2\/product"}],"about":[{"href":"https:\/\/chiptuningmarket.com\/pl\/wp-json\/wp\/v2\/types\/product"}],"wp:featuredmedia":[{"embeddable":true,"href":"https:\/\/chiptuningmarket.com\/pl\/wp-json\/wp\/v2\/media\/67549"}],"wp:attachment":[{"href":"https:\/\/chiptuningmarket.com\/pl\/wp-json\/wp\/v2\/media?parent=67428"}],"wp:term":[{"taxonomy":"product_brand","embeddable":true,"href":"https:\/\/chiptuningmarket.com\/pl\/wp-json\/wp\/v2\/product_brand?post=67428"},{"taxonomy":"product_cat","embeddable":true,"href":"https:\/\/chiptuningmarket.com\/pl\/wp-json\/wp\/v2\/product_cat?post=67428"},{"taxonomy":"product_tag","embeddable":true,"href":"https:\/\/chiptuningmarket.com\/pl\/wp-json\/wp\/v2\/product_tag?post=67428"}],"curies":[{"name":"wp","href":"https:\/\/api.w.org\/{rel}","templated":true}]}}