{"id":68101,"date":"2025-04-30T14:01:02","date_gmt":"2025-04-30T13:01:02","guid":{"rendered":"https:\/\/chiptuningmarket.com\/?post_type=product&#038;p=68101"},"modified":"2026-04-02T14:46:35","modified_gmt":"2026-04-02T13:46:35","slug":"zestaw-pico-zaawansowany-4-kanaly-4425a-pq228","status":"publish","type":"product","link":"https:\/\/chiptuningmarket.com\/pl\/shop\/elektronika-wyposazenie-pl\/elektronika-oscyloskopy\/picoscope\/zestaw-pico-zaawansowany-4-kanaly-4425a-pq228\/","title":{"rendered":"Zestaw Pico Zaawansowany &#8211; 4 kana\u0142y 4425A &#8211; PQ228"},"content":{"rendered":"<h2 style=\"text-align: center\">Zestaw Pico Zaawansowany &#8211; 4 kana\u0142y 4425A &#8211; PQ228<\/h2>\n<p><strong>Pico PQ228<\/strong> Auto Advanced 4 Channel PS4425A Kit to najwy\u017cszej klasy 4-kana\u0142owy oscyloskop, kt\u00f3ry zosta\u0142 zaprojektowany z my\u015bl\u0105 o diagnostyce pojazd\u00f3w. Zestaw jest idealnym narz\u0119dziem dla profesjonalnych mechanik\u00f3w i technik\u00f3w motoryzacyjnych, umo\u017cliwiaj\u0105c precyzyjne i szybkie wykrywanie usterek.<\/p>\n<h3><strong>Cechy produktu:<\/strong><\/h3>\n<ul>\n<li>4 kana\u0142y wej\u015bciowe umo\u017cliwiaj\u0105ce r\u00f3wnoczesne monitorowanie wielu sygna\u0142\u00f3w.<\/li>\n<li>Wysoka rozdzielczo\u015b\u0107 i cz\u0119stotliwo\u015b\u0107 pr\u00f3bkowania, zapewniaj\u0105ce dok\u0142adne pomiary.<\/li>\n<li>Przyjazne dla u\u017cytkownika oprogramowanie PicoScope, kt\u00f3re oferuje liczne funkcje analiz.<\/li>\n<li>Kompaktowe wymiary i przeno\u015bna piankowa tacka zapewniaj\u0105 \u0142atwo\u015b\u0107 transportu i przechowywania.<\/li>\n<li>Kompletne oprzyrz\u0105dowanie, w tym przewody, zaciski i czujniki potrzebne do diagnostyki.<\/li>\n<\/ul>\n<h3><strong>Zastosowanie:<\/strong><\/h3>\n<p>Oscyloskop Pico <strong>PQ228<\/strong> jest szeroko stosowany do diagnostyki system\u00f3w elektrycznych i elektronicznych w pojazdach. Sprawdza si\u0119 w analizie czujnik\u00f3w, uk\u0142ad\u00f3w zap\u0142onowych, obwod\u00f3w niskiego napi\u0119cia i wielu innych skomplikowanych system\u00f3w, kt\u00f3re wymagaj\u0105 precyzyjnych i szczeg\u00f3\u0142owych pomiar\u00f3w.<\/p>\n<h3><strong>Zawarto\u015b\u0107 zestawu:<\/strong><\/h3>\n<ul>\n<li>Oscyloskop PicoScope 4425A<\/li>\n<li>Piankowa tacka u\u0142atwiaj\u0105ca przechowywanie<\/li>\n<li>Przewody BNC-BNC<\/li>\n<li>R\u00f3\u017cnorodne czujniki i akcesoria do diagnozowania<\/li>\n<li>Oprogramowanie PicoScope na PC<\/li>\n<li>Instrukcja obs\u0142ugi<\/li>\n<\/ul>\n<p>Oscyloskop Pico <strong>PQ228<\/strong> to niezast\u0105pione narz\u0119dzie dla ka\u017cdego profesjonalnego diagnosty, gwarantuj\u0105ce szybkie i skuteczne rozwi\u0105zywanie problem\u00f3w z uk\u0142adami elektronicznymi w pojazdach.<\/p>\n<p><strong>W ofercie r\u00f3wnie\u017c:\u00a0<\/strong><\/p>\n<p class=\"product_title entry-title\"><a style=\"color: blue\" href=\"https:\/\/chiptuningmarket.com\/pl\/shop\/elektronika-wyposazenie-pl\/elektronika-oscyloskopy\/picoscope\/pico-zestaw-silniki-i-hydraulika-4-kanaly-4425a-pq195\/\">Pico zestaw Silniki i Hydraulika \u2013 PQ195<\/a><\/p>\n<p class=\"product_title entry-title\"><a style=\"color: blue\" href=\"https:\/\/chiptuningmarket.com\/pl\/shop\/elektronika-wyposazenie-pl\/elektronika-oscyloskopy\/picoscope\/pico-elite-zestaw-maszyny-rolnicze-i-budowalne-pq332\/\">Pico Elite zestaw -maszyny rolnicze i budowalne PQ332<\/a><\/p>\n","protected":false},"excerpt":{"rendered":"<p><strong>Pico PQ228<\/strong> Auto Advanced 4 Channel PS4425A Kit to najwy\u017cszej klasy 4-kana\u0142owy oscyloskop, kt\u00f3ry zosta\u0142 zaprojektowany z my\u015bl\u0105 o diagnostyce pojazd\u00f3w. Zestaw jest idealnym narz\u0119dziem dla profesjonalnych mechanik\u00f3w i technik\u00f3w motoryzacyjnych, umo\u017cliwiaj\u0105c precyzyjne i szybkie wykrywanie usterek.<\/p>\n","protected":false},"featured_media":68116,"template":"","meta":{"_monsterinsights_skip_tracking":false,"_monsterinsights_sitenote_active":false,"_monsterinsights_sitenote_note":"","_monsterinsights_sitenote_category":0},"product_brand":[],"product_cat":[5144,5630,5634],"product_tag":[7419,7143,1671,7423,7287,7422],"class_list":{"0":"post-68101","1":"product","2":"type-product","3":"status-publish","4":"has-post-thumbnail","6":"product_cat-elektronika-wyposazenie-pl","7":"product_cat-elektronika-oscyloskopy","8":"product_cat-picoscope","9":"product_tag-4-kanaly-4425a","10":"product_tag-oscyloskop","11":"product_tag-pico-pl","12":"product_tag-pico-pq228","13":"product_tag-picoscope","14":"product_tag-pq228","16":"first","17":"onbackorder","18":"taxable","19":"shipping-taxable","20":"purchasable","21":"product-type-simple"},"yoast_head":"<!-- This site is optimized with the Yoast SEO plugin v25.2 - https:\/\/yoast.com\/wordpress\/plugins\/seo\/ -->\n<title>Zestaw Pico Zaawansowany - 4 kana\u0142y 4425A - PQ228 - Chiptuningmarket<\/title>\n<meta name=\"description\" content=\"Zestaw Pico Zaawansowany - 4 kana\u0142y 4425A - PQ228 - jest szeroko stosowany do diagnostyki system\u00f3w elektrycznych i elektronicznych w pojazdach.\" \/>\n<meta name=\"robots\" content=\"index, follow, max-snippet:-1, max-image-preview:large, max-video-preview:-1\" \/>\n<link rel=\"canonical\" href=\"https:\/\/chiptuningmarket.com\/pl\/shop\/elektronika-wyposazenie-pl\/elektronika-oscyloskopy\/picoscope\/zestaw-pico-zaawansowany-4-kanaly-4425a-pq228\/\" \/>\n<meta property=\"og:locale\" content=\"pl_PL\" \/>\n<meta property=\"og:type\" content=\"article\" \/>\n<meta property=\"og:title\" content=\"Zestaw Pico Zaawansowany - 4 kana\u0142y 4425A - PQ228 - Chiptuningmarket\" \/>\n<meta property=\"og:description\" content=\"Zestaw Pico Zaawansowany - 4 kana\u0142y 4425A - PQ228 - jest szeroko stosowany do diagnostyki system\u00f3w elektrycznych i elektronicznych w pojazdach.\" \/>\n<meta property=\"og:url\" content=\"https:\/\/chiptuningmarket.com\/pl\/shop\/elektronika-wyposazenie-pl\/elektronika-oscyloskopy\/picoscope\/zestaw-pico-zaawansowany-4-kanaly-4425a-pq228\/\" \/>\n<meta property=\"og:site_name\" content=\"Chiptuningmarket\" \/>\n<meta property=\"article:modified_time\" content=\"2026-04-02T13:46:35+00:00\" \/>\n<meta property=\"og:image\" content=\"https:\/\/chiptuningmarket.com\/wp-content\/uploads\/2025\/04\/pq228.png\" \/>\n\t<meta property=\"og:image:width\" content=\"1340\" \/>\n\t<meta property=\"og:image:height\" content=\"970\" \/>\n\t<meta property=\"og:image:type\" content=\"image\/png\" \/>\n<meta name=\"twitter:card\" content=\"summary_large_image\" \/>\n<meta name=\"twitter:label1\" content=\"Szacowany czas czytania\" \/>\n\t<meta name=\"twitter:data1\" content=\"2 minuty\" \/>\n<script type=\"application\/ld+json\" class=\"yoast-schema-graph\">{\"@context\":\"https:\/\/schema.org\",\"@graph\":[{\"@type\":\"WebPage\",\"@id\":\"https:\/\/chiptuningmarket.com\/pl\/shop\/elektronika-wyposazenie-pl\/elektronika-oscyloskopy\/picoscope\/zestaw-pico-zaawansowany-4-kanaly-4425a-pq228\/\",\"url\":\"https:\/\/chiptuningmarket.com\/pl\/shop\/elektronika-wyposazenie-pl\/elektronika-oscyloskopy\/picoscope\/zestaw-pico-zaawansowany-4-kanaly-4425a-pq228\/\",\"name\":\"Zestaw Pico Zaawansowany - 4 kana\u0142y 4425A - PQ228 - Chiptuningmarket\",\"isPartOf\":{\"@id\":\"https:\/\/chiptuningmarket.com\/ru\/#website\"},\"primaryImageOfPage\":{\"@id\":\"https:\/\/chiptuningmarket.com\/pl\/shop\/elektronika-wyposazenie-pl\/elektronika-oscyloskopy\/picoscope\/zestaw-pico-zaawansowany-4-kanaly-4425a-pq228\/#primaryimage\"},\"image\":{\"@id\":\"https:\/\/chiptuningmarket.com\/pl\/shop\/elektronika-wyposazenie-pl\/elektronika-oscyloskopy\/picoscope\/zestaw-pico-zaawansowany-4-kanaly-4425a-pq228\/#primaryimage\"},\"thumbnailUrl\":\"https:\/\/chiptuningmarket.com\/wp-content\/uploads\/2025\/04\/pq228.png\",\"datePublished\":\"2025-04-30T13:01:02+00:00\",\"dateModified\":\"2026-04-02T13:46:35+00:00\",\"description\":\"Zestaw Pico Zaawansowany - 4 kana\u0142y 4425A - PQ228 - jest szeroko stosowany do diagnostyki system\u00f3w elektrycznych i elektronicznych w pojazdach.\",\"breadcrumb\":{\"@id\":\"https:\/\/chiptuningmarket.com\/pl\/shop\/elektronika-wyposazenie-pl\/elektronika-oscyloskopy\/picoscope\/zestaw-pico-zaawansowany-4-kanaly-4425a-pq228\/#breadcrumb\"},\"inLanguage\":\"pl-PL\",\"potentialAction\":[{\"@type\":\"ReadAction\",\"target\":[\"https:\/\/chiptuningmarket.com\/pl\/shop\/elektronika-wyposazenie-pl\/elektronika-oscyloskopy\/picoscope\/zestaw-pico-zaawansowany-4-kanaly-4425a-pq228\/\"]}]},{\"@type\":\"ImageObject\",\"inLanguage\":\"pl-PL\",\"@id\":\"https:\/\/chiptuningmarket.com\/pl\/shop\/elektronika-wyposazenie-pl\/elektronika-oscyloskopy\/picoscope\/zestaw-pico-zaawansowany-4-kanaly-4425a-pq228\/#primaryimage\",\"url\":\"https:\/\/chiptuningmarket.com\/wp-content\/uploads\/2025\/04\/pq228.png\",\"contentUrl\":\"https:\/\/chiptuningmarket.com\/wp-content\/uploads\/2025\/04\/pq228.png\",\"width\":1340,\"height\":970,\"caption\":\"Zestaw Pico Zaawansowany - 4 kana\u0142y 4425A - PQ228\"},{\"@type\":\"BreadcrumbList\",\"@id\":\"https:\/\/chiptuningmarket.com\/pl\/shop\/elektronika-wyposazenie-pl\/elektronika-oscyloskopy\/picoscope\/zestaw-pico-zaawansowany-4-kanaly-4425a-pq228\/#breadcrumb\",\"itemListElement\":[{\"@type\":\"ListItem\",\"position\":1,\"name\":\"Home\",\"item\":\"https:\/\/chiptuningmarket.com\/pl\/\"},{\"@type\":\"ListItem\",\"position\":2,\"name\":\"Sklep\",\"item\":\"https:\/\/chiptuningmarket.com\/pl\/shop\/\"},{\"@type\":\"ListItem\",\"position\":3,\"name\":\"Zestaw Pico Zaawansowany &#8211; 4 kana\u0142y 4425A &#8211; PQ228\"}]},{\"@type\":\"WebSite\",\"@id\":\"https:\/\/chiptuningmarket.com\/ru\/#website\",\"url\":\"https:\/\/chiptuningmarket.com\/ru\/\",\"name\":\"Chiptuningmarket\",\"description\":\"Biggest chiptuning shop in Europe\",\"publisher\":{\"@id\":\"https:\/\/chiptuningmarket.com\/ru\/#organization\"},\"alternateName\":\"Worldwide ecu tools supplier\",\"potentialAction\":[{\"@type\":\"SearchAction\",\"target\":{\"@type\":\"EntryPoint\",\"urlTemplate\":\"https:\/\/chiptuningmarket.com\/ru\/?s={search_term_string}\"},\"query-input\":{\"@type\":\"PropertyValueSpecification\",\"valueRequired\":true,\"valueName\":\"search_term_string\"}}],\"inLanguage\":\"pl-PL\"},{\"@type\":\"Organization\",\"@id\":\"https:\/\/chiptuningmarket.com\/ru\/#organization\",\"name\":\"Chiptuningmarket\",\"alternateName\":\"Chiptuning tools supplier\",\"url\":\"https:\/\/chiptuningmarket.com\/ru\/\",\"logo\":{\"@type\":\"ImageObject\",\"inLanguage\":\"pl-PL\",\"@id\":\"https:\/\/chiptuningmarket.com\/ru\/#\/schema\/logo\/image\/\",\"url\":\"https:\/\/chiptuningmarket.com\/wp-content\/uploads\/2023\/05\/logo-ChipTuningMarket-social.png\",\"contentUrl\":\"https:\/\/chiptuningmarket.com\/wp-content\/uploads\/2023\/05\/logo-ChipTuningMarket-social.png\",\"width\":512,\"height\":512,\"caption\":\"Chiptuningmarket\"},\"image\":{\"@id\":\"https:\/\/chiptuningmarket.com\/ru\/#\/schema\/logo\/image\/\"}}]}<\/script>\n<!-- \/ Yoast SEO plugin. -->","yoast_head_json":{"title":"Zestaw Pico Zaawansowany - 4 kana\u0142y 4425A - PQ228 - Chiptuningmarket","description":"Zestaw Pico Zaawansowany - 4 kana\u0142y 4425A - PQ228 - jest szeroko stosowany do diagnostyki system\u00f3w elektrycznych i elektronicznych w pojazdach.","robots":{"index":"index","follow":"follow","max-snippet":"max-snippet:-1","max-image-preview":"max-image-preview:large","max-video-preview":"max-video-preview:-1"},"canonical":"https:\/\/chiptuningmarket.com\/pl\/shop\/elektronika-wyposazenie-pl\/elektronika-oscyloskopy\/picoscope\/zestaw-pico-zaawansowany-4-kanaly-4425a-pq228\/","og_locale":"pl_PL","og_type":"article","og_title":"Zestaw Pico Zaawansowany - 4 kana\u0142y 4425A - PQ228 - Chiptuningmarket","og_description":"Zestaw Pico Zaawansowany - 4 kana\u0142y 4425A - PQ228 - jest szeroko stosowany do diagnostyki system\u00f3w elektrycznych i elektronicznych w pojazdach.","og_url":"https:\/\/chiptuningmarket.com\/pl\/shop\/elektronika-wyposazenie-pl\/elektronika-oscyloskopy\/picoscope\/zestaw-pico-zaawansowany-4-kanaly-4425a-pq228\/","og_site_name":"Chiptuningmarket","article_modified_time":"2026-04-02T13:46:35+00:00","og_image":[{"width":1340,"height":970,"url":"https:\/\/chiptuningmarket.com\/wp-content\/uploads\/2025\/04\/pq228.png","type":"image\/png"}],"twitter_card":"summary_large_image","twitter_misc":{"Szacowany czas czytania":"2 minuty"},"schema":{"@context":"https:\/\/schema.org","@graph":[{"@type":"WebPage","@id":"https:\/\/chiptuningmarket.com\/pl\/shop\/elektronika-wyposazenie-pl\/elektronika-oscyloskopy\/picoscope\/zestaw-pico-zaawansowany-4-kanaly-4425a-pq228\/","url":"https:\/\/chiptuningmarket.com\/pl\/shop\/elektronika-wyposazenie-pl\/elektronika-oscyloskopy\/picoscope\/zestaw-pico-zaawansowany-4-kanaly-4425a-pq228\/","name":"Zestaw Pico Zaawansowany - 4 kana\u0142y 4425A - PQ228 - Chiptuningmarket","isPartOf":{"@id":"https:\/\/chiptuningmarket.com\/ru\/#website"},"primaryImageOfPage":{"@id":"https:\/\/chiptuningmarket.com\/pl\/shop\/elektronika-wyposazenie-pl\/elektronika-oscyloskopy\/picoscope\/zestaw-pico-zaawansowany-4-kanaly-4425a-pq228\/#primaryimage"},"image":{"@id":"https:\/\/chiptuningmarket.com\/pl\/shop\/elektronika-wyposazenie-pl\/elektronika-oscyloskopy\/picoscope\/zestaw-pico-zaawansowany-4-kanaly-4425a-pq228\/#primaryimage"},"thumbnailUrl":"https:\/\/chiptuningmarket.com\/wp-content\/uploads\/2025\/04\/pq228.png","datePublished":"2025-04-30T13:01:02+00:00","dateModified":"2026-04-02T13:46:35+00:00","description":"Zestaw Pico Zaawansowany - 4 kana\u0142y 4425A - PQ228 - jest szeroko stosowany do diagnostyki system\u00f3w elektrycznych i elektronicznych w pojazdach.","breadcrumb":{"@id":"https:\/\/chiptuningmarket.com\/pl\/shop\/elektronika-wyposazenie-pl\/elektronika-oscyloskopy\/picoscope\/zestaw-pico-zaawansowany-4-kanaly-4425a-pq228\/#breadcrumb"},"inLanguage":"pl-PL","potentialAction":[{"@type":"ReadAction","target":["https:\/\/chiptuningmarket.com\/pl\/shop\/elektronika-wyposazenie-pl\/elektronika-oscyloskopy\/picoscope\/zestaw-pico-zaawansowany-4-kanaly-4425a-pq228\/"]}]},{"@type":"ImageObject","inLanguage":"pl-PL","@id":"https:\/\/chiptuningmarket.com\/pl\/shop\/elektronika-wyposazenie-pl\/elektronika-oscyloskopy\/picoscope\/zestaw-pico-zaawansowany-4-kanaly-4425a-pq228\/#primaryimage","url":"https:\/\/chiptuningmarket.com\/wp-content\/uploads\/2025\/04\/pq228.png","contentUrl":"https:\/\/chiptuningmarket.com\/wp-content\/uploads\/2025\/04\/pq228.png","width":1340,"height":970,"caption":"Zestaw Pico Zaawansowany - 4 kana\u0142y 4425A - PQ228"},{"@type":"BreadcrumbList","@id":"https:\/\/chiptuningmarket.com\/pl\/shop\/elektronika-wyposazenie-pl\/elektronika-oscyloskopy\/picoscope\/zestaw-pico-zaawansowany-4-kanaly-4425a-pq228\/#breadcrumb","itemListElement":[{"@type":"ListItem","position":1,"name":"Home","item":"https:\/\/chiptuningmarket.com\/pl\/"},{"@type":"ListItem","position":2,"name":"Sklep","item":"https:\/\/chiptuningmarket.com\/pl\/shop\/"},{"@type":"ListItem","position":3,"name":"Zestaw Pico Zaawansowany &#8211; 4 kana\u0142y 4425A &#8211; PQ228"}]},{"@type":"WebSite","@id":"https:\/\/chiptuningmarket.com\/ru\/#website","url":"https:\/\/chiptuningmarket.com\/ru\/","name":"Chiptuningmarket","description":"Biggest chiptuning shop in Europe","publisher":{"@id":"https:\/\/chiptuningmarket.com\/ru\/#organization"},"alternateName":"Worldwide ecu tools supplier","potentialAction":[{"@type":"SearchAction","target":{"@type":"EntryPoint","urlTemplate":"https:\/\/chiptuningmarket.com\/ru\/?s={search_term_string}"},"query-input":{"@type":"PropertyValueSpecification","valueRequired":true,"valueName":"search_term_string"}}],"inLanguage":"pl-PL"},{"@type":"Organization","@id":"https:\/\/chiptuningmarket.com\/ru\/#organization","name":"Chiptuningmarket","alternateName":"Chiptuning tools supplier","url":"https:\/\/chiptuningmarket.com\/ru\/","logo":{"@type":"ImageObject","inLanguage":"pl-PL","@id":"https:\/\/chiptuningmarket.com\/ru\/#\/schema\/logo\/image\/","url":"https:\/\/chiptuningmarket.com\/wp-content\/uploads\/2023\/05\/logo-ChipTuningMarket-social.png","contentUrl":"https:\/\/chiptuningmarket.com\/wp-content\/uploads\/2023\/05\/logo-ChipTuningMarket-social.png","width":512,"height":512,"caption":"Chiptuningmarket"},"image":{"@id":"https:\/\/chiptuningmarket.com\/ru\/#\/schema\/logo\/image\/"}}]}},"_links":{"self":[{"href":"https:\/\/chiptuningmarket.com\/pl\/wp-json\/wp\/v2\/product\/68101","targetHints":{"allow":["GET"]}}],"collection":[{"href":"https:\/\/chiptuningmarket.com\/pl\/wp-json\/wp\/v2\/product"}],"about":[{"href":"https:\/\/chiptuningmarket.com\/pl\/wp-json\/wp\/v2\/types\/product"}],"wp:featuredmedia":[{"embeddable":true,"href":"https:\/\/chiptuningmarket.com\/pl\/wp-json\/wp\/v2\/media\/68116"}],"wp:attachment":[{"href":"https:\/\/chiptuningmarket.com\/pl\/wp-json\/wp\/v2\/media?parent=68101"}],"wp:term":[{"taxonomy":"product_brand","embeddable":true,"href":"https:\/\/chiptuningmarket.com\/pl\/wp-json\/wp\/v2\/product_brand?post=68101"},{"taxonomy":"product_cat","embeddable":true,"href":"https:\/\/chiptuningmarket.com\/pl\/wp-json\/wp\/v2\/product_cat?post=68101"},{"taxonomy":"product_tag","embeddable":true,"href":"https:\/\/chiptuningmarket.com\/pl\/wp-json\/wp\/v2\/product_tag?post=68101"}],"curies":[{"name":"wp","href":"https:\/\/api.w.org\/{rel}","templated":true}]}}