{"id":74619,"date":"2025-05-07T15:10:20","date_gmt":"2025-05-07T14:10:20","guid":{"rendered":"https:\/\/chiptuningmarket.com\/?post_type=product&#038;p=74619"},"modified":"2026-02-26T15:22:27","modified_gmt":"2026-02-26T14:22:27","slug":"zestaw-10-adapterow-do-flk35-flk42-v02","status":"publish","type":"product","link":"https:\/\/chiptuningmarket.com\/pl\/shop\/akcesoria-chiptuning-pl\/magicmotorsport-flex-pl\/przewody-bench-pl\/zestaw-10-adapterow-do-flk35-flk42-v02\/","title":{"rendered":"Zestaw 10 adapter\u00f3w do FLK35 \u2013 FLK42.V02"},"content":{"rendered":"<h3 style=\"text-align: center\">Zestaw 10 adapter\u00f3w do FLK35 \u2013 FLK42.V02<\/h3>\n<p class=\"\" data-start=\"53\" data-end=\"228\"><strong data-start=\"53\" data-end=\"228\">Te zestawy adapter\u00f3w zosta\u0142y zaprojektowane w celu u\u0142atwienia po\u0142\u0105czenia mi\u0119dzy kolorowymi kablami zestawu FLK35 a sterownikami ECU i TCU. Dost\u0119pnych jest 10 typ\u00f3w z\u0142\u0105czy.<\/strong><\/p>\n<p class=\"\" data-start=\"230\" data-end=\"447\">Mog\u0105 by\u0107 wykorzystywane we wszystkich trybach programowania z narz\u0119dziem Flex Chiptuning, \u0142\u0105cz\u0105c kolorowe kable silikonowe zestawu FLK35 z Flexbox oraz jednostkami steruj\u0105cymi silnikiem i automatycznej skrzyni bieg\u00f3w.<\/p>\n<ul data-start=\"449\" data-end=\"975\">\n<li class=\"\" data-start=\"449\" data-end=\"555\">\n<p class=\"\" data-start=\"451\" data-end=\"555\">Z\u0142\u0105cza o kodach od <strong data-start=\"470\" data-end=\"480\">FLK42A<\/strong> do <strong data-start=\"484\" data-end=\"494\">FLK42F<\/strong> s\u0105 kompatybilne z niemal wszystkimi jednostkami steruj\u0105cymi<\/p>\n<\/li>\n<li class=\"\" data-start=\"556\" data-end=\"649\">\n<p class=\"\" data-start=\"558\" data-end=\"649\">Adaptery o kodzie <strong data-start=\"576\" data-end=\"586\">FLK42G<\/strong> s\u0105 kompatybilne z EMS3140, EMS3141, EMS3160, EMS3161, EMS3142<\/p>\n<\/li>\n<li class=\"\" data-start=\"650\" data-end=\"752\">\n<p class=\"\" data-start=\"652\" data-end=\"752\">Adaptery o kodzie <strong data-start=\"670\" data-end=\"680\">FLK42H<\/strong> s\u0105 kompatybilne z EDC17C49, EDC17C69, EDC7UC32, EDC7C1, EDC7C2, EDC7C3<\/p>\n<\/li>\n<li class=\"\" data-start=\"753\" data-end=\"807\">\n<p class=\"\" data-start=\"755\" data-end=\"807\">Adaptery o kodzie <strong data-start=\"773\" data-end=\"783\">FLK42I<\/strong> s\u0105 kompatybilne z MDG1<\/p>\n<\/li>\n<li class=\"\" data-start=\"808\" data-end=\"975\">\n<p class=\"\" data-start=\"810\" data-end=\"975\">Adaptery o kodzie <strong data-start=\"828\" data-end=\"838\">FLK42L<\/strong> przeznaczone s\u0105 do maszyn budowlanych, ci\u0119\u017car\u00f3wek, maszyn rolniczych oraz pojazd\u00f3w budowlanych, w tym Cummins CM2150C i Cummins CM2150E<\/p>\n<\/li>\n<\/ul>\n<article class=\"text-token-text-primary w-full\" dir=\"auto\" data-testid=\"conversation-turn-54\" data-scroll-anchor=\"true\">\n<div class=\"text-base my-auto mx-auto py-5 [--thread-content-margin:--spacing(4)] @[37rem]:[--thread-content-margin:--spacing(6)] @[72rem]:[--thread-content-margin:--spacing(16)] px-(--thread-content-margin)\">\n<div class=\"[--thread-content-max-width:32rem] @[34rem]:[--thread-content-max-width:40rem] @[64rem]:[--thread-content-max-width:48rem] mx-auto flex max-w-(--thread-content-max-width) flex-1 text-base gap-4 md:gap-5 lg:gap-6 group\/turn-messages focus-visible:outline-hidden\">\n<div class=\"group\/conversation-turn relative flex w-full min-w-0 flex-col agent-turn\">\n<div class=\"relative flex-col gap-1 md:gap-3\">\n<div class=\"flex max-w-full flex-col grow\">\n<div class=\"min-h-8 text-message relative flex w-full flex-col items-end gap-2 text-start break-words whitespace-normal [.text-message+&amp;]:mt-5\" dir=\"auto\" data-message-author-role=\"assistant\" data-message-id=\"f54ddc9b-9d3b-4c35-b1a8-e45d76f5a9fb\" data-message-model-slug=\"gpt-4o-mini\">\n<div class=\"flex w-full flex-col gap-1 empty:hidden first:pt-[3px]\">\n<div class=\"markdown prose dark:prose-invert w-full break-words light\">\n<p class=\"\" data-start=\"0\" data-end=\"24\"><strong data-start=\"0\" data-end=\"24\" data-is-last-node=\"\" data-is-only-node=\"\">Zawarto\u015b\u0107 opakowania (ka\u017cdy zestaw ma po 5 adapter\u00f3w pinowych):<\/strong><\/p>\n<ul>\n<li><span style=\"color: #0000ff\"><a style=\"color: #0000ff\" href=\"https:\/\/chiptuningmarket.com\/pl\/shop\/akcesoria-chiptuning-pl\/magicmotorsport-flex-pl\/przewody-bench-pl\/adaptery-bench-flex-do-podlaczenia-ecu-tcu-z-flk35-flk42a\/\">FLK42A<\/a><\/span><\/li>\n<li><span style=\"color: #0000ff\"><a style=\"color: #0000ff\" href=\"https:\/\/chiptuningmarket.com\/pl\/shop\/akcesoria-chiptuning-pl\/magicmotorsport-flex-pl\/przewody-bench-pl\/adaptery-bench-flex-do-podlaczenia-ecu-tcu-z-flk35-flk42b\/\">FLK42B<\/a><\/span><\/li>\n<li><span style=\"color: #0000ff\"><a style=\"color: #0000ff\" href=\"https:\/\/chiptuningmarket.com\/pl\/shop\/akcesoria-chiptuning-pl\/magicmotorsport-flex-pl\/przewody-bench-pl\/adaptery-bench-flex-do-podlaczenia-ecu-tcu-z-flk35-flk42c\/\">FLK42C<\/a><\/span><\/li>\n<li><span style=\"color: #0000ff\"><a style=\"color: #0000ff\" href=\"https:\/\/chiptuningmarket.com\/pl\/shop\/akcesoria-chiptuning-pl\/magicmotorsport-flex-pl\/przewody-bench-pl\/adaptery-bench-flex-do-podlaczenia-ecu-tcu-z-flk35-flk42d\/\">FLK42D<\/a><\/span><\/li>\n<li><span style=\"color: #0000ff\"><a style=\"color: #0000ff\" href=\"https:\/\/chiptuningmarket.com\/pl\/shop\/akcesoria-chiptuning-pl\/magicmotorsport-flex-pl\/przewody-bench-pl\/adaptery-bench-flex-do-podlaczenia-ecu-tcu-z-flk35-flk42e\/\">FLK42E<\/a><\/span><\/li>\n<li><span style=\"color: #0000ff\"><a style=\"color: #0000ff\" href=\"https:\/\/chiptuningmarket.com\/pl\/shop\/akcesoria-chiptuning-pl\/magicmotorsport-flex-pl\/przewody-bench-pl\/adaptery-bench-flex-do-podlaczenia-ecu-tcu-z-flk35-flk42f\/\">FLK42F<\/a><\/span><\/li>\n<li><span style=\"color: #0000ff\"><a style=\"color: #0000ff\" href=\"https:\/\/chiptuningmarket.com\/pl\/shop\/akcesoria-chiptuning-pl\/magicmotorsport-flex-pl\/przewody-bench-pl\/adaptery-bench-flex-do-podlaczenia-ecu-tcu-z-flk35-flk42g\/\">FLK42G<\/a><\/span><\/li>\n<li><span style=\"color: #0000ff\"><a style=\"color: #0000ff\" href=\"https:\/\/chiptuningmarket.com\/pl\/shop\/akcesoria-chiptuning-pl\/magicmotorsport-flex-pl\/przewody-bench-pl\/adaptery-bench-flex-do-podlaczenia-ecu-tcu-z-flk35-flk42h\/\">FLK42H<\/a><\/span><\/li>\n<li><span style=\"color: #0000ff\"><a style=\"color: #0000ff\" href=\"https:\/\/chiptuningmarket.com\/pl\/shop\/akcesoria-chiptuning-pl\/magicmotorsport-flex-pl\/przewody-bench-pl\/adaptery-bench-flex-do-podlaczenia-ecu-tcu-z-flk35-flk42i\/\">FLK42I<\/a><\/span><\/li>\n<li data-start=\"0\" data-end=\"24\"><span style=\"color: #0000ff\"><a style=\"color: #0000ff\" href=\"https:\/\/chiptuningmarket.com\/en\/shop\/accessories-adapters-cables\/accessories-adapters-cables-magicmotorsport-flex\/accessories-adapters-cables-mms-cables-bench\/adapters-bench-flex-for-connecting-ecu-tcu-with-flk35-flk42l\/\">FLK42L<\/a><\/span><\/li>\n<\/ul>\n<\/div>\n<\/div>\n<\/div>\n<\/div>\n<\/div>\n<\/div>\n<\/div>\n<\/div>\n<\/article>\n","protected":false},"excerpt":{"rendered":"<p>Zestawy adapter\u00f3w pinowych do nawi\u0105zywania po\u0142\u0105cze\u0144 mi\u0119dzy FLK35 a pinami ECU\/TCU.<\/p>\n","protected":false},"featured_media":74739,"template":"","meta":{"_monsterinsights_skip_tracking":false,"_monsterinsights_sitenote_active":false,"_monsterinsights_sitenote_note":"","_monsterinsights_sitenote_category":0},"product_brand":[],"product_cat":[5060,5129,5132],"product_tag":[],"class_list":{"0":"post-74619","1":"product","2":"type-product","3":"status-publish","4":"has-post-thumbnail","6":"product_cat-akcesoria-chiptuning-pl","7":"product_cat-magicmotorsport-flex-pl","8":"product_cat-przewody-bench-pl","10":"first","11":"instock","12":"taxable","13":"shipping-taxable","14":"purchasable","15":"product-type-simple"},"yoast_head":"<!-- This site is optimized with the Yoast SEO plugin v25.2 - https:\/\/yoast.com\/wordpress\/plugins\/seo\/ -->\n<title>Zestaw 10 adapter\u00f3w do FLK35 \u2013 FLK42.V02 - Chiptuningmarket<\/title>\n<meta name=\"description\" content=\"Zestaw 10 adapter\u00f3w do FLK35 \u2013 FLK42.V02 - Zestawy adapter\u00f3w pinowych do nawi\u0105zywania po\u0142\u0105cze\u0144 mi\u0119dzy FLK35 a pinami ECU\/TCU.\" \/>\n<meta name=\"robots\" content=\"index, follow, max-snippet:-1, max-image-preview:large, max-video-preview:-1\" \/>\n<link rel=\"canonical\" href=\"https:\/\/chiptuningmarket.com\/pl\/shop\/akcesoria-chiptuning-pl\/magicmotorsport-flex-pl\/przewody-bench-pl\/zestaw-10-adapterow-do-flk35-flk42-v02\/\" \/>\n<meta property=\"og:locale\" content=\"pl_PL\" \/>\n<meta property=\"og:type\" content=\"article\" \/>\n<meta property=\"og:title\" content=\"Zestaw 10 adapter\u00f3w do FLK35 \u2013 FLK42.V02 - Chiptuningmarket\" \/>\n<meta property=\"og:description\" content=\"Zestaw 10 adapter\u00f3w do FLK35 \u2013 FLK42.V02 - Zestawy adapter\u00f3w pinowych do nawi\u0105zywania po\u0142\u0105cze\u0144 mi\u0119dzy FLK35 a pinami ECU\/TCU.\" \/>\n<meta property=\"og:url\" content=\"https:\/\/chiptuningmarket.com\/pl\/shop\/akcesoria-chiptuning-pl\/magicmotorsport-flex-pl\/przewody-bench-pl\/zestaw-10-adapterow-do-flk35-flk42-v02\/\" \/>\n<meta property=\"og:site_name\" content=\"Chiptuningmarket\" \/>\n<meta property=\"article:modified_time\" content=\"2026-02-26T14:22:27+00:00\" \/>\n<meta property=\"og:image\" content=\"https:\/\/chiptuningmarket.com\/wp-content\/uploads\/2025\/05\/flk42-v02-adapter-kit-connections-ecu.jpg\" \/>\n\t<meta property=\"og:image:width\" content=\"1000\" \/>\n\t<meta property=\"og:image:height\" content=\"1000\" \/>\n\t<meta property=\"og:image:type\" content=\"image\/jpeg\" \/>\n<meta name=\"twitter:card\" content=\"summary_large_image\" \/>\n<meta name=\"twitter:label1\" content=\"Szacowany czas czytania\" \/>\n\t<meta name=\"twitter:data1\" content=\"1 minuta\" \/>\n<script type=\"application\/ld+json\" class=\"yoast-schema-graph\">{\"@context\":\"https:\/\/schema.org\",\"@graph\":[{\"@type\":\"WebPage\",\"@id\":\"https:\/\/chiptuningmarket.com\/pl\/shop\/akcesoria-chiptuning-pl\/magicmotorsport-flex-pl\/przewody-bench-pl\/zestaw-10-adapterow-do-flk35-flk42-v02\/\",\"url\":\"https:\/\/chiptuningmarket.com\/pl\/shop\/akcesoria-chiptuning-pl\/magicmotorsport-flex-pl\/przewody-bench-pl\/zestaw-10-adapterow-do-flk35-flk42-v02\/\",\"name\":\"Zestaw 10 adapter\u00f3w do FLK35 \u2013 FLK42.V02 - Chiptuningmarket\",\"isPartOf\":{\"@id\":\"https:\/\/chiptuningmarket.com\/ru\/#website\"},\"primaryImageOfPage\":{\"@id\":\"https:\/\/chiptuningmarket.com\/pl\/shop\/akcesoria-chiptuning-pl\/magicmotorsport-flex-pl\/przewody-bench-pl\/zestaw-10-adapterow-do-flk35-flk42-v02\/#primaryimage\"},\"image\":{\"@id\":\"https:\/\/chiptuningmarket.com\/pl\/shop\/akcesoria-chiptuning-pl\/magicmotorsport-flex-pl\/przewody-bench-pl\/zestaw-10-adapterow-do-flk35-flk42-v02\/#primaryimage\"},\"thumbnailUrl\":\"https:\/\/chiptuningmarket.com\/wp-content\/uploads\/2025\/05\/flk42-v02-adapter-kit-connections-ecu.jpg\",\"datePublished\":\"2025-05-07T14:10:20+00:00\",\"dateModified\":\"2026-02-26T14:22:27+00:00\",\"description\":\"Zestaw 10 adapter\u00f3w do FLK35 \u2013 FLK42.V02 - Zestawy adapter\u00f3w pinowych do nawi\u0105zywania po\u0142\u0105cze\u0144 mi\u0119dzy FLK35 a pinami ECU\/TCU.\",\"breadcrumb\":{\"@id\":\"https:\/\/chiptuningmarket.com\/pl\/shop\/akcesoria-chiptuning-pl\/magicmotorsport-flex-pl\/przewody-bench-pl\/zestaw-10-adapterow-do-flk35-flk42-v02\/#breadcrumb\"},\"inLanguage\":\"pl-PL\",\"potentialAction\":[{\"@type\":\"ReadAction\",\"target\":[\"https:\/\/chiptuningmarket.com\/pl\/shop\/akcesoria-chiptuning-pl\/magicmotorsport-flex-pl\/przewody-bench-pl\/zestaw-10-adapterow-do-flk35-flk42-v02\/\"]}]},{\"@type\":\"ImageObject\",\"inLanguage\":\"pl-PL\",\"@id\":\"https:\/\/chiptuningmarket.com\/pl\/shop\/akcesoria-chiptuning-pl\/magicmotorsport-flex-pl\/przewody-bench-pl\/zestaw-10-adapterow-do-flk35-flk42-v02\/#primaryimage\",\"url\":\"https:\/\/chiptuningmarket.com\/wp-content\/uploads\/2025\/05\/flk42-v02-adapter-kit-connections-ecu.jpg\",\"contentUrl\":\"https:\/\/chiptuningmarket.com\/wp-content\/uploads\/2025\/05\/flk42-v02-adapter-kit-connections-ecu.jpg\",\"width\":1000,\"height\":1000,\"caption\":\"Zestaw 10 adapter\u00f3w do FLK35 \u2013 Zestaw uzupe\u0142niaj\u0105cy Flex FLK43\"},{\"@type\":\"BreadcrumbList\",\"@id\":\"https:\/\/chiptuningmarket.com\/pl\/shop\/akcesoria-chiptuning-pl\/magicmotorsport-flex-pl\/przewody-bench-pl\/zestaw-10-adapterow-do-flk35-flk42-v02\/#breadcrumb\",\"itemListElement\":[{\"@type\":\"ListItem\",\"position\":1,\"name\":\"Home\",\"item\":\"https:\/\/chiptuningmarket.com\/pl\/\"},{\"@type\":\"ListItem\",\"position\":2,\"name\":\"Sklep\",\"item\":\"https:\/\/chiptuningmarket.com\/pl\/shop\/\"},{\"@type\":\"ListItem\",\"position\":3,\"name\":\"Zestaw 10 adapter\u00f3w do FLK35 \u2013 FLK42.V02\"}]},{\"@type\":\"WebSite\",\"@id\":\"https:\/\/chiptuningmarket.com\/ru\/#website\",\"url\":\"https:\/\/chiptuningmarket.com\/ru\/\",\"name\":\"Chiptuningmarket\",\"description\":\"Biggest chiptuning shop in Europe\",\"publisher\":{\"@id\":\"https:\/\/chiptuningmarket.com\/ru\/#organization\"},\"alternateName\":\"Worldwide ecu tools supplier\",\"potentialAction\":[{\"@type\":\"SearchAction\",\"target\":{\"@type\":\"EntryPoint\",\"urlTemplate\":\"https:\/\/chiptuningmarket.com\/ru\/?s={search_term_string}\"},\"query-input\":{\"@type\":\"PropertyValueSpecification\",\"valueRequired\":true,\"valueName\":\"search_term_string\"}}],\"inLanguage\":\"pl-PL\"},{\"@type\":\"Organization\",\"@id\":\"https:\/\/chiptuningmarket.com\/ru\/#organization\",\"name\":\"Chiptuningmarket\",\"alternateName\":\"Chiptuning tools supplier\",\"url\":\"https:\/\/chiptuningmarket.com\/ru\/\",\"logo\":{\"@type\":\"ImageObject\",\"inLanguage\":\"pl-PL\",\"@id\":\"https:\/\/chiptuningmarket.com\/ru\/#\/schema\/logo\/image\/\",\"url\":\"https:\/\/chiptuningmarket.com\/wp-content\/uploads\/2023\/05\/logo-ChipTuningMarket-social.png\",\"contentUrl\":\"https:\/\/chiptuningmarket.com\/wp-content\/uploads\/2023\/05\/logo-ChipTuningMarket-social.png\",\"width\":512,\"height\":512,\"caption\":\"Chiptuningmarket\"},\"image\":{\"@id\":\"https:\/\/chiptuningmarket.com\/ru\/#\/schema\/logo\/image\/\"}}]}<\/script>\n<!-- \/ Yoast SEO plugin. -->","yoast_head_json":{"title":"Zestaw 10 adapter\u00f3w do FLK35 \u2013 FLK42.V02 - Chiptuningmarket","description":"Zestaw 10 adapter\u00f3w do FLK35 \u2013 FLK42.V02 - Zestawy adapter\u00f3w pinowych do nawi\u0105zywania po\u0142\u0105cze\u0144 mi\u0119dzy FLK35 a pinami ECU\/TCU.","robots":{"index":"index","follow":"follow","max-snippet":"max-snippet:-1","max-image-preview":"max-image-preview:large","max-video-preview":"max-video-preview:-1"},"canonical":"https:\/\/chiptuningmarket.com\/pl\/shop\/akcesoria-chiptuning-pl\/magicmotorsport-flex-pl\/przewody-bench-pl\/zestaw-10-adapterow-do-flk35-flk42-v02\/","og_locale":"pl_PL","og_type":"article","og_title":"Zestaw 10 adapter\u00f3w do FLK35 \u2013 FLK42.V02 - Chiptuningmarket","og_description":"Zestaw 10 adapter\u00f3w do FLK35 \u2013 FLK42.V02 - Zestawy adapter\u00f3w pinowych do nawi\u0105zywania po\u0142\u0105cze\u0144 mi\u0119dzy FLK35 a pinami ECU\/TCU.","og_url":"https:\/\/chiptuningmarket.com\/pl\/shop\/akcesoria-chiptuning-pl\/magicmotorsport-flex-pl\/przewody-bench-pl\/zestaw-10-adapterow-do-flk35-flk42-v02\/","og_site_name":"Chiptuningmarket","article_modified_time":"2026-02-26T14:22:27+00:00","og_image":[{"width":1000,"height":1000,"url":"https:\/\/chiptuningmarket.com\/wp-content\/uploads\/2025\/05\/flk42-v02-adapter-kit-connections-ecu.jpg","type":"image\/jpeg"}],"twitter_card":"summary_large_image","twitter_misc":{"Szacowany czas czytania":"1 minuta"},"schema":{"@context":"https:\/\/schema.org","@graph":[{"@type":"WebPage","@id":"https:\/\/chiptuningmarket.com\/pl\/shop\/akcesoria-chiptuning-pl\/magicmotorsport-flex-pl\/przewody-bench-pl\/zestaw-10-adapterow-do-flk35-flk42-v02\/","url":"https:\/\/chiptuningmarket.com\/pl\/shop\/akcesoria-chiptuning-pl\/magicmotorsport-flex-pl\/przewody-bench-pl\/zestaw-10-adapterow-do-flk35-flk42-v02\/","name":"Zestaw 10 adapter\u00f3w do FLK35 \u2013 FLK42.V02 - Chiptuningmarket","isPartOf":{"@id":"https:\/\/chiptuningmarket.com\/ru\/#website"},"primaryImageOfPage":{"@id":"https:\/\/chiptuningmarket.com\/pl\/shop\/akcesoria-chiptuning-pl\/magicmotorsport-flex-pl\/przewody-bench-pl\/zestaw-10-adapterow-do-flk35-flk42-v02\/#primaryimage"},"image":{"@id":"https:\/\/chiptuningmarket.com\/pl\/shop\/akcesoria-chiptuning-pl\/magicmotorsport-flex-pl\/przewody-bench-pl\/zestaw-10-adapterow-do-flk35-flk42-v02\/#primaryimage"},"thumbnailUrl":"https:\/\/chiptuningmarket.com\/wp-content\/uploads\/2025\/05\/flk42-v02-adapter-kit-connections-ecu.jpg","datePublished":"2025-05-07T14:10:20+00:00","dateModified":"2026-02-26T14:22:27+00:00","description":"Zestaw 10 adapter\u00f3w do FLK35 \u2013 FLK42.V02 - Zestawy adapter\u00f3w pinowych do nawi\u0105zywania po\u0142\u0105cze\u0144 mi\u0119dzy FLK35 a pinami ECU\/TCU.","breadcrumb":{"@id":"https:\/\/chiptuningmarket.com\/pl\/shop\/akcesoria-chiptuning-pl\/magicmotorsport-flex-pl\/przewody-bench-pl\/zestaw-10-adapterow-do-flk35-flk42-v02\/#breadcrumb"},"inLanguage":"pl-PL","potentialAction":[{"@type":"ReadAction","target":["https:\/\/chiptuningmarket.com\/pl\/shop\/akcesoria-chiptuning-pl\/magicmotorsport-flex-pl\/przewody-bench-pl\/zestaw-10-adapterow-do-flk35-flk42-v02\/"]}]},{"@type":"ImageObject","inLanguage":"pl-PL","@id":"https:\/\/chiptuningmarket.com\/pl\/shop\/akcesoria-chiptuning-pl\/magicmotorsport-flex-pl\/przewody-bench-pl\/zestaw-10-adapterow-do-flk35-flk42-v02\/#primaryimage","url":"https:\/\/chiptuningmarket.com\/wp-content\/uploads\/2025\/05\/flk42-v02-adapter-kit-connections-ecu.jpg","contentUrl":"https:\/\/chiptuningmarket.com\/wp-content\/uploads\/2025\/05\/flk42-v02-adapter-kit-connections-ecu.jpg","width":1000,"height":1000,"caption":"Zestaw 10 adapter\u00f3w do FLK35 \u2013 Zestaw uzupe\u0142niaj\u0105cy Flex FLK43"},{"@type":"BreadcrumbList","@id":"https:\/\/chiptuningmarket.com\/pl\/shop\/akcesoria-chiptuning-pl\/magicmotorsport-flex-pl\/przewody-bench-pl\/zestaw-10-adapterow-do-flk35-flk42-v02\/#breadcrumb","itemListElement":[{"@type":"ListItem","position":1,"name":"Home","item":"https:\/\/chiptuningmarket.com\/pl\/"},{"@type":"ListItem","position":2,"name":"Sklep","item":"https:\/\/chiptuningmarket.com\/pl\/shop\/"},{"@type":"ListItem","position":3,"name":"Zestaw 10 adapter\u00f3w do FLK35 \u2013 FLK42.V02"}]},{"@type":"WebSite","@id":"https:\/\/chiptuningmarket.com\/ru\/#website","url":"https:\/\/chiptuningmarket.com\/ru\/","name":"Chiptuningmarket","description":"Biggest chiptuning shop in Europe","publisher":{"@id":"https:\/\/chiptuningmarket.com\/ru\/#organization"},"alternateName":"Worldwide ecu tools supplier","potentialAction":[{"@type":"SearchAction","target":{"@type":"EntryPoint","urlTemplate":"https:\/\/chiptuningmarket.com\/ru\/?s={search_term_string}"},"query-input":{"@type":"PropertyValueSpecification","valueRequired":true,"valueName":"search_term_string"}}],"inLanguage":"pl-PL"},{"@type":"Organization","@id":"https:\/\/chiptuningmarket.com\/ru\/#organization","name":"Chiptuningmarket","alternateName":"Chiptuning tools supplier","url":"https:\/\/chiptuningmarket.com\/ru\/","logo":{"@type":"ImageObject","inLanguage":"pl-PL","@id":"https:\/\/chiptuningmarket.com\/ru\/#\/schema\/logo\/image\/","url":"https:\/\/chiptuningmarket.com\/wp-content\/uploads\/2023\/05\/logo-ChipTuningMarket-social.png","contentUrl":"https:\/\/chiptuningmarket.com\/wp-content\/uploads\/2023\/05\/logo-ChipTuningMarket-social.png","width":512,"height":512,"caption":"Chiptuningmarket"},"image":{"@id":"https:\/\/chiptuningmarket.com\/ru\/#\/schema\/logo\/image\/"}}]}},"_links":{"self":[{"href":"https:\/\/chiptuningmarket.com\/pl\/wp-json\/wp\/v2\/product\/74619","targetHints":{"allow":["GET"]}}],"collection":[{"href":"https:\/\/chiptuningmarket.com\/pl\/wp-json\/wp\/v2\/product"}],"about":[{"href":"https:\/\/chiptuningmarket.com\/pl\/wp-json\/wp\/v2\/types\/product"}],"wp:featuredmedia":[{"embeddable":true,"href":"https:\/\/chiptuningmarket.com\/pl\/wp-json\/wp\/v2\/media\/74739"}],"wp:attachment":[{"href":"https:\/\/chiptuningmarket.com\/pl\/wp-json\/wp\/v2\/media?parent=74619"}],"wp:term":[{"taxonomy":"product_brand","embeddable":true,"href":"https:\/\/chiptuningmarket.com\/pl\/wp-json\/wp\/v2\/product_brand?post=74619"},{"taxonomy":"product_cat","embeddable":true,"href":"https:\/\/chiptuningmarket.com\/pl\/wp-json\/wp\/v2\/product_cat?post=74619"},{"taxonomy":"product_tag","embeddable":true,"href":"https:\/\/chiptuningmarket.com\/pl\/wp-json\/wp\/v2\/product_tag?post=74619"}],"curies":[{"name":"wp","href":"https:\/\/api.w.org\/{rel}","templated":true}]}}