{"id":28017,"date":"2024-02-02T13:40:56","date_gmt":"2024-02-02T12:40:56","guid":{"rendered":"https:\/\/chiptuningmarket.com\/?post_type=product&#038;p=28017"},"modified":"2024-02-02T13:42:34","modified_gmt":"2024-02-02T13:42:34","slug":"przewod-diagnostyczny-do-przyczepy-can-iso-7638","status":"publish","type":"product","link":"https:\/\/chiptuningmarket.com\/ru\/shop\/accessories-adapters-cables-ru\/przewod-diagnostyczny-do-przyczepy-can-iso-7638\/","title":{"rendered":"PRZEW\u00d3D DIAGNOSTYCZNY DO PRZYCZEPY CAN ISO 7638"},"content":{"rendered":"","protected":false},"excerpt":{"rendered":"<p>PRZEW\u00d3D DIAGNOSTYCZNY DO PRZYCZEPY CAN ISO 7638<\/p>\n<p>&nbsp;<\/p>\n<p>Wersja \u0142\u0105cza V8.1\/V9<br \/>\nD\u0142ugo\u015b\u0107 22 &#8211; 29 cm<\/p>\n","protected":false},"featured_media":28016,"template":"","meta":{"_monsterinsights_skip_tracking":false,"_monsterinsights_sitenote_active":false,"_monsterinsights_sitenote_note":"","_monsterinsights_sitenote_category":0},"product_brand":[],"product_cat":[6689],"product_tag":[],"class_list":{"0":"post-28017","1":"product","2":"type-product","3":"status-publish","4":"has-post-thumbnail","6":"product_cat-accessories-adapters-cables-ru","8":"first","9":"instock","10":"taxable","11":"shipping-taxable","12":"purchasable","13":"product-type-simple"},"yoast_head":"<!-- This site is optimized with the Yoast SEO plugin v25.2 - https:\/\/yoast.com\/wordpress\/plugins\/seo\/ -->\n<title>PRZEW\u00d3D DIAGNOSTYCZNY DO PRZYCZEPY CAN ISO 7638 - Chiptuningmarket<\/title>\n<meta name=\"description\" content=\"PRZEW\u00d3D DIAGNOSTYCZNY DO PRZYCZEPY CAN ISO 7638\" \/>\n<meta name=\"robots\" content=\"index, follow, max-snippet:-1, max-image-preview:large, max-video-preview:-1\" \/>\n<link rel=\"canonical\" href=\"https:\/\/chiptuningmarket.com\/ru\/shop\/accessories-adapters-cables-ru\/przewod-diagnostyczny-do-przyczepy-can-iso-7638\/\" \/>\n<meta property=\"og:locale\" content=\"ru_RU\" \/>\n<meta property=\"og:type\" content=\"article\" \/>\n<meta property=\"og:title\" content=\"PRZEW\u00d3D DIAGNOSTYCZNY DO PRZYCZEPY CAN ISO 7638 - Chiptuningmarket\" \/>\n<meta property=\"og:description\" content=\"PRZEW\u00d3D DIAGNOSTYCZNY DO PRZYCZEPY CAN ISO 7638\" \/>\n<meta property=\"og:url\" content=\"https:\/\/chiptuningmarket.com\/ru\/shop\/accessories-adapters-cables-ru\/przewod-diagnostyczny-do-przyczepy-can-iso-7638\/\" \/>\n<meta property=\"og:site_name\" content=\"Chiptuningmarket\" \/>\n<meta property=\"article:modified_time\" content=\"2024-02-02T13:42:34+00:00\" \/>\n<meta property=\"og:image\" content=\"https:\/\/chiptuningmarket.com\/wp-content\/uploads\/2024\/02\/JDC110A.png\" \/>\n\t<meta property=\"og:image:width\" content=\"1024\" \/>\n\t<meta property=\"og:image:height\" content=\"682\" \/>\n\t<meta property=\"og:image:type\" content=\"image\/png\" \/>\n<meta name=\"twitter:card\" content=\"summary_large_image\" \/>\n<script type=\"application\/ld+json\" class=\"yoast-schema-graph\">{\"@context\":\"https:\/\/schema.org\",\"@graph\":[{\"@type\":\"WebPage\",\"@id\":\"https:\/\/chiptuningmarket.com\/ru\/shop\/accessories-adapters-cables-ru\/przewod-diagnostyczny-do-przyczepy-can-iso-7638\/\",\"url\":\"https:\/\/chiptuningmarket.com\/ru\/shop\/accessories-adapters-cables-ru\/przewod-diagnostyczny-do-przyczepy-can-iso-7638\/\",\"name\":\"PRZEW\u00d3D DIAGNOSTYCZNY DO PRZYCZEPY CAN ISO 7638 - Chiptuningmarket\",\"isPartOf\":{\"@id\":\"https:\/\/chiptuningmarket.com\/ru\/#website\"},\"primaryImageOfPage\":{\"@id\":\"https:\/\/chiptuningmarket.com\/ru\/shop\/accessories-adapters-cables-ru\/przewod-diagnostyczny-do-przyczepy-can-iso-7638\/#primaryimage\"},\"image\":{\"@id\":\"https:\/\/chiptuningmarket.com\/ru\/shop\/accessories-adapters-cables-ru\/przewod-diagnostyczny-do-przyczepy-can-iso-7638\/#primaryimage\"},\"thumbnailUrl\":\"https:\/\/chiptuningmarket.com\/wp-content\/uploads\/2024\/02\/JDC110A.png\",\"datePublished\":\"2024-02-02T12:40:56+00:00\",\"dateModified\":\"2024-02-02T13:42:34+00:00\",\"description\":\"PRZEW\u00d3D DIAGNOSTYCZNY DO PRZYCZEPY CAN ISO 7638\",\"breadcrumb\":{\"@id\":\"https:\/\/chiptuningmarket.com\/ru\/shop\/accessories-adapters-cables-ru\/przewod-diagnostyczny-do-przyczepy-can-iso-7638\/#breadcrumb\"},\"inLanguage\":\"ru-RU\",\"potentialAction\":[{\"@type\":\"ReadAction\",\"target\":[\"https:\/\/chiptuningmarket.com\/ru\/shop\/accessories-adapters-cables-ru\/przewod-diagnostyczny-do-przyczepy-can-iso-7638\/\"]}]},{\"@type\":\"ImageObject\",\"inLanguage\":\"ru-RU\",\"@id\":\"https:\/\/chiptuningmarket.com\/ru\/shop\/accessories-adapters-cables-ru\/przewod-diagnostyczny-do-przyczepy-can-iso-7638\/#primaryimage\",\"url\":\"https:\/\/chiptuningmarket.com\/wp-content\/uploads\/2024\/02\/JDC110A.png\",\"contentUrl\":\"https:\/\/chiptuningmarket.com\/wp-content\/uploads\/2024\/02\/JDC110A.png\",\"width\":1024,\"height\":682,\"caption\":\"Przew\u00f3d diagnostyczny Jaltest do naczep CAN ISO 7638 JDC110A\"},{\"@type\":\"BreadcrumbList\",\"@id\":\"https:\/\/chiptuningmarket.com\/ru\/shop\/accessories-adapters-cables-ru\/przewod-diagnostyczny-do-przyczepy-can-iso-7638\/#breadcrumb\",\"itemListElement\":[{\"@type\":\"ListItem\",\"position\":1,\"name\":\"Home\",\"item\":\"https:\/\/chiptuningmarket.com\/ru\/\"},{\"@type\":\"ListItem\",\"position\":2,\"name\":\"Shop\",\"item\":\"https:\/\/chiptuningmarket.com\/en\/shop\/\"},{\"@type\":\"ListItem\",\"position\":3,\"name\":\"PRZEW\u00d3D DIAGNOSTYCZNY DO PRZYCZEPY CAN ISO 7638\"}]},{\"@type\":\"WebSite\",\"@id\":\"https:\/\/chiptuningmarket.com\/ru\/#website\",\"url\":\"https:\/\/chiptuningmarket.com\/ru\/\",\"name\":\"Chiptuningmarket\",\"description\":\"Biggest chiptuning shop in Europe\",\"publisher\":{\"@id\":\"https:\/\/chiptuningmarket.com\/ru\/#organization\"},\"alternateName\":\"Worldwide ecu tools supplier\",\"potentialAction\":[{\"@type\":\"SearchAction\",\"target\":{\"@type\":\"EntryPoint\",\"urlTemplate\":\"https:\/\/chiptuningmarket.com\/ru\/?s={search_term_string}\"},\"query-input\":{\"@type\":\"PropertyValueSpecification\",\"valueRequired\":true,\"valueName\":\"search_term_string\"}}],\"inLanguage\":\"ru-RU\"},{\"@type\":\"Organization\",\"@id\":\"https:\/\/chiptuningmarket.com\/ru\/#organization\",\"name\":\"Chiptuningmarket\",\"alternateName\":\"Chiptuning tools supplier\",\"url\":\"https:\/\/chiptuningmarket.com\/ru\/\",\"logo\":{\"@type\":\"ImageObject\",\"inLanguage\":\"ru-RU\",\"@id\":\"https:\/\/chiptuningmarket.com\/ru\/#\/schema\/logo\/image\/\",\"url\":\"https:\/\/chiptuningmarket.com\/wp-content\/uploads\/2023\/05\/logo-ChipTuningMarket-social.png\",\"contentUrl\":\"https:\/\/chiptuningmarket.com\/wp-content\/uploads\/2023\/05\/logo-ChipTuningMarket-social.png\",\"width\":512,\"height\":512,\"caption\":\"Chiptuningmarket\"},\"image\":{\"@id\":\"https:\/\/chiptuningmarket.com\/ru\/#\/schema\/logo\/image\/\"}}]}<\/script>\n<!-- \/ Yoast SEO plugin. -->","yoast_head_json":{"title":"PRZEW\u00d3D DIAGNOSTYCZNY DO PRZYCZEPY CAN ISO 7638 - Chiptuningmarket","description":"PRZEW\u00d3D DIAGNOSTYCZNY DO PRZYCZEPY CAN ISO 7638","robots":{"index":"index","follow":"follow","max-snippet":"max-snippet:-1","max-image-preview":"max-image-preview:large","max-video-preview":"max-video-preview:-1"},"canonical":"https:\/\/chiptuningmarket.com\/ru\/shop\/accessories-adapters-cables-ru\/przewod-diagnostyczny-do-przyczepy-can-iso-7638\/","og_locale":"ru_RU","og_type":"article","og_title":"PRZEW\u00d3D DIAGNOSTYCZNY DO PRZYCZEPY CAN ISO 7638 - Chiptuningmarket","og_description":"PRZEW\u00d3D DIAGNOSTYCZNY DO PRZYCZEPY CAN ISO 7638","og_url":"https:\/\/chiptuningmarket.com\/ru\/shop\/accessories-adapters-cables-ru\/przewod-diagnostyczny-do-przyczepy-can-iso-7638\/","og_site_name":"Chiptuningmarket","article_modified_time":"2024-02-02T13:42:34+00:00","og_image":[{"width":1024,"height":682,"url":"https:\/\/chiptuningmarket.com\/wp-content\/uploads\/2024\/02\/JDC110A.png","type":"image\/png"}],"twitter_card":"summary_large_image","schema":{"@context":"https:\/\/schema.org","@graph":[{"@type":"WebPage","@id":"https:\/\/chiptuningmarket.com\/ru\/shop\/accessories-adapters-cables-ru\/przewod-diagnostyczny-do-przyczepy-can-iso-7638\/","url":"https:\/\/chiptuningmarket.com\/ru\/shop\/accessories-adapters-cables-ru\/przewod-diagnostyczny-do-przyczepy-can-iso-7638\/","name":"PRZEW\u00d3D DIAGNOSTYCZNY DO PRZYCZEPY CAN ISO 7638 - Chiptuningmarket","isPartOf":{"@id":"https:\/\/chiptuningmarket.com\/ru\/#website"},"primaryImageOfPage":{"@id":"https:\/\/chiptuningmarket.com\/ru\/shop\/accessories-adapters-cables-ru\/przewod-diagnostyczny-do-przyczepy-can-iso-7638\/#primaryimage"},"image":{"@id":"https:\/\/chiptuningmarket.com\/ru\/shop\/accessories-adapters-cables-ru\/przewod-diagnostyczny-do-przyczepy-can-iso-7638\/#primaryimage"},"thumbnailUrl":"https:\/\/chiptuningmarket.com\/wp-content\/uploads\/2024\/02\/JDC110A.png","datePublished":"2024-02-02T12:40:56+00:00","dateModified":"2024-02-02T13:42:34+00:00","description":"PRZEW\u00d3D DIAGNOSTYCZNY DO PRZYCZEPY CAN ISO 7638","breadcrumb":{"@id":"https:\/\/chiptuningmarket.com\/ru\/shop\/accessories-adapters-cables-ru\/przewod-diagnostyczny-do-przyczepy-can-iso-7638\/#breadcrumb"},"inLanguage":"ru-RU","potentialAction":[{"@type":"ReadAction","target":["https:\/\/chiptuningmarket.com\/ru\/shop\/accessories-adapters-cables-ru\/przewod-diagnostyczny-do-przyczepy-can-iso-7638\/"]}]},{"@type":"ImageObject","inLanguage":"ru-RU","@id":"https:\/\/chiptuningmarket.com\/ru\/shop\/accessories-adapters-cables-ru\/przewod-diagnostyczny-do-przyczepy-can-iso-7638\/#primaryimage","url":"https:\/\/chiptuningmarket.com\/wp-content\/uploads\/2024\/02\/JDC110A.png","contentUrl":"https:\/\/chiptuningmarket.com\/wp-content\/uploads\/2024\/02\/JDC110A.png","width":1024,"height":682,"caption":"Przew\u00f3d diagnostyczny Jaltest do naczep CAN ISO 7638 JDC110A"},{"@type":"BreadcrumbList","@id":"https:\/\/chiptuningmarket.com\/ru\/shop\/accessories-adapters-cables-ru\/przewod-diagnostyczny-do-przyczepy-can-iso-7638\/#breadcrumb","itemListElement":[{"@type":"ListItem","position":1,"name":"Home","item":"https:\/\/chiptuningmarket.com\/ru\/"},{"@type":"ListItem","position":2,"name":"Shop","item":"https:\/\/chiptuningmarket.com\/en\/shop\/"},{"@type":"ListItem","position":3,"name":"PRZEW\u00d3D DIAGNOSTYCZNY DO PRZYCZEPY CAN ISO 7638"}]},{"@type":"WebSite","@id":"https:\/\/chiptuningmarket.com\/ru\/#website","url":"https:\/\/chiptuningmarket.com\/ru\/","name":"Chiptuningmarket","description":"Biggest chiptuning shop in Europe","publisher":{"@id":"https:\/\/chiptuningmarket.com\/ru\/#organization"},"alternateName":"Worldwide ecu tools supplier","potentialAction":[{"@type":"SearchAction","target":{"@type":"EntryPoint","urlTemplate":"https:\/\/chiptuningmarket.com\/ru\/?s={search_term_string}"},"query-input":{"@type":"PropertyValueSpecification","valueRequired":true,"valueName":"search_term_string"}}],"inLanguage":"ru-RU"},{"@type":"Organization","@id":"https:\/\/chiptuningmarket.com\/ru\/#organization","name":"Chiptuningmarket","alternateName":"Chiptuning tools supplier","url":"https:\/\/chiptuningmarket.com\/ru\/","logo":{"@type":"ImageObject","inLanguage":"ru-RU","@id":"https:\/\/chiptuningmarket.com\/ru\/#\/schema\/logo\/image\/","url":"https:\/\/chiptuningmarket.com\/wp-content\/uploads\/2023\/05\/logo-ChipTuningMarket-social.png","contentUrl":"https:\/\/chiptuningmarket.com\/wp-content\/uploads\/2023\/05\/logo-ChipTuningMarket-social.png","width":512,"height":512,"caption":"Chiptuningmarket"},"image":{"@id":"https:\/\/chiptuningmarket.com\/ru\/#\/schema\/logo\/image\/"}}]}},"_links":{"self":[{"href":"https:\/\/chiptuningmarket.com\/ru\/wp-json\/wp\/v2\/product\/28017","targetHints":{"allow":["GET"]}}],"collection":[{"href":"https:\/\/chiptuningmarket.com\/ru\/wp-json\/wp\/v2\/product"}],"about":[{"href":"https:\/\/chiptuningmarket.com\/ru\/wp-json\/wp\/v2\/types\/product"}],"wp:featuredmedia":[{"embeddable":true,"href":"https:\/\/chiptuningmarket.com\/ru\/wp-json\/wp\/v2\/media\/28016"}],"wp:attachment":[{"href":"https:\/\/chiptuningmarket.com\/ru\/wp-json\/wp\/v2\/media?parent=28017"}],"wp:term":[{"taxonomy":"product_brand","embeddable":true,"href":"https:\/\/chiptuningmarket.com\/ru\/wp-json\/wp\/v2\/product_brand?post=28017"},{"taxonomy":"product_cat","embeddable":true,"href":"https:\/\/chiptuningmarket.com\/ru\/wp-json\/wp\/v2\/product_cat?post=28017"},{"taxonomy":"product_tag","embeddable":true,"href":"https:\/\/chiptuningmarket.com\/ru\/wp-json\/wp\/v2\/product_tag?post=28017"}],"curies":[{"name":"wp","href":"https:\/\/api.w.org\/{rel}","templated":true}]}}