{"id":32284,"date":"2024-09-17T06:46:37","date_gmt":"2024-09-17T05:46:37","guid":{"rendered":"https:\/\/chiptuningmarket.com\/?post_type=product&#038;p=32284"},"modified":"2026-03-19T14:36:25","modified_gmt":"2026-03-19T13:36:25","slug":"uniwersalny-przewod-sgw-bypass-do-programatorow-ixi-personal-flasher-flex-i-obd","status":"publish","type":"product","link":"https:\/\/chiptuningmarket.com\/ru\/shop\/accessories-adapters-cables-ru\/accessories-adapters-cables-magicmotorsport-flex-ru\/uniwersalny-przewod-sgw-bypass-do-programatorow-ixi-personal-flasher-flex-i-obd\/","title":{"rendered":"Universal Cable SGW Bypass for IXI Personal Flasher, Flex and OBD Programmers"},"content":{"rendered":"<p>The new SGW Bypass universal cable is necessary for identification, reading, and writing operations on Continental EMS314x and EMS316x engine units installed on Renault, Dacia, Nissan, and Mitsubishi vehicles: this cable allows programming without the need to remove the unit from the vehicle.<\/p>\n<p>&nbsp;<\/p>\n<p><strong>C<\/strong><strong>ontrol units supported by the new MMS03.001 cable are:<\/strong><\/p>\n<p>&#8212; Continental\/Vitesco EMS3140 &#8212; OBD (SGW Bypass), Bench<\/p>\n<p>&#8212; Continental\/Vitesco EMS3141 &#8212; OBD (SGW Bypass), Bench<\/p>\n<p>&#8212; Continental\/Vitesco EMS3160 &#8212; OBD (SGW Bypass), Bench<\/p>\n<p>&#8212; Continental\/Vitesco EMS3161 &#8212; OBD (SGW Bypass), Bench<\/p>\n<p>&#8212; Continental\/Vitesco SID321 &#8212; Bench (For IXI only: the cable enables connection even without the vehicle)<\/p>\n<p>&nbsp;<\/p>\n<p><strong>OBD mode (SGW bypass) &#8212; Connection procedure:<\/strong><br \/>\nAfter connecting crocodile clips to the battery or a charger, and after finding CAN lines of the vehicle (follow the manual available in our softwares), you will need to connect the programmer to the female OBD port of the cable to proceed with programming.<\/p>\n<p><strong>Bench mode &#8212; Description:<\/strong><br \/>\nThe new SGW bypass universal cable allows you to program with Bench protocols connecting in Bench mode. Moreover, it will be possible to access the unit even if the vehicle is not in the workshop (since it is a bench connection, no SGW modules are present between the ECU and the programmer).<\/p>\n<p><strong>Bench mode &#8212; Connection procedure:<\/strong><br \/>\nAfter connecting the crocodile clips to any charger, connect the pins to adapters included in the kit directly to the connector of the control unit, simply connect the programmer to the Female OBD port of the cable.<\/p>\n","protected":false},"excerpt":{"rendered":"<p>The new SGW bypass universal cable allows to connect to vehicles equipped with SGW system in OBD and Bench modes.<\/p>\n<p><strong>Main features:<\/strong><\/p>\n<ul>\n<li>Secure Gateway Bypass<\/li>\n<li>OBD and Bench connection modes<\/li>\n<li>Compatible with the main OBD\/Bench programmers<\/li>\n<li>Auxiliary power already calibrated<\/li>\n<\/ul>\n","protected":false},"featured_media":32270,"template":"","meta":{"_monsterinsights_skip_tracking":false,"_monsterinsights_sitenote_active":false,"_monsterinsights_sitenote_note":"","_monsterinsights_sitenote_category":0},"product_brand":[],"product_cat":[6689,5417,5416,6690],"product_tag":[6132,6133],"class_list":{"0":"post-32284","1":"product","2":"type-product","3":"status-publish","4":"has-post-thumbnail","6":"product_cat-accessories-adapters-cables-ru","7":"product_cat-accessories-adapters-cables-mms-cables-bench","8":"product_cat-accessories-adapters-cables-mms-cables-obd","9":"product_cat-accessories-adapters-cables-magicmotorsport-flex-ru","10":"product_tag-do-programatorow-ixi-personal-flasher-2","11":"product_tag-przewod-sgw-bypass-2","13":"first","14":"instock","15":"sale","16":"taxable","17":"shipping-taxable","18":"purchasable","19":"product-type-simple"},"yoast_head":"<!-- This site is optimized with the Yoast SEO plugin v25.2 - https:\/\/yoast.com\/wordpress\/plugins\/seo\/ -->\n<title>Universal Cable SGW Bypass for IXI Personal Flasher, Flex and OBD Programmers - Chiptuningmarket<\/title>\n<meta name=\"description\" content=\"Nowy uniwersalny przew\u00f3d obej\u015bciowy SGW umo\u017cliwia pod\u0142\u0105czenie do pojazd\u00f3w wyposa\u017conych w system SGW w trybie OBD i Bench.\" \/>\n<meta name=\"robots\" content=\"index, follow, max-snippet:-1, max-image-preview:large, max-video-preview:-1\" \/>\n<link rel=\"canonical\" href=\"https:\/\/chiptuningmarket.com\/ru\/shop\/accessories-adapters-cables-ru\/accessories-adapters-cables-magicmotorsport-flex-ru\/uniwersalny-przewod-sgw-bypass-do-programatorow-ixi-personal-flasher-flex-i-obd\/\" \/>\n<meta property=\"og:locale\" content=\"ru_RU\" \/>\n<meta property=\"og:type\" content=\"article\" \/>\n<meta property=\"og:title\" content=\"Universal Cable SGW Bypass for IXI Personal Flasher, Flex and OBD Programmers - Chiptuningmarket\" \/>\n<meta property=\"og:description\" content=\"Nowy uniwersalny przew\u00f3d obej\u015bciowy SGW umo\u017cliwia pod\u0142\u0105czenie do pojazd\u00f3w wyposa\u017conych w system SGW w trybie OBD i Bench.\" \/>\n<meta property=\"og:url\" content=\"https:\/\/chiptuningmarket.com\/ru\/shop\/accessories-adapters-cables-ru\/accessories-adapters-cables-magicmotorsport-flex-ru\/uniwersalny-przewod-sgw-bypass-do-programatorow-ixi-personal-flasher-flex-i-obd\/\" \/>\n<meta property=\"og:site_name\" content=\"Chiptuningmarket\" \/>\n<meta property=\"article:modified_time\" content=\"2026-03-19T13:36:25+00:00\" \/>\n<meta property=\"og:image\" content=\"https:\/\/chiptuningmarket.com\/wp-content\/uploads\/2024\/09\/universal-cable-bypass-ecu-ems-sid-chiptuning.jpg\" \/>\n\t<meta property=\"og:image:width\" content=\"1080\" \/>\n\t<meta property=\"og:image:height\" content=\"1080\" \/>\n\t<meta property=\"og:image:type\" content=\"image\/jpeg\" \/>\n<meta name=\"twitter:card\" content=\"summary_large_image\" \/>\n<meta name=\"twitter:label1\" content=\"\u041f\u0440\u0438\u043c\u0435\u0440\u043d\u043e\u0435 \u0432\u0440\u0435\u043c\u044f \u0434\u043b\u044f \u0447\u0442\u0435\u043d\u0438\u044f\" \/>\n\t<meta name=\"twitter:data1\" content=\"2 \u043c\u0438\u043d\u0443\u0442\u044b\" \/>\n<script type=\"application\/ld+json\" class=\"yoast-schema-graph\">{\"@context\":\"https:\/\/schema.org\",\"@graph\":[{\"@type\":\"WebPage\",\"@id\":\"https:\/\/chiptuningmarket.com\/ru\/shop\/accessories-adapters-cables-ru\/accessories-adapters-cables-magicmotorsport-flex-ru\/uniwersalny-przewod-sgw-bypass-do-programatorow-ixi-personal-flasher-flex-i-obd\/\",\"url\":\"https:\/\/chiptuningmarket.com\/ru\/shop\/accessories-adapters-cables-ru\/accessories-adapters-cables-magicmotorsport-flex-ru\/uniwersalny-przewod-sgw-bypass-do-programatorow-ixi-personal-flasher-flex-i-obd\/\",\"name\":\"Universal Cable SGW Bypass for IXI Personal Flasher, Flex and OBD Programmers - Chiptuningmarket\",\"isPartOf\":{\"@id\":\"https:\/\/chiptuningmarket.com\/ru\/#website\"},\"primaryImageOfPage\":{\"@id\":\"https:\/\/chiptuningmarket.com\/ru\/shop\/accessories-adapters-cables-ru\/accessories-adapters-cables-magicmotorsport-flex-ru\/uniwersalny-przewod-sgw-bypass-do-programatorow-ixi-personal-flasher-flex-i-obd\/#primaryimage\"},\"image\":{\"@id\":\"https:\/\/chiptuningmarket.com\/ru\/shop\/accessories-adapters-cables-ru\/accessories-adapters-cables-magicmotorsport-flex-ru\/uniwersalny-przewod-sgw-bypass-do-programatorow-ixi-personal-flasher-flex-i-obd\/#primaryimage\"},\"thumbnailUrl\":\"https:\/\/chiptuningmarket.com\/wp-content\/uploads\/2024\/09\/universal-cable-bypass-ecu-ems-sid-chiptuning.jpg\",\"datePublished\":\"2024-09-17T05:46:37+00:00\",\"dateModified\":\"2026-03-19T13:36:25+00:00\",\"description\":\"Nowy uniwersalny przew\u00f3d obej\u015bciowy SGW umo\u017cliwia pod\u0142\u0105czenie do pojazd\u00f3w wyposa\u017conych w system SGW w trybie OBD i Bench.\",\"breadcrumb\":{\"@id\":\"https:\/\/chiptuningmarket.com\/ru\/shop\/accessories-adapters-cables-ru\/accessories-adapters-cables-magicmotorsport-flex-ru\/uniwersalny-przewod-sgw-bypass-do-programatorow-ixi-personal-flasher-flex-i-obd\/#breadcrumb\"},\"inLanguage\":\"ru-RU\",\"potentialAction\":[{\"@type\":\"ReadAction\",\"target\":[\"https:\/\/chiptuningmarket.com\/ru\/shop\/accessories-adapters-cables-ru\/accessories-adapters-cables-magicmotorsport-flex-ru\/uniwersalny-przewod-sgw-bypass-do-programatorow-ixi-personal-flasher-flex-i-obd\/\"]}]},{\"@type\":\"ImageObject\",\"inLanguage\":\"ru-RU\",\"@id\":\"https:\/\/chiptuningmarket.com\/ru\/shop\/accessories-adapters-cables-ru\/accessories-adapters-cables-magicmotorsport-flex-ru\/uniwersalny-przewod-sgw-bypass-do-programatorow-ixi-personal-flasher-flex-i-obd\/#primaryimage\",\"url\":\"https:\/\/chiptuningmarket.com\/wp-content\/uploads\/2024\/09\/universal-cable-bypass-ecu-ems-sid-chiptuning.jpg\",\"contentUrl\":\"https:\/\/chiptuningmarket.com\/wp-content\/uploads\/2024\/09\/universal-cable-bypass-ecu-ems-sid-chiptuning.jpg\",\"width\":1080,\"height\":1080},{\"@type\":\"BreadcrumbList\",\"@id\":\"https:\/\/chiptuningmarket.com\/ru\/shop\/accessories-adapters-cables-ru\/accessories-adapters-cables-magicmotorsport-flex-ru\/uniwersalny-przewod-sgw-bypass-do-programatorow-ixi-personal-flasher-flex-i-obd\/#breadcrumb\",\"itemListElement\":[{\"@type\":\"ListItem\",\"position\":1,\"name\":\"Home\",\"item\":\"https:\/\/chiptuningmarket.com\/ru\/\"},{\"@type\":\"ListItem\",\"position\":2,\"name\":\"Shop\",\"item\":\"https:\/\/chiptuningmarket.com\/en\/shop\/\"},{\"@type\":\"ListItem\",\"position\":3,\"name\":\"Universal Cable SGW Bypass for IXI Personal Flasher, Flex and OBD Programmers\"}]},{\"@type\":\"WebSite\",\"@id\":\"https:\/\/chiptuningmarket.com\/ru\/#website\",\"url\":\"https:\/\/chiptuningmarket.com\/ru\/\",\"name\":\"Chiptuningmarket\",\"description\":\"Biggest chiptuning shop in Europe\",\"publisher\":{\"@id\":\"https:\/\/chiptuningmarket.com\/ru\/#organization\"},\"alternateName\":\"Worldwide ecu tools supplier\",\"potentialAction\":[{\"@type\":\"SearchAction\",\"target\":{\"@type\":\"EntryPoint\",\"urlTemplate\":\"https:\/\/chiptuningmarket.com\/ru\/?s={search_term_string}\"},\"query-input\":{\"@type\":\"PropertyValueSpecification\",\"valueRequired\":true,\"valueName\":\"search_term_string\"}}],\"inLanguage\":\"ru-RU\"},{\"@type\":\"Organization\",\"@id\":\"https:\/\/chiptuningmarket.com\/ru\/#organization\",\"name\":\"Chiptuningmarket\",\"alternateName\":\"Chiptuning tools supplier\",\"url\":\"https:\/\/chiptuningmarket.com\/ru\/\",\"logo\":{\"@type\":\"ImageObject\",\"inLanguage\":\"ru-RU\",\"@id\":\"https:\/\/chiptuningmarket.com\/ru\/#\/schema\/logo\/image\/\",\"url\":\"https:\/\/chiptuningmarket.com\/wp-content\/uploads\/2023\/05\/logo-ChipTuningMarket-social.png\",\"contentUrl\":\"https:\/\/chiptuningmarket.com\/wp-content\/uploads\/2023\/05\/logo-ChipTuningMarket-social.png\",\"width\":512,\"height\":512,\"caption\":\"Chiptuningmarket\"},\"image\":{\"@id\":\"https:\/\/chiptuningmarket.com\/ru\/#\/schema\/logo\/image\/\"}}]}<\/script>\n<!-- \/ Yoast SEO plugin. -->","yoast_head_json":{"title":"Universal Cable SGW Bypass for IXI Personal Flasher, Flex and OBD Programmers - Chiptuningmarket","description":"Nowy uniwersalny przew\u00f3d obej\u015bciowy SGW umo\u017cliwia pod\u0142\u0105czenie do pojazd\u00f3w wyposa\u017conych w system SGW w trybie OBD i Bench.","robots":{"index":"index","follow":"follow","max-snippet":"max-snippet:-1","max-image-preview":"max-image-preview:large","max-video-preview":"max-video-preview:-1"},"canonical":"https:\/\/chiptuningmarket.com\/ru\/shop\/accessories-adapters-cables-ru\/accessories-adapters-cables-magicmotorsport-flex-ru\/uniwersalny-przewod-sgw-bypass-do-programatorow-ixi-personal-flasher-flex-i-obd\/","og_locale":"ru_RU","og_type":"article","og_title":"Universal Cable SGW Bypass for IXI Personal Flasher, Flex and OBD Programmers - Chiptuningmarket","og_description":"Nowy uniwersalny przew\u00f3d obej\u015bciowy SGW umo\u017cliwia pod\u0142\u0105czenie do pojazd\u00f3w wyposa\u017conych w system SGW w trybie OBD i Bench.","og_url":"https:\/\/chiptuningmarket.com\/ru\/shop\/accessories-adapters-cables-ru\/accessories-adapters-cables-magicmotorsport-flex-ru\/uniwersalny-przewod-sgw-bypass-do-programatorow-ixi-personal-flasher-flex-i-obd\/","og_site_name":"Chiptuningmarket","article_modified_time":"2026-03-19T13:36:25+00:00","og_image":[{"width":1080,"height":1080,"url":"https:\/\/chiptuningmarket.com\/wp-content\/uploads\/2024\/09\/universal-cable-bypass-ecu-ems-sid-chiptuning.jpg","type":"image\/jpeg"}],"twitter_card":"summary_large_image","twitter_misc":{"\u041f\u0440\u0438\u043c\u0435\u0440\u043d\u043e\u0435 \u0432\u0440\u0435\u043c\u044f \u0434\u043b\u044f \u0447\u0442\u0435\u043d\u0438\u044f":"2 \u043c\u0438\u043d\u0443\u0442\u044b"},"schema":{"@context":"https:\/\/schema.org","@graph":[{"@type":"WebPage","@id":"https:\/\/chiptuningmarket.com\/ru\/shop\/accessories-adapters-cables-ru\/accessories-adapters-cables-magicmotorsport-flex-ru\/uniwersalny-przewod-sgw-bypass-do-programatorow-ixi-personal-flasher-flex-i-obd\/","url":"https:\/\/chiptuningmarket.com\/ru\/shop\/accessories-adapters-cables-ru\/accessories-adapters-cables-magicmotorsport-flex-ru\/uniwersalny-przewod-sgw-bypass-do-programatorow-ixi-personal-flasher-flex-i-obd\/","name":"Universal Cable SGW Bypass for IXI Personal Flasher, Flex and OBD Programmers - Chiptuningmarket","isPartOf":{"@id":"https:\/\/chiptuningmarket.com\/ru\/#website"},"primaryImageOfPage":{"@id":"https:\/\/chiptuningmarket.com\/ru\/shop\/accessories-adapters-cables-ru\/accessories-adapters-cables-magicmotorsport-flex-ru\/uniwersalny-przewod-sgw-bypass-do-programatorow-ixi-personal-flasher-flex-i-obd\/#primaryimage"},"image":{"@id":"https:\/\/chiptuningmarket.com\/ru\/shop\/accessories-adapters-cables-ru\/accessories-adapters-cables-magicmotorsport-flex-ru\/uniwersalny-przewod-sgw-bypass-do-programatorow-ixi-personal-flasher-flex-i-obd\/#primaryimage"},"thumbnailUrl":"https:\/\/chiptuningmarket.com\/wp-content\/uploads\/2024\/09\/universal-cable-bypass-ecu-ems-sid-chiptuning.jpg","datePublished":"2024-09-17T05:46:37+00:00","dateModified":"2026-03-19T13:36:25+00:00","description":"Nowy uniwersalny przew\u00f3d obej\u015bciowy SGW umo\u017cliwia pod\u0142\u0105czenie do pojazd\u00f3w wyposa\u017conych w system SGW w trybie OBD i Bench.","breadcrumb":{"@id":"https:\/\/chiptuningmarket.com\/ru\/shop\/accessories-adapters-cables-ru\/accessories-adapters-cables-magicmotorsport-flex-ru\/uniwersalny-przewod-sgw-bypass-do-programatorow-ixi-personal-flasher-flex-i-obd\/#breadcrumb"},"inLanguage":"ru-RU","potentialAction":[{"@type":"ReadAction","target":["https:\/\/chiptuningmarket.com\/ru\/shop\/accessories-adapters-cables-ru\/accessories-adapters-cables-magicmotorsport-flex-ru\/uniwersalny-przewod-sgw-bypass-do-programatorow-ixi-personal-flasher-flex-i-obd\/"]}]},{"@type":"ImageObject","inLanguage":"ru-RU","@id":"https:\/\/chiptuningmarket.com\/ru\/shop\/accessories-adapters-cables-ru\/accessories-adapters-cables-magicmotorsport-flex-ru\/uniwersalny-przewod-sgw-bypass-do-programatorow-ixi-personal-flasher-flex-i-obd\/#primaryimage","url":"https:\/\/chiptuningmarket.com\/wp-content\/uploads\/2024\/09\/universal-cable-bypass-ecu-ems-sid-chiptuning.jpg","contentUrl":"https:\/\/chiptuningmarket.com\/wp-content\/uploads\/2024\/09\/universal-cable-bypass-ecu-ems-sid-chiptuning.jpg","width":1080,"height":1080},{"@type":"BreadcrumbList","@id":"https:\/\/chiptuningmarket.com\/ru\/shop\/accessories-adapters-cables-ru\/accessories-adapters-cables-magicmotorsport-flex-ru\/uniwersalny-przewod-sgw-bypass-do-programatorow-ixi-personal-flasher-flex-i-obd\/#breadcrumb","itemListElement":[{"@type":"ListItem","position":1,"name":"Home","item":"https:\/\/chiptuningmarket.com\/ru\/"},{"@type":"ListItem","position":2,"name":"Shop","item":"https:\/\/chiptuningmarket.com\/en\/shop\/"},{"@type":"ListItem","position":3,"name":"Universal Cable SGW Bypass for IXI Personal Flasher, Flex and OBD Programmers"}]},{"@type":"WebSite","@id":"https:\/\/chiptuningmarket.com\/ru\/#website","url":"https:\/\/chiptuningmarket.com\/ru\/","name":"Chiptuningmarket","description":"Biggest chiptuning shop in Europe","publisher":{"@id":"https:\/\/chiptuningmarket.com\/ru\/#organization"},"alternateName":"Worldwide ecu tools supplier","potentialAction":[{"@type":"SearchAction","target":{"@type":"EntryPoint","urlTemplate":"https:\/\/chiptuningmarket.com\/ru\/?s={search_term_string}"},"query-input":{"@type":"PropertyValueSpecification","valueRequired":true,"valueName":"search_term_string"}}],"inLanguage":"ru-RU"},{"@type":"Organization","@id":"https:\/\/chiptuningmarket.com\/ru\/#organization","name":"Chiptuningmarket","alternateName":"Chiptuning tools supplier","url":"https:\/\/chiptuningmarket.com\/ru\/","logo":{"@type":"ImageObject","inLanguage":"ru-RU","@id":"https:\/\/chiptuningmarket.com\/ru\/#\/schema\/logo\/image\/","url":"https:\/\/chiptuningmarket.com\/wp-content\/uploads\/2023\/05\/logo-ChipTuningMarket-social.png","contentUrl":"https:\/\/chiptuningmarket.com\/wp-content\/uploads\/2023\/05\/logo-ChipTuningMarket-social.png","width":512,"height":512,"caption":"Chiptuningmarket"},"image":{"@id":"https:\/\/chiptuningmarket.com\/ru\/#\/schema\/logo\/image\/"}}]}},"_links":{"self":[{"href":"https:\/\/chiptuningmarket.com\/ru\/wp-json\/wp\/v2\/product\/32284","targetHints":{"allow":["GET"]}}],"collection":[{"href":"https:\/\/chiptuningmarket.com\/ru\/wp-json\/wp\/v2\/product"}],"about":[{"href":"https:\/\/chiptuningmarket.com\/ru\/wp-json\/wp\/v2\/types\/product"}],"wp:featuredmedia":[{"embeddable":true,"href":"https:\/\/chiptuningmarket.com\/ru\/wp-json\/wp\/v2\/media\/32270"}],"wp:attachment":[{"href":"https:\/\/chiptuningmarket.com\/ru\/wp-json\/wp\/v2\/media?parent=32284"}],"wp:term":[{"taxonomy":"product_brand","embeddable":true,"href":"https:\/\/chiptuningmarket.com\/ru\/wp-json\/wp\/v2\/product_brand?post=32284"},{"taxonomy":"product_cat","embeddable":true,"href":"https:\/\/chiptuningmarket.com\/ru\/wp-json\/wp\/v2\/product_cat?post=32284"},{"taxonomy":"product_tag","embeddable":true,"href":"https:\/\/chiptuningmarket.com\/ru\/wp-json\/wp\/v2\/product_tag?post=32284"}],"curies":[{"name":"wp","href":"https:\/\/api.w.org\/{rel}","templated":true}]}}